{"id":3752,"date":"2025-06-09T10:25:03","date_gmt":"2025-06-09T02:25:03","guid":{"rendered":"https:\/\/theperfumebottles.com\/?post_type=product&#038;p=3752"},"modified":"2025-09-05T12:01:54","modified_gmt":"2025-09-05T04:01:54","slug":"30ml-50ml-100ml-perfume-containers-wholesale","status":"publish","type":"product","link":"https:\/\/theperfumebottles.com\/da\/vare\/30ml-50ml-100ml-perfume-containers-wholesale\/","title":{"rendered":"30ml 50ml 100ml parfumebeholdere engros"},"content":{"rendered":"<p>Leder du efter en sp\u00e6ndende parfumebeholder engros? Vi tilbyder 30 ml\/50 ml\/100 ml glasflasker med l\u00e6kagesikkert design af h\u00f8j v\u00e6rdi, lige fra minimalistiske til luksuri\u00f8se stilarter! Som engroseksperter i parfumebeholdere bruger vi professionelt h\u00e5ndv\u00e6rk til at beskytte din duftdr\u00f8m og g\u00f8re din parfumeflaske til hovedpersonen i forbrugerens linse!<\/p>\n<h2>N\u00f8glespecifikationer<\/h2>\n<table style=\"border-collapse: collapseautomargin-left: auto; margin-right: auto; ;width: 80% margin-left:;\" border=\"0\" width=\"80%\" cellspacing=\"0\" cellpadding=\"0\">\n<tbody>\n<tr style=\"height: 13.50pt;\">\n<td style=\"height: 13.50pt; width: 105.75pt;\" width=\"141\" height=\"18\">Funktion<\/td>\n<td style=\"width: 261.75pt;\" width=\"349\">Beskrivelse<\/td>\n<\/tr>\n<tr style=\"height: 13.50pt;\">\n<td style=\"height: 13.50pt;\" height=\"18\">Modeller<\/td>\n<td>PB-YZ1401 \/ PB-YZ1402 \/ PB-YZ1403<\/td>\n<\/tr>\n<tr style=\"height: 25.50pt;\">\n<td style=\"height: 25.50pt;\" height=\"34\">Kapacitet<\/td>\n<td>30 ml \/ 50 ml \/ 100 ml<\/td>\n<\/tr>\n<tr style=\"height: 13.50pt;\">\n<td style=\"height: 13.50pt;\" height=\"18\">Form<\/td>\n<td>Cylindrisk<\/td>\n<\/tr>\n<tr style=\"height: 13.50pt;\">\n<td style=\"height: 13.50pt;\" height=\"18\">Dimensioner<\/td>\n<td>32x98mm \/ 32x122mm \/ 40x167mm<\/td>\n<\/tr>\n<tr style=\"height: 13.50pt;\">\n<td style=\"height: 13.50pt;\" height=\"18\">Halsdiameter<\/td>\n<td>18 mm<\/td>\n<\/tr>\n<tr style=\"height: 13.50pt;\">\n<td style=\"height: 13.50pt;\" height=\"18\">Lukningstype<\/td>\n<td>skruehals + spr\u00f8jtekasse<\/td>\n<\/tr>\n<tr style=\"height: 13.50pt;\">\n<td style=\"height: 13.50pt;\" height=\"18\">Materiale<\/td>\n<td>Krystalglas<\/td>\n<\/tr>\n<tr style=\"height: 13.50pt;\">\n<td style=\"height: 13.50pt;\" height=\"18\">H\u00e6ttefarve<\/td>\n<td>Kan tilpasses<\/td>\n<\/tr>\n<tr style=\"height: 13.50pt;\">\n<td style=\"height: 13.50pt;\" height=\"18\">Ideel til<\/td>\n<td>Emballage til parfume, duft og kosmetik<\/td>\n<\/tr>\n<\/tbody>\n<\/table>\n<h2>Succeshistorie fra den virkelige verden<\/h2>\n<p>Et boutique-parfumem\u00e6rke i Californien forberedte sig p\u00e5 at lancere sin f\u00f8rste unisex-duft. De ville have noget elegant, men ikke for prangende - noget, der ville fange opm\u00e6rksomheden under deres influencer-gavekampagne. De valgte modellen PB-YZ1401 (30 ml) med s\u00f8lvh\u00e6tter og indgravering af eget logo. De skabte ogs\u00e5 et gaves\u00e6t med alle tre st\u00f8rrelser, og resultatet? Deres produkt blev vist p\u00e5 flere Instagram-konti med over 100.000 f\u00f8lgere. Kunderne elskede det rene look og fornemmelsen af \"luksus uden prisforh\u00f8jelse\".<\/p>\n<p>Kort sagt: Den rigtige parfumeflaske i glas hjalp dem med at sl\u00e5 langt over deres v\u00e6gt.<\/p>\n<h2>Tilpasningstips til dit brand<\/h2>\n<p>Hvis du vil have, at din duft skal skille sig ud:<\/p>\n<ul>\n<li>Tilf\u00f8j dit navn eller logo ved hj\u00e6lp af lasergravering eller silketryk.<\/li>\n<li>V\u00e6lg unikke kasketfarver, der passer til dit brands palet.<\/li>\n<li>Tilbyd et gaves\u00e6t i rejsest\u00f8rrelse med alle tre st\u00f8rrelser - det er perfekt til pr\u00f8vetagning og til at f\u00e5 kunderne tilbage.<\/li>\n<\/ul>\n<p>&nbsp;<\/p>","protected":false},"excerpt":{"rendered":"<p>Oplev elegante parfumeemballager engros - perfekte til enhver flaske parfume. Ideel til sk\u00f8nhedsm\u00e6rker, der s\u00f8ger stilfulde, farverige emballagel\u00f8sninger.<\/p>","protected":false},"featured_media":3754,"comment_status":"closed","ping_status":"closed","template":"","meta":{"_acf_changed":false,"site-sidebar-layout":"default","site-content-layout":"","ast-site-content-layout":"default","site-content-style":"default","site-sidebar-style":"default","ast-global-header-display":"","ast-banner-title-visibility":"","ast-main-header-display":"","ast-hfb-above-header-display":"","ast-hfb-below-header-display":"","ast-hfb-mobile-header-display":"","site-post-title":"","ast-breadcrumbs-content":"","ast-featured-img":"","footer-sml-layout":"","ast-disable-related-posts":"","theme-transparent-header-meta":"default","adv-header-id-meta":"","stick-header-meta":"","header-above-stick-meta":"","header-main-stick-meta":"","header-below-stick-meta":"","astra-migrate-meta-layouts":"set","ast-page-background-enabled":"default","ast-page-background-meta":{"desktop":{"background-color":"var(--ast-global-color-5)","background-image":"","background-repeat":"repeat","background-position":"center center","background-size":"auto","background-attachment":"scroll","background-type":"","background-media":"","overlay-type":"","overlay-color":"","overlay-opacity":"","overlay-gradient":""},"tablet":{"background-color":"","background-image":"","background-repeat":"repeat","background-position":"center center","background-size":"auto","background-attachment":"scroll","background-type":"","background-media":"","overlay-type":"","overlay-color":"","overlay-opacity":"","overlay-gradient":""},"mobile":{"background-color":"","background-image":"","background-repeat":"repeat","background-position":"center center","background-size":"auto","background-attachment":"scroll","background-type":"","background-media":"","overlay-type":"","overlay-color":"","overlay-opacity":"","overlay-gradient":""}},"ast-content-background-meta":{"desktop":{"background-color":"var(--ast-global-color-4)","background-image":"","background-repeat":"repeat","background-position":"center center","background-size":"auto","background-attachment":"scroll","background-type":"","background-media":"","overlay-type":"","overlay-color":"","overlay-opacity":"","overlay-gradient":""},"tablet":{"background-color":"var(--ast-global-color-4)","background-image":"","background-repeat":"repeat","background-position":"center center","background-size":"auto","background-attachment":"scroll","background-type":"","background-media":"","overlay-type":"","overlay-color":"","overlay-opacity":"","overlay-gradient":""},"mobile":{"background-color":"var(--ast-global-color-4)","background-image":"","background-repeat":"repeat","background-position":"center center","background-size":"auto","background-attachment":"scroll","background-type":"","background-media":"","overlay-type":"","overlay-color":"","overlay-opacity":"","overlay-gradient":""}}},"product_brand":[],"product_cat":[72,91,41,37],"product_tag":[102,101],"class_list":{"0":"post-3752","1":"product","2":"type-product","3":"status-publish","4":"has-post-thumbnail","6":"product_cat-cosmetic-packaging","7":"product_cat-custom-perfume-bottles","8":"product_cat-perfume-bottles","9":"product_cat-uncategorized","10":"product_tag-bottle-of-perfume","11":"product_tag-perfume-containers-wholesale","12":"desktop-align-left","13":"tablet-align-left","14":"mobile-align-left","16":"first","17":"instock","18":"shipping-taxable","19":"product-type-simple"},"acf":[],"jetpack_sharing_enabled":true,"_links":{"self":[{"href":"https:\/\/theperfumebottles.com\/da\/wp-json\/wp\/v2\/product\/3752","targetHints":{"allow":["GET"]}}],"collection":[{"href":"https:\/\/theperfumebottles.com\/da\/wp-json\/wp\/v2\/product"}],"about":[{"href":"https:\/\/theperfumebottles.com\/da\/wp-json\/wp\/v2\/types\/product"}],"replies":[{"embeddable":true,"href":"https:\/\/theperfumebottles.com\/da\/wp-json\/wp\/v2\/comments?post=3752"}],"wp:featuredmedia":[{"embeddable":true,"href":"https:\/\/theperfumebottles.com\/da\/wp-json\/wp\/v2\/media\/3754"}],"wp:attachment":[{"href":"https:\/\/theperfumebottles.com\/da\/wp-json\/wp\/v2\/media?parent=3752"}],"wp:term":[{"taxonomy":"product_brand","embeddable":true,"href":"https:\/\/theperfumebottles.com\/da\/wp-json\/wp\/v2\/product_brand?post=3752"},{"taxonomy":"product_cat","embeddable":true,"href":"https:\/\/theperfumebottles.com\/da\/wp-json\/wp\/v2\/product_cat?post=3752"},{"taxonomy":"product_tag","embeddable":true,"href":"https:\/\/theperfumebottles.com\/da\/wp-json\/wp\/v2\/product_tag?post=3752"}],"curies":[{"name":"wp","href":"https:\/\/api.w.org\/{rel}","templated":true}]}}