{"id":3850,"date":"2025-06-11T18:38:00","date_gmt":"2025-06-11T10:38:00","guid":{"rendered":"https:\/\/theperfumebottles.com\/?post_type=product&#038;p=3850"},"modified":"2025-06-17T09:24:16","modified_gmt":"2025-06-17T01:24:16","slug":"elegant-bottle-perfume-glass-for-wholesale","status":"publish","type":"product","link":"https:\/\/theperfumebottles.com\/da\/vare\/elegant-bottle-perfume-glass-for-wholesale\/","title":{"rendered":"30ml 50ml 100ml elegant flaske parfumeglas til engros"},"content":{"rendered":"<p>Leder du efter engros parfumeflasker i l\u00f8s v\u00e6gt? Udforsk vores kollektion af premium parfumeflasker i glas - slanke, tilpassede og perfekte til brands. F\u00e5s i st\u00f8rrelserne 30 ml, 50 ml og 100 ml med sikre spraypumper. Holdbare, elegante og ideelle til parfume, cologne eller \u00e6teriske olier. Perfekt til sm\u00e5 partier eller store ordrer.<\/p>\n<h2>N\u00f8glespecifikationer<\/h2>\n<table style=\"border-collapse: collapse;margin-left: auto;margin-right: auto;width: 80%\" border=\"0\" width=\"80%\" cellspacing=\"0\" cellpadding=\"0\">\n<tbody>\n<tr style=\"height: 13.50pt\">\n<td style=\"height: 13.50pt;width: 101.25pt\" width=\"135\" height=\"18\">Model<\/td>\n<td style=\"width: 77.25pt\" width=\"103\">Kapacitet<\/td>\n<td style=\"width: 114.75pt\" width=\"153\">Dimensioner (mm)<\/td>\n<td style=\"width: 161.25pt\" width=\"215\">Lukningstype<\/td>\n<td style=\"width: 98.25pt\" width=\"131\">Materiale<\/td>\n<td style=\"width: 99.00pt\" width=\"132\">Farvemuligheder<\/td>\n<\/tr>\n<tr style=\"height: 13.50pt\">\n<td style=\"height: 13.50pt\" height=\"18\">PB-YZ1501<\/td>\n<td>30 ml<\/td>\n<td>36 x 72<\/td>\n<td>Krympehals + spr\u00f8jte<\/td>\n<td>Krystalglas<\/td>\n<td>Kan tilpasses<\/td>\n<\/tr>\n<tr style=\"height: 13.50pt\">\n<td style=\"height: 13.50pt\" height=\"18\">PB-YZ1502<\/td>\n<td>50 ml<\/td>\n<td>43.5 x 85<\/td>\n<td>Krympehals + spr\u00f8jte<\/td>\n<td>Krystalglas<\/td>\n<td>Kan tilpasses<\/td>\n<\/tr>\n<tr style=\"height: 13.50pt\">\n<td style=\"height: 13.50pt\" height=\"18\">PB-YZ1503<\/td>\n<td>100 ml<\/td>\n<td>51.4 x 100<\/td>\n<td>Krympehals + spr\u00f8jte<\/td>\n<td>Krystalglas<\/td>\n<td>Kan tilpasses<\/td>\n<\/tr>\n<\/tbody>\n<\/table>\n<h2>\u00c6gte succeshistorie<\/h2>\n<p>Et boutique-parfumem\u00e6rke i Frankrig forberedte sig p\u00e5 at lancere sin f\u00f8rste unisex-duft. De \u00f8nskede et minimalistisk, men luksuri\u00f8st look, som ville skille sig ud p\u00e5 hylderne. De valgte vores 50 ml glasparfumeflaske med en dyb marinebl\u00e5 finish og guldforst\u00f8ver, og resultatet? Produktet landede p\u00e5 flere \"Top 10\"-lister i l\u00f8bet af f\u00e5 uger, og kunderne roste det elegante design og brugervenligheden.\"Vi ledte med lys og lygte efter den rigtige parfumeemballage\", siger grundl\u00e6ggeren. \"Denne parfumeflaske gav os pr\u00e6cis det, vi ledte efter - stil, kvalitet og v\u00e6rdi.\"<\/p>\n<h2>Tilpasningstips til dit brand<\/h2>\n<p>Skal din parfume v\u00e6kke opsigt og f\u00f8les eksklusiv? Se her, hvordan du f\u00e5r mest muligt ud af vores flasker:<\/p>\n<ul>\n<li><strong>Brand Match:<\/strong> Tilpas farven, s\u00e5 den afspejler dit brands tone - t\u00e6nk bl\u00f8de pasteller til naturlige linjer eller dristige nuancer til kantede dufte.<\/li>\n<li><strong>Etiketvenlig form:<\/strong> Det cylindriske design fungerer godt med wrap-around-etiketter eller lodrette placeringer - hold det rent og elegant.<\/li>\n<li><strong>Den rigtige st\u00f8rrelse:<\/strong> Brug 50 ml-versionen til rejsevenlige kollektioner og 100 ml-versionen til eksklusive gaves\u00e6t.<\/li>\n<li><strong>Parring af emballage:<\/strong> Kombiner med magnetiske \u00e6sker eller brugerdefinerede indsatser for at h\u00f8jne unboxing-oplevelsen.<\/li>\n<\/ul>\n<h2>Din ideelle partner til parfumeemballage<\/h2>\n<p>Uanset om du lancerer en nichepr\u00e6get h\u00e5ndlavet duftserie eller planl\u00e6gger en storstilet lancering, har vi erfaring nok, professionel teknologi og masser af entusiasme til at hj\u00e6lpe dig med at g\u00f8re dine ideer til virkelighed.<\/p>\n<p>Lad os skabe en imponerende parfumeoplevelse sammen. N\u00e5r alt kommer til alt, fort\u00e6ller hver eneste flaske parfume en historie, og en god emballage er dens mest bev\u00e6gende omslag.<\/p>","protected":false},"excerpt":{"rendered":"<p>Flaskeparfumeglas af h\u00f8j kvalitet f\u00e5s i engros parfumeflasker i l\u00f8s v\u00e6gt. Ideel til brands, detailhandlere og brugerdefineret parfumeemballage.<\/p>","protected":false},"featured_media":3981,"comment_status":"open","ping_status":"closed","template":"","meta":{"_acf_changed":false,"site-sidebar-layout":"default","site-content-layout":"","ast-site-content-layout":"default","site-content-style":"default","site-sidebar-style":"default","ast-global-header-display":"","ast-banner-title-visibility":"","ast-main-header-display":"","ast-hfb-above-header-display":"","ast-hfb-below-header-display":"","ast-hfb-mobile-header-display":"","site-post-title":"","ast-breadcrumbs-content":"","ast-featured-img":"","footer-sml-layout":"","ast-disable-related-posts":"","theme-transparent-header-meta":"default","adv-header-id-meta":"","stick-header-meta":"","header-above-stick-meta":"","header-main-stick-meta":"","header-below-stick-meta":"","astra-migrate-meta-layouts":"set","ast-page-background-enabled":"default","ast-page-background-meta":{"desktop":{"background-color":"var(--ast-global-color-5)","background-image":"","background-repeat":"repeat","background-position":"center center","background-size":"auto","background-attachment":"scroll","background-type":"","background-media":"","overlay-type":"","overlay-color":"","overlay-opacity":"","overlay-gradient":""},"tablet":{"background-color":"","background-image":"","background-repeat":"repeat","background-position":"center center","background-size":"auto","background-attachment":"scroll","background-type":"","background-media":"","overlay-type":"","overlay-color":"","overlay-opacity":"","overlay-gradient":""},"mobile":{"background-color":"","background-image":"","background-repeat":"repeat","background-position":"center center","background-size":"auto","background-attachment":"scroll","background-type":"","background-media":"","overlay-type":"","overlay-color":"","overlay-opacity":"","overlay-gradient":""}},"ast-content-background-meta":{"desktop":{"background-color":"var(--ast-global-color-4)","background-image":"","background-repeat":"repeat","background-position":"center center","background-size":"auto","background-attachment":"scroll","background-type":"","background-media":"","overlay-type":"","overlay-color":"","overlay-opacity":"","overlay-gradient":""},"tablet":{"background-color":"var(--ast-global-color-4)","background-image":"","background-repeat":"repeat","background-position":"center center","background-size":"auto","background-attachment":"scroll","background-type":"","background-media":"","overlay-type":"","overlay-color":"","overlay-opacity":"","overlay-gradient":""},"mobile":{"background-color":"var(--ast-global-color-4)","background-image":"","background-repeat":"repeat","background-position":"center center","background-size":"auto","background-attachment":"scroll","background-type":"","background-media":"","overlay-type":"","overlay-color":"","overlay-opacity":"","overlay-gradient":""}}},"product_brand":[],"product_cat":[72,91,41],"product_tag":[89],"class_list":{"0":"post-3850","1":"product","2":"type-product","3":"status-publish","4":"has-post-thumbnail","6":"product_cat-cosmetic-packaging","7":"product_cat-custom-perfume-bottles","8":"product_cat-perfume-bottles","9":"product_tag-perfume-bottle","10":"desktop-align-left","11":"tablet-align-left","12":"mobile-align-left","14":"first","15":"instock","16":"shipping-taxable","17":"product-type-simple"},"acf":[],"jetpack_sharing_enabled":true,"_links":{"self":[{"href":"https:\/\/theperfumebottles.com\/da\/wp-json\/wp\/v2\/product\/3850","targetHints":{"allow":["GET"]}}],"collection":[{"href":"https:\/\/theperfumebottles.com\/da\/wp-json\/wp\/v2\/product"}],"about":[{"href":"https:\/\/theperfumebottles.com\/da\/wp-json\/wp\/v2\/types\/product"}],"replies":[{"embeddable":true,"href":"https:\/\/theperfumebottles.com\/da\/wp-json\/wp\/v2\/comments?post=3850"}],"wp:featuredmedia":[{"embeddable":true,"href":"https:\/\/theperfumebottles.com\/da\/wp-json\/wp\/v2\/media\/3981"}],"wp:attachment":[{"href":"https:\/\/theperfumebottles.com\/da\/wp-json\/wp\/v2\/media?parent=3850"}],"wp:term":[{"taxonomy":"product_brand","embeddable":true,"href":"https:\/\/theperfumebottles.com\/da\/wp-json\/wp\/v2\/product_brand?post=3850"},{"taxonomy":"product_cat","embeddable":true,"href":"https:\/\/theperfumebottles.com\/da\/wp-json\/wp\/v2\/product_cat?post=3850"},{"taxonomy":"product_tag","embeddable":true,"href":"https:\/\/theperfumebottles.com\/da\/wp-json\/wp\/v2\/product_tag?post=3850"}],"curies":[{"name":"wp","href":"https:\/\/api.w.org\/{rel}","templated":true}]}}