{"id":3897,"date":"2025-06-13T17:04:32","date_gmt":"2025-06-13T09:04:32","guid":{"rendered":"https:\/\/theperfumebottles.com\/?post_type=product&#038;p=3897"},"modified":"2025-06-17T09:38:58","modified_gmt":"2025-06-17T01:38:58","slug":"elegant-perfume-beautiful-bottle-with-glass-design","status":"publish","type":"product","link":"https:\/\/theperfumebottles.com\/da\/vare\/elegant-perfume-beautiful-bottle-with-glass-design\/","title":{"rendered":"50ml 100ml elegant parfume smuk flaske med glasdesign"},"content":{"rendered":"<p>Hvis du s\u00f8ger en parfume smuk flaske, der blander tidl\u00f8s elegance med moderne praktisk, er disse flaskekrystal pr\u00e6cis, hvad du har brug for. Uanset om du lancerer en ny parfume-r\u00e6kkevidde eller opgraderer din nuv\u00e6rende forpakning, kan disse flasker forbedre dit brand-image.<\/p>\n<h2>N\u00f8glespecifikationer<\/h2>\n<table style=\"border-collapse: collapse;margin-left: auto;margin-right: auto;width: 80%\" border=\"0\" width=\"80%\" cellspacing=\"0\" cellpadding=\"0\">\n<tbody>\n<tr style=\"height: 13.50pt\">\n<td style=\"height: 13.50pt;width: 81.00pt\" width=\"108\" height=\"18\">Model<\/td>\n<td style=\"width: 70.50pt\" width=\"94\">Kapacitet<\/td>\n<td style=\"width: 93.00pt\" width=\"124\">Form<\/td>\n<td style=\"width: 102.00pt\" width=\"136\">Dimensioner (mm)<\/td>\n<td style=\"width: 102.75pt\" width=\"137\">Halsdiameter<\/td>\n<td style=\"width: 193.50pt\" width=\"258\">Forseglingsmetode<\/td>\n<td style=\"width: 105.75pt\" width=\"141\">Materiale<\/td>\n<td style=\"width: 104.25pt\" width=\"139\">Farve<\/td>\n<\/tr>\n<tr style=\"height: 13.50pt\">\n<td style=\"height: 13.50pt\" height=\"18\">PB-YZ1604<\/td>\n<td>50 ml<\/td>\n<td>Cylindrisk<\/td>\n<td>37 \u00d7 98<\/td>\n<td>15 mm<\/td>\n<td>Krympehals + spr\u00f8jte<\/td>\n<td>Krystalglas<\/td>\n<td>Kan tilpasses<\/td>\n<\/tr>\n<tr style=\"height: 13.50pt\">\n<td style=\"height: 13.50pt\" height=\"18\">PB-YZ1605<\/td>\n<td>50 ml<\/td>\n<td>Cylindrisk<\/td>\n<td>32 \u00d7 137<\/td>\n<td>15 mm<\/td>\n<td>Krympehals + spr\u00f8jte<\/td>\n<td>Krystalglas<\/td>\n<td>Kan tilpasses<\/td>\n<\/tr>\n<tr style=\"height: 13.50pt\">\n<td style=\"height: 13.50pt\" height=\"18\">PB-YZ1606<\/td>\n<td>100 ml<\/td>\n<td>Cylindrisk<\/td>\n<td>39 \u00d7 159<\/td>\n<td>15 mm<\/td>\n<td>Krympehals + spr\u00f8jte<\/td>\n<td>Krystalglas<\/td>\n<td>Kan tilpasses<\/td>\n<\/tr>\n<\/tbody>\n<\/table>\n<h2>\u00c6gte casestudie<\/h2>\n<p>En boutique parfume-brand i Paris lancerede deres signatur unisex parfume med denne smukke flaske. De valgte en bl\u00f8d lavendelfarve, parret med en malet s\u00f8lv spray-flaskekrage og et minimalt brand-logo. Resultatet? Deres produkt stands ud p\u00e5 hylden, genererede online opm\u00e6rksomhed, og s\u00e5 en stigning p\u00e5 40% i wholesale-ordinrer i blot et par m\u00e5neder.<\/p>\n<h2>Tips til at skabe din egen parfume-flaske<\/h2>\n<ul>\n<li><strong>Farvecustomization:<\/strong> V\u00e6lg flaskefarven efter parfumen (f.eks. bl\u00f8d pink til blomstrende parfume og m\u00f8rkebrun til tr\u00e6-parfume) for at g\u00f8re udseendet og parfumen mere matchende.<\/li>\n<li><strong>Brandlogo:<\/strong> Du kan sk\u00e6revindef\u00f8re LOGO eller lasergravere det p\u00e5 flasken for at forbedre brandgenkendelse.<\/li>\n<li><strong>Materialdetaljer:<\/strong> V\u00e6lg mat\/elektrisk bekl\u00e6dt flaskekopper og metal tekstur-labels for at forbedre f\u00f8lelsen af luksus.<\/li>\n<li><strong>Milj\u00f8venlig forpakning:<\/strong> Match genanvendelige kartonboxer + brugerdefineret indre bekl\u00e6dning for at skabe en gr\u00f8n brand-imago.<\/li>\n<li><strong>Bulk-customization support:<\/strong> St\u00f8tter store ordrer og OEM-tjenester, bedre priser og stabil levering.<\/li>\n<\/ul>\n<h2>Hvorfor v\u00e6lge Minghang som din parfume-producent?<\/h2>\n<p>At v\u00e6lge Minghang betyder at v\u00e6lge en one-stop parfume-producent, der kombinerer professionel styrke, kvalitetsgaranti og fleksibel customizering. Vi forst\u00e5r brands behov og markedets rytme. Vi tilbyder ikke kun fuldproces-tjenester fra design til produktion, men bruger ogs\u00e5 milj\u00f8venlige materialer, streng kvalitetskontrol og konkurrencedygtige wholesale-priser til at hj\u00e6lpe dig med effektivt at skabe unikke parfume-produkter og g\u00f8re dit brand st\u00e5 ud p\u00e5 markedet.<\/p>","protected":false},"excerpt":{"rendered":"<p>Parfume smuk flaske lavet af premium flaskekrystal. Stilrent 100ml design, gave eller wholesale parfume forpakning.<\/p>","protected":false},"featured_media":3903,"comment_status":"open","ping_status":"closed","template":"","meta":{"_acf_changed":false,"site-sidebar-layout":"default","site-content-layout":"","ast-site-content-layout":"default","site-content-style":"default","site-sidebar-style":"default","ast-global-header-display":"","ast-banner-title-visibility":"","ast-main-header-display":"","ast-hfb-above-header-display":"","ast-hfb-below-header-display":"","ast-hfb-mobile-header-display":"","site-post-title":"","ast-breadcrumbs-content":"","ast-featured-img":"","footer-sml-layout":"","ast-disable-related-posts":"","theme-transparent-header-meta":"default","adv-header-id-meta":"","stick-header-meta":"","header-above-stick-meta":"","header-main-stick-meta":"","header-below-stick-meta":"","astra-migrate-meta-layouts":"set","ast-page-background-enabled":"default","ast-page-background-meta":{"desktop":{"background-color":"var(--ast-global-color-5)","background-image":"","background-repeat":"repeat","background-position":"center center","background-size":"auto","background-attachment":"scroll","background-type":"","background-media":"","overlay-type":"","overlay-color":"","overlay-opacity":"","overlay-gradient":""},"tablet":{"background-color":"","background-image":"","background-repeat":"repeat","background-position":"center center","background-size":"auto","background-attachment":"scroll","background-type":"","background-media":"","overlay-type":"","overlay-color":"","overlay-opacity":"","overlay-gradient":""},"mobile":{"background-color":"","background-image":"","background-repeat":"repeat","background-position":"center center","background-size":"auto","background-attachment":"scroll","background-type":"","background-media":"","overlay-type":"","overlay-color":"","overlay-opacity":"","overlay-gradient":""}},"ast-content-background-meta":{"desktop":{"background-color":"var(--ast-global-color-4)","background-image":"","background-repeat":"repeat","background-position":"center center","background-size":"auto","background-attachment":"scroll","background-type":"","background-media":"","overlay-type":"","overlay-color":"","overlay-opacity":"","overlay-gradient":""},"tablet":{"background-color":"var(--ast-global-color-4)","background-image":"","background-repeat":"repeat","background-position":"center center","background-size":"auto","background-attachment":"scroll","background-type":"","background-media":"","overlay-type":"","overlay-color":"","overlay-opacity":"","overlay-gradient":""},"mobile":{"background-color":"var(--ast-global-color-4)","background-image":"","background-repeat":"repeat","background-position":"center center","background-size":"auto","background-attachment":"scroll","background-type":"","background-media":"","overlay-type":"","overlay-color":"","overlay-opacity":"","overlay-gradient":""}}},"product_brand":[],"product_cat":[72,91,41],"product_tag":[49],"class_list":{"0":"post-3897","1":"product","2":"type-product","3":"status-publish","4":"has-post-thumbnail","6":"product_cat-cosmetic-packaging","7":"product_cat-custom-perfume-bottles","8":"product_cat-perfume-bottles","9":"product_tag-perfume-bottles","10":"desktop-align-left","11":"tablet-align-left","12":"mobile-align-left","14":"first","15":"instock","16":"shipping-taxable","17":"product-type-simple"},"acf":[],"jetpack_sharing_enabled":true,"_links":{"self":[{"href":"https:\/\/theperfumebottles.com\/da\/wp-json\/wp\/v2\/product\/3897","targetHints":{"allow":["GET"]}}],"collection":[{"href":"https:\/\/theperfumebottles.com\/da\/wp-json\/wp\/v2\/product"}],"about":[{"href":"https:\/\/theperfumebottles.com\/da\/wp-json\/wp\/v2\/types\/product"}],"replies":[{"embeddable":true,"href":"https:\/\/theperfumebottles.com\/da\/wp-json\/wp\/v2\/comments?post=3897"}],"wp:featuredmedia":[{"embeddable":true,"href":"https:\/\/theperfumebottles.com\/da\/wp-json\/wp\/v2\/media\/3903"}],"wp:attachment":[{"href":"https:\/\/theperfumebottles.com\/da\/wp-json\/wp\/v2\/media?parent=3897"}],"wp:term":[{"taxonomy":"product_brand","embeddable":true,"href":"https:\/\/theperfumebottles.com\/da\/wp-json\/wp\/v2\/product_brand?post=3897"},{"taxonomy":"product_cat","embeddable":true,"href":"https:\/\/theperfumebottles.com\/da\/wp-json\/wp\/v2\/product_cat?post=3897"},{"taxonomy":"product_tag","embeddable":true,"href":"https:\/\/theperfumebottles.com\/da\/wp-json\/wp\/v2\/product_tag?post=3897"}],"curies":[{"name":"wp","href":"https:\/\/api.w.org\/{rel}","templated":true}]}}