{"id":3939,"date":"2025-06-16T18:01:47","date_gmt":"2025-06-16T10:01:47","guid":{"rendered":"https:\/\/theperfumebottles.com\/?post_type=product&#038;p=3939"},"modified":"2025-06-16T18:01:48","modified_gmt":"2025-06-16T10:01:48","slug":"wholesale-miniature-perfume-bottles-custom-perfume-bottle-mini","status":"publish","type":"product","link":"https:\/\/theperfumebottles.com\/da\/vare\/wholesale-miniature-perfume-bottles-custom-perfume-bottle-mini\/","title":{"rendered":"15ml 20ml 30ml miniature parfumeflasker | Brugerdefineret mini parfumeflaske"},"content":{"rendered":"<p>\u00d8nsker du at bringe en luksuri\u00f8s og b\u00e6rbart parfumeoplevelse til dine kunder? Vores miniatureparfumeflasker er perfekt! Parfumeflaske mini er b\u00e5de elegant og praktisk, tilf\u00f8jer et moderne touch til brandets emballage~<\/p>\n<h2>N\u00f8glespecifikationer<\/h2>\n<table style=\"border-collapse: collapse; margin-left: auto; margin-right: auto; width: 80%;\" border=\"0\" width=\"80%\" cellspacing=\"0\" cellpadding=\"0\">\n<tbody>\n<tr style=\"height: 13.50pt;\">\n<td style=\"height: 13.50pt; width: 99.75pt;\" width=\"133\" height=\"18\">Funktion<\/td>\n<td style=\"width: 262.50pt;\" width=\"350\">Beskrivelse<\/td>\n<\/tr>\n<tr style=\"height: 13.50pt;\">\n<td style=\"height: 13.50pt;\" height=\"18\">Modeller<\/td>\n<td>PB-YZ1601 \/ PB-YZ1602 \/ PB-YZ1603<\/td>\n<\/tr>\n<tr style=\"height: 13.50pt;\">\n<td style=\"height: 13.50pt;\" height=\"18\">Kapacitet<\/td>\n<td>15ml \/ 20ml \/ 30ml<\/td>\n<\/tr>\n<tr style=\"height: 13.50pt;\">\n<td style=\"height: 13.50pt;\" height=\"18\">Form<\/td>\n<td>Cylindrisk<\/td>\n<\/tr>\n<tr style=\"height: 13.50pt;\">\n<td style=\"height: 13.50pt;\" height=\"18\">Dimensioner<\/td>\n<td>25x84mm \/ 29x67mm \/ 33x98mm<\/td>\n<\/tr>\n<tr style=\"height: 13.50pt;\">\n<td style=\"height: 13.50pt;\" height=\"18\">Halsdiameter<\/td>\n<td>15 mm<\/td>\n<\/tr>\n<tr style=\"height: 13.50pt;\">\n<td style=\"height: 13.50pt;\" height=\"18\">Lukningstype<\/td>\n<td>Klemmekrage + Spraypumpe<\/td>\n<\/tr>\n<tr style=\"height: 13.50pt;\">\n<td style=\"height: 13.50pt;\" height=\"18\">Materiale<\/td>\n<td>Krystalglas<\/td>\n<\/tr>\n<tr style=\"height: 13.50pt;\">\n<td style=\"height: 13.50pt;\" height=\"18\">H\u00e6ttefarve<\/td>\n<td>Matt sort, s\u00f8lv, guld, klart akryl<\/td>\n<\/tr>\n<tr style=\"height: 13.50pt;\">\n<td style=\"height: 13.50pt;\" height=\"18\">Ideel til<\/td>\n<td>Parfumesamples, rejsest\u00f8rrelse parfumer<\/td>\n<\/tr>\n<\/tbody>\n<\/table>\n<h2><strong>Eksisterende tilf\u00e6lde er super overbevisende:<\/strong><\/h2>\n<p>En boutiqueparfumebrand brugte vores dybe koboltbl\u00e5 30ml PB-YZ1603, med en guldflaskekrage og brandets bogstaver, til at lave gavepakker til influencere og VIP'er, og influencermarkedsf\u00f8ringen blev en succes! Alle roser den for at v\u00e6re godt liggende og nem at b\u00e6re~<\/p>\n<h2>Tilpasningstips til dit brand<\/h2>\n<p>Hvis du vil have din parfume til at st\u00e5 ud, skal din emballage mere end bare holde duften \u2014 den skal fort\u00e6lle en historie, fange \u00f8jet og g\u00f8re folk nysgerrige.<\/p>\n<ul>\n<li><strong>Placer Dit Brand i Fokus:<\/strong> Tilf\u00f8j dit logo eller navn ved hj\u00e6lp af lasergravering eller silketskr\u00e6dderi. Det er ikke bare dekoration \u2014 det er dit signatur. T\u00e6nk p\u00e5 det som at underskrive dit navn p\u00e5 et mesterv\u00e6rk.<\/li>\n<li><strong>Tilf\u00f8j Farve til Krukken:<\/strong> Hvem siger, at krukker skal v\u00e6re tr\u00e6ls? V\u00e6lg mat sort, hvis du elsker den slanke, minimalistiske look \u2014 eller g\u00e5 helt i gang med roseguld for den \u201cJeg mener luksus\u201d stemning. Et farvestik kan \u00e6ndre f\u00f8lelsen af din flaske helt.<\/li>\n<li><strong>T\u00e6nk Udover \u00c9n St\u00f8rrelse:<\/strong> Blanding af 15ml, 20ml og 30ml i en gaveklar samling. Det er perfekt til pr\u00f8vefors\u00f8g, rejser, julegaver eller influencerpakker. Og \u00e6rligt sagt? Folk elsker valgmuligheder.<\/li>\n<\/ul>\n<h2>Konklusion<\/h2>\n<p>At v\u00e6lge en parfumeflaske er ikke s\u00e5 enkelt som at v\u00e6lge en beholder. Det er tydeligt \u201cat kl\u00e6de\u201d brandet. Uanset om det er en 15ml pr\u00f8ve eller en 30ml detailversion, skjuler hver detalje brandets sm\u00e5 tanker. Vores miniatureparfumeflaske er lavet af holdbart glas materiale og har et godt udseende design, bare for at g\u00f8re din parfume den mest imponerende i m\u00e6ngden. Med s\u00e5 mange tilpasningsoptioner kan du ikke kun v\u00e6lge den rette flaske, men ogs\u00e5 g\u00f8re parfumen virkelig \u201cvokse\u201d ud til, hvordan brandet burde se ud. Lad os tale om, hvordan vi omdanner dine ideer til virkelighed \u2014 start med en tilpasset glasparfumeflaske og langsomt poler ud dit eget brandcharme.<\/p>","protected":false},"excerpt":{"rendered":"<p>Opdag h\u00f8j kvalitets miniatureparfumeflasker og tilpassede parfumeflaske miniatureoptioner \u2014 perfekt til rejser, pr\u00f8vefors\u00f8g eller luksusparfumeemballage.<\/p>","protected":false},"featured_media":3901,"comment_status":"open","ping_status":"closed","template":"","meta":{"_acf_changed":false,"site-sidebar-layout":"default","site-content-layout":"","ast-site-content-layout":"default","site-content-style":"default","site-sidebar-style":"default","ast-global-header-display":"","ast-banner-title-visibility":"","ast-main-header-display":"","ast-hfb-above-header-display":"","ast-hfb-below-header-display":"","ast-hfb-mobile-header-display":"","site-post-title":"","ast-breadcrumbs-content":"","ast-featured-img":"","footer-sml-layout":"","ast-disable-related-posts":"","theme-transparent-header-meta":"default","adv-header-id-meta":"","stick-header-meta":"","header-above-stick-meta":"","header-main-stick-meta":"","header-below-stick-meta":"","astra-migrate-meta-layouts":"set","ast-page-background-enabled":"default","ast-page-background-meta":{"desktop":{"background-color":"var(--ast-global-color-5)","background-image":"","background-repeat":"repeat","background-position":"center center","background-size":"auto","background-attachment":"scroll","background-type":"","background-media":"","overlay-type":"","overlay-color":"","overlay-opacity":"","overlay-gradient":""},"tablet":{"background-color":"","background-image":"","background-repeat":"repeat","background-position":"center center","background-size":"auto","background-attachment":"scroll","background-type":"","background-media":"","overlay-type":"","overlay-color":"","overlay-opacity":"","overlay-gradient":""},"mobile":{"background-color":"","background-image":"","background-repeat":"repeat","background-position":"center center","background-size":"auto","background-attachment":"scroll","background-type":"","background-media":"","overlay-type":"","overlay-color":"","overlay-opacity":"","overlay-gradient":""}},"ast-content-background-meta":{"desktop":{"background-color":"var(--ast-global-color-4)","background-image":"","background-repeat":"repeat","background-position":"center center","background-size":"auto","background-attachment":"scroll","background-type":"","background-media":"","overlay-type":"","overlay-color":"","overlay-opacity":"","overlay-gradient":""},"tablet":{"background-color":"var(--ast-global-color-4)","background-image":"","background-repeat":"repeat","background-position":"center center","background-size":"auto","background-attachment":"scroll","background-type":"","background-media":"","overlay-type":"","overlay-color":"","overlay-opacity":"","overlay-gradient":""},"mobile":{"background-color":"var(--ast-global-color-4)","background-image":"","background-repeat":"repeat","background-position":"center center","background-size":"auto","background-attachment":"scroll","background-type":"","background-media":"","overlay-type":"","overlay-color":"","overlay-opacity":"","overlay-gradient":""}}},"product_brand":[],"product_cat":[72,91,74,41],"product_tag":[49],"class_list":{"0":"post-3939","1":"product","2":"type-product","3":"status-publish","4":"has-post-thumbnail","6":"product_cat-cosmetic-packaging","7":"product_cat-custom-perfume-bottles","8":"product_cat-mini-perfume-bottles","9":"product_cat-perfume-bottles","10":"product_tag-perfume-bottles","11":"desktop-align-left","12":"tablet-align-left","13":"mobile-align-left","15":"first","16":"instock","17":"shipping-taxable","18":"product-type-simple"},"acf":[],"jetpack_sharing_enabled":true,"_links":{"self":[{"href":"https:\/\/theperfumebottles.com\/da\/wp-json\/wp\/v2\/product\/3939","targetHints":{"allow":["GET"]}}],"collection":[{"href":"https:\/\/theperfumebottles.com\/da\/wp-json\/wp\/v2\/product"}],"about":[{"href":"https:\/\/theperfumebottles.com\/da\/wp-json\/wp\/v2\/types\/product"}],"replies":[{"embeddable":true,"href":"https:\/\/theperfumebottles.com\/da\/wp-json\/wp\/v2\/comments?post=3939"}],"wp:featuredmedia":[{"embeddable":true,"href":"https:\/\/theperfumebottles.com\/da\/wp-json\/wp\/v2\/media\/3901"}],"wp:attachment":[{"href":"https:\/\/theperfumebottles.com\/da\/wp-json\/wp\/v2\/media?parent=3939"}],"wp:term":[{"taxonomy":"product_brand","embeddable":true,"href":"https:\/\/theperfumebottles.com\/da\/wp-json\/wp\/v2\/product_brand?post=3939"},{"taxonomy":"product_cat","embeddable":true,"href":"https:\/\/theperfumebottles.com\/da\/wp-json\/wp\/v2\/product_cat?post=3939"},{"taxonomy":"product_tag","embeddable":true,"href":"https:\/\/theperfumebottles.com\/da\/wp-json\/wp\/v2\/product_tag?post=3939"}],"curies":[{"name":"wp","href":"https:\/\/api.w.org\/{rel}","templated":true}]}}