{"id":4002,"date":"2025-06-17T18:06:19","date_gmt":"2025-06-17T10:06:19","guid":{"rendered":"https:\/\/theperfumebottles.com\/?post_type=product&#038;p=4002"},"modified":"2025-06-17T18:06:21","modified_gmt":"2025-06-17T10:06:21","slug":"wholesale-perfume-bottles-bulk-perfume-bottles-supplier","status":"publish","type":"product","link":"https:\/\/theperfumebottles.com\/da\/vare\/wholesale-perfume-bottles-bulk-perfume-bottles-supplier\/","title":{"rendered":"100ml Engros Parfumeflasker | Graverede Parfumeflasker i Bulk"},"content":{"rendered":"<p>Leder du efter fantastiske parfumeflasker til engrosforhandlere for nylig? Krystalglasset er s\u00e5 gennemsigtigt, at du kan se dit eget spejlbillede, og overfladen er indgraveret med elegante X-m\u00f8nstre, der udstr\u00e5ler en f\u00f8lelse af luksus. Uanset om du er en brandmanager, der lige har udkl\u00e6kket en ny duft, eller en distribut\u00f8r, der \u00f8nsker at opgradere &#034;luksuri\u00f8s emballage&#034; i en klassisk model, kan denne flaske ikke kun rumme parfumens sj\u00e6l, men ogs\u00e5 hj\u00e6lpe dig med at reducere omkostninger og forbedre kvaliteten. Hvorfor ikke tilf\u00f8je den til din &#034;skatteleverand\u00f8rliste&#034;?<\/p>\n<h2>N\u00f8glespecifikationer<\/h2>\n<table style=\"border-collapse: collapse; margin-left: auto; margin-right: auto; width: 80%;\" border=\"0\" width=\"80%\" cellspacing=\"0\" cellpadding=\"0\">\n<tbody>\n<tr style=\"height: 13.50pt;\">\n<td style=\"height: 13.50pt; width: 61.50pt;\" width=\"82\" height=\"18\">Funktion<\/td>\n<td style=\"width: 175.50pt;\" width=\"234\">Detalje<\/td>\n<\/tr>\n<tr style=\"height: 13.50pt;\">\n<td style=\"height: 13.50pt;\" height=\"18\">Kapacitet<\/td>\n<td>100 ml<\/td>\n<\/tr>\n<tr style=\"height: 13.50pt;\">\n<td style=\"height: 13.50pt;\" height=\"18\">Form<\/td>\n<td>Rektangul\u00e6r<\/td>\n<\/tr>\n<tr style=\"height: 13.50pt;\">\n<td style=\"height: 13.50pt;\" height=\"18\">Dimensioner<\/td>\n<td>55,5 x 36,5 x 102 mm<\/td>\n<\/tr>\n<tr style=\"height: 13.50pt;\">\n<td style=\"height: 13.50pt;\" height=\"18\">Materiale<\/td>\n<td>Krystalglas<\/td>\n<\/tr>\n<tr style=\"height: 13.50pt;\">\n<td style=\"height: 13.50pt;\" height=\"18\">Farve<\/td>\n<td>Fuldt tilpasselig<\/td>\n<\/tr>\n<tr style=\"height: 13.50pt;\">\n<td style=\"height: 13.50pt;\" height=\"18\">Forseglingstype<\/td>\n<td>Krympehals + spr\u00f8jte<\/td>\n<\/tr>\n<tr style=\"height: 13.50pt;\">\n<td style=\"height: 13.50pt;\" height=\"18\">Ideel brug<\/td>\n<td>Duft, cologne<\/td>\n<\/tr>\n<\/tbody>\n<\/table>\n<h2>Sag om en reel succes<\/h2>\n<p>En af vores kunder, et nichem\u00e6rke inden for parfume, \u00f8nskede at skille sig ud p\u00e5 en stor sk\u00f8nhedsmesse. De valgte vores specialfremstillede parfumeflaske i matteret glas og graverede m\u00e6rkets logo. Det f\u00e6rdige produkt gjorde et fantastisk indtryk i udstillingen og hjalp dem med at n\u00e5 flere ordrer. Kunderne roste den eksklusive tekstur og de milj\u00f8venlige materialer, hvilket beviste, at kosmetikemballage af h\u00f8j kvalitet faktisk kan medf\u00f8re betydelige forbedringer.<\/p>\n<h2>Tilpasningstips til at g\u00f8re det til dit eget<\/h2>\n<p>Vil du have, at dit brand skal skinne i emballagen? S\u00e5dan f\u00e5r du mest muligt ud af det:<\/p>\n<ul>\n<li>V\u00e6lg en ensfarvet eller gradueret farve, der matcher dit brands hovedfarve, for at g\u00f8re flasken \u00f8jeblikkeligt genkendelig og skinne som en &#034;brand-talsmand&#034;~<\/li>\n<li>Brug lasergravering eller UV-print til at fryse dit brandaftryk og tage din sofistikering til det ekstreme!<\/li>\n<li>Pr\u00f8v matte finish eller m\u00f8nstervariationer for at skabe et signaturlook til din parfume.<\/li>\n<li>Kombin\u00e9r det med milj\u00f8venlig emballage for at forbedre dit gr\u00f8nne image.<\/li>\n<\/ul>\n<h2 data-start=\"132\" data-end=\"398\"><strong data-start=\"132\" data-end=\"189\">Klar til at tage dit parfumem\u00e6rke til det n\u00e6ste niveau?<\/strong><\/h2>\n<p data-start=\"132\" data-end=\"398\">Den rigtige flaske g\u00f8r mere end at holde dit produkt \u2013 den v\u00e6kker dit brand til live. Vores engros parfumeflasker kombinerer elegant design med p\u00e5lidelig kvalitet, hvilket f\u00e5r din duft til at skille sig ud p\u00e5 hver hylde.<\/p>\n<p data-start=\"400\" data-end=\"573\">Sig farvel til generisk emballage. Med vores engrosmuligheder for parfumeflasker i bulk kan du skabe brugerdefinerede designs, der afspejler din unikke vision, dine v\u00e6rdier og din kreativitet. Lad os skabe emballage, der fort\u00e6ller din historie.<\/p>","protected":false},"excerpt":{"rendered":"<p>Parfumeflasker af h\u00f8j kvalitet i engros, tilg\u00e6ngelige i store m\u00e6ngder. Ideel til m\u00e6rker og distribut\u00f8rer. Specialfremstillede muligheder, hurtig levering og priser direkte fra fabrikken.<\/p>","protected":false},"featured_media":4007,"comment_status":"open","ping_status":"closed","template":"","meta":{"_acf_changed":false,"site-sidebar-layout":"default","site-content-layout":"","ast-site-content-layout":"default","site-content-style":"default","site-sidebar-style":"default","ast-global-header-display":"","ast-banner-title-visibility":"","ast-main-header-display":"","ast-hfb-above-header-display":"","ast-hfb-below-header-display":"","ast-hfb-mobile-header-display":"","site-post-title":"","ast-breadcrumbs-content":"","ast-featured-img":"","footer-sml-layout":"","ast-disable-related-posts":"","theme-transparent-header-meta":"default","adv-header-id-meta":"","stick-header-meta":"","header-above-stick-meta":"","header-main-stick-meta":"","header-below-stick-meta":"","astra-migrate-meta-layouts":"set","ast-page-background-enabled":"default","ast-page-background-meta":{"desktop":{"background-color":"var(--ast-global-color-5)","background-image":"","background-repeat":"repeat","background-position":"center center","background-size":"auto","background-attachment":"scroll","background-type":"","background-media":"","overlay-type":"","overlay-color":"","overlay-opacity":"","overlay-gradient":""},"tablet":{"background-color":"","background-image":"","background-repeat":"repeat","background-position":"center center","background-size":"auto","background-attachment":"scroll","background-type":"","background-media":"","overlay-type":"","overlay-color":"","overlay-opacity":"","overlay-gradient":""},"mobile":{"background-color":"","background-image":"","background-repeat":"repeat","background-position":"center center","background-size":"auto","background-attachment":"scroll","background-type":"","background-media":"","overlay-type":"","overlay-color":"","overlay-opacity":"","overlay-gradient":""}},"ast-content-background-meta":{"desktop":{"background-color":"var(--ast-global-color-4)","background-image":"","background-repeat":"repeat","background-position":"center center","background-size":"auto","background-attachment":"scroll","background-type":"","background-media":"","overlay-type":"","overlay-color":"","overlay-opacity":"","overlay-gradient":""},"tablet":{"background-color":"var(--ast-global-color-4)","background-image":"","background-repeat":"repeat","background-position":"center center","background-size":"auto","background-attachment":"scroll","background-type":"","background-media":"","overlay-type":"","overlay-color":"","overlay-opacity":"","overlay-gradient":""},"mobile":{"background-color":"var(--ast-global-color-4)","background-image":"","background-repeat":"repeat","background-position":"center center","background-size":"auto","background-attachment":"scroll","background-type":"","background-media":"","overlay-type":"","overlay-color":"","overlay-opacity":"","overlay-gradient":""}}},"product_brand":[],"product_cat":[72,91,41],"product_tag":[49],"class_list":{"0":"post-4002","1":"product","2":"type-product","3":"status-publish","4":"has-post-thumbnail","6":"product_cat-cosmetic-packaging","7":"product_cat-custom-perfume-bottles","8":"product_cat-perfume-bottles","9":"product_tag-perfume-bottles","10":"desktop-align-left","11":"tablet-align-left","12":"mobile-align-left","14":"first","15":"instock","16":"shipping-taxable","17":"product-type-simple"},"acf":[],"jetpack_sharing_enabled":true,"_links":{"self":[{"href":"https:\/\/theperfumebottles.com\/da\/wp-json\/wp\/v2\/product\/4002","targetHints":{"allow":["GET"]}}],"collection":[{"href":"https:\/\/theperfumebottles.com\/da\/wp-json\/wp\/v2\/product"}],"about":[{"href":"https:\/\/theperfumebottles.com\/da\/wp-json\/wp\/v2\/types\/product"}],"replies":[{"embeddable":true,"href":"https:\/\/theperfumebottles.com\/da\/wp-json\/wp\/v2\/comments?post=4002"}],"wp:featuredmedia":[{"embeddable":true,"href":"https:\/\/theperfumebottles.com\/da\/wp-json\/wp\/v2\/media\/4007"}],"wp:attachment":[{"href":"https:\/\/theperfumebottles.com\/da\/wp-json\/wp\/v2\/media?parent=4002"}],"wp:term":[{"taxonomy":"product_brand","embeddable":true,"href":"https:\/\/theperfumebottles.com\/da\/wp-json\/wp\/v2\/product_brand?post=4002"},{"taxonomy":"product_cat","embeddable":true,"href":"https:\/\/theperfumebottles.com\/da\/wp-json\/wp\/v2\/product_cat?post=4002"},{"taxonomy":"product_tag","embeddable":true,"href":"https:\/\/theperfumebottles.com\/da\/wp-json\/wp\/v2\/product_tag?post=4002"}],"curies":[{"name":"wp","href":"https:\/\/api.w.org\/{rel}","templated":true}]}}