{"id":4018,"date":"2025-06-19T18:09:53","date_gmt":"2025-06-19T10:09:53","guid":{"rendered":"https:\/\/theperfumebottles.com\/?post_type=product&#038;p=4018"},"modified":"2025-06-19T18:09:55","modified_gmt":"2025-06-19T10:09:55","slug":"empty-amber-essential-oil-bottles-wholesale","status":"publish","type":"product","link":"https:\/\/theperfumebottles.com\/da\/vare\/empty-amber-essential-oil-bottles-wholesale\/","title":{"rendered":"50ml 100ml Amber Tomme \u00c6teriske Olieflasker Engros"},"content":{"rendered":"<p>V\u00e6lg os til engros essentielle olieflasker! Tomme essentielle olieflasker er lavet af UV-resistent ravfarvet glas for at beskytte de essentielle olier mod at blive nedbrudt af lys. Den stilfulde flaske er velegnet til brandemballage og underst\u00f8tter tilpasning. Store m\u00e6ngder foretr\u00e6kkes for at opfylde dine behov for engrosk\u00f8b!<\/p>\n<h2>N\u00f8glespecifikationer<\/h2>\n<table style=\"border-collapse: collapse; margin-left: auto; margin-right: auto; width: 80%;\" border=\"0\" width=\"80%\" cellspacing=\"0\" cellpadding=\"0\">\n<tbody>\n<tr style=\"height: 13.50pt;\">\n<td style=\"height: 13.50pt; width: 122.25pt;\" width=\"163\" height=\"18\">Specifikation<\/td>\n<td style=\"width: 259.50pt;\" width=\"346\">Detaljer<\/td>\n<\/tr>\n<tr style=\"height: 13.50pt;\">\n<td style=\"height: 13.50pt;\" height=\"18\">Materiale<\/td>\n<td>Glas (Rav)<\/td>\n<\/tr>\n<tr style=\"height: 13.50pt;\">\n<td style=\"height: 13.50pt;\" height=\"18\">Kapacitetsmuligheder<\/td>\n<td>50ml \/ 100ml<\/td>\n<\/tr>\n<tr style=\"height: 13.50pt;\">\n<td style=\"height: 13.50pt;\" height=\"18\">H\u00e6ttetype<\/td>\n<td>Skruel\u00e5g \/ Drypper \/ Spray<\/td>\n<\/tr>\n<tr style=\"height: 13.50pt;\">\n<td style=\"height: 13.50pt;\" height=\"18\">Flaskeform<\/td>\n<td>Cylindrisk \/ Rund \/ Kvadratisk (valgfrit)<\/td>\n<\/tr>\n<tr style=\"height: 13.50pt;\">\n<td style=\"height: 13.50pt;\" height=\"18\">Brug<\/td>\n<td>\u00c6teriske olier, parfumeolier, blandinger<\/td>\n<\/tr>\n<tr style=\"height: 13.50pt;\">\n<td style=\"height: 13.50pt;\" height=\"18\">Overfladefinish<\/td>\n<td>Glat, etiketvenlig<\/td>\n<\/tr>\n<tr style=\"height: 13.50pt;\">\n<td style=\"height: 13.50pt;\" height=\"18\">Tilpasning<\/td>\n<td>Logoprint, farve, h\u00e6ttetype<\/td>\n<\/tr>\n<\/tbody>\n<\/table>\n<h2>\u00c6gte casestudie<\/h2>\n<p>En af vores tilbagevendende kunder er et lille naturproduktm\u00e6rke i Australien, der \u00f8nskede at lancere en ny serie af aromaterapisprayer. De valgte vores 50 ml engros \u00e6teriske olieflasker med specialdesignede koboltbl\u00e5 h\u00e6tter og pr\u00e6gede logoer.<\/p>\n<p>Inden for seks uger steg deres salg med 20%. De fortalte os: \u201dFlaskerne f\u00e5r vores produkter til at f\u00f8les eksklusive uden at spr\u00e6nge vores budget.\u201d<\/p>\n<p>Det er sk\u00f8nheden ved smart emballage \u2013 og det hele starter med den rigtige flaske.\u3001<\/p>\n<h2>Forslag til emballage<\/h2>\n<p>Vil du g\u00f8re denne flaske til din helt egen? Vi forst\u00e5r din investering i dit brand, s\u00e5 vi tilbyder dig omfattende tilpasningsservices, der hj\u00e6lper dig med at skabe det bedste emballageudseende og vise dit brands charme!<\/p>\n<ul>\n<li><strong>V\u00e6lg din farve:<\/strong> Klassisk rav, der viser eksklusiv tekstur. \u00d8nsker du en anden stil, kan du v\u00e6lge gr\u00f8n, bl\u00e5, pink og gennemsigtige finish. Hver enkelt kan komplementere din brands temperament!<\/li>\n<li><strong>Flaskeh\u00e6tte med m\u00f8nster:<\/strong> Hvis du kan lide fuld tekstur, kan du v\u00e6lge en glat metalflaskeh\u00e6tte; hvis du str\u00e6ber efter enkelhed og diskretion, er en mat plastikflaskeh\u00e6tte et godt valg; hvis du \u00f8nsker at g\u00e5 den naturlige og milj\u00f8venlige vej, er en milj\u00f8venlig flaskeh\u00e6tte i tr\u00e6struktur perfekt!<\/li>\n<li><strong>Brandlogo:<\/strong> Vil du g\u00f8re dit brandlogo s\u00e6rligt i\u00f8jnefaldende?  Tryk, pr\u00e6gning, klisterm\u00e6rker er alle tilg\u00e6ngelige. Uanset hvilken proces, kan dit logo fast \u201cvokse\u201d p\u00e5 flasken, s\u00e5 folk husker det i et \u00f8jeblik!<\/li>\n<\/ul>\n<h2>Resum\u00e9<\/h2>\n<p>Uanset om du \u00f8nsker at engros en batch af omkostningseffektive \u00e6teriske olieflasker for hurtigt at starte din produktlinje, eller \u00f8nsker at tilpasse et s\u00e6t \u201cuforglemmelig\u201d tom flaskeemballage til en eksisterende serie af \u00e6teriske olier, er vi villige til at v\u00e6re din \u201cbaggrundspartner\u201d. Fra valg af st\u00f8rrelse til valg af design, fra materialeforslag til justering af processer, hvis du har nogen sp\u00f8rgsm\u00e5l eller ideer, s\u00e5 lad os vide det \u2013 vores team er altid klar til at hj\u00e6lpe dig med at omdanne den \u201cideelle form\u201d i dit sind til en \u201coverraskelse\u201d, som kunderne kan r\u00f8re ved.<\/p>","protected":false},"excerpt":{"rendered":"<p>H\u00f8jkvalitets tomme essentielle olieflasker tilg\u00e6ngelige engros. Ideel til aromaterapi, essentiel olie og private label emballage.<\/p>","protected":false},"featured_media":4038,"comment_status":"open","ping_status":"closed","template":"","meta":{"_acf_changed":false,"site-sidebar-layout":"default","site-content-layout":"","ast-site-content-layout":"default","site-content-style":"default","site-sidebar-style":"default","ast-global-header-display":"","ast-banner-title-visibility":"","ast-main-header-display":"","ast-hfb-above-header-display":"","ast-hfb-below-header-display":"","ast-hfb-mobile-header-display":"","site-post-title":"","ast-breadcrumbs-content":"","ast-featured-img":"","footer-sml-layout":"","ast-disable-related-posts":"","theme-transparent-header-meta":"default","adv-header-id-meta":"","stick-header-meta":"","header-above-stick-meta":"","header-main-stick-meta":"","header-below-stick-meta":"","astra-migrate-meta-layouts":"set","ast-page-background-enabled":"default","ast-page-background-meta":{"desktop":{"background-color":"var(--ast-global-color-5)","background-image":"","background-repeat":"repeat","background-position":"center center","background-size":"auto","background-attachment":"scroll","background-type":"","background-media":"","overlay-type":"","overlay-color":"","overlay-opacity":"","overlay-gradient":""},"tablet":{"background-color":"","background-image":"","background-repeat":"repeat","background-position":"center center","background-size":"auto","background-attachment":"scroll","background-type":"","background-media":"","overlay-type":"","overlay-color":"","overlay-opacity":"","overlay-gradient":""},"mobile":{"background-color":"","background-image":"","background-repeat":"repeat","background-position":"center center","background-size":"auto","background-attachment":"scroll","background-type":"","background-media":"","overlay-type":"","overlay-color":"","overlay-opacity":"","overlay-gradient":""}},"ast-content-background-meta":{"desktop":{"background-color":"var(--ast-global-color-4)","background-image":"","background-repeat":"repeat","background-position":"center center","background-size":"auto","background-attachment":"scroll","background-type":"","background-media":"","overlay-type":"","overlay-color":"","overlay-opacity":"","overlay-gradient":""},"tablet":{"background-color":"var(--ast-global-color-4)","background-image":"","background-repeat":"repeat","background-position":"center center","background-size":"auto","background-attachment":"scroll","background-type":"","background-media":"","overlay-type":"","overlay-color":"","overlay-opacity":"","overlay-gradient":""},"mobile":{"background-color":"var(--ast-global-color-4)","background-image":"","background-repeat":"repeat","background-position":"center center","background-size":"auto","background-attachment":"scroll","background-type":"","background-media":"","overlay-type":"","overlay-color":"","overlay-opacity":"","overlay-gradient":""}}},"product_brand":[],"product_cat":[57,72,62],"product_tag":[],"class_list":{"0":"post-4018","1":"product","2":"type-product","3":"status-publish","4":"has-post-thumbnail","6":"product_cat-essential-oil-bottles","7":"product_cat-cosmetic-packaging","8":"product_cat-cosmetic-containers","9":"desktop-align-left","10":"tablet-align-left","11":"mobile-align-left","13":"first","14":"instock","15":"shipping-taxable","16":"product-type-simple"},"acf":[],"jetpack_sharing_enabled":true,"_links":{"self":[{"href":"https:\/\/theperfumebottles.com\/da\/wp-json\/wp\/v2\/product\/4018","targetHints":{"allow":["GET"]}}],"collection":[{"href":"https:\/\/theperfumebottles.com\/da\/wp-json\/wp\/v2\/product"}],"about":[{"href":"https:\/\/theperfumebottles.com\/da\/wp-json\/wp\/v2\/types\/product"}],"replies":[{"embeddable":true,"href":"https:\/\/theperfumebottles.com\/da\/wp-json\/wp\/v2\/comments?post=4018"}],"wp:featuredmedia":[{"embeddable":true,"href":"https:\/\/theperfumebottles.com\/da\/wp-json\/wp\/v2\/media\/4038"}],"wp:attachment":[{"href":"https:\/\/theperfumebottles.com\/da\/wp-json\/wp\/v2\/media?parent=4018"}],"wp:term":[{"taxonomy":"product_brand","embeddable":true,"href":"https:\/\/theperfumebottles.com\/da\/wp-json\/wp\/v2\/product_brand?post=4018"},{"taxonomy":"product_cat","embeddable":true,"href":"https:\/\/theperfumebottles.com\/da\/wp-json\/wp\/v2\/product_cat?post=4018"},{"taxonomy":"product_tag","embeddable":true,"href":"https:\/\/theperfumebottles.com\/da\/wp-json\/wp\/v2\/product_tag?post=4018"}],"curies":[{"name":"wp","href":"https:\/\/api.w.org\/{rel}","templated":true}]}}