{"id":4274,"date":"2025-06-27T09:35:18","date_gmt":"2025-06-27T01:35:18","guid":{"rendered":"https:\/\/theperfumebottles.com\/?post_type=product&#038;p=4274"},"modified":"2025-06-27T09:35:20","modified_gmt":"2025-06-27T01:35:20","slug":"custom-bulk-perfume-bottles-glass-packaging-deals","status":"publish","type":"product","link":"https:\/\/theperfumebottles.com\/da\/vare\/custom-bulk-perfume-bottles-glass-packaging-deals\/","title":{"rendered":"30 ml 50 ml 100 ml Brugerdefinerede Bulk Parfume Flasker, Glas Emballage Tilbud"},"content":{"rendered":"<p>Vil du bestille parfumeflasker i store m\u00e6ngder? Med vores blanke parfumeflasker kan du ikke g\u00e5 galt i byen! Fremragende kvalitet, enkelt og elegant design, blot en etiket og lidt dekoration f\u00e5r det til at se specielt ud. Nye produktlanceringer eller genopfyldning, alt sammen nemt!<\/p>\n<h2>N\u00f8glespecifikationer<\/h2>\n<table style=\"border-collapse: collapse;margin-left: auto;margin-right: auto;width: 80%\" border=\"0\" width=\"80%\" cellspacing=\"0\" cellpadding=\"0\">\n<tbody>\n<tr style=\"height: 13.50pt\">\n<td style=\"height: 13.50pt;width: 103.50pt\" width=\"138\" height=\"18\">Funktion<\/td>\n<td style=\"width: 186.75pt\" width=\"249\">Detaljer<\/td>\n<\/tr>\n<tr style=\"height: 13.50pt\">\n<td style=\"height: 13.50pt\" height=\"18\">Materiale<\/td>\n<td>Krystalglas<\/td>\n<\/tr>\n<tr style=\"height: 13.50pt\">\n<td style=\"height: 13.50pt\" height=\"18\">Form<\/td>\n<td>Rektangul\u00e6r<\/td>\n<\/tr>\n<tr style=\"height: 13.50pt\">\n<td style=\"height: 13.50pt\" height=\"18\">Kapacitet<\/td>\n<td>30 ml\/50 ml\/100 ml<\/td>\n<\/tr>\n<tr style=\"height: 13.50pt\">\n<td style=\"height: 13.50pt\" height=\"18\">Lukningstype<\/td>\n<td>\n<article class=\"4ever-article\" data-clipboard-cangjie=\"[&quot;root&quot;,{&quot;copyFrom&quot;:&quot;im-native&quot;},[&quot;p&quot;,{},[&quot;span&quot;,{&quot;data-type&quot;:&quot;text&quot;},[&quot;span&quot;,{&quot;data-type&quot;:&quot;leaf&quot;},&quot;Screw neck&quot;]]]]\">Skruehals + spr\u00f8jte<\/article>\n<\/td>\n<\/tr>\n<tr style=\"height: 13.50pt\">\n<td style=\"height: 13.50pt\" height=\"18\">Tilpasning<\/td>\n<td>Fuld farvemuligheder tilg\u00e6ngelige<\/td>\n<\/tr>\n<\/tbody>\n<\/table>\n<h2>En rigtig succeshistorie<\/h2>\n<p>Der findes et parfumem\u00e6rke i boutique-stil, der g\u00e5r den uds\u00f8gte vej og \u00f8nsker at skabe en minimalistisk og stilfuld duft. De valgte vores blanke parfumeflasker som &#034;l\u00e6rred&#034; og bestilte et parti 50 ml parfumeflasker i l\u00f8s v\u00e6gt, som ogs\u00e5 var dekoreret med rosagulddetaljer og bl\u00f8de lavendeltoner, hvilket fik dem til at se meget eksklusive ud! Resultatet? Denne limited edition-parfume var udsolgt blot et par uger efter, at den var kommet p\u00e5 hylderne, og sociale platforme var fulde af begejstrede anmeldelser for den~<\/p>\n<h2>Professionelle tips<\/h2>\n<p>Hvis dine m\u00e5lgrupper elsker den enkle sk\u00f8nhed ved &#034;less is more&#034;, kan du v\u00e6lge en flaske med en mat tekstur og lave m\u00e6tningstoner. Hvis du henvender dig til luksusmarkedet, kan du tilf\u00f8je en metalh\u00e6tte til flasken og tilf\u00f8je en dyb \u00e6delstensfarve for at fuldende den visuelle effekt, og kunderne vil aldrig glemme det ved f\u00f8rste \u00f8jekast!<\/p>\n<h2>Vil du lave din egen parfumeflaske?<\/h2>\n<p>Uanset om du lancerer en ny parfumeserie eller opfrisker en eksisterende produktlinje, kan vores glasparfumeflasker ikke kun bevare stilen, men ogs\u00e5 &#034;fleksibelt udvide&#034; med dit salg. Fra flaskefarve til flaskekapselstil kan du tilpasse det efter behov! N\u00e5r din virksomhed vokser sig st\u00f8rre og st\u00f8rre, og du \u00f8nsker at udvide din produktionsskala, kan vi ogs\u00e5 hj\u00e6lpe dig med nemt at finde de mest passende parfumeflasker i l\u00f8s v\u00e6gt (batch-parfumeflasker), der passer perfekt til din brandvision.<\/p>\n<p>Kom og v\u00e6r med til at lave et uforglemmeligt &#034;parfumeflaskeprojekt&#034; for at g\u00f8re din parfume mindev\u00e6rdig fra flasken!<\/p>\n<p>&nbsp;<\/p>","protected":false},"excerpt":{"rendered":"<p>Parfumeflasker i h\u00f8j kvalitet med elegante guldl\u00e5g. Ideel til duftm\u00e6rker, g\u00f8r-det-selv-projekter eller engrospakkel\u00f8sninger.<\/p>","protected":false},"featured_media":4277,"comment_status":"open","ping_status":"closed","template":"","meta":{"_acf_changed":false,"site-sidebar-layout":"default","site-content-layout":"","ast-site-content-layout":"default","site-content-style":"default","site-sidebar-style":"default","ast-global-header-display":"","ast-banner-title-visibility":"","ast-main-header-display":"","ast-hfb-above-header-display":"","ast-hfb-below-header-display":"","ast-hfb-mobile-header-display":"","site-post-title":"","ast-breadcrumbs-content":"","ast-featured-img":"","footer-sml-layout":"","ast-disable-related-posts":"","theme-transparent-header-meta":"default","adv-header-id-meta":"","stick-header-meta":"","header-above-stick-meta":"","header-main-stick-meta":"","header-below-stick-meta":"","astra-migrate-meta-layouts":"set","ast-page-background-enabled":"default","ast-page-background-meta":{"desktop":{"background-color":"var(--ast-global-color-5)","background-image":"","background-repeat":"repeat","background-position":"center center","background-size":"auto","background-attachment":"scroll","background-type":"","background-media":"","overlay-type":"","overlay-color":"","overlay-opacity":"","overlay-gradient":""},"tablet":{"background-color":"","background-image":"","background-repeat":"repeat","background-position":"center center","background-size":"auto","background-attachment":"scroll","background-type":"","background-media":"","overlay-type":"","overlay-color":"","overlay-opacity":"","overlay-gradient":""},"mobile":{"background-color":"","background-image":"","background-repeat":"repeat","background-position":"center center","background-size":"auto","background-attachment":"scroll","background-type":"","background-media":"","overlay-type":"","overlay-color":"","overlay-opacity":"","overlay-gradient":""}},"ast-content-background-meta":{"desktop":{"background-color":"var(--ast-global-color-4)","background-image":"","background-repeat":"repeat","background-position":"center center","background-size":"auto","background-attachment":"scroll","background-type":"","background-media":"","overlay-type":"","overlay-color":"","overlay-opacity":"","overlay-gradient":""},"tablet":{"background-color":"var(--ast-global-color-4)","background-image":"","background-repeat":"repeat","background-position":"center center","background-size":"auto","background-attachment":"scroll","background-type":"","background-media":"","overlay-type":"","overlay-color":"","overlay-opacity":"","overlay-gradient":""},"mobile":{"background-color":"var(--ast-global-color-4)","background-image":"","background-repeat":"repeat","background-position":"center center","background-size":"auto","background-attachment":"scroll","background-type":"","background-media":"","overlay-type":"","overlay-color":"","overlay-opacity":"","overlay-gradient":""}}},"product_brand":[],"product_cat":[72,91,41],"product_tag":[],"class_list":{"0":"post-4274","1":"product","2":"type-product","3":"status-publish","4":"has-post-thumbnail","6":"product_cat-cosmetic-packaging","7":"product_cat-custom-perfume-bottles","8":"product_cat-perfume-bottles","9":"desktop-align-left","10":"tablet-align-left","11":"mobile-align-left","13":"first","14":"instock","15":"shipping-taxable","16":"product-type-simple"},"acf":[],"jetpack_sharing_enabled":true,"_links":{"self":[{"href":"https:\/\/theperfumebottles.com\/da\/wp-json\/wp\/v2\/product\/4274","targetHints":{"allow":["GET"]}}],"collection":[{"href":"https:\/\/theperfumebottles.com\/da\/wp-json\/wp\/v2\/product"}],"about":[{"href":"https:\/\/theperfumebottles.com\/da\/wp-json\/wp\/v2\/types\/product"}],"replies":[{"embeddable":true,"href":"https:\/\/theperfumebottles.com\/da\/wp-json\/wp\/v2\/comments?post=4274"}],"wp:featuredmedia":[{"embeddable":true,"href":"https:\/\/theperfumebottles.com\/da\/wp-json\/wp\/v2\/media\/4277"}],"wp:attachment":[{"href":"https:\/\/theperfumebottles.com\/da\/wp-json\/wp\/v2\/media?parent=4274"}],"wp:term":[{"taxonomy":"product_brand","embeddable":true,"href":"https:\/\/theperfumebottles.com\/da\/wp-json\/wp\/v2\/product_brand?post=4274"},{"taxonomy":"product_cat","embeddable":true,"href":"https:\/\/theperfumebottles.com\/da\/wp-json\/wp\/v2\/product_cat?post=4274"},{"taxonomy":"product_tag","embeddable":true,"href":"https:\/\/theperfumebottles.com\/da\/wp-json\/wp\/v2\/product_tag?post=4274"}],"curies":[{"name":"wp","href":"https:\/\/api.w.org\/{rel}","templated":true}]}}