{"id":4453,"date":"2025-07-15T17:33:54","date_gmt":"2025-07-15T09:33:54","guid":{"rendered":"https:\/\/theperfumebottles.com\/?post_type=product&#038;p=4453"},"modified":"2025-07-30T15:56:29","modified_gmt":"2025-07-30T07:56:29","slug":"2oz-4oz-8oz-premium-cosmetic-jars-wholesale","status":"publish","type":"product","link":"https:\/\/theperfumebottles.com\/da\/vare\/2oz-4oz-8oz-premium-cosmetic-jars-wholesale\/","title":{"rendered":"2oz 4oz 8oz Premium Kosmetikkrukker Engros"},"content":{"rendered":"<p><span class=\"highlights\" data-v-df95d256=\"\">Vores kosmetikglas er designet til at l\u00f8fte din hudplejeemballage til et nyt niveau. Uanset om du lancerer en luksuri\u00f8s sk\u00f8nhedsemballagelinje eller skalerer op til engros, kombinerer disse glasglas funktionalitet og \u00e6stetik for at im\u00f8dekomme moderne markedskrav.<\/span><\/p>\n<h2>N\u00f8glespecifikationer<\/h2>\n<table style=\"margin-left: 240px;margin-right: auto;border-collapse: collapse;width: 80%;height: 403px\" border=\"0\" width=\"144\" cellspacing=\"0\" cellpadding=\"0\">\n<tbody>\n<tr style=\"height: 13.50pt\">\n<td style=\"height: 13.50pt;width: 54.00pt\" width=\"72\" height=\"18\">Funktion<\/td>\n<td style=\"width: 54.00pt\" width=\"72\">Detaljer<\/td>\n<\/tr>\n<tr style=\"height: 13.50pt\">\n<td style=\"height: 13.50pt\" height=\"18\">Kapacitet<\/td>\n<td>2 oz, 4 oz, 8 oz<\/td>\n<\/tr>\n<tr style=\"height: 13.50pt\">\n<td style=\"height: 13.50pt\" height=\"18\">Form<\/td>\n<td>Ligekantet cylinder<\/td>\n<\/tr>\n<tr style=\"height: 13.50pt\">\n<td style=\"height: 13.50pt\" height=\"18\">Forseglingsmetode<\/td>\n<td>Gevindforsynet l\u00e5g (plast\/metal)<\/td>\n<\/tr>\n<tr style=\"height: 13.50pt\">\n<td style=\"height: 13.50pt\" height=\"18\">Materiale<\/td>\n<td>Krystalglas<\/td>\n<\/tr>\n<tr style=\"height: 13.50pt\">\n<td style=\"height: 13.50pt\" height=\"18\">Farver<\/td>\n<td>Klar, rav, sort, gr\u00f8n (kan tilpasses)<\/td>\n<\/tr>\n<tr style=\"height: 13.50pt\">\n<td style=\"height: 13.50pt\" height=\"18\">Basisdesign<\/td>\n<td>Flad bund for stabilitet<\/td>\n<\/tr>\n<tr style=\"height: 13.50pt\">\n<td style=\"height: 13.50pt\" height=\"18\">Brugsscenarier<\/td>\n<td>Ansigtscreme, bodylotion, \u00f8jencreme<\/td>\n<\/tr>\n<\/tbody>\n<\/table>\n<h2><span class=\"highlights\" data-v-df95d256=\"\">Successag<\/span><\/h2>\n<p><span class=\"highlights\" data-v-df95d256=\"\">Et luksuri\u00f8st hudplejelogo brugte vores ravgule 115 ml krukker til deres anti-\u00e6ldnings ansigtscreme. Den UV-beskyttende farve og det minimalistiske design hjalp deres produkt med at skille sig ud p\u00e5 skabene og \u00f8gede salget med 40 % p\u00e5 tre m\u00e5neder. <\/span><\/p>\n<h2><span class=\"highlights\" data-v-df95d256=\"\">Tilpasningsforslag<\/span><\/h2>\n<ul>\n<li><span class=\"highlights\" data-v-df95d256=\"\"><strong>Farve og etiket:<\/strong> Match dit brands farvepalet med brugerdefinerede farveovertr\u00e6k og trykte etiketter. <\/span><\/li>\n<li><span class=\"highlights\" data-v-df95d256=\"\"><strong>L\u00e5gmuligheder:<\/strong> V\u00e6lg magnetiske lukninger eller pumpehoveder for en fin t\u00e5gep\u00e5f\u00f8ringsoplevelse. <\/span><\/li>\n<li><span class=\"highlights\" data-v-df95d256=\"\"><strong>Storbestillinger:<\/strong> Vores bulkpakkel\u00f8sninger sikrer omkostningseffektive engrospriser uden at g\u00e5 p\u00e5 kompromis med kvaliteten.<\/span><\/li>\n<\/ul>","protected":false},"excerpt":{"rendered":"<p>L\u00f8ft dine engrospriser inden for kosmetikglas med premium glasemballage. Holdbar, brugerdefinerbar og milj\u00f8venlig \u2013 ideel til luksuri\u00f8s sk\u00f8nhedsemballage.<\/p>","protected":false},"featured_media":4455,"comment_status":"open","ping_status":"closed","template":"","meta":{"_acf_changed":false,"site-sidebar-layout":"default","site-content-layout":"","ast-site-content-layout":"default","site-content-style":"default","site-sidebar-style":"default","ast-global-header-display":"","ast-banner-title-visibility":"","ast-main-header-display":"","ast-hfb-above-header-display":"","ast-hfb-below-header-display":"","ast-hfb-mobile-header-display":"","site-post-title":"","ast-breadcrumbs-content":"","ast-featured-img":"","footer-sml-layout":"","ast-disable-related-posts":"","theme-transparent-header-meta":"default","adv-header-id-meta":"","stick-header-meta":"","header-above-stick-meta":"","header-main-stick-meta":"","header-below-stick-meta":"","astra-migrate-meta-layouts":"set","ast-page-background-enabled":"default","ast-page-background-meta":{"desktop":{"background-color":"var(--ast-global-color-5)","background-image":"","background-repeat":"repeat","background-position":"center center","background-size":"auto","background-attachment":"scroll","background-type":"","background-media":"","overlay-type":"","overlay-color":"","overlay-opacity":"","overlay-gradient":""},"tablet":{"background-color":"","background-image":"","background-repeat":"repeat","background-position":"center center","background-size":"auto","background-attachment":"scroll","background-type":"","background-media":"","overlay-type":"","overlay-color":"","overlay-opacity":"","overlay-gradient":""},"mobile":{"background-color":"","background-image":"","background-repeat":"repeat","background-position":"center center","background-size":"auto","background-attachment":"scroll","background-type":"","background-media":"","overlay-type":"","overlay-color":"","overlay-opacity":"","overlay-gradient":""}},"ast-content-background-meta":{"desktop":{"background-color":"var(--ast-global-color-4)","background-image":"","background-repeat":"repeat","background-position":"center center","background-size":"auto","background-attachment":"scroll","background-type":"","background-media":"","overlay-type":"","overlay-color":"","overlay-opacity":"","overlay-gradient":""},"tablet":{"background-color":"var(--ast-global-color-4)","background-image":"","background-repeat":"repeat","background-position":"center center","background-size":"auto","background-attachment":"scroll","background-type":"","background-media":"","overlay-type":"","overlay-color":"","overlay-opacity":"","overlay-gradient":""},"mobile":{"background-color":"var(--ast-global-color-4)","background-image":"","background-repeat":"repeat","background-position":"center center","background-size":"auto","background-attachment":"scroll","background-type":"","background-media":"","overlay-type":"","overlay-color":"","overlay-opacity":"","overlay-gradient":""}}},"product_brand":[],"product_cat":[72,62,56],"product_tag":[108,107],"class_list":{"0":"post-4453","1":"product","2":"type-product","3":"status-publish","4":"has-post-thumbnail","6":"product_cat-cosmetic-packaging","7":"product_cat-cosmetic-containers","8":"product_cat-cosmetic-jars","9":"product_tag-a-jar-of-face-cream","10":"product_tag-cosmetic-jars-wholesale","11":"desktop-align-left","12":"tablet-align-left","13":"mobile-align-left","15":"first","16":"instock","17":"shipping-taxable","18":"product-type-simple"},"acf":[],"jetpack_sharing_enabled":true,"_links":{"self":[{"href":"https:\/\/theperfumebottles.com\/da\/wp-json\/wp\/v2\/product\/4453","targetHints":{"allow":["GET"]}}],"collection":[{"href":"https:\/\/theperfumebottles.com\/da\/wp-json\/wp\/v2\/product"}],"about":[{"href":"https:\/\/theperfumebottles.com\/da\/wp-json\/wp\/v2\/types\/product"}],"replies":[{"embeddable":true,"href":"https:\/\/theperfumebottles.com\/da\/wp-json\/wp\/v2\/comments?post=4453"}],"wp:featuredmedia":[{"embeddable":true,"href":"https:\/\/theperfumebottles.com\/da\/wp-json\/wp\/v2\/media\/4455"}],"wp:attachment":[{"href":"https:\/\/theperfumebottles.com\/da\/wp-json\/wp\/v2\/media?parent=4453"}],"wp:term":[{"taxonomy":"product_brand","embeddable":true,"href":"https:\/\/theperfumebottles.com\/da\/wp-json\/wp\/v2\/product_brand?post=4453"},{"taxonomy":"product_cat","embeddable":true,"href":"https:\/\/theperfumebottles.com\/da\/wp-json\/wp\/v2\/product_cat?post=4453"},{"taxonomy":"product_tag","embeddable":true,"href":"https:\/\/theperfumebottles.com\/da\/wp-json\/wp\/v2\/product_tag?post=4453"}],"curies":[{"name":"wp","href":"https:\/\/api.w.org\/{rel}","templated":true}]}}