{"id":4468,"date":"2025-07-15T17:45:18","date_gmt":"2025-07-15T09:45:18","guid":{"rendered":"https:\/\/theperfumebottles.com\/?post_type=product&#038;p=4468"},"modified":"2025-07-31T10:45:27","modified_gmt":"2025-07-31T02:45:27","slug":"1oz-2oz-4oz-glass-cosmetic-jars-wholesale-custom-skincare-jar","status":"publish","type":"product","link":"https:\/\/theperfumebottles.com\/da\/vare\/1oz-2oz-4oz-glass-cosmetic-jars-wholesale-custom-skincare-jar\/","title":{"rendered":"1oz 2oz 4oz Glas Kosmetikkrukker til Engros \u2013 Brugerdefineret Hudplejekrukke"},"content":{"rendered":"<p><span class=\"highlights\" data-v-df95d256=\"\">Vores kosmetikglas i glas er designet til at inspirere dig til at emballere dine sk\u00f8nhedsprodukter. Uanset om du er brandejer, der s\u00f8ger brugerdefineret hudplejeemballage, eller en forhandler, der leder efter kosmetikbeholdere i engros, kombinerer disse glas funktionalitet og elegance.<\/span><\/p>\n<h2><span class=\"highlights\" data-v-df95d256=\"\">N\u00f8glespecifikationer<\/span><\/h2>\n<table style=\"border-collapse: collapse;width: 80%;height: 361px;margin-left: auto;margin-right: auto\" border=\"0\" width=\"144\" cellspacing=\"0\" cellpadding=\"0\">\n<tbody>\n<tr style=\"height: 13.50pt\">\n<td style=\"height: 13.50pt;width: 54.00pt\" width=\"72\" height=\"18\">Funktion<\/td>\n<td style=\"width: 54.00pt\" width=\"72\">Detaljer<\/td>\n<\/tr>\n<tr style=\"height: 13.50pt\">\n<td style=\"height: 13.50pt\" height=\"18\">Kapacitet<\/td>\n<td>28 g \/ 59 g \/ 119 g<\/td>\n<\/tr>\n<tr style=\"height: 13.50pt\">\n<td style=\"height: 13.50pt\" height=\"18\">Form<\/td>\n<td>Lige sider<\/td>\n<\/tr>\n<tr style=\"height: 13.50pt\">\n<td style=\"height: 13.50pt\" height=\"18\">Forseglingsmetode<\/td>\n<td>Gevindforsynet l\u00e5g (plast\/metal)<\/td>\n<\/tr>\n<tr style=\"height: 13.50pt\">\n<td style=\"height: 13.50pt\" height=\"18\">Materiale<\/td>\n<td>H\u00e6rdet glas<\/td>\n<\/tr>\n<tr style=\"height: 13.50pt\">\n<td style=\"height: 13.50pt\" height=\"18\">Farver<\/td>\n<td>Bl\u00e5 (tilpasses)<\/td>\n<\/tr>\n<tr style=\"height: 13.50pt\">\n<td style=\"height: 13.50pt\" height=\"18\">Brugsscenarier<\/td>\n<td>Ansigtscreme, bodylotion, \u00f8jencreme\u2026<\/td>\n<\/tr>\n<\/tbody>\n<\/table>\n<h2><span class=\"highlights\" data-v-df95d256=\"\">Successag<\/span><\/h2>\n<p><span class=\"highlights\" data-v-df95d256=\"\">Et mellemstort hudplejem\u00e6rke brugte vores 50 ml bl\u00e5 krukker til deres luksuri\u00f8se \u00f8jencremeserie. Det milj\u00f8venlige design og de klar-til-forsendelse-aktieoptioner hjalp dem med at lancere inden for 2 uger, hvilket \u00f8gede deres salg p\u00e5 hjemmesiden med 35 % i den f\u00f8rste m\u00e5ned.<\/span><\/p>\n<h2><span class=\"highlights\" data-v-df95d256=\"\">Tilpasningsforslag<\/span><\/h2>\n<p>Disse kosmetikglas i glas tilbyder fuld tilpasning til logoidentifikation, med personlige farvebel\u00e6gninger og trykte etiketter for en sammenh\u00e6ngende, synlig branding. L\u00e5galternativer for en minimalistisk \u00e6stetik eller polerede st\u00e5lfinisher for at h\u00e6ve sofistikeringen af \u200b\u200btilfredsstillende sprayprodukter. Derudover tilbyder vores emballagel\u00f8sninger omkostningseffektive priser uden at g\u00e5 p\u00e5 kompromis med komfort i topklasse, hvilket sikrer, at m\u00e6rker kan skalere produktionen og samtidig opretholde h\u00f8je standarder.<\/p>","protected":false},"excerpt":{"rendered":"<p>Opdag glaskrukker til hudplejeprodukter engros. Holdbare, brugerdefinerede og milj\u00f8venlige \u2013 ideelle til kosmetikemballage i store m\u00e6ngder.<\/p>","protected":false},"featured_media":4473,"comment_status":"open","ping_status":"closed","template":"","meta":{"_acf_changed":false,"site-sidebar-layout":"default","site-content-layout":"","ast-site-content-layout":"default","site-content-style":"default","site-sidebar-style":"default","ast-global-header-display":"","ast-banner-title-visibility":"","ast-main-header-display":"","ast-hfb-above-header-display":"","ast-hfb-below-header-display":"","ast-hfb-mobile-header-display":"","site-post-title":"","ast-breadcrumbs-content":"","ast-featured-img":"","footer-sml-layout":"","ast-disable-related-posts":"","theme-transparent-header-meta":"default","adv-header-id-meta":"","stick-header-meta":"","header-above-stick-meta":"","header-main-stick-meta":"","header-below-stick-meta":"","astra-migrate-meta-layouts":"set","ast-page-background-enabled":"default","ast-page-background-meta":{"desktop":{"background-color":"var(--ast-global-color-5)","background-image":"","background-repeat":"repeat","background-position":"center center","background-size":"auto","background-attachment":"scroll","background-type":"","background-media":"","overlay-type":"","overlay-color":"","overlay-opacity":"","overlay-gradient":""},"tablet":{"background-color":"","background-image":"","background-repeat":"repeat","background-position":"center center","background-size":"auto","background-attachment":"scroll","background-type":"","background-media":"","overlay-type":"","overlay-color":"","overlay-opacity":"","overlay-gradient":""},"mobile":{"background-color":"","background-image":"","background-repeat":"repeat","background-position":"center center","background-size":"auto","background-attachment":"scroll","background-type":"","background-media":"","overlay-type":"","overlay-color":"","overlay-opacity":"","overlay-gradient":""}},"ast-content-background-meta":{"desktop":{"background-color":"var(--ast-global-color-4)","background-image":"","background-repeat":"repeat","background-position":"center center","background-size":"auto","background-attachment":"scroll","background-type":"","background-media":"","overlay-type":"","overlay-color":"","overlay-opacity":"","overlay-gradient":""},"tablet":{"background-color":"var(--ast-global-color-4)","background-image":"","background-repeat":"repeat","background-position":"center center","background-size":"auto","background-attachment":"scroll","background-type":"","background-media":"","overlay-type":"","overlay-color":"","overlay-opacity":"","overlay-gradient":""},"mobile":{"background-color":"var(--ast-global-color-4)","background-image":"","background-repeat":"repeat","background-position":"center center","background-size":"auto","background-attachment":"scroll","background-type":"","background-media":"","overlay-type":"","overlay-color":"","overlay-opacity":"","overlay-gradient":""}}},"product_brand":[],"product_cat":[72,62,56],"product_tag":[111,112],"class_list":{"0":"post-4468","1":"product","2":"type-product","3":"status-publish","4":"has-post-thumbnail","6":"product_cat-cosmetic-packaging","7":"product_cat-cosmetic-containers","8":"product_cat-cosmetic-jars","9":"product_tag-glass-cosmetic-jars-wholesale","10":"product_tag-skincare-jar","11":"desktop-align-left","12":"tablet-align-left","13":"mobile-align-left","15":"first","16":"instock","17":"shipping-taxable","18":"product-type-simple"},"acf":[],"jetpack_sharing_enabled":true,"_links":{"self":[{"href":"https:\/\/theperfumebottles.com\/da\/wp-json\/wp\/v2\/product\/4468","targetHints":{"allow":["GET"]}}],"collection":[{"href":"https:\/\/theperfumebottles.com\/da\/wp-json\/wp\/v2\/product"}],"about":[{"href":"https:\/\/theperfumebottles.com\/da\/wp-json\/wp\/v2\/types\/product"}],"replies":[{"embeddable":true,"href":"https:\/\/theperfumebottles.com\/da\/wp-json\/wp\/v2\/comments?post=4468"}],"wp:featuredmedia":[{"embeddable":true,"href":"https:\/\/theperfumebottles.com\/da\/wp-json\/wp\/v2\/media\/4473"}],"wp:attachment":[{"href":"https:\/\/theperfumebottles.com\/da\/wp-json\/wp\/v2\/media?parent=4468"}],"wp:term":[{"taxonomy":"product_brand","embeddable":true,"href":"https:\/\/theperfumebottles.com\/da\/wp-json\/wp\/v2\/product_brand?post=4468"},{"taxonomy":"product_cat","embeddable":true,"href":"https:\/\/theperfumebottles.com\/da\/wp-json\/wp\/v2\/product_cat?post=4468"},{"taxonomy":"product_tag","embeddable":true,"href":"https:\/\/theperfumebottles.com\/da\/wp-json\/wp\/v2\/product_tag?post=4468"}],"curies":[{"name":"wp","href":"https:\/\/api.w.org\/{rel}","templated":true}]}}