{"id":4474,"date":"2025-07-15T17:44:31","date_gmt":"2025-07-15T09:44:31","guid":{"rendered":"https:\/\/theperfumebottles.com\/?post_type=product&#038;p=4474"},"modified":"2026-03-30T17:09:12","modified_gmt":"2026-03-30T09:09:12","slug":"cylindrical-skincare-containers-wholesale","status":"publish","type":"product","link":"https:\/\/theperfumebottles.com\/da\/vare\/cylindrical-skincare-containers-wholesale\/","title":{"rendered":"4oz 8oz cylindriske hudplejebeholdere engros"},"content":{"rendered":"<p>Disse hudplejebeholdere til engrospris er ravfarvede lysblokerende krukker, matsorte displaykrukker og klare displaykrukker. Krukkerne har en ren, str\u00f8mlinet cylindrisk form og leveres med et l\u00e5g, der passer.<\/p>\n<h2 data-spm-anchor-id=\"5176.28103460.0.i24.29ab1db83FoVh8\"><strong>N\u00f8glespecifikationer<\/strong><\/h2>\n<table style=\"border-collapse: collapse; width: 906px; height: 373px; margin-left: 240px;\" border=\"0\" width=\"144\" cellspacing=\"0\" cellpadding=\"0\">\n<tbody>\n<tr style=\"height: 13.50pt;\">\n<td style=\"height: 13.50pt; width: 54.00pt;\" width=\"72\" height=\"18\">Funktion<\/td>\n<td style=\"width: 54.00pt;\" width=\"72\">Detaljer<\/td>\n<\/tr>\n<tr style=\"height: 13.50pt;\">\n<td style=\"height: 13.50pt;\" height=\"18\">Kapacitet<\/td>\n<td>110 g \/ 230 g<\/td>\n<\/tr>\n<tr style=\"height: 13.50pt;\">\n<td style=\"height: 13.50pt;\" height=\"18\">Form<\/td>\n<td>Lige sider<\/td>\n<\/tr>\n<tr style=\"height: 13.50pt;\">\n<td style=\"height: 13.50pt;\" height=\"18\">Forseglingsmetode<\/td>\n<td>Gevindforsynet l\u00e5g (plast\/metal\/tr\u00e6)<\/td>\n<\/tr>\n<tr style=\"height: 13.50pt;\">\n<td style=\"height: 13.50pt;\" height=\"18\">Materiale<\/td>\n<td>Krystalglas<\/td>\n<\/tr>\n<tr style=\"height: 13.50pt;\">\n<td style=\"height: 13.50pt;\" height=\"18\">Farver<\/td>\n<td>Rav, sort, klar, gr\u00f8n, bl\u00e5 (kan tilpasses)\u2026<\/td>\n<\/tr>\n<tr style=\"height: 13.50pt;\">\n<td style=\"height: 13.50pt;\" height=\"18\">Brugsscenarier<\/td>\n<td>Ansigtscreme, bodylotion, \u00f8jencreme<\/td>\n<\/tr>\n<\/tbody>\n<\/table>\n<h2><span class=\"highlights\" data-v-df95d256=\"\">Succeshistorie<\/span><\/h2>\n<p>Vores kosmetikemballage til creme, en ravfarvet retinol-natcreme og en matsort bambuskulmaske, er blevet udvalgt af et wellness-m\u00e6rke. Krukkerne har individuelt serigrafitrykte urtedesigns. De ravfarvede glasbeholdere, der bruges i retinol-produktet, f\u00f8rte til en 40 procents stigning i produktets stabilitet, og de matsorte glasbeholdere, der bruges i natcreme, tiltrak en 25% h\u00f8jere pris. M\u00e6rket var blevet meget succesfuldt og havde derefter bestilt yderligere 300.000 krukker med en ny bodylotion og hovedbundsplejeserie.<\/p>\n<h2><span class=\"highlights\" data-v-df95d256=\"\">Tilpasningsforslag<\/span><\/h2>\n<ul>\n<li><strong>Glas- og etiketstyling:<\/strong> V\u00e6lg rent glas med enkle, minimale etiketter for en banebrydende \u00e6stetik, eller v\u00e6lg sort glas og metalm\u00e6rker for et eksklusivt og dyrt udseende.<\/li>\n<li><strong>Valg af l\u00e5g:<\/strong> Match med plastikl\u00e5g eller metall\u00e5g for et sofistikeret og professionelt udseende.<\/li>\n<li><strong>Engros fordele:<\/strong> F\u00e5 l\u00f8s levering p\u00e5 store hudplejeordrer p\u00e5 500 enheder eller mere.<\/li>\n<\/ul>","protected":false},"excerpt":{"rendered":"<p>Engroshandel med f\u00f8rsteklasses hudplejebeholdere med flere finish og sikre l\u00e5g. Cremekrukker, kosmetikemballage til m\u00e6rker. Hurtig levering sikrer hurtig levering.<\/p>","protected":false},"featured_media":4479,"comment_status":"open","ping_status":"closed","template":"","meta":{"_acf_changed":false,"site-sidebar-layout":"default","site-content-layout":"","ast-site-content-layout":"default","site-content-style":"default","site-sidebar-style":"default","ast-global-header-display":"","ast-banner-title-visibility":"","ast-main-header-display":"","ast-hfb-above-header-display":"","ast-hfb-below-header-display":"","ast-hfb-mobile-header-display":"","site-post-title":"","ast-breadcrumbs-content":"","ast-featured-img":"","footer-sml-layout":"","ast-disable-related-posts":"","theme-transparent-header-meta":"default","adv-header-id-meta":"","stick-header-meta":"","header-above-stick-meta":"","header-main-stick-meta":"","header-below-stick-meta":"","astra-migrate-meta-layouts":"set","ast-page-background-enabled":"default","ast-page-background-meta":{"desktop":{"background-color":"var(--ast-global-color-5)","background-image":"","background-repeat":"repeat","background-position":"center center","background-size":"auto","background-attachment":"scroll","background-type":"","background-media":"","overlay-type":"","overlay-color":"","overlay-opacity":"","overlay-gradient":""},"tablet":{"background-color":"","background-image":"","background-repeat":"repeat","background-position":"center center","background-size":"auto","background-attachment":"scroll","background-type":"","background-media":"","overlay-type":"","overlay-color":"","overlay-opacity":"","overlay-gradient":""},"mobile":{"background-color":"","background-image":"","background-repeat":"repeat","background-position":"center center","background-size":"auto","background-attachment":"scroll","background-type":"","background-media":"","overlay-type":"","overlay-color":"","overlay-opacity":"","overlay-gradient":""}},"ast-content-background-meta":{"desktop":{"background-color":"var(--ast-global-color-4)","background-image":"","background-repeat":"repeat","background-position":"center center","background-size":"auto","background-attachment":"scroll","background-type":"","background-media":"","overlay-type":"","overlay-color":"","overlay-opacity":"","overlay-gradient":""},"tablet":{"background-color":"var(--ast-global-color-4)","background-image":"","background-repeat":"repeat","background-position":"center center","background-size":"auto","background-attachment":"scroll","background-type":"","background-media":"","overlay-type":"","overlay-color":"","overlay-opacity":"","overlay-gradient":""},"mobile":{"background-color":"var(--ast-global-color-4)","background-image":"","background-repeat":"repeat","background-position":"center center","background-size":"auto","background-attachment":"scroll","background-type":"","background-media":"","overlay-type":"","overlay-color":"","overlay-opacity":"","overlay-gradient":""}}},"product_brand":[],"product_cat":[56,62,72],"product_tag":[114,113],"class_list":{"0":"post-4474","1":"product","2":"type-product","3":"status-publish","4":"has-post-thumbnail","6":"product_cat-cosmetic-jars","7":"product_cat-cosmetic-containers","8":"product_cat-cosmetic-packaging","9":"product_tag-cream-jars-cosmetic-packaging","10":"product_tag-skincare-containers-wholesale","11":"desktop-align-left","12":"tablet-align-left","13":"mobile-align-left","15":"first","16":"instock","17":"shipping-taxable","18":"product-type-simple"},"acf":[],"jetpack_sharing_enabled":true,"_links":{"self":[{"href":"https:\/\/theperfumebottles.com\/da\/wp-json\/wp\/v2\/product\/4474","targetHints":{"allow":["GET"]}}],"collection":[{"href":"https:\/\/theperfumebottles.com\/da\/wp-json\/wp\/v2\/product"}],"about":[{"href":"https:\/\/theperfumebottles.com\/da\/wp-json\/wp\/v2\/types\/product"}],"replies":[{"embeddable":true,"href":"https:\/\/theperfumebottles.com\/da\/wp-json\/wp\/v2\/comments?post=4474"}],"wp:featuredmedia":[{"embeddable":true,"href":"https:\/\/theperfumebottles.com\/da\/wp-json\/wp\/v2\/media\/4479"}],"wp:attachment":[{"href":"https:\/\/theperfumebottles.com\/da\/wp-json\/wp\/v2\/media?parent=4474"}],"wp:term":[{"taxonomy":"product_brand","embeddable":true,"href":"https:\/\/theperfumebottles.com\/da\/wp-json\/wp\/v2\/product_brand?post=4474"},{"taxonomy":"product_cat","embeddable":true,"href":"https:\/\/theperfumebottles.com\/da\/wp-json\/wp\/v2\/product_cat?post=4474"},{"taxonomy":"product_tag","embeddable":true,"href":"https:\/\/theperfumebottles.com\/da\/wp-json\/wp\/v2\/product_tag?post=4474"}],"curies":[{"name":"wp","href":"https:\/\/api.w.org\/{rel}","templated":true}]}}