{"id":4565,"date":"2025-07-16T17:26:21","date_gmt":"2025-07-16T09:26:21","guid":{"rendered":"https:\/\/theperfumebottles.com\/?post_type=product&#038;p=4565"},"modified":"2025-07-31T11:22:01","modified_gmt":"2025-07-31T03:22:01","slug":"5g-10g-20g-30g-cosmetic-jars-with-lids-custom-empty-cosmetic-containers-wholesale","status":"publish","type":"product","link":"https:\/\/theperfumebottles.com\/da\/vare\/5g-10g-20g-30g-cosmetic-jars-with-lids-custom-empty-cosmetic-containers-wholesale\/","title":{"rendered":"5g 10g 20g 30g Kosmetikkrukker med l\u00e5g \u2013 Engros Tomme Kosmetikbeholdere til Brugerdefinerede"},"content":{"rendered":"<p><span class=\"highlights\" data-v-df95d256=\"\">Har du brug for kosmetikbeholdere med l\u00e5g, der balancerer holdbarhed og elegance? Disse glasbeholdere med l\u00e5g er din l\u00f8sning. De er designet til hudplejeprodukter som ansigtscremer og \u00f8jencremer og kombinerer funktionalitet med en elegant, moderne finish. Disse kosmetikbeholdere er perfekte til engrosordrer og er ideelle for m\u00e6rker, der \u00f8nsker at forbedre deres pragt og emballage, samtidig med at de leverer emballage i store m\u00e6ngder til konkurrencedygtige priser.<\/span><\/p>\n<h2><span class=\"highlights\" data-v-df95d256=\"\">N\u00f8glespecifikationer<\/span><\/h2>\n<table style=\"border-collapse: collapse;width: 80%;height: 120px;margin-left: auto;margin-right: auto\" border=\"0\" width=\"432\" cellspacing=\"0\" cellpadding=\"0\">\n<tbody>\n<tr>\n<td width=\"72\">Kapacitet<\/td>\n<td width=\"72\">Materiale<\/td>\n<td width=\"72\">Overfladeh\u00e5ndtering<\/td>\n<td width=\"72\">Farvemuligheder<\/td>\n<td width=\"72\">Brug<\/td>\n<\/tr>\n<tr>\n<td>5g<\/td>\n<td rowspan=\"6\">Krystalglas<\/td>\n<td rowspan=\"6\">Belagt, frostet, etiket, silketryk, varmstempling<\/td>\n<td rowspan=\"6\">Rav<\/td>\n<td rowspan=\"6\">Ansigtscreme, Kropscreme, \u00d8jencreme, L\u00e6becreme<\/td>\n<\/tr>\n<tr>\n<td>10 g<\/td>\n<\/tr>\n<tr>\n<td>15 g (0,5 oz)<\/td>\n<\/tr>\n<tr>\n<td>30 g (1 oz)<\/td>\n<\/tr>\n<tr>\n<td>50 g<\/td>\n<\/tr>\n<tr>\n<td>60 g (2 oz)<\/td>\n<\/tr>\n<\/tbody>\n<\/table>\n<h2><span class=\"highlights\" data-v-df95d256=\"\">Succescase: Luksus hudplejem\u00e6rkes emballagefornyelse <\/span><\/h2>\n<p><span class=\"highlights\" data-v-df95d256=\"\">Et fremadstormende hudplejem\u00e6rke havde brug for kosmetikkrukker med l\u00e5g, der matchede deres &#034;rene luksus&#034;-vibe. Vi specialfremstillede 30 g ravfarvede glaskrukker med matsorte tr\u00e6l\u00e5g og lasergraverede logoer. Resultat? En stigning p\u00e5 200 % i kundeanmeldelser og en stigning p\u00e5 50 % i gentagne ordrer. Pro tip: N\u00e5r dine tomme kosmetikbeholdere ser lige s\u00e5 godt ud, som de pr\u00e6sterer, kan kunderne ikke lade v\u00e6re med at bem\u00e6rke det.<\/span><\/p>\n<h2><span class=\"highlights\" data-v-df95d256=\"\">Tilpasningstips til dit brand <\/span><\/h2>\n<ul>\n<li><strong>L\u00e5gmuligheder:<\/strong> V\u00e6lg et bambusl\u00e5g for et urteagtigt, rustikt eller minimalistisk look; eller kombiner det med lak, malede eller metalliske overflader for et raffineret og moderigtigt synligt indtryk.<\/li>\n<li><strong>Etiketindstillinger:<\/strong> Forbedr emballagen med manipulationssikre forseglinger og QR-koder for at sikre produktbeskyttelse og muligg\u00f8re ren sporbarhed.<\/li>\n<li><strong>Storbestilling:<\/strong> Indk\u00f8b af emballage i store m\u00e6ngder reducerer omkostninger og forkorter leveringstider, hvilket giver en gr\u00f8n l\u00f8sning til dine behov for kosmetikemballage.<\/li>\n<\/ul>","protected":false},"excerpt":{"rendered":"<p>Holdbare kosmetikkrukker med l\u00e5g til hudplejeemballage. Kan tilpasses, er luftt\u00e6tte og klar til forsendelse. Ideel til engros kosmetikemballagebehov.<\/p>","protected":false},"featured_media":4566,"comment_status":"open","ping_status":"closed","template":"","meta":{"_acf_changed":false,"site-sidebar-layout":"default","site-content-layout":"","ast-site-content-layout":"default","site-content-style":"default","site-sidebar-style":"default","ast-global-header-display":"","ast-banner-title-visibility":"","ast-main-header-display":"","ast-hfb-above-header-display":"","ast-hfb-below-header-display":"","ast-hfb-mobile-header-display":"","site-post-title":"","ast-breadcrumbs-content":"","ast-featured-img":"","footer-sml-layout":"","ast-disable-related-posts":"","theme-transparent-header-meta":"default","adv-header-id-meta":"","stick-header-meta":"","header-above-stick-meta":"","header-main-stick-meta":"","header-below-stick-meta":"","astra-migrate-meta-layouts":"set","ast-page-background-enabled":"default","ast-page-background-meta":{"desktop":{"background-color":"var(--ast-global-color-5)","background-image":"","background-repeat":"repeat","background-position":"center center","background-size":"auto","background-attachment":"scroll","background-type":"","background-media":"","overlay-type":"","overlay-color":"","overlay-opacity":"","overlay-gradient":""},"tablet":{"background-color":"","background-image":"","background-repeat":"repeat","background-position":"center center","background-size":"auto","background-attachment":"scroll","background-type":"","background-media":"","overlay-type":"","overlay-color":"","overlay-opacity":"","overlay-gradient":""},"mobile":{"background-color":"","background-image":"","background-repeat":"repeat","background-position":"center center","background-size":"auto","background-attachment":"scroll","background-type":"","background-media":"","overlay-type":"","overlay-color":"","overlay-opacity":"","overlay-gradient":""}},"ast-content-background-meta":{"desktop":{"background-color":"var(--ast-global-color-4)","background-image":"","background-repeat":"repeat","background-position":"center center","background-size":"auto","background-attachment":"scroll","background-type":"","background-media":"","overlay-type":"","overlay-color":"","overlay-opacity":"","overlay-gradient":""},"tablet":{"background-color":"var(--ast-global-color-4)","background-image":"","background-repeat":"repeat","background-position":"center center","background-size":"auto","background-attachment":"scroll","background-type":"","background-media":"","overlay-type":"","overlay-color":"","overlay-opacity":"","overlay-gradient":""},"mobile":{"background-color":"var(--ast-global-color-4)","background-image":"","background-repeat":"repeat","background-position":"center center","background-size":"auto","background-attachment":"scroll","background-type":"","background-media":"","overlay-type":"","overlay-color":"","overlay-opacity":"","overlay-gradient":""}}},"product_brand":[],"product_cat":[72,62,56],"product_tag":[117,118],"class_list":{"0":"post-4565","1":"product","2":"type-product","3":"status-publish","4":"has-post-thumbnail","6":"product_cat-cosmetic-packaging","7":"product_cat-cosmetic-containers","8":"product_cat-cosmetic-jars","9":"product_tag-cosmetic-jars-with-lids","10":"product_tag-empty-cosmetic-containers","11":"desktop-align-left","12":"tablet-align-left","13":"mobile-align-left","15":"first","16":"instock","17":"shipping-taxable","18":"product-type-simple"},"acf":[],"jetpack_sharing_enabled":true,"_links":{"self":[{"href":"https:\/\/theperfumebottles.com\/da\/wp-json\/wp\/v2\/product\/4565","targetHints":{"allow":["GET"]}}],"collection":[{"href":"https:\/\/theperfumebottles.com\/da\/wp-json\/wp\/v2\/product"}],"about":[{"href":"https:\/\/theperfumebottles.com\/da\/wp-json\/wp\/v2\/types\/product"}],"replies":[{"embeddable":true,"href":"https:\/\/theperfumebottles.com\/da\/wp-json\/wp\/v2\/comments?post=4565"}],"wp:featuredmedia":[{"embeddable":true,"href":"https:\/\/theperfumebottles.com\/da\/wp-json\/wp\/v2\/media\/4566"}],"wp:attachment":[{"href":"https:\/\/theperfumebottles.com\/da\/wp-json\/wp\/v2\/media?parent=4565"}],"wp:term":[{"taxonomy":"product_brand","embeddable":true,"href":"https:\/\/theperfumebottles.com\/da\/wp-json\/wp\/v2\/product_brand?post=4565"},{"taxonomy":"product_cat","embeddable":true,"href":"https:\/\/theperfumebottles.com\/da\/wp-json\/wp\/v2\/product_cat?post=4565"},{"taxonomy":"product_tag","embeddable":true,"href":"https:\/\/theperfumebottles.com\/da\/wp-json\/wp\/v2\/product_tag?post=4565"}],"curies":[{"name":"wp","href":"https:\/\/api.w.org\/{rel}","templated":true}]}}