{"id":4570,"date":"2025-07-16T17:34:20","date_gmt":"2025-07-16T09:34:20","guid":{"rendered":"https:\/\/theperfumebottles.com\/?post_type=product&#038;p=4570"},"modified":"2025-07-16T17:34:21","modified_gmt":"2025-07-16T09:34:21","slug":"cosmetic-packaging-wholesale-lotion-glass-jars-for-skincare","status":"publish","type":"product","link":"https:\/\/theperfumebottles.com\/da\/vare\/cosmetic-packaging-wholesale-lotion-glass-jars-for-skincare\/","title":{"rendered":"1oz 2oz 4oz 8oz Kosmetikemballage Engros \u2013 Lotion Glaskrukker til Hudpleje"},"content":{"rendered":"<p>Leder du efter kosmetikemballage, der kombinerer robusthed og elegance? Disse glaskrukker i lotion-kvalitet er designet til hudplejeprodukter som l\u00e6bepomader, lotions og ansigtscremer. Med en ravfarvet finish, der beskytter den f\u00f8lsomme formulering og et elegant, minimalistisk design, er de perfekte til kosmetikemballage, der skiller sig ud p\u00e5 din hjemmeside eller i din butikshylde.<\/p>\n<h2 data-spm-anchor-id=\"5176.28103460.0.i19.29ab1db8rVh0h0\"><strong>N\u00f8glespecifikationer<\/strong><\/h2>\n<table style=\"border-collapse: collapse;width: 932px;height: 28px;margin-left: 200px\" border=\"0\" width=\"432\" cellspacing=\"0\" cellpadding=\"0\">\n<tbody>\n<tr style=\"height: 13.50pt\">\n<td style=\"height: 13.50pt;width: 54.00pt\" width=\"72\" height=\"18\">Kapacitet<\/td>\n<td style=\"width: 54.00pt\" width=\"72\">Form<\/td>\n<td style=\"width: 54.00pt\" width=\"72\">Forseglingsmetode<\/td>\n<td style=\"width: 54.00pt\" width=\"72\">Materiale<\/td>\n<td style=\"width: 54.00pt\" width=\"72\">Farve<\/td>\n<td style=\"width: 54.00pt\" width=\"72\">Brugsscenarie<\/td>\n<\/tr>\n<tr style=\"height: 13.50pt\">\n<td style=\"height: 13.50pt\" height=\"18\">28 g \/ 59 g \/ 119 g \/ 227 g<\/td>\n<td>Lige kant<\/td>\n<td>Skruegevind (plastik\/metall\u00e5g)<\/td>\n<td>Glas<\/td>\n<td>Rav (tilpasses)<\/td>\n<td>L\u00e6bepomade, lotion, ansigtscreme<\/td>\n<\/tr>\n<\/tbody>\n<\/table>\n<h2>Succescase: Fremme af lanceringen af \u200b\u200bet nyt hudplejem\u00e6rke<\/h2>\n<p>Et startup-hudplejem\u00e6rke havde brug for lotionglas til deres fugtgivende ansigtscreme. Vi specialfremstillede ravfarvede krukker p\u00e5 115 g med matterede hvide etiketter og metall\u00e5g for at give et eksklusivt look. Resultatet? En stigning p\u00e5 150 % i forudbestillinger og str\u00e5lende anmeldelser, der roser sk\u00f8nhedsemballagen. Pro-tip: N\u00e5r dine kosmetikbeholdere f\u00f8les lige s\u00e5 luksuri\u00f8se, som de ser ud, kan kunderne ikke lade v\u00e6re med at stole p\u00e5 dit brand.<\/p>\n<h2>Tilpasningstips til dit brand<\/h2>\n<ul>\n<li><strong>Farvemuligheder:<\/strong> Ravfarvet for sikkerhed, klar til at fremvise farverige varer eller brugerdefinerede farver, der matcher din farvepalet.<\/li>\n<li><strong>Etiketdesign:<\/strong> Tilf\u00f8j manipulationssikre segl, QR-koder eller minimalistisk tekst for et moderne finish.<\/li>\n<li><strong>L\u00e5gmaterialer:<\/strong> Metal for robusthed eller plastik til letv\u00e6gts kosmetikemballage<\/li>\n<\/ul>","protected":false},"excerpt":{"rendered":"<p>Engros kosmetikemballage til lotionglas \u2013 luftt\u00e6tte ravfarvede krukker med bulkforsendelse og brugerdefineret branding. Perfekt til hudpleje- og sk\u00f8nhedsm\u00e6rker.<\/p>","protected":false},"featured_media":4571,"comment_status":"open","ping_status":"closed","template":"","meta":{"_acf_changed":false,"site-sidebar-layout":"default","site-content-layout":"","ast-site-content-layout":"default","site-content-style":"default","site-sidebar-style":"default","ast-global-header-display":"","ast-banner-title-visibility":"","ast-main-header-display":"","ast-hfb-above-header-display":"","ast-hfb-below-header-display":"","ast-hfb-mobile-header-display":"","site-post-title":"","ast-breadcrumbs-content":"","ast-featured-img":"","footer-sml-layout":"","ast-disable-related-posts":"","theme-transparent-header-meta":"default","adv-header-id-meta":"","stick-header-meta":"","header-above-stick-meta":"","header-main-stick-meta":"","header-below-stick-meta":"","astra-migrate-meta-layouts":"set","ast-page-background-enabled":"default","ast-page-background-meta":{"desktop":{"background-color":"var(--ast-global-color-5)","background-image":"","background-repeat":"repeat","background-position":"center center","background-size":"auto","background-attachment":"scroll","background-type":"","background-media":"","overlay-type":"","overlay-color":"","overlay-opacity":"","overlay-gradient":""},"tablet":{"background-color":"","background-image":"","background-repeat":"repeat","background-position":"center center","background-size":"auto","background-attachment":"scroll","background-type":"","background-media":"","overlay-type":"","overlay-color":"","overlay-opacity":"","overlay-gradient":""},"mobile":{"background-color":"","background-image":"","background-repeat":"repeat","background-position":"center center","background-size":"auto","background-attachment":"scroll","background-type":"","background-media":"","overlay-type":"","overlay-color":"","overlay-opacity":"","overlay-gradient":""}},"ast-content-background-meta":{"desktop":{"background-color":"var(--ast-global-color-4)","background-image":"","background-repeat":"repeat","background-position":"center center","background-size":"auto","background-attachment":"scroll","background-type":"","background-media":"","overlay-type":"","overlay-color":"","overlay-opacity":"","overlay-gradient":""},"tablet":{"background-color":"var(--ast-global-color-4)","background-image":"","background-repeat":"repeat","background-position":"center center","background-size":"auto","background-attachment":"scroll","background-type":"","background-media":"","overlay-type":"","overlay-color":"","overlay-opacity":"","overlay-gradient":""},"mobile":{"background-color":"var(--ast-global-color-4)","background-image":"","background-repeat":"repeat","background-position":"center center","background-size":"auto","background-attachment":"scroll","background-type":"","background-media":"","overlay-type":"","overlay-color":"","overlay-opacity":"","overlay-gradient":""}}},"product_brand":[],"product_cat":[72,62,56],"product_tag":[119,120],"class_list":{"0":"post-4570","1":"product","2":"type-product","3":"status-publish","4":"has-post-thumbnail","6":"product_cat-cosmetic-packaging","7":"product_cat-cosmetic-containers","8":"product_cat-cosmetic-jars","9":"product_tag-cosmetic-packaging-wholesale","10":"product_tag-lotion-glass-jar","11":"desktop-align-left","12":"tablet-align-left","13":"mobile-align-left","15":"first","16":"instock","17":"shipping-taxable","18":"product-type-simple"},"acf":[],"jetpack_sharing_enabled":true,"_links":{"self":[{"href":"https:\/\/theperfumebottles.com\/da\/wp-json\/wp\/v2\/product\/4570","targetHints":{"allow":["GET"]}}],"collection":[{"href":"https:\/\/theperfumebottles.com\/da\/wp-json\/wp\/v2\/product"}],"about":[{"href":"https:\/\/theperfumebottles.com\/da\/wp-json\/wp\/v2\/types\/product"}],"replies":[{"embeddable":true,"href":"https:\/\/theperfumebottles.com\/da\/wp-json\/wp\/v2\/comments?post=4570"}],"wp:featuredmedia":[{"embeddable":true,"href":"https:\/\/theperfumebottles.com\/da\/wp-json\/wp\/v2\/media\/4571"}],"wp:attachment":[{"href":"https:\/\/theperfumebottles.com\/da\/wp-json\/wp\/v2\/media?parent=4570"}],"wp:term":[{"taxonomy":"product_brand","embeddable":true,"href":"https:\/\/theperfumebottles.com\/da\/wp-json\/wp\/v2\/product_brand?post=4570"},{"taxonomy":"product_cat","embeddable":true,"href":"https:\/\/theperfumebottles.com\/da\/wp-json\/wp\/v2\/product_cat?post=4570"},{"taxonomy":"product_tag","embeddable":true,"href":"https:\/\/theperfumebottles.com\/da\/wp-json\/wp\/v2\/product_tag?post=4570"}],"curies":[{"name":"wp","href":"https:\/\/api.w.org\/{rel}","templated":true}]}}