{"id":4581,"date":"2025-07-16T17:39:43","date_gmt":"2025-07-16T09:39:43","guid":{"rendered":"https:\/\/theperfumebottles.com\/?post_type=product&#038;p=4581"},"modified":"2025-07-16T17:39:44","modified_gmt":"2025-07-16T09:39:44","slug":"5g-10g-15g-30g-50g-60g-glass-cosmetic-jars-for-lotion-packaging-with-bamboo-lids","status":"publish","type":"product","link":"https:\/\/theperfumebottles.com\/da\/vare\/5g-10g-15g-30g-50g-60g-glass-cosmetic-jars-for-lotion-packaging-with-bamboo-lids\/","title":{"rendered":"5g 10g 15g 30g 50g 60g Kosmetikkrukker i glas til lotionemballage med bambusl\u00e5g"},"content":{"rendered":"<p><span class=\"highlights\" data-v-df95d256=\"\">Leder du efter kosmetikglas i glas, der kombinerer b\u00e6redygtighed med elegance? Disse lotionglas er fremstillet til producenter af hudplejeprodukter, der s\u00f8ger milj\u00f8bevidst sk\u00f8nhedsemballage uden at g\u00e5 p\u00e5 kompromis med stilen. Det ravgule glas blokerer UV-lys for at indeholde f\u00f8lsomme formler, mens bambusl\u00e5get giver et landligt look. Perfekt til l\u00f8s emballage eller til at vise frem p\u00e5 din hjemmeside \u2013 denne kosmetikbeholder er dit hemmelige v\u00e5ben til at skille sig ud.<\/span><\/p>\n<h2><strong data-spm-anchor-id=\"5176.28103460.0.i39.29ab1db8rVh0h0\">N\u00f8glespecifikationer<\/strong><\/h2>\n<table style=\"border-collapse: collapse;width: 1060px;height: 88px;margin-left: 160px\" border=\"0\" width=\"432\" cellspacing=\"0\" cellpadding=\"0\">\n<tbody>\n<tr style=\"height: 13.50pt\">\n<td style=\"height: 13.50pt;width: 54.00pt\" width=\"72\" height=\"18\">Kapacitet<\/td>\n<td style=\"width: 54.00pt\" width=\"72\">Form<\/td>\n<td style=\"width: 54.00pt\" width=\"72\">Forseglingsmetode<\/td>\n<td style=\"width: 54.00pt\" width=\"72\">Materiale<\/td>\n<td style=\"width: 54.00pt\" width=\"72\">Farve<\/td>\n<td style=\"width: 54.00pt\" width=\"72\">Brugsscenarie<\/td>\n<\/tr>\n<tr style=\"height: 13.50pt\">\n<td style=\"height: 13.50pt\" height=\"18\">5 g \/ 10 g \/ 15 g \/ 30 g \/ 50 g \/ 60 g<\/td>\n<td>Lige kant<\/td>\n<td>Skruegevind (bambusl\u00e5g)<\/td>\n<td>Glas<\/td>\n<td>Rav (tilpasses)<\/td>\n<td>Ansigtscreme, bodylotion, \u00f8jengel<\/td>\n<\/tr>\n<\/tbody>\n<\/table>\n<h2><span class=\"highlights\" data-v-df95d256=\"\">Succescase: At styrke et naturligt hudplejem\u00e6rke <\/span><\/h2>\n<p><span class=\"highlights\" data-v-df95d256=\"\">Et hudplejem\u00e6rke, der solgte \u00f8kologiske \u00f8jengeler, havde brug for kosmetikglas i glas, der matchede deres milj\u00f8venlige etos. Vi specialfremstillede ravfarvede 15 g-glas med matterede hvide etiketter og tr\u00e6l\u00e5g. Resultat? En stigning p\u00e5 180 % i engrosordrer og kunderos til sk\u00f8nhedsemballagen. Pro tip: N\u00e5r din beholder f\u00f8les som en spabehandling, kan kunderne ikke lade v\u00e6re med at stole p\u00e5 dit brand.<\/span><\/p>\n<h2><span class=\"highlights\" data-v-df95d256=\"\">Tilpasningstips til dit brand <\/span><\/h2>\n<ul>\n<li><span class=\"highlights\" data-v-df95d256=\"\"><strong>Farvemuligheder:<\/strong> Ravfarvet til beskyttelse, klar til at fremh\u00e6ve teksturer eller brugerdefinerede farver, der passer til din palet. <\/span><\/li>\n<li><span class=\"highlights\" data-v-df95d256=\"\"><strong>Etiketdesign:<\/strong> Tilf\u00f8j manipulationssikre forseglinger, minimalistisk tekst eller farverige billeder. <\/span><\/li>\n<li><span class=\"highlights\" data-v-df95d256=\"\"><strong>L\u00e5gmaterialer:<\/strong> Bambusl\u00e5g for en urteagtig stemning eller plastik\/metallisk for robusthed.<\/span><\/li>\n<\/ul>","protected":false},"excerpt":{"rendered":"<p>Kosmetikkrukker i glas med tr\u00e6l\u00e5g til kosmetikemballage. Brugerdefinerede etiketter, klar til forsendelse i store m\u00e6ngder. Ideel til hudplejelotioner og cremer.<\/p>","protected":false},"featured_media":4582,"comment_status":"open","ping_status":"closed","template":"","meta":{"_acf_changed":false,"site-sidebar-layout":"default","site-content-layout":"","ast-site-content-layout":"default","site-content-style":"default","site-sidebar-style":"default","ast-global-header-display":"","ast-banner-title-visibility":"","ast-main-header-display":"","ast-hfb-above-header-display":"","ast-hfb-below-header-display":"","ast-hfb-mobile-header-display":"","site-post-title":"","ast-breadcrumbs-content":"","ast-featured-img":"","footer-sml-layout":"","ast-disable-related-posts":"","theme-transparent-header-meta":"default","adv-header-id-meta":"","stick-header-meta":"","header-above-stick-meta":"","header-main-stick-meta":"","header-below-stick-meta":"","astra-migrate-meta-layouts":"set","ast-page-background-enabled":"default","ast-page-background-meta":{"desktop":{"background-color":"var(--ast-global-color-5)","background-image":"","background-repeat":"repeat","background-position":"center center","background-size":"auto","background-attachment":"scroll","background-type":"","background-media":"","overlay-type":"","overlay-color":"","overlay-opacity":"","overlay-gradient":""},"tablet":{"background-color":"","background-image":"","background-repeat":"repeat","background-position":"center center","background-size":"auto","background-attachment":"scroll","background-type":"","background-media":"","overlay-type":"","overlay-color":"","overlay-opacity":"","overlay-gradient":""},"mobile":{"background-color":"","background-image":"","background-repeat":"repeat","background-position":"center center","background-size":"auto","background-attachment":"scroll","background-type":"","background-media":"","overlay-type":"","overlay-color":"","overlay-opacity":"","overlay-gradient":""}},"ast-content-background-meta":{"desktop":{"background-color":"var(--ast-global-color-4)","background-image":"","background-repeat":"repeat","background-position":"center center","background-size":"auto","background-attachment":"scroll","background-type":"","background-media":"","overlay-type":"","overlay-color":"","overlay-opacity":"","overlay-gradient":""},"tablet":{"background-color":"var(--ast-global-color-4)","background-image":"","background-repeat":"repeat","background-position":"center center","background-size":"auto","background-attachment":"scroll","background-type":"","background-media":"","overlay-type":"","overlay-color":"","overlay-opacity":"","overlay-gradient":""},"mobile":{"background-color":"var(--ast-global-color-4)","background-image":"","background-repeat":"repeat","background-position":"center center","background-size":"auto","background-attachment":"scroll","background-type":"","background-media":"","overlay-type":"","overlay-color":"","overlay-opacity":"","overlay-gradient":""}}},"product_brand":[],"product_cat":[72,62,56],"product_tag":[123,124],"class_list":{"0":"post-4581","1":"product","2":"type-product","3":"status-publish","4":"has-post-thumbnail","6":"product_cat-cosmetic-packaging","7":"product_cat-cosmetic-containers","8":"product_cat-cosmetic-jars","9":"product_tag-glass-cosmetic-jars","10":"product_tag-lotion-jars","11":"desktop-align-left","12":"tablet-align-left","13":"mobile-align-left","15":"first","16":"instock","17":"shipping-taxable","18":"product-type-simple"},"acf":[],"jetpack_sharing_enabled":true,"_links":{"self":[{"href":"https:\/\/theperfumebottles.com\/da\/wp-json\/wp\/v2\/product\/4581","targetHints":{"allow":["GET"]}}],"collection":[{"href":"https:\/\/theperfumebottles.com\/da\/wp-json\/wp\/v2\/product"}],"about":[{"href":"https:\/\/theperfumebottles.com\/da\/wp-json\/wp\/v2\/types\/product"}],"replies":[{"embeddable":true,"href":"https:\/\/theperfumebottles.com\/da\/wp-json\/wp\/v2\/comments?post=4581"}],"wp:featuredmedia":[{"embeddable":true,"href":"https:\/\/theperfumebottles.com\/da\/wp-json\/wp\/v2\/media\/4582"}],"wp:attachment":[{"href":"https:\/\/theperfumebottles.com\/da\/wp-json\/wp\/v2\/media?parent=4581"}],"wp:term":[{"taxonomy":"product_brand","embeddable":true,"href":"https:\/\/theperfumebottles.com\/da\/wp-json\/wp\/v2\/product_brand?post=4581"},{"taxonomy":"product_cat","embeddable":true,"href":"https:\/\/theperfumebottles.com\/da\/wp-json\/wp\/v2\/product_cat?post=4581"},{"taxonomy":"product_tag","embeddable":true,"href":"https:\/\/theperfumebottles.com\/da\/wp-json\/wp\/v2\/product_tag?post=4581"}],"curies":[{"name":"wp","href":"https:\/\/api.w.org\/{rel}","templated":true}]}}