{"id":4605,"date":"2025-07-17T18:01:05","date_gmt":"2025-07-17T10:01:05","guid":{"rendered":"https:\/\/theperfumebottles.com\/?post_type=product&#038;p=4605"},"modified":"2025-08-01T09:28:18","modified_gmt":"2025-08-01T01:28:18","slug":"custom-glass-makeup-jars-for-skincare-wholesale","status":"publish","type":"product","link":"https:\/\/theperfumebottles.com\/da\/vare\/custom-glass-makeup-jars-for-skincare-wholesale\/","title":{"rendered":"5g 15g 20g 30g 50g 60g 100g Brugerdefinerede Glas Makeup Krukker til Hudpleje Engros"},"content":{"rendered":"<p><span class=\"highlights\" data-v-df95d256=\"\">Leder du efter kosmetikemballage, der kombinerer funktionalitet med sk\u00f8nhed? Vores gr\u00f8nne glaslotionskrukker er designet til at fremh\u00e6ve dit hudplejelogo, samtidig med at de sikrer produktets integritet. Disse sk\u00f8nhedskrukker er perfekte til ansigtscremer, lotioner og \u00f8jenserummer og kombinerer praktisk anvendelighed med en elegant \u00e6stetik.<\/span><\/p>\n<h2><span class=\"highlights\" data-v-df95d256=\"\">N\u00f8glespecifikationer<\/span><\/h2>\n<p>&nbsp;<\/p>\n<table style=\"border-collapse: collapse;width: 80%;height: 123px;margin-left: auto;margin-right: auto\" border=\"0\" width=\"144\" cellspacing=\"0\" cellpadding=\"0\">\n<tbody>\n<tr style=\"height: 13.50pt\">\n<td style=\"height: 13.50pt;width: 54.00pt\" width=\"72\" height=\"18\">Funktion<\/td>\n<td style=\"width: 54.00pt\" width=\"72\">Detaljer<\/td>\n<\/tr>\n<tr style=\"height: 13.50pt\">\n<td style=\"height: 13.50pt\" height=\"18\">Kapacitet<\/td>\n<td>5 g, 15 g, 20 g, 30 g, 50 g, 60 g, 100 g<\/td>\n<\/tr>\n<tr style=\"height: 13.50pt\">\n<td style=\"height: 13.50pt\" height=\"18\">Form<\/td>\n<td>Ligekantet cylinder<\/td>\n<\/tr>\n<tr style=\"height: 13.50pt\">\n<td style=\"height: 13.50pt\" height=\"18\">Forsegling<\/td>\n<td>Skruel\u00e5g (metal\/plast\/tr\u00e6)<\/td>\n<\/tr>\n<tr style=\"height: 13.50pt\">\n<td style=\"height: 13.50pt\" height=\"18\">Materiale<\/td>\n<td>Tykt glas<\/td>\n<\/tr>\n<tr style=\"height: 13.50pt\">\n<td style=\"height: 13.50pt\" height=\"18\">Farve<\/td>\n<td>Klar, rav, sort, gr\u00f8n (kan tilpasses)<\/td>\n<\/tr>\n<tr style=\"height: 13.50pt\">\n<td style=\"height: 13.50pt\" height=\"18\">Brugsscenarie<\/td>\n<td>Ansigtscreme, bodylotion, \u00f8jenserum<\/td>\n<\/tr>\n<\/tbody>\n<\/table>\n<h2><span class=\"highlights\" data-v-df95d256=\"\">Succeshistorie <\/span><\/h2>\n<p><span class=\"highlights\" data-v-df95d256=\"\">En hudplejevirksomhed \u00f8gede indtjeningen med 40% efter at have skiftet til vores gr\u00f8nne glas. Deres minimalistiske branding kombineret med glassenes urteagtige finish skabte en f\u00f8rsteklasses oplevelse, der resonerede med milj\u00f8bevidste kunder.<\/span><\/p>\n<h2><span class=\"highlights\" data-v-df95d256=\"\">Tilpas din ordre:<\/span><\/h2>\n<ul>\n<li><span class=\"highlights\" data-v-df95d256=\"\"><strong>Farvematch:<\/strong> Har du brug for en specifik farvetone? Vi tilpasser glasfarven, s\u00e5 den passer til din logopalet. <\/span><\/li>\n<li><span class=\"highlights\" data-v-df95d256=\"\"><strong>Etiketdesign:<\/strong> Tilf\u00f8j pr\u00e6gede emblemer eller QR-koder til interaktiv historiefort\u00e6lling i bunden. <\/span><\/li>\n<li><strong><span class=\"highlights\" data-v-df95d256=\"\">T<\/span><\/strong><span class=\"highlights\" data-v-df95d256=\"\"><strong>Tekstur og finishmuligheder:<\/strong> Tilf\u00f8j en mat, matteret eller \u00e6tset finish til glasgulvet for en unik, taktil oplevelse.<\/span><\/li>\n<\/ul>","protected":false},"excerpt":{"rendered":"<p>Opdag engros makeup- og lotionkrukker til dit hudplejem\u00e6rke. Premium kosmetikemballage i glas med brugerdefinerede finish og sikre lukninger.<\/p>","protected":false},"featured_media":4606,"comment_status":"open","ping_status":"closed","template":"","meta":{"_acf_changed":false,"site-sidebar-layout":"default","site-content-layout":"","ast-site-content-layout":"default","site-content-style":"default","site-sidebar-style":"default","ast-global-header-display":"","ast-banner-title-visibility":"","ast-main-header-display":"","ast-hfb-above-header-display":"","ast-hfb-below-header-display":"","ast-hfb-mobile-header-display":"","site-post-title":"","ast-breadcrumbs-content":"","ast-featured-img":"","footer-sml-layout":"","ast-disable-related-posts":"","theme-transparent-header-meta":"default","adv-header-id-meta":"","stick-header-meta":"","header-above-stick-meta":"","header-main-stick-meta":"","header-below-stick-meta":"","astra-migrate-meta-layouts":"set","ast-page-background-enabled":"default","ast-page-background-meta":{"desktop":{"background-color":"var(--ast-global-color-5)","background-image":"","background-repeat":"repeat","background-position":"center center","background-size":"auto","background-attachment":"scroll","background-type":"","background-media":"","overlay-type":"","overlay-color":"","overlay-opacity":"","overlay-gradient":""},"tablet":{"background-color":"","background-image":"","background-repeat":"repeat","background-position":"center center","background-size":"auto","background-attachment":"scroll","background-type":"","background-media":"","overlay-type":"","overlay-color":"","overlay-opacity":"","overlay-gradient":""},"mobile":{"background-color":"","background-image":"","background-repeat":"repeat","background-position":"center center","background-size":"auto","background-attachment":"scroll","background-type":"","background-media":"","overlay-type":"","overlay-color":"","overlay-opacity":"","overlay-gradient":""}},"ast-content-background-meta":{"desktop":{"background-color":"var(--ast-global-color-4)","background-image":"","background-repeat":"repeat","background-position":"center center","background-size":"auto","background-attachment":"scroll","background-type":"","background-media":"","overlay-type":"","overlay-color":"","overlay-opacity":"","overlay-gradient":""},"tablet":{"background-color":"var(--ast-global-color-4)","background-image":"","background-repeat":"repeat","background-position":"center center","background-size":"auto","background-attachment":"scroll","background-type":"","background-media":"","overlay-type":"","overlay-color":"","overlay-opacity":"","overlay-gradient":""},"mobile":{"background-color":"var(--ast-global-color-4)","background-image":"","background-repeat":"repeat","background-position":"center center","background-size":"auto","background-attachment":"scroll","background-type":"","background-media":"","overlay-type":"","overlay-color":"","overlay-opacity":"","overlay-gradient":""}}},"product_brand":[],"product_cat":[72,62,56],"product_tag":[126,125],"class_list":{"0":"post-4605","1":"product","2":"type-product","3":"status-publish","4":"has-post-thumbnail","6":"product_cat-cosmetic-packaging","7":"product_cat-cosmetic-containers","8":"product_cat-cosmetic-jars","9":"product_tag-lotion-jars-wholesale","10":"product_tag-makeup-jars","11":"desktop-align-left","12":"tablet-align-left","13":"mobile-align-left","15":"first","16":"instock","17":"shipping-taxable","18":"product-type-simple"},"acf":[],"jetpack_sharing_enabled":true,"_links":{"self":[{"href":"https:\/\/theperfumebottles.com\/da\/wp-json\/wp\/v2\/product\/4605","targetHints":{"allow":["GET"]}}],"collection":[{"href":"https:\/\/theperfumebottles.com\/da\/wp-json\/wp\/v2\/product"}],"about":[{"href":"https:\/\/theperfumebottles.com\/da\/wp-json\/wp\/v2\/types\/product"}],"replies":[{"embeddable":true,"href":"https:\/\/theperfumebottles.com\/da\/wp-json\/wp\/v2\/comments?post=4605"}],"wp:featuredmedia":[{"embeddable":true,"href":"https:\/\/theperfumebottles.com\/da\/wp-json\/wp\/v2\/media\/4606"}],"wp:attachment":[{"href":"https:\/\/theperfumebottles.com\/da\/wp-json\/wp\/v2\/media?parent=4605"}],"wp:term":[{"taxonomy":"product_brand","embeddable":true,"href":"https:\/\/theperfumebottles.com\/da\/wp-json\/wp\/v2\/product_brand?post=4605"},{"taxonomy":"product_cat","embeddable":true,"href":"https:\/\/theperfumebottles.com\/da\/wp-json\/wp\/v2\/product_cat?post=4605"},{"taxonomy":"product_tag","embeddable":true,"href":"https:\/\/theperfumebottles.com\/da\/wp-json\/wp\/v2\/product_tag?post=4605"}],"curies":[{"name":"wp","href":"https:\/\/api.w.org\/{rel}","templated":true}]}}