{"id":4610,"date":"2025-07-17T17:59:27","date_gmt":"2025-07-17T09:59:27","guid":{"rendered":"https:\/\/theperfumebottles.com\/?post_type=product&#038;p=4610"},"modified":"2025-07-18T09:48:04","modified_gmt":"2025-07-18T01:48:04","slug":"amber-glass-cosmetic-containers-wholesale","status":"publish","type":"product","link":"https:\/\/theperfumebottles.com\/da\/vare\/amber-glass-cosmetic-containers-wholesale\/","title":{"rendered":"5g 10g 15g 20g 30g 50g Amber Glass Kosmetikbeholdere til Hudpleje Engros"},"content":{"rendered":"<p><span class=\"highlights\" data-v-df95d256=\"\">Har du brug for emballage til kosmetikprodukter i glas, der beskytter dine varer og l\u00f8fter dit brand? Vores ravfarvede glas er udviklet til hudplejeproducenter, der s\u00f8ger holdbarhed, \u00e6stetik og UV-beskyttelse. Med et elegant layout og brugerdefinerede muligheder er disse kosmetiske emballagel\u00f8sninger ideelle til ansigtscremer, lotioner og sera.<\/span><\/p>\n<h2><span class=\"highlights\" data-v-df95d256=\"\">N\u00f8glespecifikationer<\/span><\/h2>\n<table style=\"border-collapse: collapse;width: 738px;height: 382px;margin-left: 280px\" border=\"0\" width=\"144\" cellspacing=\"0\" cellpadding=\"0\">\n<tbody>\n<tr style=\"height: 13.50pt\">\n<td style=\"height: 13.50pt;width: 54.00pt\" width=\"72\" height=\"18\">Funktion<\/td>\n<td style=\"width: 54.00pt\" width=\"72\">Detaljer<\/td>\n<\/tr>\n<tr style=\"height: 13.50pt\">\n<td style=\"height: 13.50pt\" height=\"18\">Kapacitet<\/td>\n<td>5 g, 10 g, 15 g, 20 g, 30 g, 50 g<\/td>\n<\/tr>\n<tr style=\"height: 13.50pt\">\n<td style=\"height: 13.50pt\" height=\"18\">Form<\/td>\n<td>Ligekantet cylinder<\/td>\n<\/tr>\n<tr style=\"height: 13.50pt\">\n<td style=\"height: 13.50pt\" height=\"18\">Forsegling<\/td>\n<td>Skruel\u00e5g (plast\/metal, specialfremstillet)<\/td>\n<\/tr>\n<tr style=\"height: 13.50pt\">\n<td style=\"height: 13.50pt\" height=\"18\">Materiale<\/td>\n<td>Tykt ravfarvet glas<\/td>\n<\/tr>\n<tr style=\"height: 13.50pt\">\n<td style=\"height: 13.50pt\" height=\"18\">Farve<\/td>\n<td>Amber (brugerdefinerede farver tilg\u00e6ngelige)<\/td>\n<\/tr>\n<tr style=\"height: 13.50pt\">\n<td style=\"height: 13.50pt\" height=\"18\">Brugsscenarie<\/td>\n<td>Ansigtscreme, bodylotion, \u00f8jenserum<\/td>\n<\/tr>\n<\/tbody>\n<\/table>\n<h2><span class=\"highlights\" data-v-df95d256=\"\">Succeshistorie\u00a0 <\/span><\/h2>\n<p><span class=\"highlights\" data-v-df95d256=\"\">Et rent sk\u00f8nhedsm\u00e6rke \u00f8gede deres salg p\u00e5 hjemmesiden med 35% efter at have skiftet til vores ravfarvede krukker. Deres milj\u00f8bevidste kunder elskede den naturlige finish, og UV-beskyttelsen holdt deres \u00f8kologiske formler friske i m\u00e5nedsvis. <\/span><\/p>\n<h2>Tilpas din ordre<\/h2>\n<ul>\n<li><strong>Farve og tekstur:<\/strong> \u00d8nsker du en frostet krukke for en luksuri\u00f8s stemning? Eller en tekstureret flaske for bedre greb? Vi tilpasser finishen, s\u00e5 den passer til dit brands DNA.<\/li>\n<li><strong>Etiketintegration:<\/strong> Tilf\u00f8j din unikke etiket for at f\u00e5 din emballage til at skille sig ud p\u00e5 hylden.<\/li>\n<li><strong>Milj\u00f8venlige tilbeh\u00f8r:<\/strong> V\u00e6lg bionedbrydelige eller genanvendelige etiketter, og par sk\u00f8nheds\u00e6sker i glas med genanvendelige krukkeforinger.<\/li>\n<\/ul>","protected":false},"excerpt":{"rendered":"<p>K\u00f8b kosmetikbeholdere og makeupkrukker i glas engros til din hudplejeserie. UV-beskyttende ravfarvede krukker med sikre lukninger og brugerdefinerede emballagemuligheder.<\/p>","protected":false},"featured_media":4611,"comment_status":"open","ping_status":"closed","template":"","meta":{"_acf_changed":false,"site-sidebar-layout":"default","site-content-layout":"","ast-site-content-layout":"default","site-content-style":"default","site-sidebar-style":"default","ast-global-header-display":"","ast-banner-title-visibility":"","ast-main-header-display":"","ast-hfb-above-header-display":"","ast-hfb-below-header-display":"","ast-hfb-mobile-header-display":"","site-post-title":"","ast-breadcrumbs-content":"","ast-featured-img":"","footer-sml-layout":"","ast-disable-related-posts":"","theme-transparent-header-meta":"default","adv-header-id-meta":"","stick-header-meta":"","header-above-stick-meta":"","header-main-stick-meta":"","header-below-stick-meta":"","astra-migrate-meta-layouts":"set","ast-page-background-enabled":"default","ast-page-background-meta":{"desktop":{"background-color":"var(--ast-global-color-5)","background-image":"","background-repeat":"repeat","background-position":"center center","background-size":"auto","background-attachment":"scroll","background-type":"","background-media":"","overlay-type":"","overlay-color":"","overlay-opacity":"","overlay-gradient":""},"tablet":{"background-color":"","background-image":"","background-repeat":"repeat","background-position":"center center","background-size":"auto","background-attachment":"scroll","background-type":"","background-media":"","overlay-type":"","overlay-color":"","overlay-opacity":"","overlay-gradient":""},"mobile":{"background-color":"","background-image":"","background-repeat":"repeat","background-position":"center center","background-size":"auto","background-attachment":"scroll","background-type":"","background-media":"","overlay-type":"","overlay-color":"","overlay-opacity":"","overlay-gradient":""}},"ast-content-background-meta":{"desktop":{"background-color":"var(--ast-global-color-4)","background-image":"","background-repeat":"repeat","background-position":"center center","background-size":"auto","background-attachment":"scroll","background-type":"","background-media":"","overlay-type":"","overlay-color":"","overlay-opacity":"","overlay-gradient":""},"tablet":{"background-color":"var(--ast-global-color-4)","background-image":"","background-repeat":"repeat","background-position":"center center","background-size":"auto","background-attachment":"scroll","background-type":"","background-media":"","overlay-type":"","overlay-color":"","overlay-opacity":"","overlay-gradient":""},"mobile":{"background-color":"var(--ast-global-color-4)","background-image":"","background-repeat":"repeat","background-position":"center center","background-size":"auto","background-attachment":"scroll","background-type":"","background-media":"","overlay-type":"","overlay-color":"","overlay-opacity":"","overlay-gradient":""}}},"product_brand":[],"product_cat":[72,62,56],"product_tag":[127,128],"class_list":{"0":"post-4610","1":"product","2":"type-product","3":"status-publish","4":"has-post-thumbnail","6":"product_cat-cosmetic-packaging","7":"product_cat-cosmetic-containers","8":"product_cat-cosmetic-jars","9":"product_tag-glass-cosmetic-containers","10":"product_tag-makeup-jars-wholesale","11":"desktop-align-left","12":"tablet-align-left","13":"mobile-align-left","15":"first","16":"instock","17":"shipping-taxable","18":"product-type-simple"},"acf":[],"jetpack_sharing_enabled":true,"_links":{"self":[{"href":"https:\/\/theperfumebottles.com\/da\/wp-json\/wp\/v2\/product\/4610","targetHints":{"allow":["GET"]}}],"collection":[{"href":"https:\/\/theperfumebottles.com\/da\/wp-json\/wp\/v2\/product"}],"about":[{"href":"https:\/\/theperfumebottles.com\/da\/wp-json\/wp\/v2\/types\/product"}],"replies":[{"embeddable":true,"href":"https:\/\/theperfumebottles.com\/da\/wp-json\/wp\/v2\/comments?post=4610"}],"wp:featuredmedia":[{"embeddable":true,"href":"https:\/\/theperfumebottles.com\/da\/wp-json\/wp\/v2\/media\/4611"}],"wp:attachment":[{"href":"https:\/\/theperfumebottles.com\/da\/wp-json\/wp\/v2\/media?parent=4610"}],"wp:term":[{"taxonomy":"product_brand","embeddable":true,"href":"https:\/\/theperfumebottles.com\/da\/wp-json\/wp\/v2\/product_brand?post=4610"},{"taxonomy":"product_cat","embeddable":true,"href":"https:\/\/theperfumebottles.com\/da\/wp-json\/wp\/v2\/product_cat?post=4610"},{"taxonomy":"product_tag","embeddable":true,"href":"https:\/\/theperfumebottles.com\/da\/wp-json\/wp\/v2\/product_tag?post=4610"}],"curies":[{"name":"wp","href":"https:\/\/api.w.org\/{rel}","templated":true}]}}