{"id":4620,"date":"2025-07-17T18:00:24","date_gmt":"2025-07-17T10:00:24","guid":{"rendered":"https:\/\/theperfumebottles.com\/?post_type=product&#038;p=4620"},"modified":"2025-08-01T09:10:06","modified_gmt":"2025-08-01T01:10:06","slug":"face-cream-jars-wholesale-frosted-glass-cosmetic-packaging","status":"publish","type":"product","link":"https:\/\/theperfumebottles.com\/da\/vare\/face-cream-jars-wholesale-frosted-glass-cosmetic-packaging\/","title":{"rendered":"1oz 2oz 4oz 8oz ansigtscreme krukker engros \u2013 Matteret glas kosmetikemballage"},"content":{"rendered":"<p><span class=\"highlights\" data-v-df95d256=\"\">Har du brug for emballage til kosmetiske cremer, der blander b\u00e6redygtighed med sofistikering? Vores engross\u00e6t til ansigtscremer har frostede glasflasker med naturlige bambusl\u00e5g, der er designet til at forbedre din hudplejeserie. Den teksturerede finish og de jordn\u00e6re detaljer g\u00f8r disse kosmetiske emballagemuligheder bedst egnede til serummer, \u00f8jencremer eller fyldige fugtighedscremer. Perfekt til sk\u00f8nhedsemballage, der f\u00f8les b\u00e5de moderne og milj\u00f8bevidst.<\/span><\/p>\n<h2><span class=\"highlights\" data-v-df95d256=\"\">N\u00f8glespecifikationer<\/span><\/h2>\n<table style=\"border-collapse: collapse;width: 759px;height: 153px;margin-left: 280px\" border=\"0\" width=\"144\" cellspacing=\"0\" cellpadding=\"0\">\n<tbody>\n<tr style=\"height: 13.50pt\">\n<td style=\"height: 13.50pt;width: 54.00pt\" width=\"72\" height=\"18\">Funktion<\/td>\n<td style=\"width: 54.00pt\" width=\"72\">Detaljer<\/td>\n<\/tr>\n<tr style=\"height: 13.50pt\">\n<td style=\"height: 13.50pt\" height=\"18\">Kapacitet<\/td>\n<td>28 g, 59 g, 119 g, 237 g<\/td>\n<\/tr>\n<tr style=\"height: 13.50pt\">\n<td style=\"height: 13.50pt\" height=\"18\">Form<\/td>\n<td>Rund<\/td>\n<\/tr>\n<tr style=\"height: 13.50pt\">\n<td style=\"height: 13.50pt\" height=\"18\">Forsegling<\/td>\n<td>Bambus l\u00e5g (tilpasses)<\/td>\n<\/tr>\n<tr style=\"height: 13.50pt\">\n<td style=\"height: 13.50pt\" height=\"18\">Materiale<\/td>\n<td>Frostet glas<\/td>\n<\/tr>\n<tr style=\"height: 13.50pt\">\n<td style=\"height: 13.50pt\" height=\"18\">Farve<\/td>\n<td>Flint, matteret (kan tilpasses)<\/td>\n<\/tr>\n<tr style=\"height: 13.50pt\">\n<td style=\"height: 13.50pt\" height=\"18\">Brugsscenarie<\/td>\n<td>\u00d8jencreme, ansigtscreme\u2026<\/td>\n<\/tr>\n<\/tbody>\n<\/table>\n<h2><span class=\"highlights\" data-v-df95d256=\"\">Succeshistorie<\/span><\/h2>\n<p><span class=\"highlights\" data-v-df95d256=\"\">Et hudplejem\u00e6rke \u00f8gede engrossalget med 60% efter at have skiftet til dette design af kosmetikcremekrukker. Deres hjemmeside indeholdt en video, der viste bambusl\u00e5gets h\u00e5ndv\u00e6rk, hvilket resulterede i over 200 store ordrer p\u00e5 en m\u00e5ned.<\/span><\/p>\n<h2><span class=\"highlights\" data-v-df95d256=\"\">Tilpas din ordre<\/span><\/h2>\n<ul>\n<li><strong>En slags flaskefinish:<\/strong> F\u00e5s i rent eller matteret glas, kombineret med varmpr\u00e6gning eller pr\u00e6gede overflader, der fremh\u00e6ver dit brands eksklusive charme.<\/li>\n<li><strong>Milj\u00f8venlige alternativer til flaskekapsler:<\/strong> F\u00e5s i plastik og b\u00e6redygtig bambus, der balancerer hygiejne og milj\u00f8hensyn.<\/li>\n<li><strong>Gr\u00f8n m\u00e6rkning:<\/strong> Brug af bionedbrydelige materialer og bl\u00e6k til absolut milj\u00f8venlig emballage.<\/li>\n<\/ul>","protected":false},"excerpt":{"rendered":"<p>K\u00f8b ansigtscremekrukker engros med milj\u00f8venlige bambusl\u00e5g. S\u00e6t med kosmetikcremekrukker i frostet glas til hudplejem\u00e6rker.<\/p>","protected":false},"featured_media":4621,"comment_status":"open","ping_status":"closed","template":"","meta":{"_acf_changed":false,"site-sidebar-layout":"default","site-content-layout":"","ast-site-content-layout":"default","site-content-style":"default","site-sidebar-style":"default","ast-global-header-display":"","ast-banner-title-visibility":"","ast-main-header-display":"","ast-hfb-above-header-display":"","ast-hfb-below-header-display":"","ast-hfb-mobile-header-display":"","site-post-title":"","ast-breadcrumbs-content":"","ast-featured-img":"","footer-sml-layout":"","ast-disable-related-posts":"","theme-transparent-header-meta":"default","adv-header-id-meta":"","stick-header-meta":"","header-above-stick-meta":"","header-main-stick-meta":"","header-below-stick-meta":"","astra-migrate-meta-layouts":"set","ast-page-background-enabled":"default","ast-page-background-meta":{"desktop":{"background-color":"var(--ast-global-color-5)","background-image":"","background-repeat":"repeat","background-position":"center center","background-size":"auto","background-attachment":"scroll","background-type":"","background-media":"","overlay-type":"","overlay-color":"","overlay-opacity":"","overlay-gradient":""},"tablet":{"background-color":"","background-image":"","background-repeat":"repeat","background-position":"center center","background-size":"auto","background-attachment":"scroll","background-type":"","background-media":"","overlay-type":"","overlay-color":"","overlay-opacity":"","overlay-gradient":""},"mobile":{"background-color":"","background-image":"","background-repeat":"repeat","background-position":"center center","background-size":"auto","background-attachment":"scroll","background-type":"","background-media":"","overlay-type":"","overlay-color":"","overlay-opacity":"","overlay-gradient":""}},"ast-content-background-meta":{"desktop":{"background-color":"var(--ast-global-color-4)","background-image":"","background-repeat":"repeat","background-position":"center center","background-size":"auto","background-attachment":"scroll","background-type":"","background-media":"","overlay-type":"","overlay-color":"","overlay-opacity":"","overlay-gradient":""},"tablet":{"background-color":"var(--ast-global-color-4)","background-image":"","background-repeat":"repeat","background-position":"center center","background-size":"auto","background-attachment":"scroll","background-type":"","background-media":"","overlay-type":"","overlay-color":"","overlay-opacity":"","overlay-gradient":""},"mobile":{"background-color":"var(--ast-global-color-4)","background-image":"","background-repeat":"repeat","background-position":"center center","background-size":"auto","background-attachment":"scroll","background-type":"","background-media":"","overlay-type":"","overlay-color":"","overlay-opacity":"","overlay-gradient":""}}},"product_brand":[],"product_cat":[62,72,56],"product_tag":[131,130],"class_list":{"0":"post-4620","1":"product","2":"type-product","3":"status-publish","4":"has-post-thumbnail","6":"product_cat-cosmetic-containers","7":"product_cat-cosmetic-packaging","8":"product_cat-cosmetic-jars","9":"product_tag-cosmetic-cream-jar","10":"product_tag-face-cream-jars-wholesale","11":"desktop-align-left","12":"tablet-align-left","13":"mobile-align-left","15":"first","16":"instock","17":"shipping-taxable","18":"product-type-simple"},"acf":[],"jetpack_sharing_enabled":true,"_links":{"self":[{"href":"https:\/\/theperfumebottles.com\/da\/wp-json\/wp\/v2\/product\/4620","targetHints":{"allow":["GET"]}}],"collection":[{"href":"https:\/\/theperfumebottles.com\/da\/wp-json\/wp\/v2\/product"}],"about":[{"href":"https:\/\/theperfumebottles.com\/da\/wp-json\/wp\/v2\/types\/product"}],"replies":[{"embeddable":true,"href":"https:\/\/theperfumebottles.com\/da\/wp-json\/wp\/v2\/comments?post=4620"}],"wp:featuredmedia":[{"embeddable":true,"href":"https:\/\/theperfumebottles.com\/da\/wp-json\/wp\/v2\/media\/4621"}],"wp:attachment":[{"href":"https:\/\/theperfumebottles.com\/da\/wp-json\/wp\/v2\/media?parent=4620"}],"wp:term":[{"taxonomy":"product_brand","embeddable":true,"href":"https:\/\/theperfumebottles.com\/da\/wp-json\/wp\/v2\/product_brand?post=4620"},{"taxonomy":"product_cat","embeddable":true,"href":"https:\/\/theperfumebottles.com\/da\/wp-json\/wp\/v2\/product_cat?post=4620"},{"taxonomy":"product_tag","embeddable":true,"href":"https:\/\/theperfumebottles.com\/da\/wp-json\/wp\/v2\/product_tag?post=4620"}],"curies":[{"name":"wp","href":"https:\/\/api.w.org\/{rel}","templated":true}]}}