{"id":4625,"date":"2025-07-17T17:59:52","date_gmt":"2025-07-17T09:59:52","guid":{"rendered":"https:\/\/theperfumebottles.com\/?post_type=product&#038;p=4625"},"modified":"2025-08-01T11:04:18","modified_gmt":"2025-08-01T03:04:18","slug":"glass-cosmetic-jars-with-lids-premium-cream-glass-jar-wholesale","status":"publish","type":"product","link":"https:\/\/theperfumebottles.com\/da\/vare\/glass-cosmetic-jars-with-lids-premium-cream-glass-jar-wholesale\/","title":{"rendered":"20g 30g 50g Kosmetikkrukker i glas med l\u00e5g \u2013 Premium Cremeglaskrukker Engros"},"content":{"rendered":"<p>Leder du efter kosmetikkrukker i glas med l\u00e5g, der kombinerer robusthed med elegance? Vores cremefarvede glaskrukkes\u00e6t har cylindriske flaskedesigns med h\u00f8jglansfinish, perfekt til hudplejeprodukter som ansigtscremer og lotioner. Den glatte bund og de afrundede kanter skaber en moderne, spa-agtig \u00e6stetik, mens kosmetikemballagen sikrer, at dine produkter ser lige s\u00e5 dyre ud, som de f\u00f8les.<\/p>\n<h2>N\u00f8glespecifikationer<\/h2>\n<table style=\"border-collapse: collapse;width: 80%;height: 106px;margin-left: auto;margin-right: auto\" border=\"0\" width=\"144\" cellspacing=\"0\" cellpadding=\"0\">\n<tbody>\n<tr style=\"height: 13.50pt\">\n<td style=\"height: 13.50pt;width: 54.00pt\" width=\"72\" height=\"18\">Funktion<\/td>\n<td style=\"width: 54.00pt\" width=\"72\">Detaljer<\/td>\n<\/tr>\n<tr style=\"height: 13.50pt\">\n<td style=\"height: 13.50pt\" height=\"18\">Kapacitet<\/td>\n<td>20 g, 30 g, 50 g<\/td>\n<\/tr>\n<tr style=\"height: 13.50pt\">\n<td style=\"height: 13.50pt\" height=\"18\">Form<\/td>\n<td>Lige sider<\/td>\n<\/tr>\n<tr style=\"height: 13.50pt\">\n<td style=\"height: 13.50pt\" height=\"18\">Materiale<\/td>\n<td>Krystalglas<\/td>\n<\/tr>\n<tr style=\"height: 13.50pt\">\n<td style=\"height: 13.50pt\" height=\"18\">Farve<\/td>\n<td>Hvid, sort .. (kan tilpasses)<\/td>\n<\/tr>\n<tr style=\"height: 13.50pt\">\n<td style=\"height: 13.50pt\" height=\"18\">Brugsscenarie<\/td>\n<td>Ansigtscreme, bodylotion\u2026<\/td>\n<\/tr>\n<\/tbody>\n<\/table>\n<h2><span class=\"highlights\" data-v-df95d256=\"\">Succeshistorie <\/span><\/h2>\n<p><span class=\"highlights\" data-v-df95d256=\"\">Et mellemstort hudplejelogo \u00f8gede engrosindkomsten med 70% efter at have vist deres cremeglasserie p\u00e5 sociale medier. Ved at bruge emballage i l\u00f8s v\u00e6gt med brugerdefinerede guldpr\u00e6gede etiketter sikrede de sig over 30 detailpartnerskaber p\u00e5 6 m\u00e5neder.<\/span><\/p>\n<h2><span class=\"highlights\" data-v-df95d256=\"\"> Tilpas din ordre<\/span><\/h2>\n<ul>\n<li><span class=\"highlights\" data-v-df95d256=\"\"><strong>L\u00e5gmaterialer:<\/strong> V\u00e6lg slanke plastikl\u00e5g til hygiejnefokuseret kosmetikemballage eller b\u00f8rstede metall\u00e5g for et luksuri\u00f8st pr\u00e6g af sk\u00f8nhedsemballage. <\/span><\/li>\n<li><span class=\"highlights\" data-v-df95d256=\"\"><strong>Farvegradienter:<\/strong> Tilf\u00f8j frostede accenter eller brugerdefinerede gr\u00f8nne nuancer, der matcher din brandpalet.<\/span><\/li>\n<li><span class=\"highlights\" data-v-df95d256=\"\"><strong>Luksus l\u00e5gfinish:<\/strong> Opgrader din cremeglaskrukke med metalliske l\u00e5gmuligheder som rosaguld eller antik kobber for at forbedre din kosmetikemballage. <\/span><\/li>\n<\/ul>","protected":false},"excerpt":{"rendered":"<p>K\u00f8b kosmetikkrukker i glas med l\u00e5g og s\u00e6t med cremeglas til hudplejem\u00e6rker. Holdbar kosmetikemballage med brugerdefinerede muligheder.<\/p>","protected":false},"featured_media":4626,"comment_status":"open","ping_status":"closed","template":"","meta":{"_acf_changed":false,"site-sidebar-layout":"default","site-content-layout":"","ast-site-content-layout":"default","site-content-style":"default","site-sidebar-style":"default","ast-global-header-display":"","ast-banner-title-visibility":"","ast-main-header-display":"","ast-hfb-above-header-display":"","ast-hfb-below-header-display":"","ast-hfb-mobile-header-display":"","site-post-title":"","ast-breadcrumbs-content":"","ast-featured-img":"","footer-sml-layout":"","ast-disable-related-posts":"","theme-transparent-header-meta":"default","adv-header-id-meta":"","stick-header-meta":"","header-above-stick-meta":"","header-main-stick-meta":"","header-below-stick-meta":"","astra-migrate-meta-layouts":"set","ast-page-background-enabled":"default","ast-page-background-meta":{"desktop":{"background-color":"var(--ast-global-color-5)","background-image":"","background-repeat":"repeat","background-position":"center center","background-size":"auto","background-attachment":"scroll","background-type":"","background-media":"","overlay-type":"","overlay-color":"","overlay-opacity":"","overlay-gradient":""},"tablet":{"background-color":"","background-image":"","background-repeat":"repeat","background-position":"center center","background-size":"auto","background-attachment":"scroll","background-type":"","background-media":"","overlay-type":"","overlay-color":"","overlay-opacity":"","overlay-gradient":""},"mobile":{"background-color":"","background-image":"","background-repeat":"repeat","background-position":"center center","background-size":"auto","background-attachment":"scroll","background-type":"","background-media":"","overlay-type":"","overlay-color":"","overlay-opacity":"","overlay-gradient":""}},"ast-content-background-meta":{"desktop":{"background-color":"var(--ast-global-color-4)","background-image":"","background-repeat":"repeat","background-position":"center center","background-size":"auto","background-attachment":"scroll","background-type":"","background-media":"","overlay-type":"","overlay-color":"","overlay-opacity":"","overlay-gradient":""},"tablet":{"background-color":"var(--ast-global-color-4)","background-image":"","background-repeat":"repeat","background-position":"center center","background-size":"auto","background-attachment":"scroll","background-type":"","background-media":"","overlay-type":"","overlay-color":"","overlay-opacity":"","overlay-gradient":""},"mobile":{"background-color":"var(--ast-global-color-4)","background-image":"","background-repeat":"repeat","background-position":"center center","background-size":"auto","background-attachment":"scroll","background-type":"","background-media":"","overlay-type":"","overlay-color":"","overlay-opacity":"","overlay-gradient":""}}},"product_brand":[],"product_cat":[56,72,62],"product_tag":[133,132],"class_list":{"0":"post-4625","1":"product","2":"type-product","3":"status-publish","4":"has-post-thumbnail","6":"product_cat-cosmetic-jars","7":"product_cat-cosmetic-packaging","8":"product_cat-cosmetic-containers","9":"product_tag-cream-glass-jar","10":"product_tag-glass-cosmetic-jars-with-lids","11":"desktop-align-left","12":"tablet-align-left","13":"mobile-align-left","15":"first","16":"instock","17":"shipping-taxable","18":"product-type-simple"},"acf":[],"jetpack_sharing_enabled":true,"_links":{"self":[{"href":"https:\/\/theperfumebottles.com\/da\/wp-json\/wp\/v2\/product\/4625","targetHints":{"allow":["GET"]}}],"collection":[{"href":"https:\/\/theperfumebottles.com\/da\/wp-json\/wp\/v2\/product"}],"about":[{"href":"https:\/\/theperfumebottles.com\/da\/wp-json\/wp\/v2\/types\/product"}],"replies":[{"embeddable":true,"href":"https:\/\/theperfumebottles.com\/da\/wp-json\/wp\/v2\/comments?post=4625"}],"wp:featuredmedia":[{"embeddable":true,"href":"https:\/\/theperfumebottles.com\/da\/wp-json\/wp\/v2\/media\/4626"}],"wp:attachment":[{"href":"https:\/\/theperfumebottles.com\/da\/wp-json\/wp\/v2\/media?parent=4625"}],"wp:term":[{"taxonomy":"product_brand","embeddable":true,"href":"https:\/\/theperfumebottles.com\/da\/wp-json\/wp\/v2\/product_brand?post=4625"},{"taxonomy":"product_cat","embeddable":true,"href":"https:\/\/theperfumebottles.com\/da\/wp-json\/wp\/v2\/product_cat?post=4625"},{"taxonomy":"product_tag","embeddable":true,"href":"https:\/\/theperfumebottles.com\/da\/wp-json\/wp\/v2\/product_tag?post=4625"}],"curies":[{"name":"wp","href":"https:\/\/api.w.org\/{rel}","templated":true}]}}