{"id":4644,"date":"2025-07-18T17:49:18","date_gmt":"2025-07-18T09:49:18","guid":{"rendered":"https:\/\/theperfumebottles.com\/?post_type=product&#038;p=4644"},"modified":"2026-03-27T14:30:08","modified_gmt":"2026-03-27T06:30:08","slug":"empty-glass-cosmetic-containers-with-lids-wholesale","status":"publish","type":"product","link":"https:\/\/theperfumebottles.com\/da\/vare\/empty-glass-cosmetic-containers-with-lids-wholesale\/","title":{"rendered":"30g 50g tomme kosmetiske glasbeholdere med l\u00e5g engros"},"content":{"rendered":"<p>Denne avancerede serie af kosmetikb\u00e6gre med l\u00e5g afspejler en moderne cylindrisk profil, herunder en klar glasbund, et sm\u00f8ragtigt b\u00e5nd af guldaccent med en fin guldkant og et udvalg af frostede hvide eller transparente l\u00e5g.<\/p>\n<h2><span class=\"highlights\" data-v-df95d256=\"\">N\u00f8glespecifikationer<\/span><\/h2>\n<table style=\"border-collapse: collapse; width: 80%; height: 123px; margin-left: auto; margin-right: auto;\" border=\"0\" width=\"144\" cellspacing=\"0\" cellpadding=\"0\">\n<tbody>\n<tr>\n<td width=\"72\">Kapacitet<\/td>\n<td width=\"72\">Form<\/td>\n<td width=\"72\">Forseglingsmetode<\/td>\n<td width=\"72\">Materiale<\/td>\n<td width=\"72\">Farve<\/td>\n<td width=\"72\">Brug<\/td>\n<\/tr>\n<tr>\n<td>30 g<\/td>\n<td rowspan=\"2\">Lige sider<\/td>\n<td rowspan=\"2\">T-hoved (plast\/metal)<\/td>\n<td rowspan=\"2\">Krystalglas<\/td>\n<td rowspan=\"2\">Frostet (brugerdefineret)<\/td>\n<td rowspan=\"2\">\u00d8jencreme, lotion\u2026<\/td>\n<\/tr>\n<tr>\n<td>50 g<\/td>\n<\/tr>\n<\/tbody>\n<\/table>\n<h2><span class=\"highlights\" data-v-df95d256=\"\">Successag<\/span><\/h2>\n<p>Et af de parisiske luksusm\u00e6rker valgte vores 50 ml kosmetikbeholdere med l\u00e5g og fik deres matterede hvide l\u00e5g og skr\u00e6ddersyede rosaforgyldte dekorative ring specialdesignet. De personlige lotionkrukker var en enorm succes: Deres s\u00e6rlige lagdelte design blev en karakteristisk del af m\u00e6rket, og markedsunders\u00f8gelser viste, at kendskabet til m\u00e6rket steg med 25 procent. Kvaliteten af \u200b\u200bteksturen og materialerne var ogs\u00e5 f\u00f8rsteklasses, hvilket genererede en prisstigning p\u00e5 50 procent p\u00e5 deres reparerende creme. Baseret p\u00e5 denne succes har m\u00e6rket bestilt yderligere 250.000 krukker lotion til sin nye serie af CBD-ansigtsolie og natcreme.<\/p>\n<h2><span class=\"highlights\" data-v-df95d256=\"\">Tilpasningstips til engros makeupbeholdere<\/span><\/h2>\n<ul>\n<li><strong>Forskellige udseendealternativer:<\/strong> V\u00e6lg mellem klart eller matteret glas, med graduerede nuancer for en forbedret synlig effekt.<\/li>\n<li><strong>Fleksibelt kasketstof:<\/strong> F\u00e5s i plastik eller metal, der balancerer prisstyring med en f\u00f8rsteklasses sans.<\/li>\n<li><strong>M\u00e6rketilpasning:<\/strong> Pr\u00e6gede emblemer eller QR-koder underst\u00f8ttes for at hj\u00e6lpe med at fort\u00e6lle din logohistorie.<\/li>\n<\/ul>","protected":false},"excerpt":{"rendered":"<p>Engros premium makeupbeholdere med klar glasbund og luksuri\u00f8s guldring. Kosmetikbeholdere med l\u00e5g sikrer friskhed. Hurtig levering.<\/p>","protected":false},"featured_media":4645,"comment_status":"open","ping_status":"closed","template":"","meta":{"_acf_changed":false,"site-sidebar-layout":"default","site-content-layout":"","ast-site-content-layout":"default","site-content-style":"default","site-sidebar-style":"default","ast-global-header-display":"","ast-banner-title-visibility":"","ast-main-header-display":"","ast-hfb-above-header-display":"","ast-hfb-below-header-display":"","ast-hfb-mobile-header-display":"","site-post-title":"","ast-breadcrumbs-content":"","ast-featured-img":"","footer-sml-layout":"","ast-disable-related-posts":"","theme-transparent-header-meta":"default","adv-header-id-meta":"","stick-header-meta":"","header-above-stick-meta":"","header-main-stick-meta":"","header-below-stick-meta":"","astra-migrate-meta-layouts":"set","ast-page-background-enabled":"default","ast-page-background-meta":{"desktop":{"background-color":"var(--ast-global-color-5)","background-image":"","background-repeat":"repeat","background-position":"center center","background-size":"auto","background-attachment":"scroll","background-type":"","background-media":"","overlay-type":"","overlay-color":"","overlay-opacity":"","overlay-gradient":""},"tablet":{"background-color":"","background-image":"","background-repeat":"repeat","background-position":"center center","background-size":"auto","background-attachment":"scroll","background-type":"","background-media":"","overlay-type":"","overlay-color":"","overlay-opacity":"","overlay-gradient":""},"mobile":{"background-color":"","background-image":"","background-repeat":"repeat","background-position":"center center","background-size":"auto","background-attachment":"scroll","background-type":"","background-media":"","overlay-type":"","overlay-color":"","overlay-opacity":"","overlay-gradient":""}},"ast-content-background-meta":{"desktop":{"background-color":"var(--ast-global-color-4)","background-image":"","background-repeat":"repeat","background-position":"center center","background-size":"auto","background-attachment":"scroll","background-type":"","background-media":"","overlay-type":"","overlay-color":"","overlay-opacity":"","overlay-gradient":""},"tablet":{"background-color":"var(--ast-global-color-4)","background-image":"","background-repeat":"repeat","background-position":"center center","background-size":"auto","background-attachment":"scroll","background-type":"","background-media":"","overlay-type":"","overlay-color":"","overlay-opacity":"","overlay-gradient":""},"mobile":{"background-color":"var(--ast-global-color-4)","background-image":"","background-repeat":"repeat","background-position":"center center","background-size":"auto","background-attachment":"scroll","background-type":"","background-media":"","overlay-type":"","overlay-color":"","overlay-opacity":"","overlay-gradient":""}}},"product_brand":[],"product_cat":[56,62,72],"product_tag":[144,134],"class_list":{"0":"post-4644","1":"product","2":"type-product","3":"status-publish","4":"has-post-thumbnail","6":"product_cat-cosmetic-jars","7":"product_cat-cosmetic-containers","8":"product_cat-cosmetic-packaging","9":"product_tag-lotion-jars-with-lids","10":"product_tag-makeup-containers-wholesale","11":"desktop-align-left","12":"tablet-align-left","13":"mobile-align-left","15":"first","16":"instock","17":"shipping-taxable","18":"product-type-simple"},"acf":[],"jetpack_sharing_enabled":true,"_links":{"self":[{"href":"https:\/\/theperfumebottles.com\/da\/wp-json\/wp\/v2\/product\/4644","targetHints":{"allow":["GET"]}}],"collection":[{"href":"https:\/\/theperfumebottles.com\/da\/wp-json\/wp\/v2\/product"}],"about":[{"href":"https:\/\/theperfumebottles.com\/da\/wp-json\/wp\/v2\/types\/product"}],"replies":[{"embeddable":true,"href":"https:\/\/theperfumebottles.com\/da\/wp-json\/wp\/v2\/comments?post=4644"}],"wp:featuredmedia":[{"embeddable":true,"href":"https:\/\/theperfumebottles.com\/da\/wp-json\/wp\/v2\/media\/4645"}],"wp:attachment":[{"href":"https:\/\/theperfumebottles.com\/da\/wp-json\/wp\/v2\/media?parent=4644"}],"wp:term":[{"taxonomy":"product_brand","embeddable":true,"href":"https:\/\/theperfumebottles.com\/da\/wp-json\/wp\/v2\/product_brand?post=4644"},{"taxonomy":"product_cat","embeddable":true,"href":"https:\/\/theperfumebottles.com\/da\/wp-json\/wp\/v2\/product_cat?post=4644"},{"taxonomy":"product_tag","embeddable":true,"href":"https:\/\/theperfumebottles.com\/da\/wp-json\/wp\/v2\/product_tag?post=4644"}],"curies":[{"name":"wp","href":"https:\/\/api.w.org\/{rel}","templated":true}]}}