{"id":4650,"date":"2025-07-18T17:55:14","date_gmt":"2025-07-18T09:55:14","guid":{"rendered":"https:\/\/theperfumebottles.com\/?post_type=product&#038;p=4650"},"modified":"2025-08-01T10:05:03","modified_gmt":"2025-08-01T02:05:03","slug":"5g-15g0-5oz-30g1oz-50g-100g-wholesale-cosmetic-jars-with-lids-glass-makeup-jars-for-skincare-packaging","status":"publish","type":"product","link":"https:\/\/theperfumebottles.com\/da\/vare\/5g-15g0-5oz-30g1oz-50g-100g-wholesale-cosmetic-jars-with-lids-glass-makeup-jars-for-skincare-packaging\/","title":{"rendered":"5g 15g (0,5oz) 30g (1oz) 50g 100g Engros kosmetikkrukker med l\u00e5g \u2013 Glas makeupkrukker til hudplejeemballage"},"content":{"rendered":"<p><span class=\"highlights\" data-v-df95d256=\"\">Leder du efter makeup-glas, der kombinerer b\u00e6redygtighed med pragtfuld emballage? Disse sk\u00f8nhedsglas med l\u00e5g er designet til m\u00e6rker, der dyrker hudplejeprodukter som ansigtscremer, kropscremer eller \u00f8jenbehandlinger. Som leverand\u00f8r af kosmetikemballage tilbyder vi glasbeholdere med bambusl\u00e5g og en fin t\u00e5gefinish. Uanset om du k\u00f8ber kosmetikemballage i l\u00f8s v\u00e6gt eller har brug for leveringsklare l\u00f8sninger, indgyder dette produkt tillid til dit emballagedesign.<\/span><\/p>\n<h2><strong>N\u00f8glespecifikationer<\/strong><\/h2>\n<table style=\"border-collapse: collapse;width: 80%pt;margin-left: auto;margin-right: auto\" border=\"0\" width=\"432\" cellspacing=\"0\" cellpadding=\"0\">\n<tbody>\n<tr style=\"height: 13.50pt\">\n<td style=\"height: 13.50pt;width: 54.00pt\" width=\"72\" height=\"18\">Kapacitet<\/td>\n<td style=\"width: 54.00pt\" width=\"72\">Form<\/td>\n<td style=\"width: 54.00pt\" width=\"72\">Forseglingsmetoder<\/td>\n<td style=\"width: 54.00pt\" width=\"72\">Materiale<\/td>\n<td style=\"width: 54.00pt\" width=\"72\">Farvemuligheder<\/td>\n<td style=\"width: 54.00pt\" width=\"72\">Brug<\/td>\n<\/tr>\n<tr style=\"height: 13.50pt\">\n<td style=\"height: 13.50pt\" height=\"18\">5g<\/td>\n<td class=\"et2\" rowspan=\"5\">Lige kant<\/td>\n<td class=\"et2\" rowspan=\"5\">Gevind med bambusl\u00e5g<\/td>\n<td class=\"et2\" rowspan=\"5\">Krystalglas<\/td>\n<td class=\"et2\" rowspan=\"5\">Klar\/Matteret<\/td>\n<td class=\"et2\" rowspan=\"5\">Ansigtscreme, bodylotion, \u00f8jencreme, l\u00e6becreme\u2026<\/td>\n<\/tr>\n<tr style=\"height: 13.50pt\">\n<td style=\"height: 13.50pt\" height=\"18\">15 g (0,5 oz)<\/td>\n<\/tr>\n<tr style=\"height: 13.50pt\">\n<td style=\"height: 13.50pt\" height=\"18\">30 g (1 oz)<\/td>\n<\/tr>\n<tr style=\"height: 13.50pt\">\n<td style=\"height: 13.50pt\" height=\"18\">50 g<\/td>\n<\/tr>\n<tr style=\"height: 13.50pt\">\n<td style=\"height: 13.50pt\" height=\"18\">100 g<\/td>\n<\/tr>\n<\/tbody>\n<\/table>\n<h2><span class=\"highlights\" data-v-df95d256=\"\">Succescase: Et naturligt hudplejem\u00e6rkes emballagefornyelse <\/span><\/h2>\n<p><span class=\"highlights\" data-v-df95d256=\"\">Et hudplejem\u00e6rke havde brug for engros kosmetikkrukker med l\u00e5g til deres nye \u00f8kologiske linje. Vi tilpassede 30 g makeupkrukker i glas med bambusl\u00e5g og matteret finish, s\u00e5 de matchede deres milj\u00f8venlige vibe. Resultat? En stigning p\u00e5 200 % i salget af kosmetikemballage og 4,8-stjernede anmeldelser, der roste den fine mistkonsistens.\u00a0<\/span><\/p>","protected":false},"excerpt":{"rendered":"<p>Holdbare, brugerdefinerbare og milj\u00f8venlige kosmetikkrukker med l\u00e5g i engros. Ideel til hudplejeemballage og store ordrer. Klar til forsendelse.<\/p>","protected":false},"featured_media":4651,"comment_status":"open","ping_status":"closed","template":"","meta":{"_acf_changed":false,"site-sidebar-layout":"default","site-content-layout":"","ast-site-content-layout":"default","site-content-style":"default","site-sidebar-style":"default","ast-global-header-display":"","ast-banner-title-visibility":"","ast-main-header-display":"","ast-hfb-above-header-display":"","ast-hfb-below-header-display":"","ast-hfb-mobile-header-display":"","site-post-title":"","ast-breadcrumbs-content":"","ast-featured-img":"","footer-sml-layout":"","ast-disable-related-posts":"","theme-transparent-header-meta":"default","adv-header-id-meta":"","stick-header-meta":"","header-above-stick-meta":"","header-main-stick-meta":"","header-below-stick-meta":"","astra-migrate-meta-layouts":"set","ast-page-background-enabled":"default","ast-page-background-meta":{"desktop":{"background-color":"var(--ast-global-color-5)","background-image":"","background-repeat":"repeat","background-position":"center center","background-size":"auto","background-attachment":"scroll","background-type":"","background-media":"","overlay-type":"","overlay-color":"","overlay-opacity":"","overlay-gradient":""},"tablet":{"background-color":"","background-image":"","background-repeat":"repeat","background-position":"center center","background-size":"auto","background-attachment":"scroll","background-type":"","background-media":"","overlay-type":"","overlay-color":"","overlay-opacity":"","overlay-gradient":""},"mobile":{"background-color":"","background-image":"","background-repeat":"repeat","background-position":"center center","background-size":"auto","background-attachment":"scroll","background-type":"","background-media":"","overlay-type":"","overlay-color":"","overlay-opacity":"","overlay-gradient":""}},"ast-content-background-meta":{"desktop":{"background-color":"var(--ast-global-color-4)","background-image":"","background-repeat":"repeat","background-position":"center center","background-size":"auto","background-attachment":"scroll","background-type":"","background-media":"","overlay-type":"","overlay-color":"","overlay-opacity":"","overlay-gradient":""},"tablet":{"background-color":"var(--ast-global-color-4)","background-image":"","background-repeat":"repeat","background-position":"center center","background-size":"auto","background-attachment":"scroll","background-type":"","background-media":"","overlay-type":"","overlay-color":"","overlay-opacity":"","overlay-gradient":""},"mobile":{"background-color":"var(--ast-global-color-4)","background-image":"","background-repeat":"repeat","background-position":"center center","background-size":"auto","background-attachment":"scroll","background-type":"","background-media":"","overlay-type":"","overlay-color":"","overlay-opacity":"","overlay-gradient":""}}},"product_brand":[],"product_cat":[72,62,56],"product_tag":[137,136],"class_list":{"0":"post-4650","1":"product","2":"type-product","3":"status-publish","4":"has-post-thumbnail","6":"product_cat-cosmetic-packaging","7":"product_cat-cosmetic-containers","8":"product_cat-cosmetic-jars","9":"product_tag-glass-makeup-jars","10":"product_tag-wholesale-cosmetic-jars-with-lids","11":"desktop-align-left","12":"tablet-align-left","13":"mobile-align-left","15":"first","16":"instock","17":"shipping-taxable","18":"product-type-simple"},"acf":[],"jetpack_sharing_enabled":true,"_links":{"self":[{"href":"https:\/\/theperfumebottles.com\/da\/wp-json\/wp\/v2\/product\/4650","targetHints":{"allow":["GET"]}}],"collection":[{"href":"https:\/\/theperfumebottles.com\/da\/wp-json\/wp\/v2\/product"}],"about":[{"href":"https:\/\/theperfumebottles.com\/da\/wp-json\/wp\/v2\/types\/product"}],"replies":[{"embeddable":true,"href":"https:\/\/theperfumebottles.com\/da\/wp-json\/wp\/v2\/comments?post=4650"}],"wp:featuredmedia":[{"embeddable":true,"href":"https:\/\/theperfumebottles.com\/da\/wp-json\/wp\/v2\/media\/4651"}],"wp:attachment":[{"href":"https:\/\/theperfumebottles.com\/da\/wp-json\/wp\/v2\/media?parent=4650"}],"wp:term":[{"taxonomy":"product_brand","embeddable":true,"href":"https:\/\/theperfumebottles.com\/da\/wp-json\/wp\/v2\/product_brand?post=4650"},{"taxonomy":"product_cat","embeddable":true,"href":"https:\/\/theperfumebottles.com\/da\/wp-json\/wp\/v2\/product_cat?post=4650"},{"taxonomy":"product_tag","embeddable":true,"href":"https:\/\/theperfumebottles.com\/da\/wp-json\/wp\/v2\/product_tag?post=4650"}],"curies":[{"name":"wp","href":"https:\/\/api.w.org\/{rel}","templated":true}]}}