{"id":4655,"date":"2025-07-18T17:51:02","date_gmt":"2025-07-18T09:51:02","guid":{"rendered":"https:\/\/theperfumebottles.com\/?post_type=product&#038;p=4655"},"modified":"2025-08-01T09:51:27","modified_gmt":"2025-08-01T01:51:27","slug":"lotion-glass-jars-cosmetic-makeup-jars-wholesale","status":"publish","type":"product","link":"https:\/\/theperfumebottles.com\/da\/vare\/lotion-glass-jars-cosmetic-makeup-jars-wholesale\/","title":{"rendered":"5g 10g 15g 30g 50g 60g 100g 120g 250g Lotion Glaskrukker \u2013 Kosmetiske Makeup Krukker Engros"},"content":{"rendered":"<p><span class=\"highlights\" data-v-df95d256=\"\">Har du brug for makeup-glas, der kombinerer b\u00e6redygtighed med sk\u00f8nhedsemballage? Disse lotion-glas er designet til hudplejem\u00e6rker, der fremstiller ansigtscremer, bodylotions eller \u00f8jenbehandlinger. Som leverand\u00f8r af kosmetikemballage tilbyder vi glasbeholdere med en fin t\u00e5gefinish, der er klar til at blive sendt i store m\u00e6ngder. Uanset om du s\u00f8ger efter kosmetikbeholdere til emballagedesign eller har brug for engrosl\u00f8sninger, indgyder dette produkt tillid til din kosmetikemballage.<\/span><\/p>\n<h2 data-spm-anchor-id=\"5176.28103460.0.i21.29ab1db8HEnSHX\"><strong data-spm-anchor-id=\"5176.28103460.0.i22.29ab1db8HEnSHX\">N\u00f8glespecifikationer<\/strong><\/h2>\n<table style=\"margin-left: auto;margin-right: auto;border-collapse: collapse;width: 80%\" border=\"0\" width=\"432\" cellspacing=\"0\" cellpadding=\"0\">\n<tbody>\n<tr style=\"height: 13.50pt\">\n<td style=\"height: 13.50pt;width: 54.00pt\" width=\"72\" height=\"18\">Kapacitet<\/td>\n<td style=\"width: 54.00pt\" width=\"72\">Form<\/td>\n<td style=\"width: 54.00pt\" width=\"72\">Forseglingsmetode<\/td>\n<td style=\"width: 54.00pt\" width=\"72\">Materiale<\/td>\n<td style=\"width: 54.00pt\" width=\"72\">Farve<\/td>\n<td style=\"width: 54.00pt\" width=\"72\">Brugsscenarie<\/td>\n<\/tr>\n<tr style=\"height: 13.50pt\">\n<td style=\"height: 13.50pt\" height=\"18\">5g 10g 15g 30g 50g 60g 100g 120g 250g<\/td>\n<td>Lige sider<\/td>\n<td>Gevind (plast\/metal), som dit behov<\/td>\n<td>Krystalglas<\/td>\n<td>Matteret, specialfremstillet..<\/td>\n<td>\u00d8jencreme, lotion\u2026<\/td>\n<\/tr>\n<\/tbody>\n<\/table>\n<h2><span class=\"highlights\" data-v-df95d256=\"\">Succescase: Et naturligt hudplejem\u00e6rkes emballagefornyelse <\/span><\/h2>\n<p><span class=\"highlights\" data-v-df95d256=\"\">Et hudplejem\u00e6rke havde brug for lotionglas til deres nye \u00f8kologiske serie. Vi specialfremstillede 100 g makeupglas med sorte plastikl\u00e5g og matteret finish, s\u00e5 de matchede deres milj\u00f8venlige vibe. Resultat? En stigning p\u00e5 250 % i salget af kosmetikemballage og 5-stjernede anmeldelser, der roser den fine mistkonsistens.<\/span><\/p>","protected":false},"excerpt":{"rendered":"<p>Holdbare, brugerdefinerbare og milj\u00f8venlige lotionglas til kosmetikemballage. Ideel til hudplejeprodukter og klar til at blive sendt i store m\u00e6ngder.<\/p>","protected":false},"featured_media":4659,"comment_status":"open","ping_status":"closed","template":"","meta":{"_acf_changed":false,"site-sidebar-layout":"default","site-content-layout":"","ast-site-content-layout":"default","site-content-style":"default","site-sidebar-style":"default","ast-global-header-display":"","ast-banner-title-visibility":"","ast-main-header-display":"","ast-hfb-above-header-display":"","ast-hfb-below-header-display":"","ast-hfb-mobile-header-display":"","site-post-title":"","ast-breadcrumbs-content":"","ast-featured-img":"","footer-sml-layout":"","ast-disable-related-posts":"","theme-transparent-header-meta":"default","adv-header-id-meta":"","stick-header-meta":"","header-above-stick-meta":"","header-main-stick-meta":"","header-below-stick-meta":"","astra-migrate-meta-layouts":"set","ast-page-background-enabled":"default","ast-page-background-meta":{"desktop":{"background-color":"var(--ast-global-color-5)","background-image":"","background-repeat":"repeat","background-position":"center center","background-size":"auto","background-attachment":"scroll","background-type":"","background-media":"","overlay-type":"","overlay-color":"","overlay-opacity":"","overlay-gradient":""},"tablet":{"background-color":"","background-image":"","background-repeat":"repeat","background-position":"center center","background-size":"auto","background-attachment":"scroll","background-type":"","background-media":"","overlay-type":"","overlay-color":"","overlay-opacity":"","overlay-gradient":""},"mobile":{"background-color":"","background-image":"","background-repeat":"repeat","background-position":"center center","background-size":"auto","background-attachment":"scroll","background-type":"","background-media":"","overlay-type":"","overlay-color":"","overlay-opacity":"","overlay-gradient":""}},"ast-content-background-meta":{"desktop":{"background-color":"var(--ast-global-color-4)","background-image":"","background-repeat":"repeat","background-position":"center center","background-size":"auto","background-attachment":"scroll","background-type":"","background-media":"","overlay-type":"","overlay-color":"","overlay-opacity":"","overlay-gradient":""},"tablet":{"background-color":"var(--ast-global-color-4)","background-image":"","background-repeat":"repeat","background-position":"center center","background-size":"auto","background-attachment":"scroll","background-type":"","background-media":"","overlay-type":"","overlay-color":"","overlay-opacity":"","overlay-gradient":""},"mobile":{"background-color":"var(--ast-global-color-4)","background-image":"","background-repeat":"repeat","background-position":"center center","background-size":"auto","background-attachment":"scroll","background-type":"","background-media":"","overlay-type":"","overlay-color":"","overlay-opacity":"","overlay-gradient":""}}},"product_brand":[],"product_cat":[72,62,56],"product_tag":[137,120],"class_list":{"0":"post-4655","1":"product","2":"type-product","3":"status-publish","4":"has-post-thumbnail","6":"product_cat-cosmetic-packaging","7":"product_cat-cosmetic-containers","8":"product_cat-cosmetic-jars","9":"product_tag-glass-makeup-jars","10":"product_tag-lotion-glass-jar","11":"desktop-align-left","12":"tablet-align-left","13":"mobile-align-left","15":"first","16":"instock","17":"shipping-taxable","18":"product-type-simple"},"acf":[],"jetpack_sharing_enabled":true,"_links":{"self":[{"href":"https:\/\/theperfumebottles.com\/da\/wp-json\/wp\/v2\/product\/4655","targetHints":{"allow":["GET"]}}],"collection":[{"href":"https:\/\/theperfumebottles.com\/da\/wp-json\/wp\/v2\/product"}],"about":[{"href":"https:\/\/theperfumebottles.com\/da\/wp-json\/wp\/v2\/types\/product"}],"replies":[{"embeddable":true,"href":"https:\/\/theperfumebottles.com\/da\/wp-json\/wp\/v2\/comments?post=4655"}],"wp:featuredmedia":[{"embeddable":true,"href":"https:\/\/theperfumebottles.com\/da\/wp-json\/wp\/v2\/media\/4659"}],"wp:attachment":[{"href":"https:\/\/theperfumebottles.com\/da\/wp-json\/wp\/v2\/media?parent=4655"}],"wp:term":[{"taxonomy":"product_brand","embeddable":true,"href":"https:\/\/theperfumebottles.com\/da\/wp-json\/wp\/v2\/product_brand?post=4655"},{"taxonomy":"product_cat","embeddable":true,"href":"https:\/\/theperfumebottles.com\/da\/wp-json\/wp\/v2\/product_cat?post=4655"},{"taxonomy":"product_tag","embeddable":true,"href":"https:\/\/theperfumebottles.com\/da\/wp-json\/wp\/v2\/product_tag?post=4655"}],"curies":[{"name":"wp","href":"https:\/\/api.w.org\/{rel}","templated":true}]}}