{"id":4670,"date":"2025-07-18T17:54:50","date_gmt":"2025-07-18T09:54:50","guid":{"rendered":"https:\/\/theperfumebottles.com\/?post_type=product&#038;p=4670"},"modified":"2025-07-18T17:54:51","modified_gmt":"2025-07-18T09:54:51","slug":"wholesale-beauty-containers-cosmetic-glass-jar-lotion","status":"publish","type":"product","link":"https:\/\/theperfumebottles.com\/da\/vare\/wholesale-beauty-containers-cosmetic-glass-jar-lotion\/","title":{"rendered":"5g 10g 15g 30g 50g 60g Engros sk\u00f8nhedsbeholdere \u2013 Kosmetikglaslotion"},"content":{"rendered":"<p><span class=\"highlights\" data-v-df95d256=\"\">Leder du efter beholdere til engros-sk\u00f8nhed, der kombinerer elegance i kosmetikemballage med praktisk anvendelighed? Disse lotionflasker er fremstillet til hudplejem\u00e6rker, der har brug for kosmetikbeholdere, der beskytter f\u00f8lsomme ingredienser og forbedrer deres sk\u00f8nhedsemballage. Med en kapacitet p\u00e5 5-60 g, ravgult glas til UV-beskyttelse og gevindsk\u00e5rne l\u00e5g i plastik\/metal er de dit hemmelige v\u00e5ben til at inspirere kundeloyalitet.<\/span><\/p>\n<h2><span class=\"highlights\" data-v-df95d256=\"\">N\u00f8glespecifikationer<\/span><\/h2>\n<table style=\"border-collapse: collapse;width: 1086px;height: 218px;margin-left: 120px\" border=\"0\" width=\"432\" cellspacing=\"0\" cellpadding=\"0\">\n<tbody>\n<tr style=\"height: 13.50pt\">\n<td style=\"height: 13.50pt;width: 54.00pt\" width=\"72\" height=\"18\">Kapacitet<\/td>\n<td style=\"width: 54.00pt\" width=\"72\">Form<\/td>\n<td style=\"width: 54.00pt\" width=\"72\">Forseglingsmetode<\/td>\n<td style=\"width: 54.00pt\" width=\"72\">Materiale<\/td>\n<td style=\"width: 54.00pt\" width=\"72\">Farve<\/td>\n<td style=\"width: 54.00pt\" width=\"72\">Brugsscenarie<\/td>\n<\/tr>\n<tr style=\"height: 13.50pt\">\n<td style=\"height: 13.50pt\" height=\"18\">5g<\/td>\n<td>Lige kant<\/td>\n<td>Gevind (plast\/metal)<\/td>\n<td>Glas<\/td>\n<td>Rav<\/td>\n<td>Pr\u00f8ve ansigtscreme<\/td>\n<\/tr>\n<tr style=\"height: 13.50pt\">\n<td style=\"height: 13.50pt\" height=\"18\">10 g<\/td>\n<td>Lige kant<\/td>\n<td>Gevind (plast\/metal)<\/td>\n<td>Glas<\/td>\n<td>Rav<\/td>\n<td>Mini Bodylotion<\/td>\n<\/tr>\n<tr style=\"height: 13.50pt\">\n<td style=\"height: 13.50pt\" height=\"18\">15 g (0,5 oz)<\/td>\n<td>Lige kant<\/td>\n<td>Gevind (plast\/metal)<\/td>\n<td>Glas<\/td>\n<td>Rav<\/td>\n<td>\u00d8jenserum i rejsest\u00f8rrelse<\/td>\n<\/tr>\n<tr style=\"height: 13.50pt\">\n<td style=\"height: 13.50pt\" height=\"18\">30 g (1 oz)<\/td>\n<td>Lige kant<\/td>\n<td>Gevind (plast\/metal)<\/td>\n<td>Glas<\/td>\n<td>Rav<\/td>\n<td>Standard ansigtscreme<\/td>\n<\/tr>\n<tr style=\"height: 13.50pt\">\n<td style=\"height: 13.50pt\" height=\"18\">50 g<\/td>\n<td>Lige kant<\/td>\n<td>Gevind (plast\/metal)<\/td>\n<td>Glas<\/td>\n<td>Rav<\/td>\n<td>Bodylotion i fuld st\u00f8rrelse<\/td>\n<\/tr>\n<tr style=\"height: 13.50pt\">\n<td style=\"height: 13.50pt\" height=\"18\">60 g (2 oz)<\/td>\n<td>Lige kant<\/td>\n<td>Gevind (plast\/metal)<\/td>\n<td>Glas<\/td>\n<td>Amber (Brugerdefineret)<\/td>\n<td>Luksusserum eller medicinsk creme<\/td>\n<\/tr>\n<\/tbody>\n<\/table>\n<p>&nbsp;<\/p>\n<h2><span class=\"highlights\" data-v-df95d256=\"\">Succescase: Et hudplejem\u00e6rkes transformation af luksusemballage <\/span><\/h2>\n<p><span class=\"highlights\" data-v-df95d256=\"\">En hudplejevirksomhed havde brug for lotionflasker til deres nye serie af fine, t\u00e5gelignende kosmetiske sera. Vi specialfremstillede 30 g ravfarvede krukker med metall\u00e5g og etiketter i mat finish. Resultatet? En stigning p\u00e5 400 % i engrossalget af sk\u00f8nhedsbeholdere og begejstrede anmeldelser af den luksuri\u00f8se fornemmelse. Pro tip: N\u00e5r din beholder ligner en spa-souvenir, har kunderne ikke lyst til at g\u00e5.<\/span><\/p>\n<h2><span class=\"highlights\" data-v-df95d256=\"\">Tilpasningstips til dit brand <\/span><\/h2>\n<ul>\n<li><span class=\"highlights\" data-v-df95d256=\"\"><strong>Farve og finish:<\/strong> Brug rav for UV-beskyttelse, eller tilf\u00f8j matteret glas for en fin, duglignende tekstur. <\/span><\/li>\n<li><span class=\"highlights\" data-v-df95d256=\"\"><strong>L\u00e5gmuligheder:<\/strong> V\u00e6lg metal for en premium sk\u00f8nhedsemballage eller plastik for omkostningseffektiv emballage i l\u00f8s v\u00e6gt.<\/span><\/li>\n<li><span class=\"highlights\" data-v-df95d256=\"\"><strong>Etiketdesign:<\/strong> Brug minimalistiske skrifttyper til kosmetikemballage, der hvisker elegance, eller dristige skrifttyper til i\u00f8jnefaldende krukker.<\/span><\/li>\n<\/ul>","protected":false},"excerpt":{"rendered":"<p>Holdbare, ravfarvede glaskrukker til lotion i engros. Perfekt til hudplejem\u00e6rker, der s\u00f8ger milj\u00f8venlige, brugerdefinerede sk\u00f8nhedsbeholdere til engros.<\/p>","protected":false},"featured_media":4671,"comment_status":"open","ping_status":"closed","template":"","meta":{"_acf_changed":false,"site-sidebar-layout":"default","site-content-layout":"","ast-site-content-layout":"default","site-content-style":"default","site-sidebar-style":"default","ast-global-header-display":"","ast-banner-title-visibility":"","ast-main-header-display":"","ast-hfb-above-header-display":"","ast-hfb-below-header-display":"","ast-hfb-mobile-header-display":"","site-post-title":"","ast-breadcrumbs-content":"","ast-featured-img":"","footer-sml-layout":"","ast-disable-related-posts":"","theme-transparent-header-meta":"default","adv-header-id-meta":"","stick-header-meta":"","header-above-stick-meta":"","header-main-stick-meta":"","header-below-stick-meta":"","astra-migrate-meta-layouts":"set","ast-page-background-enabled":"default","ast-page-background-meta":{"desktop":{"background-color":"var(--ast-global-color-5)","background-image":"","background-repeat":"repeat","background-position":"center center","background-size":"auto","background-attachment":"scroll","background-type":"","background-media":"","overlay-type":"","overlay-color":"","overlay-opacity":"","overlay-gradient":""},"tablet":{"background-color":"","background-image":"","background-repeat":"repeat","background-position":"center center","background-size":"auto","background-attachment":"scroll","background-type":"","background-media":"","overlay-type":"","overlay-color":"","overlay-opacity":"","overlay-gradient":""},"mobile":{"background-color":"","background-image":"","background-repeat":"repeat","background-position":"center center","background-size":"auto","background-attachment":"scroll","background-type":"","background-media":"","overlay-type":"","overlay-color":"","overlay-opacity":"","overlay-gradient":""}},"ast-content-background-meta":{"desktop":{"background-color":"var(--ast-global-color-4)","background-image":"","background-repeat":"repeat","background-position":"center center","background-size":"auto","background-attachment":"scroll","background-type":"","background-media":"","overlay-type":"","overlay-color":"","overlay-opacity":"","overlay-gradient":""},"tablet":{"background-color":"var(--ast-global-color-4)","background-image":"","background-repeat":"repeat","background-position":"center center","background-size":"auto","background-attachment":"scroll","background-type":"","background-media":"","overlay-type":"","overlay-color":"","overlay-opacity":"","overlay-gradient":""},"mobile":{"background-color":"var(--ast-global-color-4)","background-image":"","background-repeat":"repeat","background-position":"center center","background-size":"auto","background-attachment":"scroll","background-type":"","background-media":"","overlay-type":"","overlay-color":"","overlay-opacity":"","overlay-gradient":""}}},"product_brand":[],"product_cat":[56,72,62],"product_tag":[145,142],"class_list":{"0":"post-4670","1":"product","2":"type-product","3":"status-publish","4":"has-post-thumbnail","6":"product_cat-cosmetic-jars","7":"product_cat-cosmetic-packaging","8":"product_cat-cosmetic-containers","9":"product_tag-cosmetic-cream-containers","10":"product_tag-wholesale-beauty-containers","11":"desktop-align-left","12":"tablet-align-left","13":"mobile-align-left","15":"first","16":"instock","17":"shipping-taxable","18":"product-type-simple"},"acf":[],"jetpack_sharing_enabled":true,"_links":{"self":[{"href":"https:\/\/theperfumebottles.com\/da\/wp-json\/wp\/v2\/product\/4670","targetHints":{"allow":["GET"]}}],"collection":[{"href":"https:\/\/theperfumebottles.com\/da\/wp-json\/wp\/v2\/product"}],"about":[{"href":"https:\/\/theperfumebottles.com\/da\/wp-json\/wp\/v2\/types\/product"}],"replies":[{"embeddable":true,"href":"https:\/\/theperfumebottles.com\/da\/wp-json\/wp\/v2\/comments?post=4670"}],"wp:featuredmedia":[{"embeddable":true,"href":"https:\/\/theperfumebottles.com\/da\/wp-json\/wp\/v2\/media\/4671"}],"wp:attachment":[{"href":"https:\/\/theperfumebottles.com\/da\/wp-json\/wp\/v2\/media?parent=4670"}],"wp:term":[{"taxonomy":"product_brand","embeddable":true,"href":"https:\/\/theperfumebottles.com\/da\/wp-json\/wp\/v2\/product_brand?post=4670"},{"taxonomy":"product_cat","embeddable":true,"href":"https:\/\/theperfumebottles.com\/da\/wp-json\/wp\/v2\/product_cat?post=4670"},{"taxonomy":"product_tag","embeddable":true,"href":"https:\/\/theperfumebottles.com\/da\/wp-json\/wp\/v2\/product_tag?post=4670"}],"curies":[{"name":"wp","href":"https:\/\/api.w.org\/{rel}","templated":true}]}}