{"id":4702,"date":"2025-07-21T17:51:13","date_gmt":"2025-07-21T09:51:13","guid":{"rendered":"https:\/\/theperfumebottles.com\/?post_type=product&#038;p=4702"},"modified":"2025-08-01T10:23:11","modified_gmt":"2025-08-01T02:23:11","slug":"empty-makeup-containers-wholesale-skincare-jars","status":"publish","type":"product","link":"https:\/\/theperfumebottles.com\/da\/vare\/empty-makeup-containers-wholesale-skincare-jars\/","title":{"rendered":"1oz 2oz 4oz 8oz tomme makeupbeholdere \u2013 Engros hudplejekrukker"},"content":{"rendered":"<p><span class=\"highlights\" data-v-df95d256=\"\">Leder du efter tomme makeupbeholdere, der kombinerer elegance og funktionalitet? Disse engros hudplejebeholdere er designet til at inspirere din sk\u00f8nhedsemballage. Som leverand\u00f8r af kosmetikemballage fremstiller vi glaskrukker med s\u00f8lvskruel\u00e5g til hudplejem\u00e6rker, der har brug for kosmetikbeholdere, der skinner. Perfekt til ansigtscreme, bodylotions eller \u00f8jenserummer \u2013 og ja, de er klar til at blive sendt i l\u00f8s v\u00e6gt.<\/span><\/p>\n<h2><span class=\"highlights\" data-v-df95d256=\"\">N\u00f8glespecifikationer<\/span><\/h2>\n<table style=\"border-collapse: collapse;width: 80%;margin-left: auto;margin-right: auto\" border=\"0\" width=\"432\" cellspacing=\"0\" cellpadding=\"0\">\n<tbody>\n<tr style=\"height: 13.50pt\">\n<td style=\"height: 13.50pt;width: 54.00pt\" width=\"72\" height=\"18\">Kapacitet<\/td>\n<td style=\"width: 54.00pt\" width=\"72\">Form<\/td>\n<td style=\"width: 54.00pt\" width=\"72\">Forseglingsmetoder<\/td>\n<td style=\"width: 54.00pt\" width=\"72\">Materiale<\/td>\n<td style=\"width: 54.00pt\" width=\"72\">Farvemuligheder<\/td>\n<td style=\"width: 54.00pt\" width=\"72\">Brug<\/td>\n<\/tr>\n<tr style=\"height: 13.50pt\">\n<td style=\"height: 13.50pt\" height=\"18\">5g<\/td>\n<td class=\"et2\" rowspan=\"8\">Cylindrisk<\/td>\n<td class=\"et2\" rowspan=\"8\">Skruel\u00e5g (plast\/metal)<\/td>\n<td class=\"et2\" rowspan=\"8\">Krystalglas<\/td>\n<td class=\"et2\" rowspan=\"8\">Klar, rav, sort, gr\u00f8n, bl\u00e5, mat kunde<\/td>\n<td class=\"et2\" rowspan=\"8\">Ansigtscreme, kropscreme, \u00f8jencreme, l\u00e6becreme\u2026<\/td>\n<\/tr>\n<tr style=\"height: 13.50pt\">\n<td style=\"height: 13.50pt\" height=\"18\">15 g (0,5 oz)<\/td>\n<\/tr>\n<tr style=\"height: 13.50pt\">\n<td style=\"height: 13.50pt\" height=\"18\">30 g (1 oz)<\/td>\n<\/tr>\n<tr style=\"height: 13.50pt\">\n<td style=\"height: 13.50pt\" height=\"18\">50 g<\/td>\n<\/tr>\n<tr style=\"height: 13.50pt\">\n<td style=\"height: 13.50pt\" height=\"18\">60 g (2 oz)<\/td>\n<\/tr>\n<tr style=\"height: 13.50pt\">\n<td style=\"height: 13.50pt\" height=\"18\">100 g<\/td>\n<\/tr>\n<tr style=\"height: 13.50pt\">\n<td style=\"height: 13.50pt\" height=\"18\">120 g<\/td>\n<\/tr>\n<tr style=\"height: 13.50pt\">\n<td style=\"height: 13.50pt\" height=\"18\">250 g<\/td>\n<\/tr>\n<\/tbody>\n<\/table>\n<h2><span class=\"highlights\" data-v-df95d256=\"\">Succescase: Et luksuri\u00f8st hudplejem\u00e6rkes emballagefornyelse <\/span><\/h2>\n<p><span class=\"highlights\" data-v-df95d256=\"\">En luksus hudplejelinje havde brug for tomme makeupbeholdere, der matchede deres &#034;rene luksus&#034;-\u00e6stetik. Vi leverede 100 g ravfarvede krukker med matsorte etiketter og s\u00f8lvl\u00e5g. Resultat? En stigning p\u00e5 250 % i engrossalget af hudplejebeholdere og str\u00e5lende anmeldelser af kosmetikkemballagens minimalistiske design.<\/span><\/p>\n<h2>Tilpasningstips til dit brand<\/h2>\n<ul>\n<li><strong>Farvepsykologi:<\/strong> Bl\u00e5 har en afslappende effekt, hvilket g\u00f8r den velegnet til beroligende serummer; rav er ideel til cremer mod \u00e6ldning, da det formidler en f\u00f8lelse af varme og genopretning.<\/li>\n<li><strong>Etiketlayout:<\/strong> V\u00e6lg minimalistiske skrifttyper eller guldfolie for en stilfuld og synlig effekt.<\/li>\n<li><strong>Overfladeende:<\/strong> En mat ende eller et indgraveret emblem forbedrer den samlede emballageoplevelse.<\/li>\n<\/ul>","protected":false},"excerpt":{"rendered":"<p>Holdbare tomme makeupbeholdere til engros hudplejebeholdere \u2013 brugerdefineret kosmetikemballage i l\u00f8s v\u00e6gt.<\/p>","protected":false},"featured_media":4703,"comment_status":"open","ping_status":"closed","template":"","meta":{"_acf_changed":false,"site-sidebar-layout":"default","site-content-layout":"","ast-site-content-layout":"default","site-content-style":"default","site-sidebar-style":"default","ast-global-header-display":"","ast-banner-title-visibility":"","ast-main-header-display":"","ast-hfb-above-header-display":"","ast-hfb-below-header-display":"","ast-hfb-mobile-header-display":"","site-post-title":"","ast-breadcrumbs-content":"","ast-featured-img":"","footer-sml-layout":"","ast-disable-related-posts":"","theme-transparent-header-meta":"default","adv-header-id-meta":"","stick-header-meta":"","header-above-stick-meta":"","header-main-stick-meta":"","header-below-stick-meta":"","astra-migrate-meta-layouts":"set","ast-page-background-enabled":"default","ast-page-background-meta":{"desktop":{"background-color":"var(--ast-global-color-5)","background-image":"","background-repeat":"repeat","background-position":"center center","background-size":"auto","background-attachment":"scroll","background-type":"","background-media":"","overlay-type":"","overlay-color":"","overlay-opacity":"","overlay-gradient":""},"tablet":{"background-color":"","background-image":"","background-repeat":"repeat","background-position":"center center","background-size":"auto","background-attachment":"scroll","background-type":"","background-media":"","overlay-type":"","overlay-color":"","overlay-opacity":"","overlay-gradient":""},"mobile":{"background-color":"","background-image":"","background-repeat":"repeat","background-position":"center center","background-size":"auto","background-attachment":"scroll","background-type":"","background-media":"","overlay-type":"","overlay-color":"","overlay-opacity":"","overlay-gradient":""}},"ast-content-background-meta":{"desktop":{"background-color":"var(--ast-global-color-4)","background-image":"","background-repeat":"repeat","background-position":"center center","background-size":"auto","background-attachment":"scroll","background-type":"","background-media":"","overlay-type":"","overlay-color":"","overlay-opacity":"","overlay-gradient":""},"tablet":{"background-color":"var(--ast-global-color-4)","background-image":"","background-repeat":"repeat","background-position":"center center","background-size":"auto","background-attachment":"scroll","background-type":"","background-media":"","overlay-type":"","overlay-color":"","overlay-opacity":"","overlay-gradient":""},"mobile":{"background-color":"var(--ast-global-color-4)","background-image":"","background-repeat":"repeat","background-position":"center center","background-size":"auto","background-attachment":"scroll","background-type":"","background-media":"","overlay-type":"","overlay-color":"","overlay-opacity":"","overlay-gradient":""}}},"product_brand":[],"product_cat":[72,62,56],"product_tag":[146,147],"class_list":{"0":"post-4702","1":"product","2":"type-product","3":"status-publish","4":"has-post-thumbnail","6":"product_cat-cosmetic-packaging","7":"product_cat-cosmetic-containers","8":"product_cat-cosmetic-jars","9":"product_tag-empty-makeup-containers","10":"product_tag-wholesale-skincare-containers","11":"desktop-align-left","12":"tablet-align-left","13":"mobile-align-left","15":"first","16":"instock","17":"shipping-taxable","18":"product-type-simple"},"acf":[],"jetpack_sharing_enabled":true,"_links":{"self":[{"href":"https:\/\/theperfumebottles.com\/da\/wp-json\/wp\/v2\/product\/4702","targetHints":{"allow":["GET"]}}],"collection":[{"href":"https:\/\/theperfumebottles.com\/da\/wp-json\/wp\/v2\/product"}],"about":[{"href":"https:\/\/theperfumebottles.com\/da\/wp-json\/wp\/v2\/types\/product"}],"replies":[{"embeddable":true,"href":"https:\/\/theperfumebottles.com\/da\/wp-json\/wp\/v2\/comments?post=4702"}],"wp:featuredmedia":[{"embeddable":true,"href":"https:\/\/theperfumebottles.com\/da\/wp-json\/wp\/v2\/media\/4703"}],"wp:attachment":[{"href":"https:\/\/theperfumebottles.com\/da\/wp-json\/wp\/v2\/media?parent=4702"}],"wp:term":[{"taxonomy":"product_brand","embeddable":true,"href":"https:\/\/theperfumebottles.com\/da\/wp-json\/wp\/v2\/product_brand?post=4702"},{"taxonomy":"product_cat","embeddable":true,"href":"https:\/\/theperfumebottles.com\/da\/wp-json\/wp\/v2\/product_cat?post=4702"},{"taxonomy":"product_tag","embeddable":true,"href":"https:\/\/theperfumebottles.com\/da\/wp-json\/wp\/v2\/product_tag?post=4702"}],"curies":[{"name":"wp","href":"https:\/\/api.w.org\/{rel}","templated":true}]}}