{"id":4717,"date":"2025-07-21T18:02:38","date_gmt":"2025-07-21T10:02:38","guid":{"rendered":"https:\/\/theperfumebottles.com\/?post_type=product&#038;p=4717"},"modified":"2026-04-02T17:12:44","modified_gmt":"2026-04-02T09:12:44","slug":"skincare-set-30ml-50ml-100ml-120ml-wholesale-cosmetic-jars-with-lids-lotion-bottles","status":"publish","type":"product","link":"https:\/\/theperfumebottles.com\/da\/vare\/skincare-set-30ml-50ml-100ml-120ml-wholesale-cosmetic-jars-with-lids-lotion-bottles\/","title":{"rendered":"Hudplejes\u00e6t 30ml 50ml 100ml 120ml Engros kosmetikkrukker med l\u00e5g og lotionflasker"},"content":{"rendered":"<p><span class=\"highlights\" data-v-df95d256=\"\">Leder du efter engrosflasker med lotion, der udstr\u00e5ler luksus? Disse engros-kosmetikkrukker med l\u00e5g blander sort glas og guldfinish i et elegant og moderne design. Perfekt til hudplejem\u00e6rker, der har brug for kosmetikemballage, der er lige s\u00e5 funktionel som den er i\u00f8jnefaldende. Fra ansigtscremer til serummer vil din sk\u00f8nhedsemballage skille sig ud med fine, sprayklare pumpemuligheder og klar til at blive sendt i store m\u00e6ngder.<\/span><\/p>\n<h2><span class=\"highlights\" data-v-df95d256=\"\">N\u00f8glespecifikationer<\/span><\/h2>\n<table style=\"border-collapse: collapse; width: 80%; margin-left: auto; margin-right: auto;\" border=\"0\" width=\"432\" cellspacing=\"0\" cellpadding=\"0\">\n<tbody>\n<tr style=\"height: 13.50pt;\">\n<td style=\"height: 13.50pt; width: 54.00pt;\" width=\"72\" height=\"18\">Kapacitet<\/td>\n<td style=\"width: 54.00pt;\" width=\"72\">Form<\/td>\n<td style=\"width: 54.00pt;\" width=\"72\">Forseglingsmetoder<\/td>\n<td style=\"width: 54.00pt;\" width=\"72\">Materiale<\/td>\n<td style=\"width: 54.00pt;\" width=\"72\">Farvemuligheder<\/td>\n<td style=\"width: 54.00pt;\" width=\"72\">Brug<\/td>\n<\/tr>\n<tr style=\"height: 13.50pt;\">\n<td style=\"height: 13.50pt;\" height=\"18\">30 ml<\/td>\n<td class=\"et2\" rowspan=\"4\">Lige sider<\/td>\n<td class=\"et2\" rowspan=\"4\">Pumpehoved + guldfarvet skruel\u00e5g<\/td>\n<td class=\"et2\" rowspan=\"4\">Glas<\/td>\n<td class=\"et2\" rowspan=\"4\">Mat sort<\/td>\n<td class=\"et2\" rowspan=\"4\">Ansigtslotion, kosmetisk olie<\/td>\n<\/tr>\n<tr style=\"height: 13.50pt;\">\n<td style=\"height: 13.50pt;\" height=\"18\">50 ml<\/td>\n<\/tr>\n<tr style=\"height: 13.50pt;\">\n<td style=\"height: 13.50pt;\" height=\"18\">100ml<\/td>\n<\/tr>\n<tr style=\"height: 13.50pt;\">\n<td style=\"height: 13.50pt;\" height=\"18\">120 ml<\/td>\n<\/tr>\n<\/tbody>\n<\/table>\n<h2><span class=\"highlights\" data-v-df95d256=\"\">Succescase: Et rent sk\u00f8nhedsm\u00e6rkes emballageforvandling <\/span><\/h2>\n<p><span class=\"highlights\" data-v-df95d256=\"\">En ren sk\u00f8nhedsstartup havde brug for engros glaslotionflasker, der matchede deres &#034;minimalistiske luksus&#034;-vibe. Vi leverede 100 ml timeglas med gyldne skruel\u00e5g og specialfremstillede hvide etiketter. Resultatet? En stigning p\u00e5 300 % i engrossalget af kosmetikglas med l\u00e5g og en omtale p\u00e5 en f\u00f8rende blog om sk\u00f8nhedsemballage.<\/span><\/p>\n<h2><span class=\"highlights\" data-v-df95d256=\"\">Tilpasningstips til dit brand <\/span><\/h2>\n<ul>\n<li><span class=\"highlights\" data-v-df95d256=\"\"><strong>Logodesign:<\/strong> V\u00e6lg matte vs. blanke overflader, der passer til dit logos karakter. <\/span><\/li>\n<li><span class=\"highlights\" data-v-df95d256=\"\"><strong>Pumpevariationer:<\/strong> V\u00e6lg pumpehoveder til en behagelig p\u00e5f\u00f8ring af vand eller skruel\u00e5g til en tykkere formle.<\/span><\/li>\n<\/ul>","protected":false},"excerpt":{"rendered":"<p>Opdag engros kosmetikkrukker med l\u00e5g og glasflasker med lotion til din hudplejeserie. Brugerdefinerede etiketter, hurtig levering og milj\u00f8venligt design.<\/p>","protected":false},"featured_media":4720,"comment_status":"open","ping_status":"closed","template":"","meta":{"_acf_changed":false,"site-sidebar-layout":"default","site-content-layout":"","ast-site-content-layout":"default","site-content-style":"default","site-sidebar-style":"default","ast-global-header-display":"","ast-banner-title-visibility":"","ast-main-header-display":"","ast-hfb-above-header-display":"","ast-hfb-below-header-display":"","ast-hfb-mobile-header-display":"","site-post-title":"","ast-breadcrumbs-content":"","ast-featured-img":"","footer-sml-layout":"","ast-disable-related-posts":"","theme-transparent-header-meta":"default","adv-header-id-meta":"","stick-header-meta":"","header-above-stick-meta":"","header-main-stick-meta":"","header-below-stick-meta":"","astra-migrate-meta-layouts":"set","ast-page-background-enabled":"default","ast-page-background-meta":{"desktop":{"background-color":"var(--ast-global-color-5)","background-image":"","background-repeat":"repeat","background-position":"center center","background-size":"auto","background-attachment":"scroll","background-type":"","background-media":"","overlay-type":"","overlay-color":"","overlay-opacity":"","overlay-gradient":""},"tablet":{"background-color":"","background-image":"","background-repeat":"repeat","background-position":"center center","background-size":"auto","background-attachment":"scroll","background-type":"","background-media":"","overlay-type":"","overlay-color":"","overlay-opacity":"","overlay-gradient":""},"mobile":{"background-color":"","background-image":"","background-repeat":"repeat","background-position":"center center","background-size":"auto","background-attachment":"scroll","background-type":"","background-media":"","overlay-type":"","overlay-color":"","overlay-opacity":"","overlay-gradient":""}},"ast-content-background-meta":{"desktop":{"background-color":"var(--ast-global-color-4)","background-image":"","background-repeat":"repeat","background-position":"center center","background-size":"auto","background-attachment":"scroll","background-type":"","background-media":"","overlay-type":"","overlay-color":"","overlay-opacity":"","overlay-gradient":""},"tablet":{"background-color":"var(--ast-global-color-4)","background-image":"","background-repeat":"repeat","background-position":"center center","background-size":"auto","background-attachment":"scroll","background-type":"","background-media":"","overlay-type":"","overlay-color":"","overlay-opacity":"","overlay-gradient":""},"mobile":{"background-color":"var(--ast-global-color-4)","background-image":"","background-repeat":"repeat","background-position":"center center","background-size":"auto","background-attachment":"scroll","background-type":"","background-media":"","overlay-type":"","overlay-color":"","overlay-opacity":"","overlay-gradient":""}}},"product_brand":[],"product_cat":[236,62,72],"product_tag":[152,136],"class_list":{"0":"post-4717","1":"product","2":"type-product","3":"status-publish","4":"has-post-thumbnail","6":"product_cat-cosmetic-container-set","7":"product_cat-cosmetic-containers","8":"product_cat-cosmetic-packaging","9":"product_tag-glass-lotion-bottles-wholesale","10":"product_tag-wholesale-cosmetic-jars-with-lids","11":"desktop-align-left","12":"tablet-align-left","13":"mobile-align-left","15":"first","16":"instock","17":"shipping-taxable","18":"product-type-simple"},"acf":[],"jetpack_sharing_enabled":true,"_links":{"self":[{"href":"https:\/\/theperfumebottles.com\/da\/wp-json\/wp\/v2\/product\/4717","targetHints":{"allow":["GET"]}}],"collection":[{"href":"https:\/\/theperfumebottles.com\/da\/wp-json\/wp\/v2\/product"}],"about":[{"href":"https:\/\/theperfumebottles.com\/da\/wp-json\/wp\/v2\/types\/product"}],"replies":[{"embeddable":true,"href":"https:\/\/theperfumebottles.com\/da\/wp-json\/wp\/v2\/comments?post=4717"}],"wp:featuredmedia":[{"embeddable":true,"href":"https:\/\/theperfumebottles.com\/da\/wp-json\/wp\/v2\/media\/4720"}],"wp:attachment":[{"href":"https:\/\/theperfumebottles.com\/da\/wp-json\/wp\/v2\/media?parent=4717"}],"wp:term":[{"taxonomy":"product_brand","embeddable":true,"href":"https:\/\/theperfumebottles.com\/da\/wp-json\/wp\/v2\/product_brand?post=4717"},{"taxonomy":"product_cat","embeddable":true,"href":"https:\/\/theperfumebottles.com\/da\/wp-json\/wp\/v2\/product_cat?post=4717"},{"taxonomy":"product_tag","embeddable":true,"href":"https:\/\/theperfumebottles.com\/da\/wp-json\/wp\/v2\/product_tag?post=4717"}],"curies":[{"name":"wp","href":"https:\/\/api.w.org\/{rel}","templated":true}]}}