{"id":4757,"date":"2025-07-22T18:02:44","date_gmt":"2025-07-22T10:02:44","guid":{"rendered":"https:\/\/theperfumebottles.com\/?post_type=product&#038;p=4757"},"modified":"2026-04-08T12:01:37","modified_gmt":"2026-04-08T04:01:37","slug":"30g-50g-30ml-35ml-100ml-120ml-green-glass-pump-cosmetic-bottles-jar-cosmetics-containers-set","status":"publish","type":"product","link":"https:\/\/theperfumebottles.com\/da\/vare\/30g-50g-30ml-35ml-100ml-120ml-green-glass-pump-cosmetic-bottles-jar-cosmetics-containers-set\/","title":{"rendered":"30g 50g 30ml 35ml 100ml 120ml Gr\u00f8nne Glaspumpe Kosmetikflasker &amp; Krukker Kosmetikbeholdere S\u00e6t"},"content":{"rendered":"<p><span class=\"highlights\" data-v-df95d256=\"\">Vores gr\u00f8nne glaskosmetikbeholdere blander stil og funktionalitet for m\u00e6rker, der prioriterer b\u00e5de \u00e6stetik og ydeevne.<\/span><\/p>\n<h2><span class=\"highlights\" data-v-df95d256=\"\">N\u00f8glespecifikationer<\/span><\/h2>\n<table style=\"border-collapse: collapse; width: 1000px; height: 421px; margin-left: 160px;\" border=\"0\" width=\"144\" cellspacing=\"0\" cellpadding=\"0\">\n<tbody>\n<tr style=\"height: 13.50pt;\">\n<td style=\"height: 13.50pt; width: 54.00pt;\" width=\"72\" height=\"18\">Funktion<\/td>\n<td style=\"width: 54.00pt;\" width=\"72\">Detaljer<\/td>\n<\/tr>\n<tr style=\"height: 13.50pt;\">\n<td style=\"height: 13.50pt;\" height=\"18\">Kapacitet<\/td>\n<td>30 g, 50 g, 30 ml, 35 ml, 100 ml, 120 ml<\/td>\n<\/tr>\n<tr style=\"height: 13.50pt;\">\n<td style=\"height: 13.50pt;\" height=\"18\">Form<\/td>\n<td>Lige kanter for moderne \u00e6stetik<\/td>\n<\/tr>\n<tr style=\"height: 13.50pt;\">\n<td style=\"height: 13.50pt;\" height=\"18\">Forseglingsmetode<\/td>\n<td>Skruel\u00e5g + plastik-\/metall\u00e5g (pumpehoved f\u00e5s)<\/td>\n<\/tr>\n<tr style=\"height: 13.50pt;\">\n<td style=\"height: 13.50pt;\" height=\"18\">Materiale<\/td>\n<td>Milj\u00f8venligt, gr\u00f8nt glas med h\u00f8j gennemsigtighed<\/td>\n<\/tr>\n<tr style=\"height: 13.50pt;\">\n<td style=\"height: 13.50pt;\" height=\"18\">Farve<\/td>\n<td>Mat sort l\u00e5g; glashus i levende gr\u00f8n<\/td>\n<\/tr>\n<tr style=\"height: 13.50pt;\">\n<td style=\"height: 13.50pt;\" height=\"18\">Brugsscenarie<\/td>\n<td>Ansigtscreme, bodylotion, serum og kosmetikbeholdere til innovativ emballage<\/td>\n<\/tr>\n<\/tbody>\n<\/table>\n<h2><span class=\"highlights\" data-v-df95d256=\"\">Succeshistorie: At forbedre et hudplejem\u00e6rke <\/span><\/h2>\n<p><span class=\"highlights\" data-v-df95d256=\"\">En startup inden for naturlig hudpleje brugte vores pumpe-kosmetikflasker og -krukker til at rebrande deres kosmetikemballage. Ved at skifte til gr\u00f8nt glas med minimalistiske sorte l\u00e5g oplevede de en stigning p\u00e5 40% i kundefastholdelse. Deres hjemmeside fremh\u00e6ver nu det fine mist-pumpesystem som en vigtig differentiator for hudplejeprodukter.<\/span><\/p>\n<h2><span class=\"highlights\" data-v-df95d256=\"\">Tilpasningstips: <\/span><\/h2>\n<ul>\n<li><span class=\"highlights\" data-v-df95d256=\"\"><strong>Blandede formater:<\/strong> Kombiner flaske- og krukkestile for at skabe en sammenh\u00e6ngende serie af sk\u00f8nhedsemballager. <\/span><\/li>\n<li><span class=\"highlights\" data-v-df95d256=\"\"><strong>Holdning til b\u00e6redygtighed:<\/strong> Markedsf\u00f8r det genanvendelige glas som en del af dit gr\u00f8nne l\u00f8fte. <\/span><\/li>\n<li><span class=\"highlights\" data-v-df95d256=\"\"><strong>M\u00e6rkning for m\u00e6rke:<\/strong>Tilf\u00f8j en sekund\u00e6r etiket for at fokusere p\u00e5 n\u00f8glekomponenter eller b\u00e6redygtighedsoplysninger. <\/span><\/li>\n<li><span class=\"highlights\" data-v-df95d256=\"\"><strong>Mix-and-Match kasket-finisher:<\/strong>Kombiner matte sorte l\u00e5g med slanke glaskroppe for en dristig evaluering, eller v\u00e6lg en helt mat for en minimalistisk stil.<\/span><\/li>\n<\/ul>","protected":false},"excerpt":{"rendered":"<p>Opdag milj\u00f8venlige pumpe-kosmetikflasker og -krukker til hudplejeemballage. Klar til forsendelse, brugerdefineret sk\u00f8nhedsemballage i l\u00f8s v\u00e6gt med fin t\u00e5gefinish \u2013 inspirer dit brands look!<\/p>","protected":false},"featured_media":7609,"comment_status":"open","ping_status":"closed","template":"","meta":{"_acf_changed":false,"site-sidebar-layout":"default","site-content-layout":"","ast-site-content-layout":"default","site-content-style":"default","site-sidebar-style":"default","ast-global-header-display":"","ast-banner-title-visibility":"","ast-main-header-display":"","ast-hfb-above-header-display":"","ast-hfb-below-header-display":"","ast-hfb-mobile-header-display":"","site-post-title":"","ast-breadcrumbs-content":"","ast-featured-img":"","footer-sml-layout":"","ast-disable-related-posts":"","theme-transparent-header-meta":"default","adv-header-id-meta":"","stick-header-meta":"","header-above-stick-meta":"","header-main-stick-meta":"","header-below-stick-meta":"","astra-migrate-meta-layouts":"set","ast-page-background-enabled":"default","ast-page-background-meta":{"desktop":{"background-color":"var(--ast-global-color-5)","background-image":"","background-repeat":"repeat","background-position":"center center","background-size":"auto","background-attachment":"scroll","background-type":"","background-media":"","overlay-type":"","overlay-color":"","overlay-opacity":"","overlay-gradient":""},"tablet":{"background-color":"","background-image":"","background-repeat":"repeat","background-position":"center center","background-size":"auto","background-attachment":"scroll","background-type":"","background-media":"","overlay-type":"","overlay-color":"","overlay-opacity":"","overlay-gradient":""},"mobile":{"background-color":"","background-image":"","background-repeat":"repeat","background-position":"center center","background-size":"auto","background-attachment":"scroll","background-type":"","background-media":"","overlay-type":"","overlay-color":"","overlay-opacity":"","overlay-gradient":""}},"ast-content-background-meta":{"desktop":{"background-color":"var(--ast-global-color-4)","background-image":"","background-repeat":"repeat","background-position":"center center","background-size":"auto","background-attachment":"scroll","background-type":"","background-media":"","overlay-type":"","overlay-color":"","overlay-opacity":"","overlay-gradient":""},"tablet":{"background-color":"var(--ast-global-color-4)","background-image":"","background-repeat":"repeat","background-position":"center center","background-size":"auto","background-attachment":"scroll","background-type":"","background-media":"","overlay-type":"","overlay-color":"","overlay-opacity":"","overlay-gradient":""},"mobile":{"background-color":"var(--ast-global-color-4)","background-image":"","background-repeat":"repeat","background-position":"center center","background-size":"auto","background-attachment":"scroll","background-type":"","background-media":"","overlay-type":"","overlay-color":"","overlay-opacity":"","overlay-gradient":""}}},"product_brand":[],"product_cat":[236,62,72],"product_tag":[158,157],"class_list":{"0":"post-4757","1":"product","2":"type-product","3":"status-publish","4":"has-post-thumbnail","6":"product_cat-cosmetic-container-set","7":"product_cat-cosmetic-containers","8":"product_cat-cosmetic-packaging","9":"product_tag-jar-cosmetics","10":"product_tag-pump-cosmetic-bottles","11":"desktop-align-left","12":"tablet-align-left","13":"mobile-align-left","15":"first","16":"instock","17":"shipping-taxable","18":"product-type-simple"},"acf":[],"jetpack_sharing_enabled":true,"_links":{"self":[{"href":"https:\/\/theperfumebottles.com\/da\/wp-json\/wp\/v2\/product\/4757","targetHints":{"allow":["GET"]}}],"collection":[{"href":"https:\/\/theperfumebottles.com\/da\/wp-json\/wp\/v2\/product"}],"about":[{"href":"https:\/\/theperfumebottles.com\/da\/wp-json\/wp\/v2\/types\/product"}],"replies":[{"embeddable":true,"href":"https:\/\/theperfumebottles.com\/da\/wp-json\/wp\/v2\/comments?post=4757"}],"wp:featuredmedia":[{"embeddable":true,"href":"https:\/\/theperfumebottles.com\/da\/wp-json\/wp\/v2\/media\/7609"}],"wp:attachment":[{"href":"https:\/\/theperfumebottles.com\/da\/wp-json\/wp\/v2\/media?parent=4757"}],"wp:term":[{"taxonomy":"product_brand","embeddable":true,"href":"https:\/\/theperfumebottles.com\/da\/wp-json\/wp\/v2\/product_brand?post=4757"},{"taxonomy":"product_cat","embeddable":true,"href":"https:\/\/theperfumebottles.com\/da\/wp-json\/wp\/v2\/product_cat?post=4757"},{"taxonomy":"product_tag","embeddable":true,"href":"https:\/\/theperfumebottles.com\/da\/wp-json\/wp\/v2\/product_tag?post=4757"}],"curies":[{"name":"wp","href":"https:\/\/api.w.org\/{rel}","templated":true}]}}