{"id":4762,"date":"2025-07-22T17:44:55","date_gmt":"2025-07-22T09:44:55","guid":{"rendered":"https:\/\/theperfumebottles.com\/?post_type=product&#038;p=4762"},"modified":"2026-04-01T15:02:00","modified_gmt":"2026-04-01T07:02:00","slug":"custom-cosmetic-jars-makeup-pump-bottles-wholesale","status":"publish","type":"product","link":"https:\/\/theperfumebottles.com\/da\/vare\/custom-cosmetic-jars-makeup-pump-bottles-wholesale\/","title":{"rendered":"50g 30ml 40ml 100ml 120ml Brugerdefinerede Kosmetikkrukker \u2013 Makeup Pumpeflasker Engros"},"content":{"rendered":"<p>Leder du efter specialfremstillede kosmetikkrukker, der blander elegance med praktisk anvendelighed? Denne kollektion af pragtfulde glasbeholdere fremviser matte, hvide eller rene glaskrukker, der suppleres af stilfulde, fors\u00f8lvede l\u00e5g. Skr\u00e6ddersyet til hudplejeproducenter omfatter den ansigtscremekrukker, serumflasker og makeup-pumpeflasker \u2013 ideelle til i\u00f8jnefaldende og effektfuld sk\u00f8nhedsemballage.<\/p>\n<h2><span class=\"highlights\" data-v-df95d256=\"\">N\u00f8glespecifikationer<\/span><\/h2>\n<table style=\"margin-left: auto; margin-right: auto; border-collapse: collapse; width: 80%; height: 290px;\" border=\"0\" width=\"360\" cellspacing=\"0\" cellpadding=\"0\">\n<tbody>\n<tr style=\"height: 13.50pt;\">\n<td style=\"height: 13.50pt; width: 54.00pt;\" width=\"72\" height=\"18\">Kapacitet<\/td>\n<td style=\"width: 54.00pt;\" width=\"72\">Forsegling<\/td>\n<td style=\"width: 54.00pt;\" width=\"72\">Materiale<\/td>\n<td style=\"width: 54.00pt;\" width=\"72\">Farvemuligheder<\/td>\n<td style=\"width: 54.00pt;\" width=\"72\">Brug<\/td>\n<\/tr>\n<tr style=\"height: 13.50pt;\">\n<td style=\"height: 13.50pt;\" height=\"18\">30 ml<\/td>\n<td class=\"et2\" rowspan=\"4\">Pumpehoved eller skruel\u00e5g<\/td>\n<td class=\"et2\" rowspan=\"5\">Soda-lime glas<\/td>\n<td class=\"et2\" rowspan=\"5\">White, clear, black, amber, as you requir<\/td>\n<td class=\"et2\" rowspan=\"5\">Ansigtslotion, kosmetisk olie\u2026<\/td>\n<\/tr>\n<tr style=\"height: 13.50pt;\">\n<td style=\"height: 13.50pt;\" height=\"18\">40 ml<\/td>\n<\/tr>\n<tr style=\"height: 13.50pt;\">\n<td style=\"height: 13.50pt;\" height=\"18\">100ml<\/td>\n<\/tr>\n<tr style=\"height: 13.50pt;\">\n<td style=\"height: 13.50pt;\" height=\"18\">120 ml<\/td>\n<\/tr>\n<tr style=\"height: 13.50pt;\">\n<td style=\"height: 13.50pt;\" height=\"18\">50 g<\/td>\n<td>Skruel\u00e5g + plastik-\/metall\u00e5g<\/td>\n<\/tr>\n<\/tbody>\n<\/table>\n<h2><span class=\"highlights\" data-v-df95d256=\"\">Succescase: Et luksuri\u00f8st hudplejem\u00e6rkes emballagefornyelse <\/span><\/h2>\n<p><span class=\"highlights\" data-v-df95d256=\"\">En luksus hudplejeserie havde brug for specialfremstillede kosmetikglas, der matchede deres tema om &#034;ren elegance&#034;. Vi leverede 100 ml mathvide glas med fors\u00f8lvede skruel\u00e5g og specialfremstillede guldetiketter. Resultatet? En stigning p\u00e5 300 % i salget af makeup-pumpeflasker og en artikel i et f\u00f8rende magasin om sk\u00f8nhedsemballage.<\/span><\/p>\n<h2><span class=\"highlights\" data-v-df95d256=\"\">Tilpasningstips til dit brand <\/span><\/h2>\n<ul>\n<li><span class=\"highlights\" data-v-df95d256=\"\"><strong>Farvemuligheder:<\/strong> Start med mat hvid for enkelhedens skyld, eller skift til ravfarvet glas for et fint serum-look. <\/span><\/li>\n<li><span class=\"highlights\" data-v-df95d256=\"\"><strong>Logodesign:<\/strong> Brug minimalistiske skrifttyper for en premium f\u00f8lelse eller livlig grafik for dristig branding. <\/span><\/li>\n<li><span aria-hidden=\"true\"><strong>Personaliseringsfunktioner:<\/strong> Du kan tilpasse dine beholdere ved hj\u00e6lp af metoder som lasergraverede logoer eller tonet glas.<\/span><\/li>\n<\/ul>","protected":false},"excerpt":{"rendered":"<p>Premium brugerdefinerede kosmetikkrukker og makeup-pumpeflasker til hudplejeemballage. Milj\u00f8venlige, klar til at blive sendt i store m\u00e6ngder med brugerdefinerede etiketter. Opdag dem p\u00e5 vores hjemmeside!<\/p>","protected":false},"featured_media":4763,"comment_status":"open","ping_status":"closed","template":"","meta":{"_acf_changed":false,"site-sidebar-layout":"default","site-content-layout":"","ast-site-content-layout":"default","site-content-style":"default","site-sidebar-style":"default","ast-global-header-display":"","ast-banner-title-visibility":"","ast-main-header-display":"","ast-hfb-above-header-display":"","ast-hfb-below-header-display":"","ast-hfb-mobile-header-display":"","site-post-title":"","ast-breadcrumbs-content":"","ast-featured-img":"","footer-sml-layout":"","ast-disable-related-posts":"","theme-transparent-header-meta":"default","adv-header-id-meta":"","stick-header-meta":"","header-above-stick-meta":"","header-main-stick-meta":"","header-below-stick-meta":"","astra-migrate-meta-layouts":"set","ast-page-background-enabled":"default","ast-page-background-meta":{"desktop":{"background-color":"var(--ast-global-color-5)","background-image":"","background-repeat":"repeat","background-position":"center center","background-size":"auto","background-attachment":"scroll","background-type":"","background-media":"","overlay-type":"","overlay-color":"","overlay-opacity":"","overlay-gradient":""},"tablet":{"background-color":"","background-image":"","background-repeat":"repeat","background-position":"center center","background-size":"auto","background-attachment":"scroll","background-type":"","background-media":"","overlay-type":"","overlay-color":"","overlay-opacity":"","overlay-gradient":""},"mobile":{"background-color":"","background-image":"","background-repeat":"repeat","background-position":"center center","background-size":"auto","background-attachment":"scroll","background-type":"","background-media":"","overlay-type":"","overlay-color":"","overlay-opacity":"","overlay-gradient":""}},"ast-content-background-meta":{"desktop":{"background-color":"var(--ast-global-color-4)","background-image":"","background-repeat":"repeat","background-position":"center center","background-size":"auto","background-attachment":"scroll","background-type":"","background-media":"","overlay-type":"","overlay-color":"","overlay-opacity":"","overlay-gradient":""},"tablet":{"background-color":"var(--ast-global-color-4)","background-image":"","background-repeat":"repeat","background-position":"center center","background-size":"auto","background-attachment":"scroll","background-type":"","background-media":"","overlay-type":"","overlay-color":"","overlay-opacity":"","overlay-gradient":""},"mobile":{"background-color":"var(--ast-global-color-4)","background-image":"","background-repeat":"repeat","background-position":"center center","background-size":"auto","background-attachment":"scroll","background-type":"","background-media":"","overlay-type":"","overlay-color":"","overlay-opacity":"","overlay-gradient":""}}},"product_brand":[],"product_cat":[236,62,72],"product_tag":[159,160],"class_list":{"0":"post-4762","1":"product","2":"type-product","3":"status-publish","4":"has-post-thumbnail","6":"product_cat-cosmetic-container-set","7":"product_cat-cosmetic-containers","8":"product_cat-cosmetic-packaging","9":"product_tag-custom-cosmetic-jars","10":"product_tag-makeup-pump-bottle","11":"desktop-align-left","12":"tablet-align-left","13":"mobile-align-left","15":"first","16":"instock","17":"shipping-taxable","18":"product-type-simple"},"acf":[],"jetpack_sharing_enabled":true,"_links":{"self":[{"href":"https:\/\/theperfumebottles.com\/da\/wp-json\/wp\/v2\/product\/4762","targetHints":{"allow":["GET"]}}],"collection":[{"href":"https:\/\/theperfumebottles.com\/da\/wp-json\/wp\/v2\/product"}],"about":[{"href":"https:\/\/theperfumebottles.com\/da\/wp-json\/wp\/v2\/types\/product"}],"replies":[{"embeddable":true,"href":"https:\/\/theperfumebottles.com\/da\/wp-json\/wp\/v2\/comments?post=4762"}],"wp:featuredmedia":[{"embeddable":true,"href":"https:\/\/theperfumebottles.com\/da\/wp-json\/wp\/v2\/media\/4763"}],"wp:attachment":[{"href":"https:\/\/theperfumebottles.com\/da\/wp-json\/wp\/v2\/media?parent=4762"}],"wp:term":[{"taxonomy":"product_brand","embeddable":true,"href":"https:\/\/theperfumebottles.com\/da\/wp-json\/wp\/v2\/product_brand?post=4762"},{"taxonomy":"product_cat","embeddable":true,"href":"https:\/\/theperfumebottles.com\/da\/wp-json\/wp\/v2\/product_cat?post=4762"},{"taxonomy":"product_tag","embeddable":true,"href":"https:\/\/theperfumebottles.com\/da\/wp-json\/wp\/v2\/product_tag?post=4762"}],"curies":[{"name":"wp","href":"https:\/\/api.w.org\/{rel}","templated":true}]}}