{"id":4779,"date":"2025-07-22T17:54:09","date_gmt":"2025-07-22T09:54:09","guid":{"rendered":"https:\/\/theperfumebottles.com\/?post_type=product&#038;p=4779"},"modified":"2026-03-27T16:41:05","modified_gmt":"2026-03-27T08:41:05","slug":"amber-tincture-bottles-with-dropper-glass-bottles-supplier","status":"publish","type":"product","link":"https:\/\/theperfumebottles.com\/da\/vare\/amber-tincture-bottles-with-dropper-glass-bottles-supplier\/","title":{"rendered":"Ravtinkturflasker med dr\u00e5bet\u00e6ller | 15 ml-120 ml glasflasker"},"content":{"rendered":"<p>Serien af \u200b\u200bravfarvede tinkturflasker har den klassiske runde form med en lige krop og skr\u00e5nende skuldre, der danner en glat kontur mellem krop og hals og giver et rent og professionelt udseende. Disse ravfarvede glasflasker er fremstillet af ravfarvet glas af h\u00f8j kvalitet, der giver god UV-beskyttelse til lysf\u00f8lsomme produkter. Den gevindsk\u00e5rne hals er standard og er kompatibel med forskellige lukninger, s\u00e5som pipetter i aluminium, plastik eller bambus, sprayhoveder og pumpedispensere. Denne serie f\u00e5s ogs\u00e5 i 15 ml, 30 ml, 60 ml, 100 ml og 120 ml kapacitet, hvilket hj\u00e6lper med at skabe fleksible produktlinjer og branding.<\/p>\n<h2><span class=\"highlights\" data-v-df95d256=\"\">N\u00f8glespecifikationer<\/span><\/h2>\n<table style=\"border-collapse: collapse; width: 879px; height: 272px; margin-left: 200px;\" border=\"0\" width=\"144\" cellspacing=\"0\" cellpadding=\"0\">\n<tbody>\n<tr style=\"height: 13.50pt;\">\n<td style=\"height: 13.50pt; width: 30%;\" width=\"72\" height=\"18\">Produkt<\/td>\n<td style=\"width: 54.00pt;\" width=\"72\">Ravfarvet glasflaske med pipette<\/td>\n<\/tr>\n<tr style=\"height: 13.50pt;\">\n<td style=\"height: 13.50pt;\" height=\"18\">Kapacitet<\/td>\n<td>15 ml, 30 ml, 60 ml, 100 ml, 120 ml<\/td>\n<\/tr>\n<tr style=\"height: 13.50pt;\">\n<td style=\"height: 13.50pt;\" height=\"18\">Form<\/td>\n<td>Lige kanter for moderne \u00e6stetik<\/td>\n<\/tr>\n<tr style=\"height: 13.50pt;\">\n<td style=\"height: 13.50pt;\" height=\"18\">Tilbeh\u00f8rsmuligheder<\/td>\n<td>Lotionpumpe, t\u00e5gespray, dr\u00e5bet\u00e6ller, skruel\u00e5g<\/td>\n<\/tr>\n<tr style=\"height: 13.50pt;\">\n<td style=\"height: 13.50pt;\" height=\"18\">Materiale<\/td>\n<td>Soda-lime glas<\/td>\n<\/tr>\n<tr style=\"height: 13.50pt;\">\n<td style=\"height: 13.50pt;\" height=\"18\">Farve<\/td>\n<td>Ravfarvet (UV-beskyttende farvetone)<\/td>\n<\/tr>\n<tr style=\"height: 13.50pt;\">\n<td style=\"height: 13.50pt;\" height=\"18\">Prim\u00e6r brug<\/td>\n<td>Ansigtsspray, tonere, kropsolier og kosmetikemballage<\/td>\n<\/tr>\n<\/tbody>\n<\/table>\n<h2>Anvendelse<\/h2>\n<p>S\u00e5danne ravfarvede tinkturflasker finder omfattende anvendelse inden for den farmaceutiske, kosmetiske og wellnesssektoren. De er perfekte til emballering af \u00e6teriske olier, tinkturer, sera, urteekstrakter og v\u00e6sker i hudplejeprodukter. De kan bruges i detailhandel, intern etikettering og bulklevering med adskillige doseringsmetoder: pr\u00e6cisionsdispensering, forst\u00f8vning eller pumpning for at sikre produktets beskyttelse samt nem adgang for slutbrugeren.<\/p>\n<h2><span class=\"highlights\" data-v-df95d256=\"\">Succeshistorie: Et m\u00e6rke med specialfremstillede dispensere <\/span><\/h2>\n<p><span class=\"highlights\" data-v-df95d256=\"\">En voksende hudplejevirksomhed har indg\u00e5et et partnerskab med os for at designe kosmetiske pumpedispensere til deres nye hyaluronsyreserum. De valgte 100 ml ravfarvede glasflasker med fine spraydyser for nem p\u00e5f\u00f8ring. Ved at bestille kosmetiske sprayflasker engros reducerede de omkostningerne med 25 % og lancerede en klar-til-forsendelse-kampagne, der \u00f8gede synligheden af \u200b\u200bderes hjemmeside p\u00e5 Amazon. Salget steg med 40 % p\u00e5 bare to m\u00e5neder!<\/span><\/p>\n<h2><span class=\"highlights\" data-v-df95d256=\"\">Tilpasningstips til dig <\/span><\/h2>\n<ul>\n<li><span class=\"highlights\" data-v-df95d256=\"\"><strong>Farvekonsistens:<\/strong> Ravfarvet glas er ikke bare stilfuldt \u2013 det beskytter mod lysnedbrydning. Hold dig til det til sensitive formler. <\/span><\/li>\n<li><span class=\"highlights\" data-v-df95d256=\"\"><strong>Etiket K\u00e6rlighed:<\/strong> Tilf\u00f8j pr\u00e6gede logoer eller QR-koder til din emballage for et eksklusivt pr\u00e6g. <\/span><\/li>\n<li><span class=\"highlights\" data-v-df95d256=\"\"><strong>Finish Finesse:<\/strong> Mat vs. elegant? Match din finish med dit brands vibe \u2013 mat for minimalistiske linjer, elegant for luksuri\u00f8se.<\/span><\/li>\n<\/ul>","protected":false},"excerpt":{"rendered":"<p>Bulkflasker med ravtinktur med dr\u00e5bet\u00e6ller, spray eller pumpe. Ideel til private label, engros- og OEM-emballage af olier, sera og ekstrakter.<\/p>","protected":false},"featured_media":7490,"comment_status":"open","ping_status":"closed","template":"","meta":{"_acf_changed":false,"site-sidebar-layout":"default","site-content-layout":"","ast-site-content-layout":"default","site-content-style":"default","site-sidebar-style":"default","ast-global-header-display":"","ast-banner-title-visibility":"","ast-main-header-display":"","ast-hfb-above-header-display":"","ast-hfb-below-header-display":"","ast-hfb-mobile-header-display":"","site-post-title":"","ast-breadcrumbs-content":"","ast-featured-img":"","footer-sml-layout":"","ast-disable-related-posts":"","theme-transparent-header-meta":"default","adv-header-id-meta":"","stick-header-meta":"","header-above-stick-meta":"","header-main-stick-meta":"","header-below-stick-meta":"","astra-migrate-meta-layouts":"set","ast-page-background-enabled":"default","ast-page-background-meta":{"desktop":{"background-color":"var(--ast-global-color-5)","background-image":"","background-repeat":"repeat","background-position":"center center","background-size":"auto","background-attachment":"scroll","background-type":"","background-media":"","overlay-type":"","overlay-color":"","overlay-opacity":"","overlay-gradient":""},"tablet":{"background-color":"","background-image":"","background-repeat":"repeat","background-position":"center center","background-size":"auto","background-attachment":"scroll","background-type":"","background-media":"","overlay-type":"","overlay-color":"","overlay-opacity":"","overlay-gradient":""},"mobile":{"background-color":"","background-image":"","background-repeat":"repeat","background-position":"center center","background-size":"auto","background-attachment":"scroll","background-type":"","background-media":"","overlay-type":"","overlay-color":"","overlay-opacity":"","overlay-gradient":""}},"ast-content-background-meta":{"desktop":{"background-color":"var(--ast-global-color-4)","background-image":"","background-repeat":"repeat","background-position":"center center","background-size":"auto","background-attachment":"scroll","background-type":"","background-media":"","overlay-type":"","overlay-color":"","overlay-opacity":"","overlay-gradient":""},"tablet":{"background-color":"var(--ast-global-color-4)","background-image":"","background-repeat":"repeat","background-position":"center center","background-size":"auto","background-attachment":"scroll","background-type":"","background-media":"","overlay-type":"","overlay-color":"","overlay-opacity":"","overlay-gradient":""},"mobile":{"background-color":"var(--ast-global-color-4)","background-image":"","background-repeat":"repeat","background-position":"center center","background-size":"auto","background-attachment":"scroll","background-type":"","background-media":"","overlay-type":"","overlay-color":"","overlay-opacity":"","overlay-gradient":""}}},"product_brand":[],"product_cat":[59,62,72,57],"product_tag":[165,166],"class_list":{"0":"post-4779","1":"product","2":"type-product","3":"status-publish","4":"has-post-thumbnail","6":"product_cat-glass-dropper-bottles","7":"product_cat-cosmetic-containers","8":"product_cat-cosmetic-packaging","9":"product_cat-essential-oil-bottles","10":"product_tag-cosmetic-pump-dispenser","11":"product_tag-cosmetic-spray-bottles-wholesale","12":"desktop-align-left","13":"tablet-align-left","14":"mobile-align-left","16":"first","17":"instock","18":"shipping-taxable","19":"product-type-simple"},"acf":[],"jetpack_sharing_enabled":true,"_links":{"self":[{"href":"https:\/\/theperfumebottles.com\/da\/wp-json\/wp\/v2\/product\/4779","targetHints":{"allow":["GET"]}}],"collection":[{"href":"https:\/\/theperfumebottles.com\/da\/wp-json\/wp\/v2\/product"}],"about":[{"href":"https:\/\/theperfumebottles.com\/da\/wp-json\/wp\/v2\/types\/product"}],"replies":[{"embeddable":true,"href":"https:\/\/theperfumebottles.com\/da\/wp-json\/wp\/v2\/comments?post=4779"}],"wp:featuredmedia":[{"embeddable":true,"href":"https:\/\/theperfumebottles.com\/da\/wp-json\/wp\/v2\/media\/7490"}],"wp:attachment":[{"href":"https:\/\/theperfumebottles.com\/da\/wp-json\/wp\/v2\/media?parent=4779"}],"wp:term":[{"taxonomy":"product_brand","embeddable":true,"href":"https:\/\/theperfumebottles.com\/da\/wp-json\/wp\/v2\/product_brand?post=4779"},{"taxonomy":"product_cat","embeddable":true,"href":"https:\/\/theperfumebottles.com\/da\/wp-json\/wp\/v2\/product_cat?post=4779"},{"taxonomy":"product_tag","embeddable":true,"href":"https:\/\/theperfumebottles.com\/da\/wp-json\/wp\/v2\/product_tag?post=4779"}],"curies":[{"name":"wp","href":"https:\/\/api.w.org\/{rel}","templated":true}]}}