{"id":4824,"date":"2025-07-23T15:48:46","date_gmt":"2025-07-23T07:48:46","guid":{"rendered":"https:\/\/theperfumebottles.com\/?post_type=product&#038;p=4824"},"modified":"2025-07-23T15:49:28","modified_gmt":"2025-07-23T07:49:28","slug":"1-oz-cosmetic-glass-jars-with-lids-small-cosmetic-containers-for-skincare-bulk","status":"publish","type":"product","link":"https:\/\/theperfumebottles.com\/da\/vare\/1-oz-cosmetic-glass-jars-with-lids-small-cosmetic-containers-for-skincare-bulk\/","title":{"rendered":"1 oz kosmetikglas med l\u00e5g \u2013 Sm\u00e5 kosmetikbeholdere til hudpleje i store m\u00e6ngder"},"content":{"rendered":"<p><span class=\"highlights\" data-v-df95d256=\"\">Har du brug for en elegant, funktionel container til din hudpleje- eller sk\u00f8nhedslinie? Disse 1 oz kosmetiske glasburke med l\u00e5s er designet til at inspirere. <\/span><\/p>\n<h2><span class=\"highlights\" data-v-df95d256=\"\">N\u00f8glespecifikationer<\/span><\/h2>\n<table style=\"border-collapse: collapse; width: 588px; height: 159px; margin-left: 360px;\" border=\"0\" width=\"144\" cellspacing=\"0\" cellpadding=\"0\">\n<tbody>\n<tr style=\"height: 13.50pt;\">\n<td style=\"height: 13.50pt; width: 54.00pt;\" width=\"72\" height=\"18\">Funktion<\/td>\n<td style=\"width: 54.00pt;\" width=\"72\">Detalje<\/td>\n<\/tr>\n<tr style=\"height: 13.50pt;\">\n<td style=\"height: 13.50pt;\" height=\"18\">Kapacitet<\/td>\n<td>30ml (1 oz)<\/td>\n<\/tr>\n<tr style=\"height: 13.50pt;\">\n<td style=\"height: 13.50pt;\" height=\"18\">Form<\/td>\n<td>Lige sider<\/td>\n<\/tr>\n<tr style=\"height: 13.50pt;\">\n<td style=\"height: 13.50pt;\" height=\"18\">Forsegling<\/td>\n<td>skruel\u00e5s + plastikd\u00e6ksel (tilpasningsdygtig)<\/td>\n<\/tr>\n<tr style=\"height: 13.50pt;\">\n<td style=\"height: 13.50pt;\" height=\"18\">Materiale<\/td>\n<td>tykt, transparent krystalglas<\/td>\n<\/tr>\n<tr style=\"height: 13.50pt;\">\n<td style=\"height: 13.50pt;\" height=\"18\">Farvemuligheder<\/td>\n<td>Klar (brugerdefinerede farver tilg\u00e6ngelige)<\/td>\n<\/tr>\n<tr style=\"height: 13.50pt;\">\n<td style=\"height: 13.50pt;\" height=\"18\">Brugsscenarier<\/td>\n<td>Emballage til l\u00e6bepomader, lotions, cremer<\/td>\n<\/tr>\n<\/tbody>\n<\/table>\n<h2>Succeshistorie<\/h2>\n<p>En mellemstor sk\u00f8nhedsproduktvirksomhed valgte vores 1 oz. kosmetiske glasburke med l\u00e5s, da de lancerede en b\u00e6redygtig l\u00e6beroms\u00e6tningscreme. Den nemme design med et kundetilpasset mat etiket hjalp dem med at skille sig ud p\u00e5 en konkurrencepr\u00e6get marked. \"At skifte til glas kosmetisk emballage forbedrede ikke kun den premium f\u00f8lelse af vores brand, men s\u00e6nkede ogs\u00e5 vores returrate med 30%,\" sagde deres grundl\u00e6gger.<\/p>\n<h2>Tilpasningstips til dig<\/h2>\n<ul>\n<li><strong>Farvefokus:<\/strong> Skift klart glas ud med pasteltoner for at skabe en sammenh\u00e6ngende sk\u00f8nhedsemballagepalette.<\/li>\n<li><strong>Etiketmagi:<\/strong> Brug mat eller glat finish til at fremh\u00e6ve vigtige ingredienser.<\/li>\n<li><strong>B\u00e6redygtige Opdateringer:<\/strong>Tilf\u00f8j en b\u00e6redygtig snurre til din sk\u00f8nhedsemballage ved at v\u00e6lge biodegradable etiketter.<\/li>\n<\/ul>","protected":false},"excerpt":{"rendered":"<p>1 oz kosmetiske glasburke med l\u00e5s er ideelle til hudplejeemballage, grossist premium sm\u00e5 kosmetiske containere med kundetilpassede muligheder. klar til at sendes!<\/p>","protected":false},"featured_media":4828,"comment_status":"open","ping_status":"closed","template":"","meta":{"_acf_changed":false,"site-sidebar-layout":"default","site-content-layout":"","ast-site-content-layout":"default","site-content-style":"default","site-sidebar-style":"default","ast-global-header-display":"","ast-banner-title-visibility":"","ast-main-header-display":"","ast-hfb-above-header-display":"","ast-hfb-below-header-display":"","ast-hfb-mobile-header-display":"","site-post-title":"","ast-breadcrumbs-content":"","ast-featured-img":"","footer-sml-layout":"","ast-disable-related-posts":"","theme-transparent-header-meta":"default","adv-header-id-meta":"","stick-header-meta":"","header-above-stick-meta":"","header-main-stick-meta":"","header-below-stick-meta":"","astra-migrate-meta-layouts":"set","ast-page-background-enabled":"default","ast-page-background-meta":{"desktop":{"background-color":"var(--ast-global-color-5)","background-image":"","background-repeat":"repeat","background-position":"center center","background-size":"auto","background-attachment":"scroll","background-type":"","background-media":"","overlay-type":"","overlay-color":"","overlay-opacity":"","overlay-gradient":""},"tablet":{"background-color":"","background-image":"","background-repeat":"repeat","background-position":"center center","background-size":"auto","background-attachment":"scroll","background-type":"","background-media":"","overlay-type":"","overlay-color":"","overlay-opacity":"","overlay-gradient":""},"mobile":{"background-color":"","background-image":"","background-repeat":"repeat","background-position":"center center","background-size":"auto","background-attachment":"scroll","background-type":"","background-media":"","overlay-type":"","overlay-color":"","overlay-opacity":"","overlay-gradient":""}},"ast-content-background-meta":{"desktop":{"background-color":"var(--ast-global-color-4)","background-image":"","background-repeat":"repeat","background-position":"center center","background-size":"auto","background-attachment":"scroll","background-type":"","background-media":"","overlay-type":"","overlay-color":"","overlay-opacity":"","overlay-gradient":""},"tablet":{"background-color":"var(--ast-global-color-4)","background-image":"","background-repeat":"repeat","background-position":"center center","background-size":"auto","background-attachment":"scroll","background-type":"","background-media":"","overlay-type":"","overlay-color":"","overlay-opacity":"","overlay-gradient":""},"mobile":{"background-color":"var(--ast-global-color-4)","background-image":"","background-repeat":"repeat","background-position":"center center","background-size":"auto","background-attachment":"scroll","background-type":"","background-media":"","overlay-type":"","overlay-color":"","overlay-opacity":"","overlay-gradient":""}}},"product_brand":[],"product_cat":[72,62,56],"product_tag":[175,176],"class_list":{"0":"post-4824","1":"product","2":"type-product","3":"status-publish","4":"has-post-thumbnail","6":"product_cat-cosmetic-packaging","7":"product_cat-cosmetic-containers","8":"product_cat-cosmetic-jars","9":"product_tag-1-oz-cosmetic-glass-jars-with-lids","10":"product_tag-small-cosmetic-containers","11":"desktop-align-left","12":"tablet-align-left","13":"mobile-align-left","15":"first","16":"instock","17":"shipping-taxable","18":"product-type-simple"},"acf":[],"jetpack_sharing_enabled":true,"_links":{"self":[{"href":"https:\/\/theperfumebottles.com\/da\/wp-json\/wp\/v2\/product\/4824","targetHints":{"allow":["GET"]}}],"collection":[{"href":"https:\/\/theperfumebottles.com\/da\/wp-json\/wp\/v2\/product"}],"about":[{"href":"https:\/\/theperfumebottles.com\/da\/wp-json\/wp\/v2\/types\/product"}],"replies":[{"embeddable":true,"href":"https:\/\/theperfumebottles.com\/da\/wp-json\/wp\/v2\/comments?post=4824"}],"wp:featuredmedia":[{"embeddable":true,"href":"https:\/\/theperfumebottles.com\/da\/wp-json\/wp\/v2\/media\/4828"}],"wp:attachment":[{"href":"https:\/\/theperfumebottles.com\/da\/wp-json\/wp\/v2\/media?parent=4824"}],"wp:term":[{"taxonomy":"product_brand","embeddable":true,"href":"https:\/\/theperfumebottles.com\/da\/wp-json\/wp\/v2\/product_brand?post=4824"},{"taxonomy":"product_cat","embeddable":true,"href":"https:\/\/theperfumebottles.com\/da\/wp-json\/wp\/v2\/product_cat?post=4824"},{"taxonomy":"product_tag","embeddable":true,"href":"https:\/\/theperfumebottles.com\/da\/wp-json\/wp\/v2\/product_tag?post=4824"}],"curies":[{"name":"wp","href":"https:\/\/api.w.org\/{rel}","templated":true}]}}