{"id":4861,"date":"2025-07-24T17:38:18","date_gmt":"2025-07-24T09:38:18","guid":{"rendered":"https:\/\/theperfumebottles.com\/?post_type=product&#038;p=4861"},"modified":"2026-04-01T14:02:53","modified_gmt":"2026-04-01T06:02:53","slug":"cream-storage-jars-empty-skincare-containers-wholesale","status":"publish","type":"product","link":"https:\/\/theperfumebottles.com\/da\/vare\/cream-storage-jars-empty-skincare-containers-wholesale\/","title":{"rendered":"1 oz cremeopbevaringsglas \u2013 Tomme hudplejebeholdere engros"},"content":{"rendered":"<p>Cremeopbevaringskrukker har et kompakt cylindrisk design, der f\u00e5s i to glasvarianter: bl\u00f8dt matteret glas og krystalklart klart glas. Det matterede glas har en s\u00f8lvfarvet metalskruel\u00e5g, mens det klare glas har en guldfarvet metall\u00e5g.<\/p>\n<h2><span class=\"highlights\" data-v-df95d256=\"\">N\u00f8glespecifikationer <\/span><\/h2>\n<table style=\"border-collapse: collapse; width: 600px; height: 81px; margin-left: 320px;\" border=\"0\" width=\"144\" cellspacing=\"0\" cellpadding=\"0\">\n<tbody>\n<tr style=\"height: 13.50pt;\">\n<td style=\"height: 13.50pt; width: 54.00pt;\" width=\"72\" height=\"18\">Funktion<\/td>\n<td style=\"width: 54.00pt;\" width=\"72\">Detalje<\/td>\n<\/tr>\n<tr style=\"height: 13.50pt;\">\n<td style=\"height: 13.50pt;\" height=\"18\">Kapacitet<\/td>\n<td>30 ml (1 oz)<\/td>\n<\/tr>\n<tr style=\"height: 13.50pt;\">\n<td style=\"height: 13.50pt;\" height=\"18\">Form<\/td>\n<td>Lige sider<\/td>\n<\/tr>\n<tr style=\"height: 13.50pt;\">\n<td style=\"height: 13.50pt;\" height=\"18\">T\u00e6tningsmekanisme<\/td>\n<td>Gevindforsynet metall\u00e5g (kan tilpasses)<\/td>\n<\/tr>\n<tr style=\"height: 13.50pt;\">\n<td style=\"height: 13.50pt;\" height=\"18\">Materiale<\/td>\n<td>Krystalglas<\/td>\n<\/tr>\n<tr style=\"height: 13.50pt;\">\n<td style=\"height: 13.50pt;\" height=\"18\">Farve<\/td>\n<td>Frostet<\/td>\n<\/tr>\n<tr style=\"height: 13.50pt;\">\n<td style=\"height: 13.50pt;\" height=\"18\">Brugsscenarier<\/td>\n<td>Ansigtscreme, Kropscreme, \u00d8jencreme, L\u00e6becreme<\/td>\n<\/tr>\n<\/tbody>\n<\/table>\n<h2>Succeshistorie: Specialbestilling fra et eksklusivt hudplejem\u00e6rke i UAE<\/h2>\n<p>Et hudplejem\u00e6rke fra Dubai valgte vores tomme hudplejebeholdere p\u00e5 50 ml og specialfremstillede l\u00e5g i 24 karat forgyldt og rosaforgyldt s\u00f8lv. Resultatet var fantastisk, fordi \u00e6delmetaltemaet matchede m\u00e6rkets eksklusive positionering, hvilket bidrog til at \u00f8ge deres salg af gave\u00e6sker i jules\u00e6sonen med 60 %. De luftt\u00e6tte metall\u00e5g forl\u00e6ngede holdbarheden af \u200b\u200bderes plantebaserede cremer med 30 %. M\u00e6rkets enorme succes f\u00f8rte til en yderligere ordre p\u00e5 300.000 krukker til produktion af en ny serie af ansigtsolier og sera.<\/p>\n<h2><span class=\"highlights\" data-v-df95d256=\"\"> Tip til tilpasning<\/span><\/h2>\n<ul>\n<li><span class=\"highlights\" data-v-df95d256=\"\"><strong>Farvemuligheder:<\/strong> Skift matteret glas ud med klart eller ravgult glas til s\u00e6sonbestemte kollektioner. <\/span><\/li>\n<li><span class=\"highlights\" data-v-df95d256=\"\"><strong>Opgraderinger af l\u00e5g:<\/strong> Tilf\u00f8j en magnetisk lukning for en flaskeoplevelse i topklasse. <\/span><\/li>\n<li><span class=\"highlights\" data-v-df95d256=\"\"><strong>Milj\u00f8venligt twist:<\/strong> Kombiner de tomme hudplejeemballager med bionedbrydelige etiketter eller plantebaseret bl\u00e6k for at afstemme dem med udviklingen inden for b\u00e6redygtig sk\u00f8nhedsemballage.<\/span><\/li>\n<\/ul>","protected":false},"excerpt":{"rendered":"<p>Premium cremeopbevaringskrukker i frostet og klart glas. Tomme hudplejebeholdere med guld- og s\u00f8lvl\u00e5g, perfekte til eksklusiv kosmetikemballage. Gratis pr\u00f8ver.<\/p>","protected":false},"featured_media":4862,"comment_status":"open","ping_status":"closed","template":"","meta":{"_acf_changed":false,"site-sidebar-layout":"default","site-content-layout":"","ast-site-content-layout":"default","site-content-style":"default","site-sidebar-style":"default","ast-global-header-display":"","ast-banner-title-visibility":"","ast-main-header-display":"","ast-hfb-above-header-display":"","ast-hfb-below-header-display":"","ast-hfb-mobile-header-display":"","site-post-title":"","ast-breadcrumbs-content":"","ast-featured-img":"","footer-sml-layout":"","ast-disable-related-posts":"","theme-transparent-header-meta":"default","adv-header-id-meta":"","stick-header-meta":"","header-above-stick-meta":"","header-main-stick-meta":"","header-below-stick-meta":"","astra-migrate-meta-layouts":"set","ast-page-background-enabled":"default","ast-page-background-meta":{"desktop":{"background-color":"var(--ast-global-color-5)","background-image":"","background-repeat":"repeat","background-position":"center center","background-size":"auto","background-attachment":"scroll","background-type":"","background-media":"","overlay-type":"","overlay-color":"","overlay-opacity":"","overlay-gradient":""},"tablet":{"background-color":"","background-image":"","background-repeat":"repeat","background-position":"center center","background-size":"auto","background-attachment":"scroll","background-type":"","background-media":"","overlay-type":"","overlay-color":"","overlay-opacity":"","overlay-gradient":""},"mobile":{"background-color":"","background-image":"","background-repeat":"repeat","background-position":"center center","background-size":"auto","background-attachment":"scroll","background-type":"","background-media":"","overlay-type":"","overlay-color":"","overlay-opacity":"","overlay-gradient":""}},"ast-content-background-meta":{"desktop":{"background-color":"var(--ast-global-color-4)","background-image":"","background-repeat":"repeat","background-position":"center center","background-size":"auto","background-attachment":"scroll","background-type":"","background-media":"","overlay-type":"","overlay-color":"","overlay-opacity":"","overlay-gradient":""},"tablet":{"background-color":"var(--ast-global-color-4)","background-image":"","background-repeat":"repeat","background-position":"center center","background-size":"auto","background-attachment":"scroll","background-type":"","background-media":"","overlay-type":"","overlay-color":"","overlay-opacity":"","overlay-gradient":""},"mobile":{"background-color":"var(--ast-global-color-4)","background-image":"","background-repeat":"repeat","background-position":"center center","background-size":"auto","background-attachment":"scroll","background-type":"","background-media":"","overlay-type":"","overlay-color":"","overlay-opacity":"","overlay-gradient":""}}},"product_brand":[],"product_cat":[56,62,72],"product_tag":[181,182],"class_list":{"0":"post-4861","1":"product","2":"type-product","3":"status-publish","4":"has-post-thumbnail","6":"product_cat-cosmetic-jars","7":"product_cat-cosmetic-containers","8":"product_cat-cosmetic-packaging","9":"product_tag-cream-storage-jars","10":"product_tag-empty-skincare-containers","11":"desktop-align-left","12":"tablet-align-left","13":"mobile-align-left","15":"first","16":"instock","17":"shipping-taxable","18":"product-type-simple"},"acf":[],"jetpack_sharing_enabled":true,"_links":{"self":[{"href":"https:\/\/theperfumebottles.com\/da\/wp-json\/wp\/v2\/product\/4861","targetHints":{"allow":["GET"]}}],"collection":[{"href":"https:\/\/theperfumebottles.com\/da\/wp-json\/wp\/v2\/product"}],"about":[{"href":"https:\/\/theperfumebottles.com\/da\/wp-json\/wp\/v2\/types\/product"}],"replies":[{"embeddable":true,"href":"https:\/\/theperfumebottles.com\/da\/wp-json\/wp\/v2\/comments?post=4861"}],"wp:featuredmedia":[{"embeddable":true,"href":"https:\/\/theperfumebottles.com\/da\/wp-json\/wp\/v2\/media\/4862"}],"wp:attachment":[{"href":"https:\/\/theperfumebottles.com\/da\/wp-json\/wp\/v2\/media?parent=4861"}],"wp:term":[{"taxonomy":"product_brand","embeddable":true,"href":"https:\/\/theperfumebottles.com\/da\/wp-json\/wp\/v2\/product_brand?post=4861"},{"taxonomy":"product_cat","embeddable":true,"href":"https:\/\/theperfumebottles.com\/da\/wp-json\/wp\/v2\/product_cat?post=4861"},{"taxonomy":"product_tag","embeddable":true,"href":"https:\/\/theperfumebottles.com\/da\/wp-json\/wp\/v2\/product_tag?post=4861"}],"curies":[{"name":"wp","href":"https:\/\/api.w.org\/{rel}","templated":true}]}}