{"id":4932,"date":"2025-07-25T17:57:13","date_gmt":"2025-07-25T09:57:13","guid":{"rendered":"https:\/\/theperfumebottles.com\/?post_type=product&#038;p=4932"},"modified":"2026-03-30T15:56:01","modified_gmt":"2026-03-30T07:56:01","slug":"clear-50ml-cosmetic-containers-with-gold-lids-wholesale","status":"publish","type":"product","link":"https:\/\/theperfumebottles.com\/da\/vare\/clear-50ml-cosmetic-containers-with-gold-lids-wholesale\/","title":{"rendered":"Klare 50 ml kosmetiske beholdere med guldl\u00e5g engros"},"content":{"rendered":"<p>Disse 50 ml kosmetikbeholdere har et sofistikeret, lagdelt design. Flasken er lavet af et transparent cylindrisk glasr\u00f8r med en central, ekstrem og h\u00f8jglans metallisk guldring omkring. L\u00e5get er af klar akryl med en tynd metallisk ramme af guld.<\/p>\n<h2><span class=\"highlights\" data-v-df95d256=\"\">N\u00f8glespecifikationer <\/span><\/h2>\n<table style=\"border-collapse: collapse; width: 80%; height: 5px; margin-left: auto; margin-right: auto;\" border=\"0\" width=\"144\" cellspacing=\"0\" cellpadding=\"0\">\n<tbody>\n<tr style=\"height: 13.50pt;\">\n<td style=\"height: 13.50pt; width: 54.00pt;\" width=\"72\" height=\"18\">Attribut<\/td>\n<td style=\"width: 54.00pt;\" width=\"72\">Detaljer<\/td>\n<\/tr>\n<tr style=\"height: 13.50pt;\">\n<td style=\"height: 13.50pt;\" height=\"18\">Kapacitet<\/td>\n<td>50 ml<\/td>\n<\/tr>\n<tr style=\"height: 13.50pt;\">\n<td style=\"height: 13.50pt;\" height=\"18\">T\u00e6tningsmekanisme<\/td>\n<td>Gevindhals + plastikl\u00e5g (kan tilpasses)<\/td>\n<\/tr>\n<tr style=\"height: 13.50pt;\">\n<td style=\"height: 13.50pt;\" height=\"18\">Form<\/td>\n<td>Rund<\/td>\n<\/tr>\n<tr style=\"height: 13.50pt;\">\n<td style=\"height: 13.50pt;\" height=\"18\">Materiale<\/td>\n<td>Krystalglas<\/td>\n<\/tr>\n<tr style=\"height: 13.50pt;\">\n<td style=\"height: 13.50pt;\" height=\"18\">Farve<\/td>\n<td>Ryd (brugerdefineret)<\/td>\n<\/tr>\n<tr style=\"height: 13.50pt;\">\n<td style=\"height: 13.50pt;\" height=\"18\">Brugsscenarie<\/td>\n<td>Hudplejecreme, lotionemballage<\/td>\n<\/tr>\n<\/tbody>\n<\/table>\n<h2>Succeshistorie: Luksuri\u00f8s mellem\u00f8stlig natcreme<\/h2>\n<p>Vores 50 ml kosmetikkrukker i klar glas er blevet specialfremstillet af et luksuri\u00f8st mellem\u00f8stligt sk\u00f8nhedsfirma, som har tilf\u00f8jet guldringe med en rosaguld-PVD-bel\u00e6gning og pr\u00e6get finish. De gennemsigtige krukker var en perfekt demonstration af bladguldet, og dette f\u00f8rte til en 300 procents v\u00e6kst i deling p\u00e5 sociale medier. De f\u00f8rste 50.000 enheder blev solgt inden for 72 timer takket v\u00e6re den smukke emballage. Brandets enorme succes f\u00f8rte til en ordre p\u00e5 yderligere 750.000 krukker for at lancere endnu en familie af lysnende primere og ansigtsolier.<\/p>\n<h2><span class=\"highlights\" data-v-df95d256=\"\">Tips til tilpasning <\/span><\/h2>\n<ul>\n<li><strong>Farveharmoni:<\/strong> Kombiner rent glas med bl\u00f8de pastelfarver eller hvide etiketter for at skabe et friskt, banebrydende og moderigtigt udseende.<\/li>\n<li><strong>Etiketdesign:<\/strong> Brug tydelige eller st\u00e5lm\u00e6rker til at fremh\u00e6ve vigtige ingredienser og produktfordele, hvilket fremh\u00e6ver b\u00e5de udseende og kundeoplysninger.<\/li>\n<li><strong>Teksturerede funktioner:<\/strong> Inkorporer pr\u00e6gede m\u00f8nstre eller h\u00e6vede teksturer p\u00e5 glaskrukkerne for at forbedre grebet og tilf\u00f8je synlig og taktil attraktion.<\/li>\n<\/ul>","protected":false},"excerpt":{"rendered":"<p>50 ml kosmetikbeholdere med klart glas og gulddetaljer. Kosmetikkrukker i klart glas tilbyder et luksuri\u00f8st udseende og er luftt\u00e6t. Gratis pr\u00f8ver er tilg\u00e6ngelige i dag.<\/p>","protected":false},"featured_media":4946,"comment_status":"open","ping_status":"closed","template":"","meta":{"_acf_changed":false,"site-sidebar-layout":"default","site-content-layout":"","ast-site-content-layout":"default","site-content-style":"default","site-sidebar-style":"default","ast-global-header-display":"","ast-banner-title-visibility":"","ast-main-header-display":"","ast-hfb-above-header-display":"","ast-hfb-below-header-display":"","ast-hfb-mobile-header-display":"","site-post-title":"","ast-breadcrumbs-content":"","ast-featured-img":"","footer-sml-layout":"","ast-disable-related-posts":"","theme-transparent-header-meta":"default","adv-header-id-meta":"","stick-header-meta":"","header-above-stick-meta":"","header-main-stick-meta":"","header-below-stick-meta":"","astra-migrate-meta-layouts":"set","ast-page-background-enabled":"default","ast-page-background-meta":{"desktop":{"background-color":"var(--ast-global-color-5)","background-image":"","background-repeat":"repeat","background-position":"center center","background-size":"auto","background-attachment":"scroll","background-type":"","background-media":"","overlay-type":"","overlay-color":"","overlay-opacity":"","overlay-gradient":""},"tablet":{"background-color":"","background-image":"","background-repeat":"repeat","background-position":"center center","background-size":"auto","background-attachment":"scroll","background-type":"","background-media":"","overlay-type":"","overlay-color":"","overlay-opacity":"","overlay-gradient":""},"mobile":{"background-color":"","background-image":"","background-repeat":"repeat","background-position":"center center","background-size":"auto","background-attachment":"scroll","background-type":"","background-media":"","overlay-type":"","overlay-color":"","overlay-opacity":"","overlay-gradient":""}},"ast-content-background-meta":{"desktop":{"background-color":"var(--ast-global-color-4)","background-image":"","background-repeat":"repeat","background-position":"center center","background-size":"auto","background-attachment":"scroll","background-type":"","background-media":"","overlay-type":"","overlay-color":"","overlay-opacity":"","overlay-gradient":""},"tablet":{"background-color":"var(--ast-global-color-4)","background-image":"","background-repeat":"repeat","background-position":"center center","background-size":"auto","background-attachment":"scroll","background-type":"","background-media":"","overlay-type":"","overlay-color":"","overlay-opacity":"","overlay-gradient":""},"mobile":{"background-color":"var(--ast-global-color-4)","background-image":"","background-repeat":"repeat","background-position":"center center","background-size":"auto","background-attachment":"scroll","background-type":"","background-media":"","overlay-type":"","overlay-color":"","overlay-opacity":"","overlay-gradient":""}}},"product_brand":[],"product_cat":[56,62,72],"product_tag":[197,198],"class_list":{"0":"post-4932","1":"product","2":"type-product","3":"status-publish","4":"has-post-thumbnail","6":"product_cat-cosmetic-jars","7":"product_cat-cosmetic-containers","8":"product_cat-cosmetic-packaging","9":"product_tag-50ml-cosmetic-containers","10":"product_tag-clear-glass-cosmetic-jars","11":"desktop-align-left","12":"tablet-align-left","13":"mobile-align-left","15":"first","16":"instock","17":"shipping-taxable","18":"product-type-simple"},"acf":[],"jetpack_sharing_enabled":true,"_links":{"self":[{"href":"https:\/\/theperfumebottles.com\/da\/wp-json\/wp\/v2\/product\/4932","targetHints":{"allow":["GET"]}}],"collection":[{"href":"https:\/\/theperfumebottles.com\/da\/wp-json\/wp\/v2\/product"}],"about":[{"href":"https:\/\/theperfumebottles.com\/da\/wp-json\/wp\/v2\/types\/product"}],"replies":[{"embeddable":true,"href":"https:\/\/theperfumebottles.com\/da\/wp-json\/wp\/v2\/comments?post=4932"}],"wp:featuredmedia":[{"embeddable":true,"href":"https:\/\/theperfumebottles.com\/da\/wp-json\/wp\/v2\/media\/4946"}],"wp:attachment":[{"href":"https:\/\/theperfumebottles.com\/da\/wp-json\/wp\/v2\/media?parent=4932"}],"wp:term":[{"taxonomy":"product_brand","embeddable":true,"href":"https:\/\/theperfumebottles.com\/da\/wp-json\/wp\/v2\/product_brand?post=4932"},{"taxonomy":"product_cat","embeddable":true,"href":"https:\/\/theperfumebottles.com\/da\/wp-json\/wp\/v2\/product_cat?post=4932"},{"taxonomy":"product_tag","embeddable":true,"href":"https:\/\/theperfumebottles.com\/da\/wp-json\/wp\/v2\/product_tag?post=4932"}],"curies":[{"name":"wp","href":"https:\/\/api.w.org\/{rel}","templated":true}]}}