{"id":4985,"date":"2025-07-29T17:23:15","date_gmt":"2025-07-29T09:23:15","guid":{"rendered":"https:\/\/theperfumebottles.com\/?post_type=product&#038;p=4985"},"modified":"2026-04-28T15:56:07","modified_gmt":"2026-04-28T07:56:07","slug":"30ml-amber-cosmetic-jars-with-custom-options-in-bulk","status":"publish","type":"product","link":"https:\/\/theperfumebottles.com\/da\/vare\/30ml-amber-cosmetic-jars-with-custom-options-in-bulk\/","title":{"rendered":"30 ml ravfarvede kosmetikkrukker med brugerdefinerede muligheder i bulk"},"content":{"rendered":"<p>Har du brug for kosmetikemballage, der kombinerer funktionalitet og elegance? Disse 30 ml ravfarvede kosmetikkrukker er designet til hudplejem\u00e6rker og leverand\u00f8rer af sk\u00f8nhedsemballage, der \u00f8nsker at g\u00f8re en forskel.<\/p>\n<h2>N\u00f8glespecifikationer<\/h2>\n<table style=\"border-collapse: collapse; width: 986px; height: 5px; margin-left: 120px;\" border=\"0\" width=\"432\" cellspacing=\"0\" cellpadding=\"0\">\n<tbody>\n<tr style=\"height: 13.50pt;\">\n<td style=\"height: 13.5pt; width: 54pt; text-align: center;\" width=\"72\" height=\"18\">Kapacitet<\/td>\n<td style=\"width: 54pt; text-align: center;\" width=\"72\">Forseglingsmetode<\/td>\n<td style=\"width: 54pt; text-align: center;\" width=\"72\">Form<\/td>\n<td style=\"width: 54pt; text-align: center;\" width=\"72\">Materiale<\/td>\n<td style=\"width: 54pt; text-align: center;\" width=\"72\">Farve<\/td>\n<td style=\"width: 54pt; text-align: center;\" width=\"72\">Brugsscenarie<\/td>\n<\/tr>\n<tr style=\"height: 13.50pt;\">\n<td style=\"height: 13.5pt; text-align: center;\" height=\"18\">30 ml<\/td>\n<td style=\"text-align: center;\">Gevindhals + Plastl\u00e5g<\/td>\n<td style=\"text-align: center;\">Rund<\/td>\n<td style=\"text-align: center;\">Krystalglas<\/td>\n<td style=\"text-align: center;\">Rav (tilpasses)<\/td>\n<td style=\"text-align: center;\">L\u00e6bepomader, lotioner, cremer<\/td>\n<\/tr>\n<\/tbody>\n<\/table>\n<h2>Succeshistorie: Et naturligt hudplejem\u00e6rkes emballagefornyelse<\/h2>\n<p>En ren sk\u00f8nhedsstartup havde brug for 30 ml ravfarvede kosmetikkrukker til deres C-vitaminserum. De valgte vores kosmetikbeholdere med specialfremstillede matsorte l\u00e5g og minimalistiske etiketter. Resultatet? En stigning p\u00e5 60 % i kundernes tillid, hvor k\u00f8bere kommenterede: &#034;De ravfarvede kosmetikkrukker f\u00f8les som en luksuri\u00f8s spa p\u00e5 mit badev\u00e6relse.&#034;<\/p>\n<h2>Tips til tilpasning<\/h2>\n<ul>\n<li><strong>Farvekontrast:<\/strong> Kombiner ravgult glas med hvide eller gyldne l\u00e5g for et f\u00f8rsteklasses udseende.<\/li>\n<li><strong>Etiketdesign:<\/strong> Brug frostede etiketter med pr\u00e6gede varem\u00e6rker for en taktil oplevelse.<\/li>\n<li><strong>Materialeblanding:<\/strong> Kombiner ravfarvet glas med l\u00e5g af b\u00f8rstet st\u00e5l eller matteret plastik for at skabe et moderne look af kosmetikbeholdere.<\/li>\n<\/ul>","protected":false},"excerpt":{"rendered":"<p>30 ml ravfarvede kosmetikkrukker til lotions og cremer. Milj\u00f8venlige, UV-beskyttende og klar til forsendelse. Perfekte til l\u00f8s v\u00e6gt emballage til sk\u00f8nhedsprodukter.<\/p>","protected":false},"featured_media":4986,"comment_status":"open","ping_status":"closed","template":"","meta":{"_acf_changed":false,"site-sidebar-layout":"default","site-content-layout":"","ast-site-content-layout":"default","site-content-style":"default","site-sidebar-style":"default","ast-global-header-display":"","ast-banner-title-visibility":"","ast-main-header-display":"","ast-hfb-above-header-display":"","ast-hfb-below-header-display":"","ast-hfb-mobile-header-display":"","site-post-title":"","ast-breadcrumbs-content":"","ast-featured-img":"","footer-sml-layout":"","ast-disable-related-posts":"","theme-transparent-header-meta":"default","adv-header-id-meta":"","stick-header-meta":"","header-above-stick-meta":"","header-main-stick-meta":"","header-below-stick-meta":"","astra-migrate-meta-layouts":"set","ast-page-background-enabled":"default","ast-page-background-meta":{"desktop":{"background-color":"var(--ast-global-color-5)","background-image":"","background-repeat":"repeat","background-position":"center center","background-size":"auto","background-attachment":"scroll","background-type":"","background-media":"","overlay-type":"","overlay-color":"","overlay-opacity":"","overlay-gradient":""},"tablet":{"background-color":"","background-image":"","background-repeat":"repeat","background-position":"center center","background-size":"auto","background-attachment":"scroll","background-type":"","background-media":"","overlay-type":"","overlay-color":"","overlay-opacity":"","overlay-gradient":""},"mobile":{"background-color":"","background-image":"","background-repeat":"repeat","background-position":"center center","background-size":"auto","background-attachment":"scroll","background-type":"","background-media":"","overlay-type":"","overlay-color":"","overlay-opacity":"","overlay-gradient":""}},"ast-content-background-meta":{"desktop":{"background-color":"var(--ast-global-color-4)","background-image":"","background-repeat":"repeat","background-position":"center center","background-size":"auto","background-attachment":"scroll","background-type":"","background-media":"","overlay-type":"","overlay-color":"","overlay-opacity":"","overlay-gradient":""},"tablet":{"background-color":"var(--ast-global-color-4)","background-image":"","background-repeat":"repeat","background-position":"center center","background-size":"auto","background-attachment":"scroll","background-type":"","background-media":"","overlay-type":"","overlay-color":"","overlay-opacity":"","overlay-gradient":""},"mobile":{"background-color":"var(--ast-global-color-4)","background-image":"","background-repeat":"repeat","background-position":"center center","background-size":"auto","background-attachment":"scroll","background-type":"","background-media":"","overlay-type":"","overlay-color":"","overlay-opacity":"","overlay-gradient":""}}},"product_brand":[],"product_cat":[56,62,72],"product_tag":[201,200],"class_list":{"0":"post-4985","1":"product","2":"type-product","3":"status-publish","4":"has-post-thumbnail","6":"product_cat-cosmetic-jars","7":"product_cat-cosmetic-containers","8":"product_cat-cosmetic-packaging","9":"product_tag-30ml-cosmetic-jars","10":"product_tag-amber-cosmetic-jars","11":"desktop-align-left","12":"tablet-align-left","13":"mobile-align-left","15":"first","16":"instock","17":"shipping-taxable","18":"product-type-simple"},"acf":[],"jetpack_sharing_enabled":true,"_links":{"self":[{"href":"https:\/\/theperfumebottles.com\/da\/wp-json\/wp\/v2\/product\/4985","targetHints":{"allow":["GET"]}}],"collection":[{"href":"https:\/\/theperfumebottles.com\/da\/wp-json\/wp\/v2\/product"}],"about":[{"href":"https:\/\/theperfumebottles.com\/da\/wp-json\/wp\/v2\/types\/product"}],"replies":[{"embeddable":true,"href":"https:\/\/theperfumebottles.com\/da\/wp-json\/wp\/v2\/comments?post=4985"}],"wp:featuredmedia":[{"embeddable":true,"href":"https:\/\/theperfumebottles.com\/da\/wp-json\/wp\/v2\/media\/4986"}],"wp:attachment":[{"href":"https:\/\/theperfumebottles.com\/da\/wp-json\/wp\/v2\/media?parent=4985"}],"wp:term":[{"taxonomy":"product_brand","embeddable":true,"href":"https:\/\/theperfumebottles.com\/da\/wp-json\/wp\/v2\/product_brand?post=4985"},{"taxonomy":"product_cat","embeddable":true,"href":"https:\/\/theperfumebottles.com\/da\/wp-json\/wp\/v2\/product_cat?post=4985"},{"taxonomy":"product_tag","embeddable":true,"href":"https:\/\/theperfumebottles.com\/da\/wp-json\/wp\/v2\/product_tag?post=4985"}],"curies":[{"name":"wp","href":"https:\/\/api.w.org\/{rel}","templated":true}]}}