{"id":5173,"date":"2025-08-05T16:32:00","date_gmt":"2025-08-05T08:32:00","guid":{"rendered":"https:\/\/theperfumebottles.com\/?post_type=product&#038;p=5173"},"modified":"2025-08-05T09:28:45","modified_gmt":"2025-08-05T01:28:45","slug":"bulk-glass-pump-bottle-cosmetic-glass-bottle-solutions","status":"publish","type":"product","link":"https:\/\/theperfumebottles.com\/da\/vare\/bulk-glass-pump-bottle-cosmetic-glass-bottle-solutions\/","title":{"rendered":"Glaspumpeflaske i bulk \u2013 Kosmetiske glasflaskel\u00f8sninger"},"content":{"rendered":"<p>Tjek denne fremragende glaspumpeflaske ud! Enkel, sofistikeret og underspillet, men alligevel sofistikeret. Dette er ikke bare en almindelig sk\u00f8nhedsflaske; den vil forbedre din daglige hudplejerutine. Den er ren og ikke-kl\u00e6brig, uden den billige, duggede fornemmelse af plastikflasker. Det specielle klik i matteret glas med hvert tryk. Skal du lave et logo? Vi forst\u00e5r dig! Behovene for sk\u00f8nhedsemballage i glas er unikke. Vi tilbyder fleksible l\u00f8sninger, der im\u00f8dekommer b\u00e5de sm\u00e5skala-tilpasninger og storskalaproduktion, hvilket sikrer, at dine produkter skiller sig ud fra selve emballagen.<\/p>\n<h2>N\u00f8glespecifikationer<\/h2>\n<table style=\"border-collapse: collapse;margin-left: auto;margin-right: auto;width: 80%\" border=\"0\" width=\"555\" cellspacing=\"0\" cellpadding=\"0\">\n<tbody>\n<tr style=\"height: 13.50pt\">\n<td style=\"height: 13.50pt;width: 136.50pt\" width=\"182\" height=\"18\">Funktion<\/td>\n<td style=\"width: 279.75pt\" width=\"373\">Detaljer<\/td>\n<\/tr>\n<tr style=\"height: 13.50pt\">\n<td style=\"height: 13.50pt\" height=\"18\">Tilg\u00e6ngelige st\u00f8rrelser<\/td>\n<td>20 ml, 30 ml, 50 ml, 100 ml, 120 ml, 200 ml<\/td>\n<\/tr>\n<tr style=\"height: 13.50pt\">\n<td style=\"height: 13.50pt\" height=\"18\">Materiale<\/td>\n<td>Premium frostet glas<\/td>\n<\/tr>\n<tr style=\"height: 13.50pt\">\n<td style=\"height: 13.50pt\" height=\"18\">L\u00e5g<\/td>\n<td>Guldfarvet skruel\u00e5g + pumpehoved i plastik<\/td>\n<\/tr>\n<tr style=\"height: 13.50pt\">\n<td style=\"height: 13.50pt\" height=\"18\">Slutte<\/td>\n<td>Bl\u00f8dt, mat, skridsikkert greb<\/td>\n<\/tr>\n<tr style=\"height: 13.50pt\">\n<td style=\"height: 13.50pt\" height=\"18\">Tilpasning<\/td>\n<td>Fuld farve, etiket, muligheder for h\u00e6ttefinish<\/td>\n<\/tr>\n<tr style=\"height: 13.50pt\">\n<td style=\"height: 13.50pt\" height=\"18\">Bedst til<\/td>\n<td style=\"text-align: left\">Serummer, lotions, rensemidler, ansigtsolier, gaver<\/td>\n<\/tr>\n<\/tbody>\n<\/table>\n<h2>Succeshistorie<\/h2>\n<p>Et m\u00e6rke af naturlige ansigtsolier brugte tidligere en klar plastikflaske med en standardpumpe. Selve produktet var ret godt, men kunderne blev ved med at klage over, at emballagen &#034;s\u00e5 billig ud&#034; og &#034;tom, glemt&#034;.<\/p>\n<p>Senere skiftede de til vores 50 ml glaskosmetikflaske \u2013 en matteret hvid flaske med en guldh\u00e6tte og en bl\u00f8d sort etiket. \u00c6ndringen var \u00f8jeblikkelig. Kunderne kommenterede: &#034;Den f\u00f8les s\u00e5 meget bedre&#034; og &#034;Jeg kan ikke holde ud at smide den ud efter at have brugt den.&#034; En kommenterede endda: &#034;Jeg bruger den ikke kun, men jeg har den endda p\u00e5 min kommode som dekoration.&#034; Denne \u00e6ndring f\u00f8rte til en stigning p\u00e5 45 % i genk\u00f8bsraten. Deres glaslotionflaskeemballage er blevet en grund til, at folk v\u00e6lger deres frem for etablerede m\u00e6rker.<\/p>\n<h2>Et godt produkt er perfektioneret med god emballage<\/h2>\n<p>Hudpleje handler ikke kun om, hvad der er i flasken; den f\u00f8lelse, du f\u00e5r, n\u00e5r du bruger den, er lige s\u00e5 vigtig. Vores glaspumpeflasker og kosmetikflasker er mere end bare beholdere; de \u200b\u200bg\u00f8r daglig hudpleje til et ritual, en m\u00e5de at sige: &#034;Du fortjener at blive behandlet godt.&#034; Fra glaslotionflasker til komplette emballagel\u00f8sninger til glaspumpeflasker hj\u00e6lper vi dig med at skabe et virkelig mindev\u00e6rdigt produkt.<\/p>","protected":false},"excerpt":{"rendered":"<p>H\u00f8jkvalitets pumpeflaske i glas og kosmetikglas, ideel til emballage til hudpleje og sk\u00f8nhedsprodukter. Perfekt til engros- og bulkbestillinger.<\/p>","protected":false},"featured_media":5174,"comment_status":"open","ping_status":"closed","template":"","meta":{"_acf_changed":false,"site-sidebar-layout":"default","site-content-layout":"","ast-site-content-layout":"default","site-content-style":"default","site-sidebar-style":"default","ast-global-header-display":"","ast-banner-title-visibility":"","ast-main-header-display":"","ast-hfb-above-header-display":"","ast-hfb-below-header-display":"","ast-hfb-mobile-header-display":"","site-post-title":"","ast-breadcrumbs-content":"","ast-featured-img":"","footer-sml-layout":"","ast-disable-related-posts":"","theme-transparent-header-meta":"default","adv-header-id-meta":"","stick-header-meta":"","header-above-stick-meta":"","header-main-stick-meta":"","header-below-stick-meta":"","astra-migrate-meta-layouts":"set","ast-page-background-enabled":"default","ast-page-background-meta":{"desktop":{"background-color":"var(--ast-global-color-5)","background-image":"","background-repeat":"repeat","background-position":"center center","background-size":"auto","background-attachment":"scroll","background-type":"","background-media":"","overlay-type":"","overlay-color":"","overlay-opacity":"","overlay-gradient":""},"tablet":{"background-color":"","background-image":"","background-repeat":"repeat","background-position":"center center","background-size":"auto","background-attachment":"scroll","background-type":"","background-media":"","overlay-type":"","overlay-color":"","overlay-opacity":"","overlay-gradient":""},"mobile":{"background-color":"","background-image":"","background-repeat":"repeat","background-position":"center center","background-size":"auto","background-attachment":"scroll","background-type":"","background-media":"","overlay-type":"","overlay-color":"","overlay-opacity":"","overlay-gradient":""}},"ast-content-background-meta":{"desktop":{"background-color":"var(--ast-global-color-4)","background-image":"","background-repeat":"repeat","background-position":"center center","background-size":"auto","background-attachment":"scroll","background-type":"","background-media":"","overlay-type":"","overlay-color":"","overlay-opacity":"","overlay-gradient":""},"tablet":{"background-color":"var(--ast-global-color-4)","background-image":"","background-repeat":"repeat","background-position":"center center","background-size":"auto","background-attachment":"scroll","background-type":"","background-media":"","overlay-type":"","overlay-color":"","overlay-opacity":"","overlay-gradient":""},"mobile":{"background-color":"var(--ast-global-color-4)","background-image":"","background-repeat":"repeat","background-position":"center center","background-size":"auto","background-attachment":"scroll","background-type":"","background-media":"","overlay-type":"","overlay-color":"","overlay-opacity":"","overlay-gradient":""}}},"product_brand":[],"product_cat":[62,72,71],"product_tag":[190,204],"class_list":{"0":"post-5173","1":"product","2":"type-product","3":"status-publish","4":"has-post-thumbnail","6":"product_cat-cosmetic-containers","7":"product_cat-cosmetic-packaging","8":"product_cat-glass-lotion-bottles","9":"product_tag-cosmetic-pots-with-lids","10":"product_tag-frosted-cosmetic-jars","11":"desktop-align-left","12":"tablet-align-left","13":"mobile-align-left","15":"first","16":"instock","17":"shipping-taxable","18":"product-type-simple"},"acf":[],"jetpack_sharing_enabled":true,"_links":{"self":[{"href":"https:\/\/theperfumebottles.com\/da\/wp-json\/wp\/v2\/product\/5173","targetHints":{"allow":["GET"]}}],"collection":[{"href":"https:\/\/theperfumebottles.com\/da\/wp-json\/wp\/v2\/product"}],"about":[{"href":"https:\/\/theperfumebottles.com\/da\/wp-json\/wp\/v2\/types\/product"}],"replies":[{"embeddable":true,"href":"https:\/\/theperfumebottles.com\/da\/wp-json\/wp\/v2\/comments?post=5173"}],"wp:featuredmedia":[{"embeddable":true,"href":"https:\/\/theperfumebottles.com\/da\/wp-json\/wp\/v2\/media\/5174"}],"wp:attachment":[{"href":"https:\/\/theperfumebottles.com\/da\/wp-json\/wp\/v2\/media?parent=5173"}],"wp:term":[{"taxonomy":"product_brand","embeddable":true,"href":"https:\/\/theperfumebottles.com\/da\/wp-json\/wp\/v2\/product_brand?post=5173"},{"taxonomy":"product_cat","embeddable":true,"href":"https:\/\/theperfumebottles.com\/da\/wp-json\/wp\/v2\/product_cat?post=5173"},{"taxonomy":"product_tag","embeddable":true,"href":"https:\/\/theperfumebottles.com\/da\/wp-json\/wp\/v2\/product_tag?post=5173"}],"curies":[{"name":"wp","href":"https:\/\/api.w.org\/{rel}","templated":true}]}}