{"id":5185,"date":"2025-08-05T18:48:14","date_gmt":"2025-08-05T10:48:14","guid":{"rendered":"https:\/\/theperfumebottles.com\/?post_type=product&#038;p=5185"},"modified":"2025-08-05T17:03:32","modified_gmt":"2025-08-05T09:03:32","slug":"custom-frosted-glass-bottle-with-pump-wholesale","status":"publish","type":"product","link":"https:\/\/theperfumebottles.com\/da\/vare\/custom-frosted-glass-bottle-with-pump-wholesale\/","title":{"rendered":"100ml brugerdefineret frostet glasflaske med pumpe engros"},"content":{"rendered":"<p>Hvis du har ledt efter tomme glasflasker med pumpeemballagel\u00f8sninger, s\u00e5 stop. Du er kommet til det rette sted. Uanset om du er soloproducent eller lancerer en lille hudplejeserie, er disse luftl\u00f8se glaspumpeflasker bygget til ydeevne og stil.<\/p>\n<p>Vi forst\u00e5r det \u2013 dine behov for glasemballage er unikke. S\u00e5 vi har lavet noget, der passer: elegant, funktionelt og helt efter dine \u00f8nsker.<\/p>\n<h2>N\u00f8glespecifikationer<\/h2>\n<table style=\"border-collapse: collapse;margin-left: auto;margin-right: auto;width: 80%\" border=\"0\" width=\"489\" cellspacing=\"0\" cellpadding=\"0\">\n<tbody>\n<tr style=\"height: 13.50pt\">\n<td style=\"height: 13.50pt;width: 112.50pt\" width=\"150\" height=\"18\">Funktion<\/td>\n<td style=\"width: 254.25pt\" width=\"339\">Detaljer<\/td>\n<\/tr>\n<tr style=\"height: 13.50pt\">\n<td style=\"height: 13.50pt\" height=\"18\">Kapacitet<\/td>\n<td>100ml<\/td>\n<\/tr>\n<tr style=\"height: 13.50pt\">\n<td style=\"height: 13.50pt\" height=\"18\">Flaskemateriale<\/td>\n<td>Premium frostet glas<\/td>\n<\/tr>\n<tr style=\"height: 13.50pt\">\n<td style=\"height: 13.50pt\" height=\"18\">Pumpetype<\/td>\n<td>Luftfri<\/td>\n<\/tr>\n<tr style=\"height: 13.50pt\">\n<td style=\"height: 13.50pt\" height=\"18\">Closure<\/td>\n<td>Tryk p\u00e5 coveret<\/td>\n<\/tr>\n<tr style=\"height: 13.50pt\">\n<td style=\"height: 13.50pt\" height=\"18\">Emballagest\u00f8rrelse<\/td>\n<td>100mm \u00d7 100mm \u00d7 150mm (for single unit)<\/td>\n<\/tr>\n<tr style=\"height: 13.50pt\">\n<td style=\"height: 13.50pt\" height=\"18\">Tilg\u00e6ngelige farver<\/td>\n<td>Kan tilpasses (sort, hvid, rosa osv.)<\/td>\n<\/tr>\n<tr style=\"height: 13.50pt\">\n<td style=\"height: 13.50pt\" height=\"18\">Ideel til<\/td>\n<td>Essences, moisturizers, toners etc.<\/td>\n<\/tr>\n<\/tbody>\n<\/table>\n<h2>Succeshistorie<\/h2>\n<p>I et hyggeligt lille k\u00f8kken i udkanten af \u200b\u200bstorbyen begyndte Lily sin iv\u00e6rks\u00e6tterrejse med hjemmelavede, naturlige ansigtsolier. Hun h\u00e6ldte sit hjerte og sj\u00e6l i hver dr\u00e5be, men den rigtige emballage blev en sl\u00f8vende dr\u00e5be \u2013 glasflaskerne l\u00e6kkede let, og udseendet blev kedeligt og uv\u00e6rdigt til de omhyggeligt blandede olier.<\/p>\n<p>Lily skiftede til en let karminr\u00f8d glasflaske med et simpelt gyldent pumpehoved og et minimalistisk m\u00e6rke i hendes eget format. Den nye emballage blev et \u00f8jeblikkeligt hit p\u00e5 Instagram! Beskeder str\u00f8mmede ind med sp\u00f8rgsm\u00e5lene: \"Hvor har du k\u00f8bt denne flaske? Den er s\u00e5 exceptionel!\" og \"At bruge den g\u00f8r min hudplejerutine endnu mere til et ritual.\" P\u00e5 bare f\u00e5 m\u00e5neder blev indtjeningen fordoblet, og selv offlinebutikker kontaktede hende om partnerskaber.<\/p>\n<p>N\u00f8glen til Lilys succes ligger ikke l\u00e6ngere i blot at markedsf\u00f8re \u00e6teriske olier, men i at skabe en luksuri\u00f8s hudplejeoplevelse med h\u00f8jt niveau gennem sine fantastiske glaspumper. Denne innovative transformation startede med at v\u00e6lge den rigtige emballage.<\/p>\n<h2>Sidste ord<\/h2>\n<p>God hudpleje fortjener god emballage. Gem ikke dit h\u00e5rde arbejde i en glemt flaske. Vores luftl\u00f8se pumpeflasker i glas beskytter din formel, l\u00f8fter dit brand og f\u00e5r dine kunder til at sige \"Jeg elsker dette.\" S\u00e5 bare giv dit produkt det hjem, det fortjener.<\/p>","protected":false},"excerpt":{"rendered":"<p>Specialfremstillet og engros glasflaske med pumpe og l\u00e5g, perfekt til kosmetik, hudpleje og bulk B2B-emballage med stilfuldt og holdbart design.<\/p>","protected":false},"featured_media":5188,"comment_status":"open","ping_status":"closed","template":"","meta":{"_acf_changed":false,"site-sidebar-layout":"default","site-content-layout":"","ast-site-content-layout":"default","site-content-style":"default","site-sidebar-style":"default","ast-global-header-display":"","ast-banner-title-visibility":"","ast-main-header-display":"","ast-hfb-above-header-display":"","ast-hfb-below-header-display":"","ast-hfb-mobile-header-display":"","site-post-title":"","ast-breadcrumbs-content":"","ast-featured-img":"","footer-sml-layout":"","ast-disable-related-posts":"","theme-transparent-header-meta":"default","adv-header-id-meta":"","stick-header-meta":"","header-above-stick-meta":"","header-main-stick-meta":"","header-below-stick-meta":"","astra-migrate-meta-layouts":"set","ast-page-background-enabled":"default","ast-page-background-meta":{"desktop":{"background-color":"var(--ast-global-color-5)","background-image":"","background-repeat":"repeat","background-position":"center center","background-size":"auto","background-attachment":"scroll","background-type":"","background-media":"","overlay-type":"","overlay-color":"","overlay-opacity":"","overlay-gradient":""},"tablet":{"background-color":"","background-image":"","background-repeat":"repeat","background-position":"center center","background-size":"auto","background-attachment":"scroll","background-type":"","background-media":"","overlay-type":"","overlay-color":"","overlay-opacity":"","overlay-gradient":""},"mobile":{"background-color":"","background-image":"","background-repeat":"repeat","background-position":"center center","background-size":"auto","background-attachment":"scroll","background-type":"","background-media":"","overlay-type":"","overlay-color":"","overlay-opacity":"","overlay-gradient":""}},"ast-content-background-meta":{"desktop":{"background-color":"var(--ast-global-color-4)","background-image":"","background-repeat":"repeat","background-position":"center center","background-size":"auto","background-attachment":"scroll","background-type":"","background-media":"","overlay-type":"","overlay-color":"","overlay-opacity":"","overlay-gradient":""},"tablet":{"background-color":"var(--ast-global-color-4)","background-image":"","background-repeat":"repeat","background-position":"center center","background-size":"auto","background-attachment":"scroll","background-type":"","background-media":"","overlay-type":"","overlay-color":"","overlay-opacity":"","overlay-gradient":""},"mobile":{"background-color":"var(--ast-global-color-4)","background-image":"","background-repeat":"repeat","background-position":"center center","background-size":"auto","background-attachment":"scroll","background-type":"","background-media":"","overlay-type":"","overlay-color":"","overlay-opacity":"","overlay-gradient":""}}},"product_brand":[],"product_cat":[62,72,71],"product_tag":[190,204],"class_list":{"0":"post-5185","1":"product","2":"type-product","3":"status-publish","4":"has-post-thumbnail","6":"product_cat-cosmetic-containers","7":"product_cat-cosmetic-packaging","8":"product_cat-glass-lotion-bottles","9":"product_tag-cosmetic-pots-with-lids","10":"product_tag-frosted-cosmetic-jars","11":"desktop-align-left","12":"tablet-align-left","13":"mobile-align-left","15":"first","16":"instock","17":"shipping-taxable","18":"product-type-simple"},"acf":[],"jetpack_sharing_enabled":true,"_links":{"self":[{"href":"https:\/\/theperfumebottles.com\/da\/wp-json\/wp\/v2\/product\/5185","targetHints":{"allow":["GET"]}}],"collection":[{"href":"https:\/\/theperfumebottles.com\/da\/wp-json\/wp\/v2\/product"}],"about":[{"href":"https:\/\/theperfumebottles.com\/da\/wp-json\/wp\/v2\/types\/product"}],"replies":[{"embeddable":true,"href":"https:\/\/theperfumebottles.com\/da\/wp-json\/wp\/v2\/comments?post=5185"}],"wp:featuredmedia":[{"embeddable":true,"href":"https:\/\/theperfumebottles.com\/da\/wp-json\/wp\/v2\/media\/5188"}],"wp:attachment":[{"href":"https:\/\/theperfumebottles.com\/da\/wp-json\/wp\/v2\/media?parent=5185"}],"wp:term":[{"taxonomy":"product_brand","embeddable":true,"href":"https:\/\/theperfumebottles.com\/da\/wp-json\/wp\/v2\/product_brand?post=5185"},{"taxonomy":"product_cat","embeddable":true,"href":"https:\/\/theperfumebottles.com\/da\/wp-json\/wp\/v2\/product_cat?post=5185"},{"taxonomy":"product_tag","embeddable":true,"href":"https:\/\/theperfumebottles.com\/da\/wp-json\/wp\/v2\/product_tag?post=5185"}],"curies":[{"name":"wp","href":"https:\/\/api.w.org\/{rel}","templated":true}]}}