{"id":5245,"date":"2025-08-07T10:30:11","date_gmt":"2025-08-07T02:30:11","guid":{"rendered":"https:\/\/theperfumebottles.com\/?post_type=product&#038;p=5245"},"modified":"2026-03-30T14:21:28","modified_gmt":"2026-03-30T06:21:28","slug":"essential-oil-glass-roller-bottles-for-packaging-wholesale","status":"publish","type":"product","link":"https:\/\/theperfumebottles.com\/da\/vare\/essential-oil-glass-roller-bottles-for-packaging-wholesale\/","title":{"rendered":"1 ml -100 ml \u00e6teriske olieglasrulleflasker til emballage engros"},"content":{"rendered":"<p>Har du brug for rulleflasker i glas, der kombinerer pr\u00e6cision og elegance? Disse roll-on-flasker med \u00e6teriske olier er designet til m\u00e6rker, der \u00f8nsker kosmetikemballage, der skiller sig ud.<\/p>\n<h2><strong data-spm-anchor-id=\"5176.28103460.0.i9.29ab1db8AYaOUi\">N\u00f8glespecifikationer<\/strong><\/h2>\n<table style=\"margin-left: auto; margin-right: auto; border-collapse: collapse; width: 80%;\" border=\"0\" width=\"144\" cellspacing=\"0\" cellpadding=\"0\">\n<tbody>\n<tr style=\"height: 13.50pt;\">\n<td style=\"height: 13.5pt; width: 54pt; text-align: center;\" width=\"72\" height=\"18\">Funktion<\/td>\n<td style=\"width: 54pt; text-align: center;\" width=\"72\">Detaljer<\/td>\n<\/tr>\n<tr style=\"height: 13.50pt;\">\n<td style=\"height: 13.5pt; text-align: center;\" height=\"18\">Kapacitet<\/td>\n<td style=\"text-align: center;\">1 ml, 2 ml, 3 ml, 5 ml, 10 ml, 15 ml, 20 ml, 30 ml, 50 ml, 100 ml<\/td>\n<\/tr>\n<tr style=\"height: 13.50pt;\">\n<td style=\"height: 13.5pt; text-align: center;\" height=\"18\">Materiale<\/td>\n<td style=\"text-align: center;\">Krystalglas<\/td>\n<\/tr>\n<tr style=\"height: 13.50pt;\">\n<td style=\"height: 13.5pt; text-align: center;\" height=\"18\">T\u00e6tningsmekanisme<\/td>\n<td style=\"text-align: center;\">Roll-on (metalrullespids)<\/td>\n<\/tr>\n<tr style=\"height: 13.50pt;\">\n<td style=\"height: 13.5pt; text-align: center;\" height=\"18\">Farve<\/td>\n<td style=\"text-align: center;\">Ravgul\/Sort\/Brun\/Gr\u00f8n\/transparent<\/td>\n<\/tr>\n<tr style=\"height: 13.50pt;\">\n<td style=\"height: 13.5pt; text-align: center;\" height=\"18\">Brug<\/td>\n<td style=\"text-align: center;\">Kemikalier til \u00e6terisk olie\/parfume\/kemi i laboratoriet\u2026<\/td>\n<\/tr>\n<\/tbody>\n<\/table>\n<h2>Successag<\/h2>\n<p>En australsk virksomhed, der producerede naturlige sundhedsprodukter, havde desperat brug for et st\u00e6rkt lager af rollerflasker med \u00e6teriske olier. De endte med at v\u00e6lge de 50 ml ravfarvede rollerflasker i glas, som vi solgte. Vi lavede ogs\u00e5 rollerkuglerne i rustfrit st\u00e5l for at g\u00f8re p\u00e5f\u00f8ringen nem og nem under tilpasningsfasen og udstyrede dem med sorte matte l\u00e5g, s\u00e5 de s\u00e5 moderigtige og moderne ud. Derudover besluttede kunden at bruge serigrafi til at trykke deres brandlogo og brugte en anden matteret finish for at skelne mellem forskellige produktformuleringer og -versioner, fordi kunden \u00f8nskede at bruge forskellige batcher.<\/p>\n<p>Produktet har registreret en v\u00e6kst p\u00e5 30 procent inden for de f\u00f8rste to m\u00e5neder efter introduktionen. P\u00e5 grund af den positive markedsrespons afgav kunden straks en opf\u00f8lgende ordre og udvidede denne emballagel\u00f8sning til at omfatte andre linjer i deres produktsortiment, der er blandinger af \u00e6teriske olier.<\/p>\n<h2>\u00a0Forslag til tilpasning<\/h2>\n<ul>\n<li><strong>Lyst\u00e6tte muligheder:<\/strong> Brunt glas er egnet til \u00e6teriske olier; gr\u00f8nt glas er egnet til dufte og brug i laboratorier.<\/li>\n<li><strong>Stilfuld og holdbar:<\/strong> Popul\u00e6re i 2025 kombineres matte farver med moderat m\u00e6tning (som Klein Blue, Fluorescerende Gr\u00f8n) med UV-tryk og slidst\u00e6rke etiketter. Rullekugle og l\u00e5glayout sikrer hygiejne.<\/li>\n<li><strong>Alsidige st\u00f8rrelser:<\/strong> F\u00e5s i 1 ml-100 ml (5 ml til rejsen, 30 ml elegant) for at opfylde adskillige emballage\u00f8nsker.<\/li>\n<\/ul>","protected":false},"excerpt":{"rendered":"<p>Opdag \u00e6teriske oliel\u00f8sninger til glasrulleflasker fra en p\u00e5lidelig leverand\u00f8r af kosmetikemballage. Holdbar, klar til forsendelse og kan tilpasses til engrosordrer.<\/p>","protected":false},"featured_media":7498,"comment_status":"open","ping_status":"closed","template":"","meta":{"_acf_changed":false,"site-sidebar-layout":"default","site-content-layout":"","ast-site-content-layout":"default","site-content-style":"default","site-sidebar-style":"default","ast-global-header-display":"","ast-banner-title-visibility":"","ast-main-header-display":"","ast-hfb-above-header-display":"","ast-hfb-below-header-display":"","ast-hfb-mobile-header-display":"","site-post-title":"","ast-breadcrumbs-content":"","ast-featured-img":"","footer-sml-layout":"","ast-disable-related-posts":"","theme-transparent-header-meta":"default","adv-header-id-meta":"","stick-header-meta":"","header-above-stick-meta":"","header-main-stick-meta":"","header-below-stick-meta":"","astra-migrate-meta-layouts":"set","ast-page-background-enabled":"default","ast-page-background-meta":{"desktop":{"background-color":"var(--ast-global-color-5)","background-image":"","background-repeat":"repeat","background-position":"center center","background-size":"auto","background-attachment":"scroll","background-type":"","background-media":"","overlay-type":"","overlay-color":"","overlay-opacity":"","overlay-gradient":""},"tablet":{"background-color":"","background-image":"","background-repeat":"repeat","background-position":"center center","background-size":"auto","background-attachment":"scroll","background-type":"","background-media":"","overlay-type":"","overlay-color":"","overlay-opacity":"","overlay-gradient":""},"mobile":{"background-color":"","background-image":"","background-repeat":"repeat","background-position":"center center","background-size":"auto","background-attachment":"scroll","background-type":"","background-media":"","overlay-type":"","overlay-color":"","overlay-opacity":"","overlay-gradient":""}},"ast-content-background-meta":{"desktop":{"background-color":"var(--ast-global-color-4)","background-image":"","background-repeat":"repeat","background-position":"center center","background-size":"auto","background-attachment":"scroll","background-type":"","background-media":"","overlay-type":"","overlay-color":"","overlay-opacity":"","overlay-gradient":""},"tablet":{"background-color":"var(--ast-global-color-4)","background-image":"","background-repeat":"repeat","background-position":"center center","background-size":"auto","background-attachment":"scroll","background-type":"","background-media":"","overlay-type":"","overlay-color":"","overlay-opacity":"","overlay-gradient":""},"mobile":{"background-color":"var(--ast-global-color-4)","background-image":"","background-repeat":"repeat","background-position":"center center","background-size":"auto","background-attachment":"scroll","background-type":"","background-media":"","overlay-type":"","overlay-color":"","overlay-opacity":"","overlay-gradient":""}}},"product_brand":[],"product_cat":[60,62,72,57],"product_tag":[206,205],"class_list":{"0":"post-5245","1":"product","2":"type-product","3":"status-publish","4":"has-post-thumbnail","6":"product_cat-roller-bottles","7":"product_cat-cosmetic-containers","8":"product_cat-cosmetic-packaging","9":"product_cat-essential-oil-bottles","10":"product_tag-glass-roller-bottle","11":"product_tag-roll-on-bottles-essential-oils","12":"desktop-align-left","13":"tablet-align-left","14":"mobile-align-left","16":"first","17":"instock","18":"shipping-taxable","19":"product-type-simple"},"acf":[],"jetpack_sharing_enabled":true,"_links":{"self":[{"href":"https:\/\/theperfumebottles.com\/da\/wp-json\/wp\/v2\/product\/5245","targetHints":{"allow":["GET"]}}],"collection":[{"href":"https:\/\/theperfumebottles.com\/da\/wp-json\/wp\/v2\/product"}],"about":[{"href":"https:\/\/theperfumebottles.com\/da\/wp-json\/wp\/v2\/types\/product"}],"replies":[{"embeddable":true,"href":"https:\/\/theperfumebottles.com\/da\/wp-json\/wp\/v2\/comments?post=5245"}],"wp:featuredmedia":[{"embeddable":true,"href":"https:\/\/theperfumebottles.com\/da\/wp-json\/wp\/v2\/media\/7498"}],"wp:attachment":[{"href":"https:\/\/theperfumebottles.com\/da\/wp-json\/wp\/v2\/media?parent=5245"}],"wp:term":[{"taxonomy":"product_brand","embeddable":true,"href":"https:\/\/theperfumebottles.com\/da\/wp-json\/wp\/v2\/product_brand?post=5245"},{"taxonomy":"product_cat","embeddable":true,"href":"https:\/\/theperfumebottles.com\/da\/wp-json\/wp\/v2\/product_cat?post=5245"},{"taxonomy":"product_tag","embeddable":true,"href":"https:\/\/theperfumebottles.com\/da\/wp-json\/wp\/v2\/product_tag?post=5245"}],"curies":[{"name":"wp","href":"https:\/\/api.w.org\/{rel}","templated":true}]}}