{"id":5272,"date":"2025-08-07T13:32:39","date_gmt":"2025-08-07T05:32:39","guid":{"rendered":"https:\/\/theperfumebottles.com\/?post_type=product&#038;p=5272"},"modified":"2025-08-07T17:51:17","modified_gmt":"2025-08-07T09:51:17","slug":"10ml-glass-roll-on-bottle-perfume-bottle-roller-for-cosmetic-packaging-wholesale","status":"publish","type":"product","link":"https:\/\/theperfumebottles.com\/da\/vare\/10ml-glass-roll-on-bottle-perfume-bottle-roller-for-cosmetic-packaging-wholesale\/","title":{"rendered":"10ml glas roll-on flaske \u2013 Parfumeflaskerulle til kosmetikemballage engros"},"content":{"rendered":"<p>Leder efter et contain\u00e9r, der kombinerer funktion med charme? Vores parf\u00fcmflaske-ruller er designet til brands, der vil have kosmetik-emballage, der fremtr\u00e6der.<\/p>\n<h3><strong data-spm-anchor-id=\"5176.28103460.0.i50.11491db8QY3D0b\">N\u00f8glespecifikationer<\/strong><\/h3>\n<table style=\"margin-right: auto;margin-left: auto;width: 80%\" width=\"144\">\n<tbody>\n<tr>\n<td width=\"72\">Funktion<\/td>\n<td width=\"72\">Detaljer<\/td>\n<\/tr>\n<tr>\n<td>Kapacitet<\/td>\n<td>3ml, 5ml, 10ml<\/td>\n<\/tr>\n<tr>\n<td>Materiale<\/td>\n<td>Krystalglas<\/td>\n<\/tr>\n<tr>\n<td>Farvemuligheder<\/td>\n<td>Tilpasset<\/td>\n<\/tr>\n<tr>\n<td>T\u00e6tningsmekanisme<\/td>\n<td>Roll-on (metalrullespids)<\/td>\n<\/tr>\n<tr>\n<td>Brug<\/td>\n<td>Parf\u00fcm<\/td>\n<\/tr>\n<\/tbody>\n<\/table>\n<h2>Succeshistorie: Hvordan Middle Pefume M<span class=\"HwtZe\" lang=\"en\"><span class=\"jCAhz ChMk0b\"><span class=\"ryNqvb\">Manufacturer<\/span><\/span><\/span> Forbedret Salg med Brugerdefinerede Roll On Flasker<\/h2>\n<p>N\u00e5r middle pefume <span class=\"HwtZe\" lang=\"en\"><span class=\"jCAhz ChMk0b\"><span class=\"ryNqvb\">fabrikant <\/span><\/span><\/span>lancerede en r\u00e6kke parf\u00fcmflaske-ruller-eksempler, samarbejdede de med os om at skabe 10ml glas ruller flasker i te-farvet glas. Ved at bestille i volumen og tilf\u00f8je brugerdefinerede etiketter med en spr\u00f8jtbel\u00e6gning reducerede de kosmetik-emballageomkostninger med 20% og s\u00e5 en stigning p\u00e5 60% i gentagne kunder. \"Sk\u00e6rmens design f\u00f8lte sig luksuri\u00f8st, men praktisk til daglig brug,\" siger deres grundl\u00e6gger.<\/p>\n<h2>Tips til tilpasning<\/h2>\n<ul>\n<li><strong>Stort Fordele:<\/strong> Bestil emballage i volumen for at spare 25% \u2014 perfekt til pop-up butikker eller julegaver.<\/li>\n<li><strong>M\u00e6rk som en professionel:<\/strong> Brug holografiske akcenter eller graveringstekst til at g\u00f8re din flaske fremtr\u00e6dende p\u00e5 hjemmesiden.<\/li>\n<li><strong>Farvepsykologi:<\/strong> Kombiner markante farver med guldkopper for et beauty-emballage look, der skriger \"premium.\"<\/li>\n<\/ul>","protected":false},"excerpt":{"rendered":"<p>H\u00e6v din sk\u00f8nhedsforpakning med vores 3ml 5ml 10ml glas rullerbekl\u00e6dning\u2014 Perfekt til parfume, hudpleje og kosmetikbeholdere. Solid, tilpasningsdygtig og klar til levering til varek\u00f8bsordrer.<\/p>","protected":false},"featured_media":5274,"comment_status":"open","ping_status":"closed","template":"","meta":{"_acf_changed":false,"site-sidebar-layout":"default","site-content-layout":"","ast-site-content-layout":"default","site-content-style":"default","site-sidebar-style":"default","ast-global-header-display":"","ast-banner-title-visibility":"","ast-main-header-display":"","ast-hfb-above-header-display":"","ast-hfb-below-header-display":"","ast-hfb-mobile-header-display":"","site-post-title":"","ast-breadcrumbs-content":"","ast-featured-img":"","footer-sml-layout":"","ast-disable-related-posts":"","theme-transparent-header-meta":"default","adv-header-id-meta":"","stick-header-meta":"","header-above-stick-meta":"","header-main-stick-meta":"","header-below-stick-meta":"","astra-migrate-meta-layouts":"set","ast-page-background-enabled":"default","ast-page-background-meta":{"desktop":{"background-color":"var(--ast-global-color-5)","background-image":"","background-repeat":"repeat","background-position":"center center","background-size":"auto","background-attachment":"scroll","background-type":"","background-media":"","overlay-type":"","overlay-color":"","overlay-opacity":"","overlay-gradient":""},"tablet":{"background-color":"","background-image":"","background-repeat":"repeat","background-position":"center center","background-size":"auto","background-attachment":"scroll","background-type":"","background-media":"","overlay-type":"","overlay-color":"","overlay-opacity":"","overlay-gradient":""},"mobile":{"background-color":"","background-image":"","background-repeat":"repeat","background-position":"center center","background-size":"auto","background-attachment":"scroll","background-type":"","background-media":"","overlay-type":"","overlay-color":"","overlay-opacity":"","overlay-gradient":""}},"ast-content-background-meta":{"desktop":{"background-color":"var(--ast-global-color-4)","background-image":"","background-repeat":"repeat","background-position":"center center","background-size":"auto","background-attachment":"scroll","background-type":"","background-media":"","overlay-type":"","overlay-color":"","overlay-opacity":"","overlay-gradient":""},"tablet":{"background-color":"var(--ast-global-color-4)","background-image":"","background-repeat":"repeat","background-position":"center center","background-size":"auto","background-attachment":"scroll","background-type":"","background-media":"","overlay-type":"","overlay-color":"","overlay-opacity":"","overlay-gradient":""},"mobile":{"background-color":"var(--ast-global-color-4)","background-image":"","background-repeat":"repeat","background-position":"center center","background-size":"auto","background-attachment":"scroll","background-type":"","background-media":"","overlay-type":"","overlay-color":"","overlay-opacity":"","overlay-gradient":""}}},"product_brand":[],"product_cat":[72,62,57,60],"product_tag":[209,210],"class_list":{"0":"post-5272","1":"product","2":"type-product","3":"status-publish","4":"has-post-thumbnail","6":"product_cat-cosmetic-packaging","7":"product_cat-cosmetic-containers","8":"product_cat-essential-oil-bottles","9":"product_cat-roller-bottles","10":"product_tag-10ml-glass-roll-on-bottle","11":"product_tag-perfume-bottle-roller","12":"desktop-align-left","13":"tablet-align-left","14":"mobile-align-left","16":"first","17":"instock","18":"shipping-taxable","19":"product-type-simple"},"acf":[],"jetpack_sharing_enabled":true,"_links":{"self":[{"href":"https:\/\/theperfumebottles.com\/da\/wp-json\/wp\/v2\/product\/5272","targetHints":{"allow":["GET"]}}],"collection":[{"href":"https:\/\/theperfumebottles.com\/da\/wp-json\/wp\/v2\/product"}],"about":[{"href":"https:\/\/theperfumebottles.com\/da\/wp-json\/wp\/v2\/types\/product"}],"replies":[{"embeddable":true,"href":"https:\/\/theperfumebottles.com\/da\/wp-json\/wp\/v2\/comments?post=5272"}],"wp:featuredmedia":[{"embeddable":true,"href":"https:\/\/theperfumebottles.com\/da\/wp-json\/wp\/v2\/media\/5274"}],"wp:attachment":[{"href":"https:\/\/theperfumebottles.com\/da\/wp-json\/wp\/v2\/media?parent=5272"}],"wp:term":[{"taxonomy":"product_brand","embeddable":true,"href":"https:\/\/theperfumebottles.com\/da\/wp-json\/wp\/v2\/product_brand?post=5272"},{"taxonomy":"product_cat","embeddable":true,"href":"https:\/\/theperfumebottles.com\/da\/wp-json\/wp\/v2\/product_cat?post=5272"},{"taxonomy":"product_tag","embeddable":true,"href":"https:\/\/theperfumebottles.com\/da\/wp-json\/wp\/v2\/product_tag?post=5272"}],"curies":[{"name":"wp","href":"https:\/\/api.w.org\/{rel}","templated":true}]}}