{"id":5273,"date":"2025-08-07T18:04:47","date_gmt":"2025-08-07T10:04:47","guid":{"rendered":"https:\/\/theperfumebottles.com\/?post_type=product&#038;p=5273"},"modified":"2026-04-02T14:26:39","modified_gmt":"2026-04-02T06:26:39","slug":"glass-lotion-bottle-with-pump-for-bulk-supply","status":"publish","type":"product","link":"https:\/\/theperfumebottles.com\/da\/vare\/glass-lotion-bottle-with-pump-for-bulk-supply\/","title":{"rendered":"20 ml 30 ml 40 ml 60 ml glaslotionflaske med pumpe til bulklevering"},"content":{"rendered":"<p>Flaskedesignet p\u00e5 denne lotionflaske med pumpe har en cylindrisk form, der bruger frostet glas til at skabe det bl\u00f8de, m\u00e6lkehvide udseende. Flaskehuset og den hvide plastpumpe er forbundet med en naturlig bambustekstur, der str\u00e6kker sig til det gennemsigtige beskyttelsesd\u00e6ksel, der beskytter pumpehovedet.<\/p>\n<h2>N\u00f8glespecifikationer<\/h2>\n<table style=\"border-collapse: collapse; margin-left: auto; margin-right: auto; width: 80%;\" border=\"0\" width=\"652\" cellspacing=\"0\" cellpadding=\"0\">\n<tbody>\n<tr style=\"height: 13.50pt;\">\n<td style=\"height: 13.50pt; width: 116.25pt;\" width=\"155\" height=\"18\">Funktion<\/td>\n<td style=\"width: 372.75pt;\" width=\"497\">Detalje<\/td>\n<\/tr>\n<tr style=\"height: 13.50pt;\">\n<td style=\"height: 13.50pt;\" height=\"18\">Tilg\u00e6ngelige st\u00f8rrelser<\/td>\n<td>20 ml, 30 ml, 40 ml, 60 ml (ideel lotionflaske med pumpest\u00f8rrelse)<\/td>\n<\/tr>\n<tr style=\"height: 13.50pt;\">\n<td style=\"height: 13.50pt;\" height=\"18\">Materiale<\/td>\n<td>Natrium-calciumglas<\/td>\n<\/tr>\n<tr style=\"height: 13.50pt;\">\n<td style=\"height: 13.50pt;\" height=\"18\">Pumpe<\/td>\n<td>plastik med krave i naturtr\u00e6<\/td>\n<\/tr>\n<tr style=\"height: 13.50pt;\">\n<td style=\"height: 13.50pt;\" height=\"18\">Slutte<\/td>\n<td>Mat hvidt glashus<\/td>\n<\/tr>\n<tr style=\"height: 13.50pt;\">\n<td style=\"height: 13.50pt;\" height=\"18\">Tilpasning<\/td>\n<td>Farve, tr\u00e6tone, logomuligheder<\/td>\n<\/tr>\n<tr style=\"height: 13.50pt;\">\n<td style=\"height: 13.50pt;\" height=\"18\">Ideel til<\/td>\n<td>Lotion, serum, fugtighedscreme, kropspleje<\/td>\n<\/tr>\n<\/tbody>\n<\/table>\n<h2>Succeshistorie<\/h2>\n<p>Et californisk Pure Beauty-m\u00e6rke valgte vores 20 ml glasflaskelotionprodukt, som de tilpassede ved at tilf\u00f8je et lasergraveret m\u00e6rkelogo til bambushalsen og et BPA-frit vakuumpumpehoved. Kombinationen af \u200b\u200bnaturlige materialer \u00f8gede m\u00e6rkets autenticitet og b\u00e6redygtighed med 40 % if\u00f8lge forbrugerunders\u00f8gelser, mens vakuumpumpehovedet forl\u00e6ngede holdbarheden af \u200b\u200bderes konserveringsmiddelfri lotion med 35 %. M\u00e6rket opn\u00e5ede stor succes og afgav efterf\u00f8lgende en yderligere ordre p\u00e5 500.000 flasker for at producere en ny serie af showergel- og h\u00e5ndcremeprodukter.<\/p>\n<h2>Vil du tilpasse din?<\/h2>\n<p>Du beh\u00f8ver ikke at holde dig til hvid. Denne tomme glasflaskelotion er fuldt ud tilpasningsdygtig.<\/p>\n<ul>\n<li><strong>Skift farven:<\/strong> Pr\u00f8v bl\u00f8d salvie, varm beige eller dyb marinebl\u00e5. Match dit brands vibe.<\/li>\n<li><strong>Skift tr\u00e6et:<\/strong> Lys eg, valn\u00f8d eller bambus? Ja, det kan du.<\/li>\n<li><strong>Tilf\u00f8j dit logo:<\/strong> Vi tilbyder lasergravering eller silketryk \u2013 det er dit valg.<\/li>\n<li><strong>Skal\u00e9r smart:<\/strong> Brug for 1000 enheder til en testk\u00f8rsel? Eller 30.000 til en stor lancering? Vi h\u00e5ndterer begge dele.<\/li>\n<\/ul>\n<p>Denne lotionflaske med pumpe er ikke bare en beholder. Det er et l\u00e6rred. Du bidrager med visionen. Vi g\u00f8r den til virkelighed.<\/p>","protected":false},"excerpt":{"rendered":"<p>Premium lotionflaske med pumpe i mat glas og naturlig bambusring. Glasflaske med lotion, ideel til hudplejem\u00e6rker. Hurtig levering til hele verden.<\/p>","protected":false},"featured_media":5286,"comment_status":"open","ping_status":"closed","template":"","meta":{"_acf_changed":false,"site-sidebar-layout":"default","site-content-layout":"","ast-site-content-layout":"default","site-content-style":"default","site-sidebar-style":"default","ast-global-header-display":"","ast-banner-title-visibility":"","ast-main-header-display":"","ast-hfb-above-header-display":"","ast-hfb-below-header-display":"","ast-hfb-mobile-header-display":"","site-post-title":"","ast-breadcrumbs-content":"","ast-featured-img":"","footer-sml-layout":"","ast-disable-related-posts":"","theme-transparent-header-meta":"default","adv-header-id-meta":"","stick-header-meta":"","header-above-stick-meta":"","header-main-stick-meta":"","header-below-stick-meta":"","astra-migrate-meta-layouts":"set","ast-page-background-enabled":"default","ast-page-background-meta":{"desktop":{"background-color":"var(--ast-global-color-5)","background-image":"","background-repeat":"repeat","background-position":"center center","background-size":"auto","background-attachment":"scroll","background-type":"","background-media":"","overlay-type":"","overlay-color":"","overlay-opacity":"","overlay-gradient":""},"tablet":{"background-color":"","background-image":"","background-repeat":"repeat","background-position":"center center","background-size":"auto","background-attachment":"scroll","background-type":"","background-media":"","overlay-type":"","overlay-color":"","overlay-opacity":"","overlay-gradient":""},"mobile":{"background-color":"","background-image":"","background-repeat":"repeat","background-position":"center center","background-size":"auto","background-attachment":"scroll","background-type":"","background-media":"","overlay-type":"","overlay-color":"","overlay-opacity":"","overlay-gradient":""}},"ast-content-background-meta":{"desktop":{"background-color":"var(--ast-global-color-4)","background-image":"","background-repeat":"repeat","background-position":"center center","background-size":"auto","background-attachment":"scroll","background-type":"","background-media":"","overlay-type":"","overlay-color":"","overlay-opacity":"","overlay-gradient":""},"tablet":{"background-color":"var(--ast-global-color-4)","background-image":"","background-repeat":"repeat","background-position":"center center","background-size":"auto","background-attachment":"scroll","background-type":"","background-media":"","overlay-type":"","overlay-color":"","overlay-opacity":"","overlay-gradient":""},"mobile":{"background-color":"var(--ast-global-color-4)","background-image":"","background-repeat":"repeat","background-position":"center center","background-size":"auto","background-attachment":"scroll","background-type":"","background-media":"","overlay-type":"","overlay-color":"","overlay-opacity":"","overlay-gradient":""}}},"product_brand":[],"product_cat":[71,72,62],"product_tag":[190,204],"class_list":{"0":"post-5273","1":"product","2":"type-product","3":"status-publish","4":"has-post-thumbnail","6":"product_cat-glass-lotion-bottles","7":"product_cat-cosmetic-packaging","8":"product_cat-cosmetic-containers","9":"product_tag-cosmetic-pots-with-lids","10":"product_tag-frosted-cosmetic-jars","11":"desktop-align-left","12":"tablet-align-left","13":"mobile-align-left","15":"first","16":"instock","17":"shipping-taxable","18":"product-type-simple"},"acf":[],"jetpack_sharing_enabled":true,"_links":{"self":[{"href":"https:\/\/theperfumebottles.com\/da\/wp-json\/wp\/v2\/product\/5273","targetHints":{"allow":["GET"]}}],"collection":[{"href":"https:\/\/theperfumebottles.com\/da\/wp-json\/wp\/v2\/product"}],"about":[{"href":"https:\/\/theperfumebottles.com\/da\/wp-json\/wp\/v2\/types\/product"}],"replies":[{"embeddable":true,"href":"https:\/\/theperfumebottles.com\/da\/wp-json\/wp\/v2\/comments?post=5273"}],"wp:featuredmedia":[{"embeddable":true,"href":"https:\/\/theperfumebottles.com\/da\/wp-json\/wp\/v2\/media\/5286"}],"wp:attachment":[{"href":"https:\/\/theperfumebottles.com\/da\/wp-json\/wp\/v2\/media?parent=5273"}],"wp:term":[{"taxonomy":"product_brand","embeddable":true,"href":"https:\/\/theperfumebottles.com\/da\/wp-json\/wp\/v2\/product_brand?post=5273"},{"taxonomy":"product_cat","embeddable":true,"href":"https:\/\/theperfumebottles.com\/da\/wp-json\/wp\/v2\/product_cat?post=5273"},{"taxonomy":"product_tag","embeddable":true,"href":"https:\/\/theperfumebottles.com\/da\/wp-json\/wp\/v2\/product_tag?post=5273"}],"curies":[{"name":"wp","href":"https:\/\/api.w.org\/{rel}","templated":true}]}}