{"id":5287,"date":"2025-08-07T18:38:59","date_gmt":"2025-08-07T10:38:59","guid":{"rendered":"https:\/\/theperfumebottles.com\/?post_type=product&#038;p=5287"},"modified":"2026-04-02T14:06:27","modified_gmt":"2026-04-02T06:06:27","slug":"wholesale-cosmetic-bottles-glass-with-lotion-pump","status":"publish","type":"product","link":"https:\/\/theperfumebottles.com\/da\/vare\/wholesale-cosmetic-bottles-glass-with-lotion-pump\/","title":{"rendered":"Engros 30ml tomme kosmetikflasker i glas med Glod Lotion Pumpe"},"content":{"rendered":"<p>Den h\u00f8jkvalitets kosmetikglasflaske har et cylindrisk design med en forbedret afrundet base, der er fremstillet af ultraklart premiumglas. Produktet har en sofistikeret guldfarvet spraypumpe med en gennemsigtig sikkerhedsh\u00e6tte i glas og flere farvemuligheder.<\/p>\n<h2>N\u00f8glespecifikationer<\/h2>\n<table style=\"border-collapse: collapse; margin-left: auto; margin-right: auto; width: 80%;\" border=\"0\" width=\"526\" cellspacing=\"0\" cellpadding=\"0\">\n<tbody>\n<tr style=\"height: 13.50pt;\">\n<td style=\"height: 13.50pt; width: 116.25pt;\" width=\"155\" height=\"18\">Funktion<\/td>\n<td style=\"width: 278.25pt;\" width=\"371\">Detalje<\/td>\n<\/tr>\n<tr style=\"height: 13.50pt;\">\n<td style=\"height: 13.50pt;\" height=\"18\">Kapacitet<\/td>\n<td>30 ml (optimal glasst\u00f8rrelse for kosmetikflasker)<\/td>\n<\/tr>\n<tr style=\"height: 13.50pt;\">\n<td style=\"height: 13.50pt;\" height=\"18\">Materiale<\/td>\n<td>Natrium-calciumglas<\/td>\n<\/tr>\n<tr style=\"height: 13.50pt;\">\n<td style=\"height: 13.50pt;\" height=\"18\">Pumpe<\/td>\n<td>Metalpumpe med skive (guldfarvet)<\/td>\n<\/tr>\n<tr style=\"height: 13.50pt;\">\n<td style=\"height: 13.50pt;\" height=\"18\">Form<\/td>\n<td>Cylindrisk, slank profil<\/td>\n<\/tr>\n<tr style=\"height: 13.50pt;\">\n<td style=\"height: 13.50pt;\" height=\"18\">Tilpasning<\/td>\n<td>Farvemuligheder for glas og pumpe<\/td>\n<\/tr>\n<tr style=\"height: 13.50pt;\">\n<td style=\"height: 13.50pt;\" height=\"18\">Brugsscenarie<\/td>\n<td>Lotion, serum, fugtighedscreme<\/td>\n<\/tr>\n<\/tbody>\n<\/table>\n<h2>Succeshistorie<\/h2>\n<p>Den franske parfumemager valgte vores 30 ml tomme lotionflaskepumpe til sit specialdesign, som inkluderede et matguld pumpehoved og et sandbl\u00e6st m\u00e6rkelogo. Den v\u00e6gtede base giver produktet en &#034;premium-f\u00f8lelse&#034;, et punkt, der n\u00e6vnes i 95 % af kundeanmeldelserne. Den gyldne spraydyse skaber en fin t\u00e5ge, der \u00f8ger produktv\u00e6rdien og reducerer sprayspild med 30 %. Duftsprayen opn\u00e5ede en stor salgssucces, hvilket f\u00f8rte til, at de bestilte 300.000 ekstra flasker til deres nye duftspraylinje til rum og tekstiler.<\/p>\n<h2>Tilpasningsmuligheder for lotionflasker<\/h2>\n<ul>\n<li>Pumpehoved og -hals f\u00e5s i fire farvemuligheder, herunder guld, rosaguld, s\u00f8lv og sort.<\/li>\n<li>Systemet tilbyder to indstillinger for spr\u00f8jtet\u00e5ge, herunder fin og medium t\u00e5ge, samt kontinuerlig spr\u00f8jtefunktion.<\/li>\n<li>Produktet leveres med en magnetisk metalh\u00e6tte, der giver fuldst\u00e6ndig beskyttelse mod l\u00e6kager, samtidig med at den er nem at transportere.<\/li>\n<\/ul>","protected":false},"excerpt":{"rendered":"<p>Bulklevering af kosmetikflasker i glas med tom lotionflaskepumpe \u2013 specialfremstillede muligheder tilg\u00e6ngelige for hudpleje- og sk\u00f8nhedsm\u00e6rker til engrospriser.<\/p>","protected":false},"featured_media":5290,"comment_status":"open","ping_status":"closed","template":"","meta":{"_acf_changed":false,"site-sidebar-layout":"default","site-content-layout":"","ast-site-content-layout":"default","site-content-style":"default","site-sidebar-style":"default","ast-global-header-display":"","ast-banner-title-visibility":"","ast-main-header-display":"","ast-hfb-above-header-display":"","ast-hfb-below-header-display":"","ast-hfb-mobile-header-display":"","site-post-title":"","ast-breadcrumbs-content":"","ast-featured-img":"","footer-sml-layout":"","ast-disable-related-posts":"","theme-transparent-header-meta":"default","adv-header-id-meta":"","stick-header-meta":"","header-above-stick-meta":"","header-main-stick-meta":"","header-below-stick-meta":"","astra-migrate-meta-layouts":"set","ast-page-background-enabled":"default","ast-page-background-meta":{"desktop":{"background-color":"var(--ast-global-color-5)","background-image":"","background-repeat":"repeat","background-position":"center center","background-size":"auto","background-attachment":"scroll","background-type":"","background-media":"","overlay-type":"","overlay-color":"","overlay-opacity":"","overlay-gradient":""},"tablet":{"background-color":"","background-image":"","background-repeat":"repeat","background-position":"center center","background-size":"auto","background-attachment":"scroll","background-type":"","background-media":"","overlay-type":"","overlay-color":"","overlay-opacity":"","overlay-gradient":""},"mobile":{"background-color":"","background-image":"","background-repeat":"repeat","background-position":"center center","background-size":"auto","background-attachment":"scroll","background-type":"","background-media":"","overlay-type":"","overlay-color":"","overlay-opacity":"","overlay-gradient":""}},"ast-content-background-meta":{"desktop":{"background-color":"var(--ast-global-color-4)","background-image":"","background-repeat":"repeat","background-position":"center center","background-size":"auto","background-attachment":"scroll","background-type":"","background-media":"","overlay-type":"","overlay-color":"","overlay-opacity":"","overlay-gradient":""},"tablet":{"background-color":"var(--ast-global-color-4)","background-image":"","background-repeat":"repeat","background-position":"center center","background-size":"auto","background-attachment":"scroll","background-type":"","background-media":"","overlay-type":"","overlay-color":"","overlay-opacity":"","overlay-gradient":""},"mobile":{"background-color":"var(--ast-global-color-4)","background-image":"","background-repeat":"repeat","background-position":"center center","background-size":"auto","background-attachment":"scroll","background-type":"","background-media":"","overlay-type":"","overlay-color":"","overlay-opacity":"","overlay-gradient":""}}},"product_brand":[],"product_cat":[71,62,72],"product_tag":[190,204],"class_list":{"0":"post-5287","1":"product","2":"type-product","3":"status-publish","4":"has-post-thumbnail","6":"product_cat-glass-lotion-bottles","7":"product_cat-cosmetic-containers","8":"product_cat-cosmetic-packaging","9":"product_tag-cosmetic-pots-with-lids","10":"product_tag-frosted-cosmetic-jars","11":"desktop-align-left","12":"tablet-align-left","13":"mobile-align-left","15":"first","16":"instock","17":"shipping-taxable","18":"product-type-simple"},"acf":[],"jetpack_sharing_enabled":true,"_links":{"self":[{"href":"https:\/\/theperfumebottles.com\/da\/wp-json\/wp\/v2\/product\/5287","targetHints":{"allow":["GET"]}}],"collection":[{"href":"https:\/\/theperfumebottles.com\/da\/wp-json\/wp\/v2\/product"}],"about":[{"href":"https:\/\/theperfumebottles.com\/da\/wp-json\/wp\/v2\/types\/product"}],"replies":[{"embeddable":true,"href":"https:\/\/theperfumebottles.com\/da\/wp-json\/wp\/v2\/comments?post=5287"}],"wp:featuredmedia":[{"embeddable":true,"href":"https:\/\/theperfumebottles.com\/da\/wp-json\/wp\/v2\/media\/5290"}],"wp:attachment":[{"href":"https:\/\/theperfumebottles.com\/da\/wp-json\/wp\/v2\/media?parent=5287"}],"wp:term":[{"taxonomy":"product_brand","embeddable":true,"href":"https:\/\/theperfumebottles.com\/da\/wp-json\/wp\/v2\/product_brand?post=5287"},{"taxonomy":"product_cat","embeddable":true,"href":"https:\/\/theperfumebottles.com\/da\/wp-json\/wp\/v2\/product_cat?post=5287"},{"taxonomy":"product_tag","embeddable":true,"href":"https:\/\/theperfumebottles.com\/da\/wp-json\/wp\/v2\/product_tag?post=5287"}],"curies":[{"name":"wp","href":"https:\/\/api.w.org\/{rel}","templated":true}]}}