{"id":5306,"date":"2025-08-11T09:05:47","date_gmt":"2025-08-11T01:05:47","guid":{"rendered":"https:\/\/theperfumebottles.com\/?post_type=product&#038;p=5306"},"modified":"2025-08-11T09:05:49","modified_gmt":"2025-08-11T01:05:49","slug":"10ml-amber-glass-roller-ball-bottles-for-cosmetic-packaging-wholesale","status":"publish","type":"product","link":"https:\/\/theperfumebottles.com\/da\/vare\/10ml-amber-glass-roller-ball-bottles-for-cosmetic-packaging-wholesale\/","title":{"rendered":"10 ml ravfarvede glasrullekugleflasker til kosmetisk emballage engros"},"content":{"rendered":"<p>Hvis du leder efter en beholder, der beskytter dit produkt mod UV-skade, mens den skaber en stilf\u00f8lelse, er denne flaske din match.<\/p>\n<h2>N\u00f8glespecifikationer<\/h2>\n<table style=\"margin-left: auto;margin-right: auto;border-collapse: collapse;width: 80%\" border=\"0\" width=\"144\" cellspacing=\"0\" cellpadding=\"0\">\n<tbody>\n<tr style=\"height: 13.50pt\">\n<td style=\"height: 13.50pt;width: 54.00pt\" width=\"72\" height=\"18\">Funktion<\/td>\n<td style=\"width: 54.00pt\" width=\"72\">Detaljer<\/td>\n<\/tr>\n<tr style=\"height: 13.50pt\">\n<td style=\"height: 13.50pt\" height=\"18\">Kapacitet<\/td>\n<td>10 ml<\/td>\n<\/tr>\n<tr style=\"height: 13.50pt\">\n<td style=\"height: 13.50pt\" height=\"18\">Materiale<\/td>\n<td>Glimmerkrystalglas<\/td>\n<\/tr>\n<tr style=\"height: 13.50pt\">\n<td style=\"height: 13.50pt\" height=\"18\">T\u00e6tningsmekanisme<\/td>\n<td>Roll-On (St\u00e5lball)<\/td>\n<\/tr>\n<tr style=\"height: 13.50pt\">\n<td style=\"height: 13.50pt\" height=\"18\">Form<\/td>\n<td>Rund<\/td>\n<\/tr>\n<tr style=\"height: 13.50pt\">\n<td style=\"height: 13.50pt\" height=\"18\">Fitting<\/td>\n<td>St\u00e5l Roller + Guld Metal L\u00e5g<\/td>\n<\/tr>\n<\/tbody>\n<\/table>\n<h2>Succeshistorie: Hvordan en Voksende Hudsplejevirksomhed Forbedrede Kosmetikemballagefaktoren<\/h2>\n<p>En hudsplejemaskine lancerede en ny hudsplejelinje rettet mod milj\u00f8bevidste k\u00f8bere og valgte glimmerglas rulle flaske som deres emballage. Ved at bestille emballagen i bulk og inkludere skr\u00e6ddersyede etiketter med milj\u00f8m\u00e6ssige beskeder, reducerede de emballageprisen med 20% og registrerede en stigning p\u00e5 60% i salg. \"Den bueformede form p\u00e5 krukken er b\u00e5de moderne og praktisk,\" udtalte deres emballagechef.<\/p>\n<h2>Tips til tilpasning<\/h2>\n<ul>\n<li>At kombinere etiketten med en naturlig farve, s\u00e5som mosgr\u00f8n, skaber en k\u00f8lig og blid visuel stil; ved at tilf\u00f8je metaliske elementer skaber det en mere luksuri\u00f8s fornemmelse.<\/li>\n<li>Ved at integrere klog teknologi, en QR-kode indgravieret i flaskel\u00e5gen g\u00f8r emballagen ikke kun estetisk tiltalende, men ogs\u00e5 interaktiv. Brugerne kan \u0441\u043a\u0430\u043d\u0438\u0440\u043e\u0432\u0430\u0442\u044c koden for at f\u00e5 adgang til brugervejledninger eller genfyldningsoplysninger.<\/li>\n<\/ul>","protected":false},"excerpt":{"rendered":"<p>Forbedr din kosmetikemballage med glimmerglas kugleball flaske. 10ml rullende glas flaske til hudpleje, klar til levering. Perfekt til grossistordrer og sk\u00f8nhedsemballage.<\/p>","protected":false},"featured_media":5307,"comment_status":"open","ping_status":"closed","template":"","meta":{"_acf_changed":false,"site-sidebar-layout":"default","site-content-layout":"","ast-site-content-layout":"default","site-content-style":"default","site-sidebar-style":"default","ast-global-header-display":"","ast-banner-title-visibility":"","ast-main-header-display":"","ast-hfb-above-header-display":"","ast-hfb-below-header-display":"","ast-hfb-mobile-header-display":"","site-post-title":"","ast-breadcrumbs-content":"","ast-featured-img":"","footer-sml-layout":"","ast-disable-related-posts":"","theme-transparent-header-meta":"default","adv-header-id-meta":"","stick-header-meta":"","header-above-stick-meta":"","header-main-stick-meta":"","header-below-stick-meta":"","astra-migrate-meta-layouts":"set","ast-page-background-enabled":"default","ast-page-background-meta":{"desktop":{"background-color":"var(--ast-global-color-5)","background-image":"","background-repeat":"repeat","background-position":"center center","background-size":"auto","background-attachment":"scroll","background-type":"","background-media":"","overlay-type":"","overlay-color":"","overlay-opacity":"","overlay-gradient":""},"tablet":{"background-color":"","background-image":"","background-repeat":"repeat","background-position":"center center","background-size":"auto","background-attachment":"scroll","background-type":"","background-media":"","overlay-type":"","overlay-color":"","overlay-opacity":"","overlay-gradient":""},"mobile":{"background-color":"","background-image":"","background-repeat":"repeat","background-position":"center center","background-size":"auto","background-attachment":"scroll","background-type":"","background-media":"","overlay-type":"","overlay-color":"","overlay-opacity":"","overlay-gradient":""}},"ast-content-background-meta":{"desktop":{"background-color":"var(--ast-global-color-4)","background-image":"","background-repeat":"repeat","background-position":"center center","background-size":"auto","background-attachment":"scroll","background-type":"","background-media":"","overlay-type":"","overlay-color":"","overlay-opacity":"","overlay-gradient":""},"tablet":{"background-color":"var(--ast-global-color-4)","background-image":"","background-repeat":"repeat","background-position":"center center","background-size":"auto","background-attachment":"scroll","background-type":"","background-media":"","overlay-type":"","overlay-color":"","overlay-opacity":"","overlay-gradient":""},"mobile":{"background-color":"var(--ast-global-color-4)","background-image":"","background-repeat":"repeat","background-position":"center center","background-size":"auto","background-attachment":"scroll","background-type":"","background-media":"","overlay-type":"","overlay-color":"","overlay-opacity":"","overlay-gradient":""}}},"product_brand":[],"product_cat":[72,62,57,60],"product_tag":[213,214],"class_list":{"0":"post-5306","1":"product","2":"type-product","3":"status-publish","4":"has-post-thumbnail","6":"product_cat-cosmetic-packaging","7":"product_cat-cosmetic-containers","8":"product_cat-essential-oil-bottles","9":"product_cat-roller-bottles","10":"product_tag-amber-glass-roller-ball-bottles","11":"product_tag-roll-on-glass-bottles","12":"desktop-align-left","13":"tablet-align-left","14":"mobile-align-left","16":"first","17":"instock","18":"shipping-taxable","19":"product-type-simple"},"acf":[],"jetpack_sharing_enabled":true,"_links":{"self":[{"href":"https:\/\/theperfumebottles.com\/da\/wp-json\/wp\/v2\/product\/5306","targetHints":{"allow":["GET"]}}],"collection":[{"href":"https:\/\/theperfumebottles.com\/da\/wp-json\/wp\/v2\/product"}],"about":[{"href":"https:\/\/theperfumebottles.com\/da\/wp-json\/wp\/v2\/types\/product"}],"replies":[{"embeddable":true,"href":"https:\/\/theperfumebottles.com\/da\/wp-json\/wp\/v2\/comments?post=5306"}],"wp:featuredmedia":[{"embeddable":true,"href":"https:\/\/theperfumebottles.com\/da\/wp-json\/wp\/v2\/media\/5307"}],"wp:attachment":[{"href":"https:\/\/theperfumebottles.com\/da\/wp-json\/wp\/v2\/media?parent=5306"}],"wp:term":[{"taxonomy":"product_brand","embeddable":true,"href":"https:\/\/theperfumebottles.com\/da\/wp-json\/wp\/v2\/product_brand?post=5306"},{"taxonomy":"product_cat","embeddable":true,"href":"https:\/\/theperfumebottles.com\/da\/wp-json\/wp\/v2\/product_cat?post=5306"},{"taxonomy":"product_tag","embeddable":true,"href":"https:\/\/theperfumebottles.com\/da\/wp-json\/wp\/v2\/product_tag?post=5306"}],"curies":[{"name":"wp","href":"https:\/\/api.w.org\/{rel}","templated":true}]}}