{"id":5311,"date":"2025-08-08T17:15:15","date_gmt":"2025-08-08T09:15:15","guid":{"rendered":"https:\/\/theperfumebottles.com\/?post_type=product&#038;p=5311"},"modified":"2025-08-08T17:17:29","modified_gmt":"2025-08-08T09:17:29","slug":"glass-roller-ball-bottle-essential-roll-on-container-for-cosmetic-packaging","status":"publish","type":"product","link":"https:\/\/theperfumebottles.com\/da\/vare\/glass-roller-ball-bottle-essential-roll-on-container-for-cosmetic-packaging\/","title":{"rendered":"30ml 50ml glasrullekugleflasker \u2013 roll-on beholder til kosmetikemballage"},"content":{"rendered":"<p>Har du brug for et contain\u00f8r, der beskytter dit produkt mod lysskade, mens det g\u00f8r brugen let? Vores rulle p\u00e5 glasflasker er designet til brands, der \u00f8nsker kosmetisk emballage, der b\u00e5de er funktionel og stilfuld.<\/p>\n<h2>N\u00f8glespecifikationer<\/h2>\n<table style=\"border-collapse: collapse; width: 80%; margin-left: auto; margin-right: auto;\" border=\"0\" width=\"144\" cellspacing=\"0\" cellpadding=\"0\">\n<tbody>\n<tr style=\"height: 13.50pt;\">\n<td style=\"height: 13.50pt; width: 54.00pt;\" width=\"72\" height=\"18\">Funktion<\/td>\n<td style=\"width: 54.00pt;\" width=\"72\">Detaljer<\/td>\n<\/tr>\n<tr style=\"height: 13.50pt;\">\n<td style=\"height: 13.50pt;\" height=\"18\">Kapacitet<\/td>\n<td>30ml 50ml<\/td>\n<\/tr>\n<tr style=\"height: 13.50pt;\">\n<td style=\"height: 13.50pt;\" height=\"18\">Materiale<\/td>\n<td>Klart Glas<\/td>\n<\/tr>\n<tr style=\"height: 13.50pt;\">\n<td style=\"height: 13.50pt;\" height=\"18\">T\u00e6tningsmekanisme<\/td>\n<td>Rulle P\u00e5<\/td>\n<\/tr>\n<tr style=\"height: 13.50pt;\">\n<td style=\"height: 13.50pt;\" height=\"18\">Fitting<\/td>\n<td>Plastisk Rullkugle + Sort Plastikd\u00e6ksel<\/td>\n<\/tr>\n<\/tbody>\n<\/table>\n<h2>Succeshistorie: Hvordan en Gr\u00f8n Skincare-Brand \u00d8gede Salg med Brugerdefineret Rulle P\u00e5 Emballage<\/h2>\n<p>En \u00f8kologisk skincare-producer lancerede en skincare-r\u00e6kke rettet mod \u00f8kologisk bevidste kunder og valgte glas rulle p\u00e5 flaske til deres kosmetikemballage. Ved at bestille emballagen i volumen og inkludere brugerdefinerede etiketter med \u00f8kologisk budskab, reducerede de emballagegebyrer ved hj\u00e6lp af 20% og opn\u00e5ede en 60% stigning i indtjening.<\/p>\n<h2>Brugerdefineringsvejledninger<\/h2>\n<ul>\n<li><strong>Forenklet Flaskelinjer:<\/strong> En str\u00f8mlinet layout uden un\u00f8dig dekoration og en matted spids udtrykker en moderne, minimalistisk estetik.<\/li>\n<li><strong>Forbedret Visuel Genkendelse:<\/strong> Klart glasflaske og sort d\u00e6ksel skaber en h\u00e6ngende evaluering, der fremh\u00e6ver rigdommen og teksturen af den indholdende v\u00e6ske.<\/li>\n<\/ul>","protected":false},"excerpt":{"rendered":"<p>Opdag glass roller ball flaske med UV-resistentt klart glas og pr\u00e6cist rulleudgangsdesign. Perfekt til hudpleje, sk\u00f8nhedsforpakning og volumeordre.<\/p>","protected":false},"featured_media":5312,"comment_status":"open","ping_status":"closed","template":"","meta":{"_acf_changed":false,"site-sidebar-layout":"default","site-content-layout":"","ast-site-content-layout":"default","site-content-style":"default","site-sidebar-style":"default","ast-global-header-display":"","ast-banner-title-visibility":"","ast-main-header-display":"","ast-hfb-above-header-display":"","ast-hfb-below-header-display":"","ast-hfb-mobile-header-display":"","site-post-title":"","ast-breadcrumbs-content":"","ast-featured-img":"","footer-sml-layout":"","ast-disable-related-posts":"","theme-transparent-header-meta":"default","adv-header-id-meta":"","stick-header-meta":"","header-above-stick-meta":"","header-main-stick-meta":"","header-below-stick-meta":"","astra-migrate-meta-layouts":"set","ast-page-background-enabled":"default","ast-page-background-meta":{"desktop":{"background-color":"var(--ast-global-color-5)","background-image":"","background-repeat":"repeat","background-position":"center center","background-size":"auto","background-attachment":"scroll","background-type":"","background-media":"","overlay-type":"","overlay-color":"","overlay-opacity":"","overlay-gradient":""},"tablet":{"background-color":"","background-image":"","background-repeat":"repeat","background-position":"center center","background-size":"auto","background-attachment":"scroll","background-type":"","background-media":"","overlay-type":"","overlay-color":"","overlay-opacity":"","overlay-gradient":""},"mobile":{"background-color":"","background-image":"","background-repeat":"repeat","background-position":"center center","background-size":"auto","background-attachment":"scroll","background-type":"","background-media":"","overlay-type":"","overlay-color":"","overlay-opacity":"","overlay-gradient":""}},"ast-content-background-meta":{"desktop":{"background-color":"var(--ast-global-color-4)","background-image":"","background-repeat":"repeat","background-position":"center center","background-size":"auto","background-attachment":"scroll","background-type":"","background-media":"","overlay-type":"","overlay-color":"","overlay-opacity":"","overlay-gradient":""},"tablet":{"background-color":"var(--ast-global-color-4)","background-image":"","background-repeat":"repeat","background-position":"center center","background-size":"auto","background-attachment":"scroll","background-type":"","background-media":"","overlay-type":"","overlay-color":"","overlay-opacity":"","overlay-gradient":""},"mobile":{"background-color":"var(--ast-global-color-4)","background-image":"","background-repeat":"repeat","background-position":"center center","background-size":"auto","background-attachment":"scroll","background-type":"","background-media":"","overlay-type":"","overlay-color":"","overlay-opacity":"","overlay-gradient":""}}},"product_brand":[],"product_cat":[72,62,57,60],"product_tag":[215,214],"class_list":{"0":"post-5311","1":"product","2":"type-product","3":"status-publish","4":"has-post-thumbnail","6":"product_cat-cosmetic-packaging","7":"product_cat-cosmetic-containers","8":"product_cat-essential-oil-bottles","9":"product_cat-roller-bottles","10":"product_tag-glass-roller-ball-bottle","11":"product_tag-roll-on-glass-bottles","12":"desktop-align-left","13":"tablet-align-left","14":"mobile-align-left","16":"first","17":"instock","18":"shipping-taxable","19":"product-type-simple"},"acf":[],"jetpack_sharing_enabled":true,"_links":{"self":[{"href":"https:\/\/theperfumebottles.com\/da\/wp-json\/wp\/v2\/product\/5311","targetHints":{"allow":["GET"]}}],"collection":[{"href":"https:\/\/theperfumebottles.com\/da\/wp-json\/wp\/v2\/product"}],"about":[{"href":"https:\/\/theperfumebottles.com\/da\/wp-json\/wp\/v2\/types\/product"}],"replies":[{"embeddable":true,"href":"https:\/\/theperfumebottles.com\/da\/wp-json\/wp\/v2\/comments?post=5311"}],"wp:featuredmedia":[{"embeddable":true,"href":"https:\/\/theperfumebottles.com\/da\/wp-json\/wp\/v2\/media\/5312"}],"wp:attachment":[{"href":"https:\/\/theperfumebottles.com\/da\/wp-json\/wp\/v2\/media?parent=5311"}],"wp:term":[{"taxonomy":"product_brand","embeddable":true,"href":"https:\/\/theperfumebottles.com\/da\/wp-json\/wp\/v2\/product_brand?post=5311"},{"taxonomy":"product_cat","embeddable":true,"href":"https:\/\/theperfumebottles.com\/da\/wp-json\/wp\/v2\/product_cat?post=5311"},{"taxonomy":"product_tag","embeddable":true,"href":"https:\/\/theperfumebottles.com\/da\/wp-json\/wp\/v2\/product_tag?post=5311"}],"curies":[{"name":"wp","href":"https:\/\/api.w.org\/{rel}","templated":true}]}}