{"id":5354,"date":"2025-08-08T18:07:05","date_gmt":"2025-08-08T10:07:05","guid":{"rendered":"https:\/\/theperfumebottles.com\/?post_type=product&#038;p=5354"},"modified":"2026-04-01T15:42:44","modified_gmt":"2026-04-01T07:42:44","slug":"bulk-amber-glass-pump-bottles-for-skincare","status":"publish","type":"product","link":"https:\/\/theperfumebottles.com\/da\/vare\/bulk-amber-glass-pump-bottles-for-skincare\/","title":{"rendered":"Bulk 20ml 30ml 40ml ravfarvede glaspumpeflasker til lotionemballage"},"content":{"rendered":"<p>De ravfarvede glaspumpeflasker bruger klart ravfarvet glas til at skabe deres design, som inkluderer en kort cylindrisk form og en hvid pumpedispenser med en glash\u00e6tte.<\/p>\n<h2>N\u00f8glespecifikationer<\/h2>\n<table style=\"border-collapse: collapse; margin-left: auto; margin-right: auto; width: 80%;\" border=\"0\" width=\"445\" cellspacing=\"0\" cellpadding=\"0\">\n<tbody>\n<tr style=\"height: 13.50pt;\">\n<td style=\"height: 13.50pt; width: 136.50pt;\" width=\"182\" height=\"18\">Funktion<\/td>\n<td style=\"width: 197.25pt;\" width=\"263\">Detalje<\/td>\n<\/tr>\n<tr style=\"height: 13.50pt;\">\n<td style=\"height: 13.50pt;\" height=\"18\">Kapacitetsmuligheder<\/td>\n<td>20 ml, 30 ml, 40 ml<\/td>\n<\/tr>\n<tr style=\"height: 13.50pt;\">\n<td style=\"height: 13.50pt;\" height=\"18\">Flaskest\u00f8rrelse (ca.)<\/td>\n<td>36 mm diameter, 55\u201382 mm h\u00f8jde<\/td>\n<\/tr>\n<tr style=\"height: 13.50pt;\">\n<td style=\"height: 13.50pt;\" height=\"18\">Materiale<\/td>\n<td>Ravfarvet glas<\/td>\n<\/tr>\n<tr style=\"height: 13.50pt;\">\n<td style=\"height: 13.50pt;\" height=\"18\">Closure<\/td>\n<td>Gennemsigtigt l\u00e5g + hvid pumpe<\/td>\n<\/tr>\n<tr style=\"height: 13.50pt;\">\n<td style=\"height: 13.50pt;\" height=\"18\">Ideel til<\/td>\n<td>Hudpleje, serummer, lotioner<\/td>\n<\/tr>\n<\/tbody>\n<\/table>\n<h2>Succeshistorie<\/h2>\n<p>Et californisk sk\u00f8nhedsm\u00e6rke valgte vores 100 ml tomme lotionflaskepumpe og tilpassede det hvide pumpehoved og den matterede glasl\u00e5g. Det brugerdefinerede flaskedesign leverede betydelig v\u00e6rdi: det pr\u00e6cise pumpehoved reducerede den gennemsnitlige m\u00e6ngde, som kunderne brugte, med 25 %, hvilket forl\u00e6ngede produktets holdbarhed, mens den unikke matterede l\u00e5g blev et signaturtr\u00e6k for m\u00e6rket, hvilket resulterede i en stigning p\u00e5 150 % i omtaler p\u00e5 sociale medier. Virksomheden udvidede sine aktiviteter efter at have opn\u00e5et succes gennem to aktiviteter, som omfattede bestilling af 620.000 flasker af deres nye CBD-ansigtsolieprodukt og etablering af et partnerskab med en virksomhed, der udbyder abonnementsbokse til sk\u00f8nhedsprodukter.<\/p>\n<h2>Tilpasningstips til at f\u00e5 dit brand til at skille sig ud p\u00e5 hylden<\/h2>\n<p>Vil du have, at dit brand fanger opm\u00e6rksomheden og fastholder kunderne?<\/p>\n<ul>\n<li><strong>Skift pumpespidsen:<\/strong> Pr\u00f8v sort eller guld for en luksuri\u00f8s stemning.<\/li>\n<li><strong>Smart farve:<\/strong> Rav er et klassisk valg. Men hvis du \u00f8nsker et karakteristisk look, tilbyder vi brugerdefinerede farvekombinationer.<\/li>\n<li><strong>Etiketplads:<\/strong> Den slanke cylindriske form giver dig plads til at fort\u00e6lle din brandhistorie.<\/li>\n<li><strong>St\u00f8rrelse rigtig:<\/strong> V\u00e6lg 20 ml til rejseflasker og 40 ml til premiumpriser. St\u00f8rrelsen b\u00f8r tilpasses din m\u00e5lgruppe.<\/li>\n<\/ul>","protected":false},"excerpt":{"rendered":"<p>Ravfarvede glaspumpeflasker med klassisk design og t\u00e6t forsegling. Tom lotionpumpe perfekt til store ordrer. Engrosrabatter tilg\u00e6ngelige. Hurtig levering.<\/p>","protected":false},"featured_media":5369,"comment_status":"open","ping_status":"closed","template":"","meta":{"_acf_changed":false,"site-sidebar-layout":"default","site-content-layout":"","ast-site-content-layout":"default","site-content-style":"default","site-sidebar-style":"default","ast-global-header-display":"","ast-banner-title-visibility":"","ast-main-header-display":"","ast-hfb-above-header-display":"","ast-hfb-below-header-display":"","ast-hfb-mobile-header-display":"","site-post-title":"","ast-breadcrumbs-content":"","ast-featured-img":"","footer-sml-layout":"","ast-disable-related-posts":"","theme-transparent-header-meta":"default","adv-header-id-meta":"","stick-header-meta":"","header-above-stick-meta":"","header-main-stick-meta":"","header-below-stick-meta":"","astra-migrate-meta-layouts":"set","ast-page-background-enabled":"default","ast-page-background-meta":{"desktop":{"background-color":"var(--ast-global-color-5)","background-image":"","background-repeat":"repeat","background-position":"center center","background-size":"auto","background-attachment":"scroll","background-type":"","background-media":"","overlay-type":"","overlay-color":"","overlay-opacity":"","overlay-gradient":""},"tablet":{"background-color":"","background-image":"","background-repeat":"repeat","background-position":"center center","background-size":"auto","background-attachment":"scroll","background-type":"","background-media":"","overlay-type":"","overlay-color":"","overlay-opacity":"","overlay-gradient":""},"mobile":{"background-color":"","background-image":"","background-repeat":"repeat","background-position":"center center","background-size":"auto","background-attachment":"scroll","background-type":"","background-media":"","overlay-type":"","overlay-color":"","overlay-opacity":"","overlay-gradient":""}},"ast-content-background-meta":{"desktop":{"background-color":"var(--ast-global-color-4)","background-image":"","background-repeat":"repeat","background-position":"center center","background-size":"auto","background-attachment":"scroll","background-type":"","background-media":"","overlay-type":"","overlay-color":"","overlay-opacity":"","overlay-gradient":""},"tablet":{"background-color":"var(--ast-global-color-4)","background-image":"","background-repeat":"repeat","background-position":"center center","background-size":"auto","background-attachment":"scroll","background-type":"","background-media":"","overlay-type":"","overlay-color":"","overlay-opacity":"","overlay-gradient":""},"mobile":{"background-color":"var(--ast-global-color-4)","background-image":"","background-repeat":"repeat","background-position":"center center","background-size":"auto","background-attachment":"scroll","background-type":"","background-media":"","overlay-type":"","overlay-color":"","overlay-opacity":"","overlay-gradient":""}}},"product_brand":[],"product_cat":[71,72,62],"product_tag":[190,204],"class_list":{"0":"post-5354","1":"product","2":"type-product","3":"status-publish","4":"has-post-thumbnail","6":"product_cat-glass-lotion-bottles","7":"product_cat-cosmetic-packaging","8":"product_cat-cosmetic-containers","9":"product_tag-cosmetic-pots-with-lids","10":"product_tag-frosted-cosmetic-jars","11":"desktop-align-left","12":"tablet-align-left","13":"mobile-align-left","15":"first","16":"instock","17":"shipping-taxable","18":"product-type-simple"},"acf":[],"jetpack_sharing_enabled":true,"_links":{"self":[{"href":"https:\/\/theperfumebottles.com\/da\/wp-json\/wp\/v2\/product\/5354","targetHints":{"allow":["GET"]}}],"collection":[{"href":"https:\/\/theperfumebottles.com\/da\/wp-json\/wp\/v2\/product"}],"about":[{"href":"https:\/\/theperfumebottles.com\/da\/wp-json\/wp\/v2\/types\/product"}],"replies":[{"embeddable":true,"href":"https:\/\/theperfumebottles.com\/da\/wp-json\/wp\/v2\/comments?post=5354"}],"wp:featuredmedia":[{"embeddable":true,"href":"https:\/\/theperfumebottles.com\/da\/wp-json\/wp\/v2\/media\/5369"}],"wp:attachment":[{"href":"https:\/\/theperfumebottles.com\/da\/wp-json\/wp\/v2\/media?parent=5354"}],"wp:term":[{"taxonomy":"product_brand","embeddable":true,"href":"https:\/\/theperfumebottles.com\/da\/wp-json\/wp\/v2\/product_brand?post=5354"},{"taxonomy":"product_cat","embeddable":true,"href":"https:\/\/theperfumebottles.com\/da\/wp-json\/wp\/v2\/product_cat?post=5354"},{"taxonomy":"product_tag","embeddable":true,"href":"https:\/\/theperfumebottles.com\/da\/wp-json\/wp\/v2\/product_tag?post=5354"}],"curies":[{"name":"wp","href":"https:\/\/api.w.org\/{rel}","templated":true}]}}