{"id":5355,"date":"2025-08-08T18:08:52","date_gmt":"2025-08-08T10:08:52","guid":{"rendered":"https:\/\/theperfumebottles.com\/?post_type=product&#038;p=5355"},"modified":"2026-04-01T15:09:21","modified_gmt":"2026-04-01T07:09:21","slug":"bulk-glass-amber-pump-bottle-for-cosmetic-packaging","status":"publish","type":"product","link":"https:\/\/theperfumebottles.com\/da\/vare\/bulk-glass-amber-pump-bottle-for-cosmetic-packaging\/","title":{"rendered":"5 ml -100 ml ravfarvede glaspumpeflasker til kosmetisk emballage"},"content":{"rendered":"<p>Den ravfarvede glaspumpeflaske har et moderne design, der skaber en beholder med sin afrundede cylindriske form lavet af premium gennemskinneligt ravfarvet glas og sit pr\u00e6cis matchende sorte pumpehoved og gennemsigtige glassikkerhedsd\u00e6ksel.<\/p>\n<h2>N\u00f8glespecifikationer<\/h2>\n<table style=\"border-collapse: collapse; margin-left: auto; margin-right: auto; width: 80%;\" border=\"0\" width=\"486\" cellspacing=\"0\" cellpadding=\"0\">\n<tbody>\n<tr style=\"height: 13.50pt;\">\n<td style=\"height: 13.50pt; width: 117.75pt;\" width=\"157\" height=\"18\">Funktion<\/td>\n<td style=\"width: 246.75pt;\" width=\"329\">Detalje<\/td>\n<\/tr>\n<tr style=\"height: 13.50pt;\">\n<td style=\"height: 13.50pt;\" height=\"18\">Kapacitetsmuligheder<\/td>\n<td>5 ml, 10 ml, 15 ml, 20 ml, 30 ml, 50 ml, 100 ml<\/td>\n<\/tr>\n<tr style=\"height: 13.50pt;\">\n<td style=\"height: 13.50pt;\" height=\"18\">Flaskest\u00f8rrelsesomr\u00e5de<\/td>\n<td>22-44,5 mm diameter, 50-112 mm h\u00f8jde<\/td>\n<\/tr>\n<tr style=\"height: 13.50pt;\">\n<td style=\"height: 13.50pt;\" height=\"18\">Materiale<\/td>\n<td>Brunt glas med h\u00f8j klarhed<\/td>\n<\/tr>\n<tr style=\"height: 13.50pt;\">\n<td style=\"height: 13.50pt;\" height=\"18\">Closure<\/td>\n<td>Sort pumpe med vinklet spids<\/td>\n<\/tr>\n<tr style=\"height: 13.50pt;\">\n<td style=\"height: 13.50pt;\" height=\"18\">Pumper\u00f8r<\/td>\n<td>Langt, klart r\u00f8r til fuld brug<\/td>\n<\/tr>\n<tr style=\"height: 13.50pt;\">\n<td style=\"height: 13.50pt;\" height=\"18\">Ideel til<\/td>\n<td>Serummer, lotions, ansigtsolier<\/td>\n<\/tr>\n<\/tbody>\n<\/table>\n<h2>Succeshistorie<\/h2>\n<p>Det professionelle hudplejem\u00e6rke valgte vores 30 ml brune glasflasker med pumpe, efter at de havde tilf\u00f8jet en serigrafitrykt &#034;airless&#034;-etiket og en effektiv pumpe, der passer til deres viskose serumprodukter. UV-beskyttelsen opretholder 95 % ingredienseffektivitet for serummet i l\u00f8bet af 12 m\u00e5neder. Pumpesystemet reducerer oxidation og affaldsproduktion med 30 % sammenlignet med pipetteflasker. M\u00e6rket opn\u00e5ede massiv succes med sit produkt, hvilket resulterede i en opf\u00f8lgende ordre p\u00e5 750.000 flasker til hele deres serie af antioxidante serummer og hudplejeprodukter.<\/p>\n<h2>Brune glasflasker med pumpetilpasningsmuligheder<\/h2>\n<ul>\n<li>Den lyse ravfarvede glasflaske f\u00e5s i tre forskellige nuancer, herunder lys rav, mellem rav og m\u00f8rk rav.<\/li>\n<li>Vakuumpumpesystemet giver brugerne et komplet vakuumpumpesystem, der garanterer maksimal beskyttelse af deres ustabile aktive ingredienser gennem antioxidante forsvarsmekanismer.<\/li>\n<li>Bunden af \u200b\u200bflasken kan vise en h\u00e6vet skala, der viser &#034;100 ml&#034;, eller brugerne kan v\u00e6lge at vise deres brandlogo gennem et lille logodisplay.<\/li>\n<\/ul>","protected":false},"excerpt":{"rendered":"<p>Elegant ravfarvet glaspumpeflaske med sikker pumpe og l\u00e5g. Brune glasflasker med pumpe til cremer og v\u00e6sker. Mulighed for brugerdefineret branding. Gratis pr\u00f8ver.<\/p>","protected":false},"featured_media":5356,"comment_status":"open","ping_status":"closed","template":"","meta":{"_acf_changed":false,"site-sidebar-layout":"default","site-content-layout":"","ast-site-content-layout":"default","site-content-style":"default","site-sidebar-style":"default","ast-global-header-display":"","ast-banner-title-visibility":"","ast-main-header-display":"","ast-hfb-above-header-display":"","ast-hfb-below-header-display":"","ast-hfb-mobile-header-display":"","site-post-title":"","ast-breadcrumbs-content":"","ast-featured-img":"","footer-sml-layout":"","ast-disable-related-posts":"","theme-transparent-header-meta":"default","adv-header-id-meta":"","stick-header-meta":"","header-above-stick-meta":"","header-main-stick-meta":"","header-below-stick-meta":"","astra-migrate-meta-layouts":"set","ast-page-background-enabled":"default","ast-page-background-meta":{"desktop":{"background-color":"var(--ast-global-color-5)","background-image":"","background-repeat":"repeat","background-position":"center center","background-size":"auto","background-attachment":"scroll","background-type":"","background-media":"","overlay-type":"","overlay-color":"","overlay-opacity":"","overlay-gradient":""},"tablet":{"background-color":"","background-image":"","background-repeat":"repeat","background-position":"center center","background-size":"auto","background-attachment":"scroll","background-type":"","background-media":"","overlay-type":"","overlay-color":"","overlay-opacity":"","overlay-gradient":""},"mobile":{"background-color":"","background-image":"","background-repeat":"repeat","background-position":"center center","background-size":"auto","background-attachment":"scroll","background-type":"","background-media":"","overlay-type":"","overlay-color":"","overlay-opacity":"","overlay-gradient":""}},"ast-content-background-meta":{"desktop":{"background-color":"var(--ast-global-color-4)","background-image":"","background-repeat":"repeat","background-position":"center center","background-size":"auto","background-attachment":"scroll","background-type":"","background-media":"","overlay-type":"","overlay-color":"","overlay-opacity":"","overlay-gradient":""},"tablet":{"background-color":"var(--ast-global-color-4)","background-image":"","background-repeat":"repeat","background-position":"center center","background-size":"auto","background-attachment":"scroll","background-type":"","background-media":"","overlay-type":"","overlay-color":"","overlay-opacity":"","overlay-gradient":""},"mobile":{"background-color":"var(--ast-global-color-4)","background-image":"","background-repeat":"repeat","background-position":"center center","background-size":"auto","background-attachment":"scroll","background-type":"","background-media":"","overlay-type":"","overlay-color":"","overlay-opacity":"","overlay-gradient":""}}},"product_brand":[],"product_cat":[71,72,62],"product_tag":[190,204],"class_list":{"0":"post-5355","1":"product","2":"type-product","3":"status-publish","4":"has-post-thumbnail","6":"product_cat-glass-lotion-bottles","7":"product_cat-cosmetic-packaging","8":"product_cat-cosmetic-containers","9":"product_tag-cosmetic-pots-with-lids","10":"product_tag-frosted-cosmetic-jars","11":"desktop-align-left","12":"tablet-align-left","13":"mobile-align-left","15":"first","16":"instock","17":"shipping-taxable","18":"product-type-simple"},"acf":[],"jetpack_sharing_enabled":true,"_links":{"self":[{"href":"https:\/\/theperfumebottles.com\/da\/wp-json\/wp\/v2\/product\/5355","targetHints":{"allow":["GET"]}}],"collection":[{"href":"https:\/\/theperfumebottles.com\/da\/wp-json\/wp\/v2\/product"}],"about":[{"href":"https:\/\/theperfumebottles.com\/da\/wp-json\/wp\/v2\/types\/product"}],"replies":[{"embeddable":true,"href":"https:\/\/theperfumebottles.com\/da\/wp-json\/wp\/v2\/comments?post=5355"}],"wp:featuredmedia":[{"embeddable":true,"href":"https:\/\/theperfumebottles.com\/da\/wp-json\/wp\/v2\/media\/5356"}],"wp:attachment":[{"href":"https:\/\/theperfumebottles.com\/da\/wp-json\/wp\/v2\/media?parent=5355"}],"wp:term":[{"taxonomy":"product_brand","embeddable":true,"href":"https:\/\/theperfumebottles.com\/da\/wp-json\/wp\/v2\/product_brand?post=5355"},{"taxonomy":"product_cat","embeddable":true,"href":"https:\/\/theperfumebottles.com\/da\/wp-json\/wp\/v2\/product_cat?post=5355"},{"taxonomy":"product_tag","embeddable":true,"href":"https:\/\/theperfumebottles.com\/da\/wp-json\/wp\/v2\/product_tag?post=5355"}],"curies":[{"name":"wp","href":"https:\/\/api.w.org\/{rel}","templated":true}]}}