{"id":5404,"date":"2025-08-11T18:02:10","date_gmt":"2025-08-11T10:02:10","guid":{"rendered":"https:\/\/theperfumebottles.com\/?post_type=product&#038;p=5404"},"modified":"2026-04-01T14:48:59","modified_gmt":"2026-04-01T06:48:59","slug":"custom-frosted-empty-lotion-bottle-with-pump-and-gold-lid","status":"publish","type":"product","link":"https:\/\/theperfumebottles.com\/da\/vare\/custom-frosted-empty-lotion-bottle-with-pump-and-gold-lid\/","title":{"rendered":"Brugerdefineret 30ml frostet tom lotionflaske med pumpe og guldl\u00e5g"},"content":{"rendered":"<p>Den luksuri\u00f8se tomme lotionflaske med pumpesystem har en ligesidet krop, som designerne har bygget af matteret, m\u00e6lkehvidt glasmateriale. Flaskens design har en elegant, gylden pumpeh\u00e6tte, der giver et indtryk af eksklusiv sofistikering.<\/p>\n<h2>N\u00f8glespecifikationer<\/h2>\n<table style=\"border-collapse: collapse; margin-left: auto; margin-right: auto; width: 80%;\" border=\"0\" width=\"445\" cellspacing=\"0\" cellpadding=\"0\">\n<tbody>\n<tr style=\"height: 13.50pt;\">\n<td style=\"height: 13.50pt; width: 136.50pt;\" width=\"182\" height=\"18\">Funktion<\/td>\n<td style=\"width: 197.25pt;\" width=\"263\">Detalje<\/td>\n<\/tr>\n<tr style=\"height: 13.50pt;\">\n<td style=\"height: 13.50pt;\" height=\"18\">Kapacitet<\/td>\n<td>30 ml<\/td>\n<\/tr>\n<tr style=\"height: 13.50pt;\">\n<td style=\"height: 13.50pt;\" height=\"18\">Materiale<\/td>\n<td>Premium glas<\/td>\n<\/tr>\n<tr style=\"height: 13.50pt;\">\n<td style=\"height: 13.50pt;\" height=\"18\">Slutte<\/td>\n<td>Mat hvid (frostet)<\/td>\n<\/tr>\n<tr style=\"height: 13.50pt;\">\n<td style=\"height: 13.50pt;\" height=\"18\">Pumpefarve<\/td>\n<td>Guld (tilpasses)<\/td>\n<\/tr>\n<tr style=\"height: 13.50pt;\">\n<td style=\"height: 13.50pt;\" height=\"18\">Form<\/td>\n<td>Cylindrisk<\/td>\n<\/tr>\n<tr style=\"height: 13.50pt;\">\n<td style=\"height: 13.50pt;\" height=\"18\">Closure<\/td>\n<td>Skruel\u00e5g til pumpen<\/td>\n<\/tr>\n<tr style=\"height: 13.50pt;\">\n<td style=\"height: 13.50pt;\" height=\"18\">Emballage pr. enhed<\/td>\n<td>20 * 20 * 20 cm kasse<\/td>\n<\/tr>\n<tr style=\"height: 13.50pt;\">\n<td style=\"height: 13.50pt;\" height=\"18\">Bedst til<\/td>\n<td>Lotioner, sera, kropspleje<\/td>\n<\/tr>\n<\/tbody>\n<\/table>\n<h2>Succeshistorie: Specialbestilling fra et europ\u00e6isk luksusm\u00e6rke inden for kropspleje<\/h2>\n<p>Et eksklusivt fransk kropsplejem\u00e6rke valgte vores 200 ml lotionflaske med pumpe og skabte et specialdesignet design, der inkluderede en 18 karat forgyldt mat l\u00e5g og et specielt vakuumpumpehoved. Den specialdesignede flaske blev en stor succes, fordi dens bl\u00f8de matte finish blev m\u00e6rkets prim\u00e6re designelement, hvilket fik forbrugerne til at se produktet som 50 % mere sk\u00e5nsomt og luksuri\u00f8st. Vakuumpumpehovedet gjorde det muligt for produktet at bevare \u00e6terisk oliekvalitet i 40 % l\u00e6ngere, samtidig med at det reducerede milj\u00f8affald. M\u00e6rket bestilte yderligere 300.000 flasker for at underst\u00f8tte sin kommende duftlinje med t\u00f8rre \u00e6teriske olier og sin limited edition-julekollektion.<\/p>\n<h2>Vil du g\u00f8re den til din egen? S\u00e5dan tilpasser du den<\/h2>\n<p>Dit m\u00e6rke er ikke generisk. Din flaske b\u00f8r heller ikke v\u00e6re det.<\/p>\n<ul>\n<li>\u00c6ndre pumpens farve \u2013 sort, s\u00f8lv, rosaguld? F\u00e6rdig.<\/li>\n<li>Juster halsh\u00f8jden \u2013 vi kan modificere den for bedre etikettens pasform.<\/li>\n<li>Tilf\u00f8j b\u00f8rnesikre eller afl\u00e5selige pumper \u2013 fantastiske til babyprodukter.<\/li>\n<li>Har du brug for en anden st\u00f8rrelse tom lotionflaske med pumpe? Vi tilbyder ogs\u00e5 15 ml, 50 ml og 100 ml.<\/li>\n<\/ul>\n<p>Og hvis du er bekymret for forsendelse eller bulkopbevaring \u2013 s\u00e5 lad v\u00e6re. Vi designer vores emballagel\u00f8sninger til tomme lotionflasker med pumpe, s\u00e5 de er stabelbare, sikre og nemme at h\u00e5ndtere i stor skala. Vi forst\u00e5r, at dine behov for tomme lotionflasker med pumpe ikke kun handler om flasken. De handler om hastighed, konsistens og at se godt ud fra dag \u00e9t.<\/p>","protected":false},"excerpt":{"rendered":"<p>Premium tom lotionflaske med pumpe i mat glas og luksuri\u00f8s guldl\u00e5g. Lotionflaske med pumpe til hudplejem\u00e6rker. Hurtig levering til hele verden.<\/p>","protected":false},"featured_media":5418,"comment_status":"open","ping_status":"closed","template":"","meta":{"_acf_changed":false,"site-sidebar-layout":"default","site-content-layout":"","ast-site-content-layout":"default","site-content-style":"default","site-sidebar-style":"default","ast-global-header-display":"","ast-banner-title-visibility":"","ast-main-header-display":"","ast-hfb-above-header-display":"","ast-hfb-below-header-display":"","ast-hfb-mobile-header-display":"","site-post-title":"","ast-breadcrumbs-content":"","ast-featured-img":"","footer-sml-layout":"","ast-disable-related-posts":"","theme-transparent-header-meta":"default","adv-header-id-meta":"","stick-header-meta":"","header-above-stick-meta":"","header-main-stick-meta":"","header-below-stick-meta":"","astra-migrate-meta-layouts":"set","ast-page-background-enabled":"default","ast-page-background-meta":{"desktop":{"background-color":"var(--ast-global-color-5)","background-image":"","background-repeat":"repeat","background-position":"center center","background-size":"auto","background-attachment":"scroll","background-type":"","background-media":"","overlay-type":"","overlay-color":"","overlay-opacity":"","overlay-gradient":""},"tablet":{"background-color":"","background-image":"","background-repeat":"repeat","background-position":"center center","background-size":"auto","background-attachment":"scroll","background-type":"","background-media":"","overlay-type":"","overlay-color":"","overlay-opacity":"","overlay-gradient":""},"mobile":{"background-color":"","background-image":"","background-repeat":"repeat","background-position":"center center","background-size":"auto","background-attachment":"scroll","background-type":"","background-media":"","overlay-type":"","overlay-color":"","overlay-opacity":"","overlay-gradient":""}},"ast-content-background-meta":{"desktop":{"background-color":"var(--ast-global-color-4)","background-image":"","background-repeat":"repeat","background-position":"center center","background-size":"auto","background-attachment":"scroll","background-type":"","background-media":"","overlay-type":"","overlay-color":"","overlay-opacity":"","overlay-gradient":""},"tablet":{"background-color":"var(--ast-global-color-4)","background-image":"","background-repeat":"repeat","background-position":"center center","background-size":"auto","background-attachment":"scroll","background-type":"","background-media":"","overlay-type":"","overlay-color":"","overlay-opacity":"","overlay-gradient":""},"mobile":{"background-color":"var(--ast-global-color-4)","background-image":"","background-repeat":"repeat","background-position":"center center","background-size":"auto","background-attachment":"scroll","background-type":"","background-media":"","overlay-type":"","overlay-color":"","overlay-opacity":"","overlay-gradient":""}}},"product_brand":[],"product_cat":[71,72,62],"product_tag":[190,204],"class_list":{"0":"post-5404","1":"product","2":"type-product","3":"status-publish","4":"has-post-thumbnail","6":"product_cat-glass-lotion-bottles","7":"product_cat-cosmetic-packaging","8":"product_cat-cosmetic-containers","9":"product_tag-cosmetic-pots-with-lids","10":"product_tag-frosted-cosmetic-jars","11":"desktop-align-left","12":"tablet-align-left","13":"mobile-align-left","15":"first","16":"instock","17":"shipping-taxable","18":"product-type-simple"},"acf":[],"jetpack_sharing_enabled":true,"_links":{"self":[{"href":"https:\/\/theperfumebottles.com\/da\/wp-json\/wp\/v2\/product\/5404","targetHints":{"allow":["GET"]}}],"collection":[{"href":"https:\/\/theperfumebottles.com\/da\/wp-json\/wp\/v2\/product"}],"about":[{"href":"https:\/\/theperfumebottles.com\/da\/wp-json\/wp\/v2\/types\/product"}],"replies":[{"embeddable":true,"href":"https:\/\/theperfumebottles.com\/da\/wp-json\/wp\/v2\/comments?post=5404"}],"wp:featuredmedia":[{"embeddable":true,"href":"https:\/\/theperfumebottles.com\/da\/wp-json\/wp\/v2\/media\/5418"}],"wp:attachment":[{"href":"https:\/\/theperfumebottles.com\/da\/wp-json\/wp\/v2\/media?parent=5404"}],"wp:term":[{"taxonomy":"product_brand","embeddable":true,"href":"https:\/\/theperfumebottles.com\/da\/wp-json\/wp\/v2\/product_brand?post=5404"},{"taxonomy":"product_cat","embeddable":true,"href":"https:\/\/theperfumebottles.com\/da\/wp-json\/wp\/v2\/product_cat?post=5404"},{"taxonomy":"product_tag","embeddable":true,"href":"https:\/\/theperfumebottles.com\/da\/wp-json\/wp\/v2\/product_tag?post=5404"}],"curies":[{"name":"wp","href":"https:\/\/api.w.org\/{rel}","templated":true}]}}