{"id":5405,"date":"2025-08-11T17:27:27","date_gmt":"2025-08-11T09:27:27","guid":{"rendered":"https:\/\/theperfumebottles.com\/?post_type=product&#038;p=5405"},"modified":"2026-03-30T15:26:17","modified_gmt":"2026-03-30T07:26:17","slug":"essential-oil-roll-on-bottles-in-bulk","status":"publish","type":"product","link":"https:\/\/theperfumebottles.com\/da\/vare\/essential-oil-roll-on-bottles-in-bulk\/","title":{"rendered":"3ml-30ml \u00e6teriske olie roll-on flasker i bulk"},"content":{"rendered":"<p>Har du brug for roll-on flasker til \u00e6teriske olier, der tiltr\u00e6kker opm\u00e6rksomhed og leverer h\u00f8j ydeevne? Vores roll-on glasflasker er fremstillet til m\u00e6rker, der \u00f8nsker beholdere til \u00e6teriske olier, der blander luksus med praktisk anvendelighed.<\/p>\n<h2>N\u00f8glespecifikationer<\/h2>\n<table style=\"border-collapse: collapse; width: 80%; margin-left: auto; margin-right: auto;\" border=\"0\" width=\"227\" cellspacing=\"0\" cellpadding=\"0\">\n<tbody>\n<tr style=\"height: 13.50pt;\">\n<td style=\"height: 13.5pt; width: 116.25pt; text-align: center;\" width=\"155\" height=\"18\">Funktion<\/td>\n<td style=\"width: 54pt; text-align: center;\" width=\"72\">Detaljer<\/td>\n<\/tr>\n<tr style=\"height: 13.50pt;\">\n<td style=\"height: 13.5pt; text-align: center;\" height=\"18\">Kapacitet<\/td>\n<td style=\"text-align: center;\">3ml, 5ml, 10ml, 15ml, 20ml, 30ml<\/td>\n<\/tr>\n<tr style=\"height: 13.50pt;\">\n<td style=\"height: 13.5pt; text-align: center;\" height=\"18\">Materiale<\/td>\n<td style=\"text-align: center;\">Glas<\/td>\n<\/tr>\n<tr style=\"height: 13.50pt;\">\n<td style=\"height: 13.5pt; text-align: center;\" height=\"18\">T\u00e6tningsmekanisme<\/td>\n<td style=\"text-align: center;\">Skruel\u00e5g med rulle<\/td>\n<\/tr>\n<tr style=\"height: 13.50pt;\">\n<td style=\"height: 13.5pt; text-align: center;\" height=\"18\">Form<\/td>\n<td style=\"text-align: center;\">Rund<\/td>\n<\/tr>\n<tr style=\"height: 13.50pt;\">\n<td style=\"height: 13.5pt; text-align: center;\" height=\"18\">Farve<\/td>\n<td style=\"text-align: center;\">Klar, tilpasselig<\/td>\n<\/tr>\n<tr style=\"height: 13.50pt;\">\n<td style=\"height: 13.5pt; text-align: center;\" height=\"18\">Overfladetryk<\/td>\n<td style=\"text-align: center;\">Kan tilpasses<\/td>\n<\/tr>\n<\/tbody>\n<\/table>\n<h2>Casestudie<\/h2>\n<p>En hudplejevirksomhed, der s\u00f8gte en mulighed for at styrke sin indtjening, besluttede sig for at genopfinde sin \u00e6teriske olielinje og valgte derfor vores 28 ml roll-on flasker med rustfri st\u00e5lrulle og guldl\u00e5g som emballage. Ved at bestille engros og tilpasse de \u00e6teriske olierulleflasker, s\u00e5 de passede til deres logofarver, reducerede de emballageomkostningerne betydeligt og \u00f8gede antallet af tilbagevendende kunder med 65%.<\/p>\n<h2>Tilpasningstjekliste<\/h2>\n<ul>\n<li><strong>glaslegeme<\/strong>Borosilikatglas \/ Brun (foretrukket) eller anden lysbestandig farve \/ Bestem kapacitet (f.eks. 10 ml)<\/li>\n<li><strong>Rollerball<\/strong>Rustfrit st\u00e5l (foretrukket) \/ Bestem kuglest\u00f8rrelse (f.eks. 5 mm)<\/li>\n<li><strong>Kasket<\/strong>S\u00f8rg for god forsegling \/ V\u00e6lg farve og finish (f.eks. blank hvid h\u00e6tte)<\/li>\n<li><strong>Trykning<\/strong>Bestem logo- og teksttryk (f.eks. guld silketryk)<\/li>\n<li><strong>Pr\u00f8vetestning<\/strong>S\u00f8rg for at anmode om en blindpr\u00f8ve for at teste t\u00e6tningens og rullens glathed.<\/li>\n<li><strong>Leverand\u00f8r<\/strong>Diskuter MOQ, pris, pr\u00f8vetid og produktionscyklus.<\/li>\n<\/ul>","protected":false},"excerpt":{"rendered":"<p>Find f\u00f8rsteklasses roll-on flasker med \u00e6teriske olier og 28 ml roll-on flasker til dit brand. Ideel til virksomheder, der s\u00f8ger specialfremstillet emballage af h\u00f8j kvalitet til store ordrer.<\/p>","protected":false},"featured_media":6631,"comment_status":"closed","ping_status":"closed","template":"","meta":{"_acf_changed":false,"site-sidebar-layout":"default","site-content-layout":"","ast-site-content-layout":"default","site-content-style":"default","site-sidebar-style":"default","ast-global-header-display":"","ast-banner-title-visibility":"","ast-main-header-display":"","ast-hfb-above-header-display":"","ast-hfb-below-header-display":"","ast-hfb-mobile-header-display":"","site-post-title":"","ast-breadcrumbs-content":"","ast-featured-img":"","footer-sml-layout":"","ast-disable-related-posts":"","theme-transparent-header-meta":"default","adv-header-id-meta":"","stick-header-meta":"","header-above-stick-meta":"","header-main-stick-meta":"","header-below-stick-meta":"","astra-migrate-meta-layouts":"set","ast-page-background-enabled":"default","ast-page-background-meta":{"desktop":{"background-color":"var(--ast-global-color-5)","background-image":"","background-repeat":"repeat","background-position":"center center","background-size":"auto","background-attachment":"scroll","background-type":"","background-media":"","overlay-type":"","overlay-color":"","overlay-opacity":"","overlay-gradient":""},"tablet":{"background-color":"","background-image":"","background-repeat":"repeat","background-position":"center center","background-size":"auto","background-attachment":"scroll","background-type":"","background-media":"","overlay-type":"","overlay-color":"","overlay-opacity":"","overlay-gradient":""},"mobile":{"background-color":"","background-image":"","background-repeat":"repeat","background-position":"center center","background-size":"auto","background-attachment":"scroll","background-type":"","background-media":"","overlay-type":"","overlay-color":"","overlay-opacity":"","overlay-gradient":""}},"ast-content-background-meta":{"desktop":{"background-color":"var(--ast-global-color-4)","background-image":"","background-repeat":"repeat","background-position":"center center","background-size":"auto","background-attachment":"scroll","background-type":"","background-media":"","overlay-type":"","overlay-color":"","overlay-opacity":"","overlay-gradient":""},"tablet":{"background-color":"var(--ast-global-color-4)","background-image":"","background-repeat":"repeat","background-position":"center center","background-size":"auto","background-attachment":"scroll","background-type":"","background-media":"","overlay-type":"","overlay-color":"","overlay-opacity":"","overlay-gradient":""},"mobile":{"background-color":"var(--ast-global-color-4)","background-image":"","background-repeat":"repeat","background-position":"center center","background-size":"auto","background-attachment":"scroll","background-type":"","background-media":"","overlay-type":"","overlay-color":"","overlay-opacity":"","overlay-gradient":""}}},"product_brand":[],"product_cat":[60,62,72,57],"product_tag":[223,222],"class_list":{"0":"post-5405","1":"product","2":"type-product","3":"status-publish","4":"has-post-thumbnail","6":"product_cat-roller-bottles","7":"product_cat-cosmetic-containers","8":"product_cat-cosmetic-packaging","9":"product_cat-essential-oil-bottles","10":"product_tag-essential-oil-roll-on-bottles","11":"product_tag-perfume-roller-bottles","12":"desktop-align-left","13":"tablet-align-left","14":"mobile-align-left","16":"first","17":"instock","18":"shipping-taxable","19":"product-type-simple"},"acf":[],"jetpack_sharing_enabled":true,"_links":{"self":[{"href":"https:\/\/theperfumebottles.com\/da\/wp-json\/wp\/v2\/product\/5405","targetHints":{"allow":["GET"]}}],"collection":[{"href":"https:\/\/theperfumebottles.com\/da\/wp-json\/wp\/v2\/product"}],"about":[{"href":"https:\/\/theperfumebottles.com\/da\/wp-json\/wp\/v2\/types\/product"}],"replies":[{"embeddable":true,"href":"https:\/\/theperfumebottles.com\/da\/wp-json\/wp\/v2\/comments?post=5405"}],"wp:featuredmedia":[{"embeddable":true,"href":"https:\/\/theperfumebottles.com\/da\/wp-json\/wp\/v2\/media\/6631"}],"wp:attachment":[{"href":"https:\/\/theperfumebottles.com\/da\/wp-json\/wp\/v2\/media?parent=5405"}],"wp:term":[{"taxonomy":"product_brand","embeddable":true,"href":"https:\/\/theperfumebottles.com\/da\/wp-json\/wp\/v2\/product_brand?post=5405"},{"taxonomy":"product_cat","embeddable":true,"href":"https:\/\/theperfumebottles.com\/da\/wp-json\/wp\/v2\/product_cat?post=5405"},{"taxonomy":"product_tag","embeddable":true,"href":"https:\/\/theperfumebottles.com\/da\/wp-json\/wp\/v2\/product_tag?post=5405"}],"curies":[{"name":"wp","href":"https:\/\/api.w.org\/{rel}","templated":true}]}}