{"id":5449,"date":"2025-08-11T18:08:00","date_gmt":"2025-08-11T10:08:00","guid":{"rendered":"https:\/\/theperfumebottles.com\/?post_type=product&#038;p=5449"},"modified":"2026-03-27T17:55:16","modified_gmt":"2026-03-27T09:55:16","slug":"amber-glass-tincture-bottles-frosted-glass-dropper-bottles-manufacturer","status":"publish","type":"product","link":"https:\/\/theperfumebottles.com\/da\/vare\/amber-glass-tincture-bottles-frosted-glass-dropper-bottles-manufacturer\/","title":{"rendered":"Ravfarvede glastinkturflasker \u2013 30 ml frostede glasdr\u00e5beflasker"},"content":{"rendered":"<p>De 30 ml frostede glasdr\u00e5bet\u00e6llere er meget UV-beskyttende og muligg\u00f8r dermed bevarelse af den delikate formel, og pr\u00e6cisionsdr\u00e5bet\u00e6lleren opretholder konsistens og n\u00f8jagtighed i dispenseringen af \u200b\u200bv\u00e6sken. Denne serie vil im\u00f8dekomme forskellige branding- og brugerdefinerede emballagekrav fra internationale engroskunder p\u00e5 grund af en r\u00e6kke forskellige farvevalg s\u00e5som black frost, clear frost og brown frost.<\/p>\n<h2>N\u00f8glespecifikationer<\/h2>\n<table style=\"border-collapse: collapse; margin-left: auto; margin-right: auto; width: 80%;\" border=\"0\" width=\"559\" cellspacing=\"0\" cellpadding=\"0\">\n<tbody>\n<tr style=\"height: 13.50pt;\">\n<td style=\"height: 13.50pt; width: 136.50pt;\" width=\"182\" height=\"18\">Specifikation<\/td>\n<td style=\"width: 282.75pt;\" width=\"377\">Detaljer<\/td>\n<\/tr>\n<tr style=\"height: 13.50pt;\">\n<td style=\"height: 13.50pt;\" height=\"18\">Produkttype<\/td>\n<td>Glasdr\u00e5beflaske<\/td>\n<\/tr>\n<tr style=\"height: 13.50pt;\">\n<td style=\"height: 13.50pt;\" height=\"18\">Materiale<\/td>\n<td>100% genanvendeligt soda-limeglas<\/td>\n<\/tr>\n<tr style=\"height: 13.50pt;\">\n<td style=\"height: 13.50pt;\" height=\"18\">Kapacitet<\/td>\n<td>30 ml \/ 1 oz<\/td>\n<\/tr>\n<tr style=\"height: 13.50pt;\">\n<td style=\"height: 13.50pt;\" height=\"18\">Halsfinish<\/td>\n<td>14 mm<\/td>\n<\/tr>\n<tr style=\"height: 13.50pt;\">\n<td style=\"height: 13.50pt;\" height=\"18\">Flaskediameter<\/td>\n<td>36 mm<\/td>\n<\/tr>\n<tr style=\"height: 13.50pt;\">\n<td style=\"height: 13.50pt;\" height=\"18\">H\u00f8jde (fra base til hals)<\/td>\n<td>68 mm<\/td>\n<\/tr>\n<tr style=\"height: 13.50pt;\">\n<td style=\"height: 13.50pt;\" height=\"18\">Farvemuligheder<\/td>\n<td>Sort frost, klar frost, ravfrost<\/td>\n<\/tr>\n<tr style=\"height: 13.50pt;\">\n<td style=\"height: 13.50pt;\" height=\"18\">Lukningsmuligheder<\/td>\n<td>Dr\u00e5bet\u00e6ller\/spr\u00f8jtepumpe<\/td>\n<\/tr>\n<tr style=\"height: 13.50pt;\">\n<td style=\"height: 13.50pt;\" height=\"18\">Anvendelse<\/td>\n<td>\u00c6terisk olie, tinktur, serum, v\u00e6ske<\/td>\n<\/tr>\n<tr style=\"height: 13.50pt;\">\n<td style=\"height: 13.50pt;\" height=\"18\">Emballagetype<\/td>\n<td>Bulk \/ specialfremstillet \/ engros<\/td>\n<\/tr>\n<\/tbody>\n<\/table>\n<h2>Successag<\/h2>\n<p>Et af de naturlige hudplejem\u00e6rker i Tyskland (som er producent af deres eget m\u00e6rke) k\u00f8bte disse 30 ml frostede glasdr\u00e5beflasker til brug i deres sortiment af glasflasker med \u00f8kologiske \u00e6teriske olier.<\/p>\n<ul>\n<li><strong>Minimum 50.000 stk. (30 ml st\u00f8rrelse)<\/strong>F\u00f8rste parti.<\/li>\n<li><strong>Skr\u00e6ddersyet<\/strong>Plettet rav, guldfarvede halsb\u00e5ndsdropper, silketrykt logo.<\/li>\n<li><strong>Praktikum<\/strong>Essentielle ingredienser fra urter og olier, tinktur.<\/li>\n<li><strong>Resultater<\/strong>Salget af den nye premium-produktlinje af glasemballage steg med 35 procent p\u00e5 6 m\u00e5neder.<\/li>\n<li><strong>Genbestil<\/strong>Fortsatte ugentlige bulkindk\u00f8b af SKU&#039;er, der \u00f8ges med 10 ml glasrulleflasker.<\/li>\n<\/ul>\n<h2>Forslag til B2B-tilpasning<\/h2>\n<ol>\n<li><strong>Branding og dekoration<\/strong>F\u00e5 silketryk, varmstempling eller etikettering for at give din linje af flasker til \u00e6teriske olier eller kosmetikbeholdere en flot identitet.<\/li>\n<li><strong>Lukning og funktionsmuligheder<\/strong>V\u00e6lg pipetter, spraypumper eller andre dispenseringsmuligheder, der passer til forskellige flydende produkter som serummer eller h\u00e5ndsprit.<\/li>\n<li><strong>Optimering af emballage og logistik<\/strong>Samarbejd med en velrenommeret producent for at udvikle en beskyttende emballagetype, der minimerer risikoen for brud og sikrer sikker international forsendelse.<\/li>\n<\/ol>\n<p>Denne premium-produktlinje af ravfarvede glasdr\u00e5beflasker er designet som en p\u00e5lidelig, brugerdefinerbar og visuelt tiltalende glasflaske, der kan s\u00e6lges p\u00e5 engros- og verdensmarkeder.<\/p>","protected":false},"excerpt":{"rendered":"<p>H\u00f8jkvalitets ravfarvede glastinkturflasker, 30 ml frostede glasdr\u00e5beflasker til emballage af \u00e6terisk olie, engros- og specialfremstillede muligheder tilg\u00e6ngelige.<\/p>","protected":false},"featured_media":7493,"comment_status":"closed","ping_status":"closed","template":"","meta":{"_acf_changed":false,"site-sidebar-layout":"default","site-content-layout":"","ast-site-content-layout":"default","site-content-style":"default","site-sidebar-style":"default","ast-global-header-display":"","ast-banner-title-visibility":"","ast-main-header-display":"","ast-hfb-above-header-display":"","ast-hfb-below-header-display":"","ast-hfb-mobile-header-display":"","site-post-title":"","ast-breadcrumbs-content":"","ast-featured-img":"","footer-sml-layout":"","ast-disable-related-posts":"","theme-transparent-header-meta":"default","adv-header-id-meta":"","stick-header-meta":"","header-above-stick-meta":"","header-main-stick-meta":"","header-below-stick-meta":"","astra-migrate-meta-layouts":"set","ast-page-background-enabled":"default","ast-page-background-meta":{"desktop":{"background-color":"var(--ast-global-color-5)","background-image":"","background-repeat":"repeat","background-position":"center center","background-size":"auto","background-attachment":"scroll","background-type":"","background-media":"","overlay-type":"","overlay-color":"","overlay-opacity":"","overlay-gradient":""},"tablet":{"background-color":"","background-image":"","background-repeat":"repeat","background-position":"center center","background-size":"auto","background-attachment":"scroll","background-type":"","background-media":"","overlay-type":"","overlay-color":"","overlay-opacity":"","overlay-gradient":""},"mobile":{"background-color":"","background-image":"","background-repeat":"repeat","background-position":"center center","background-size":"auto","background-attachment":"scroll","background-type":"","background-media":"","overlay-type":"","overlay-color":"","overlay-opacity":"","overlay-gradient":""}},"ast-content-background-meta":{"desktop":{"background-color":"var(--ast-global-color-4)","background-image":"","background-repeat":"repeat","background-position":"center center","background-size":"auto","background-attachment":"scroll","background-type":"","background-media":"","overlay-type":"","overlay-color":"","overlay-opacity":"","overlay-gradient":""},"tablet":{"background-color":"var(--ast-global-color-4)","background-image":"","background-repeat":"repeat","background-position":"center center","background-size":"auto","background-attachment":"scroll","background-type":"","background-media":"","overlay-type":"","overlay-color":"","overlay-opacity":"","overlay-gradient":""},"mobile":{"background-color":"var(--ast-global-color-4)","background-image":"","background-repeat":"repeat","background-position":"center center","background-size":"auto","background-attachment":"scroll","background-type":"","background-media":"","overlay-type":"","overlay-color":"","overlay-opacity":"","overlay-gradient":""}}},"product_brand":[],"product_cat":[59,62,72,57],"product_tag":[190,204],"class_list":{"0":"post-5449","1":"product","2":"type-product","3":"status-publish","4":"has-post-thumbnail","6":"product_cat-glass-dropper-bottles","7":"product_cat-cosmetic-containers","8":"product_cat-cosmetic-packaging","9":"product_cat-essential-oil-bottles","10":"product_tag-cosmetic-pots-with-lids","11":"product_tag-frosted-cosmetic-jars","12":"desktop-align-left","13":"tablet-align-left","14":"mobile-align-left","16":"first","17":"instock","18":"shipping-taxable","19":"product-type-simple"},"acf":[],"jetpack_sharing_enabled":true,"_links":{"self":[{"href":"https:\/\/theperfumebottles.com\/da\/wp-json\/wp\/v2\/product\/5449","targetHints":{"allow":["GET"]}}],"collection":[{"href":"https:\/\/theperfumebottles.com\/da\/wp-json\/wp\/v2\/product"}],"about":[{"href":"https:\/\/theperfumebottles.com\/da\/wp-json\/wp\/v2\/types\/product"}],"replies":[{"embeddable":true,"href":"https:\/\/theperfumebottles.com\/da\/wp-json\/wp\/v2\/comments?post=5449"}],"wp:featuredmedia":[{"embeddable":true,"href":"https:\/\/theperfumebottles.com\/da\/wp-json\/wp\/v2\/media\/7493"}],"wp:attachment":[{"href":"https:\/\/theperfumebottles.com\/da\/wp-json\/wp\/v2\/media?parent=5449"}],"wp:term":[{"taxonomy":"product_brand","embeddable":true,"href":"https:\/\/theperfumebottles.com\/da\/wp-json\/wp\/v2\/product_brand?post=5449"},{"taxonomy":"product_cat","embeddable":true,"href":"https:\/\/theperfumebottles.com\/da\/wp-json\/wp\/v2\/product_cat?post=5449"},{"taxonomy":"product_tag","embeddable":true,"href":"https:\/\/theperfumebottles.com\/da\/wp-json\/wp\/v2\/product_tag?post=5449"}],"curies":[{"name":"wp","href":"https:\/\/api.w.org\/{rel}","templated":true}]}}