{"id":5472,"date":"2025-08-13T17:42:20","date_gmt":"2025-08-13T09:42:20","guid":{"rendered":"https:\/\/theperfumebottles.com\/?post_type=product&#038;p=5472"},"modified":"2025-08-14T18:34:52","modified_gmt":"2025-08-14T10:34:52","slug":"glass-perfume-roller-bottles-for-luxury-cosmetic-packaging-wholesale","status":"publish","type":"product","link":"https:\/\/theperfumebottles.com\/da\/vare\/glass-perfume-roller-bottles-for-luxury-cosmetic-packaging-wholesale\/","title":{"rendered":"3ml 6ml 10ml 12ml glas parfumerulleflasker til luksus kosmetisk emballage engros"},"content":{"rendered":"<p>Leder du efter roll-on glasflasker, der udstr\u00e5ler luksus? Vores glasparfumerulleflasker kombinerer dristigt design med pr\u00e6cision \u2013 t\u00e6nk ottekantede former, guldkapsler og r\u00f8de detaljer.<\/p>\n<h2><strong data-spm-anchor-id=\"5176.28103460.0.i7.29ab1db8wkbRsE\">N\u00f8glespecifikationer<\/strong><\/h2>\n<table style=\"border-collapse: collapse;width: 80%;margin-right: auto;margin-left: auto\" border=\"0\" width=\"144\" cellspacing=\"0\" cellpadding=\"0\">\n<tbody>\n<tr style=\"height: 13.50pt\">\n<td style=\"height: 13.50pt;width: 54.00pt\" width=\"72\" height=\"18\">Funktion<\/td>\n<td style=\"width: 54.00pt\" width=\"72\">Detaljer<\/td>\n<\/tr>\n<tr style=\"height: 13.50pt\">\n<td style=\"height: 13.50pt\" height=\"18\">Kapacitet<\/td>\n<td>3 ml \/ 6 ml \/ 10 ml \/ 12 ml<\/td>\n<\/tr>\n<tr style=\"height: 13.50pt\">\n<td style=\"height: 13.50pt\" height=\"18\">Form<\/td>\n<td>Ottekant<\/td>\n<\/tr>\n<tr style=\"height: 13.50pt\">\n<td style=\"height: 13.50pt\" height=\"18\">T\u00e6tningsmekanisme<\/td>\n<td>Guld Skruel\u00e5g + Metal Rulletop<\/td>\n<\/tr>\n<tr style=\"height: 13.50pt\">\n<td style=\"height: 13.50pt\" height=\"18\">Slutte<\/td>\n<td>Klart glas med r\u00f8d accent (tilpassede farver tilg\u00e6ngelige)<\/td>\n<\/tr>\n<tr style=\"height: 13.50pt\">\n<td style=\"height: 13.50pt\" height=\"18\">Overfladetryk<\/td>\n<td>Serigrafi<\/td>\n<\/tr>\n<tr style=\"height: 13.50pt\">\n<td style=\"height: 13.50pt\" height=\"18\">Brug<\/td>\n<td>Til emballage til \u00e6terisk olie og parfumeolie<\/td>\n<\/tr>\n<\/tbody>\n<\/table>\n<h2>Professionelle tips til tilpasning<\/h2>\n<ul>\n<li><strong>Milj\u00f8venlig fordel:<\/strong>V\u00e6lg emballage i store m\u00e6ngder med genbrugsglas. Kunderne elsker sk\u00f8nhedsemballage, der er i overensstemmelse med b\u00e6redygtigheds\u00f8nsker.<\/li>\n<li><strong>M\u00e6rke-farvematchning:<\/strong>Brug serigrafi til at tilf\u00f8je dit logos signaturfarve til glasduftflaskerne \u2013 f.eks. en lilla h\u00e6tte for et mere dristigt udtryk eller en bl\u00e5 for et mere afslappet udtryk. Dette g\u00f8r din sk\u00f8nhedsemballage genkendelig med det samme.<\/li>\n<\/ul>\n<p>&nbsp;<\/p>","protected":false},"excerpt":{"rendered":"<p>Opgrader din sk\u00f8nhedsemballage med parfumerulleflasker i glas. Perfekt til hudpleje, fine mist-parfumer og kosmetikemballage.<\/p>","protected":false},"featured_media":5473,"comment_status":"closed","ping_status":"closed","template":"","meta":{"_acf_changed":false,"site-sidebar-layout":"default","site-content-layout":"","ast-site-content-layout":"default","site-content-style":"default","site-sidebar-style":"default","ast-global-header-display":"","ast-banner-title-visibility":"","ast-main-header-display":"","ast-hfb-above-header-display":"","ast-hfb-below-header-display":"","ast-hfb-mobile-header-display":"","site-post-title":"","ast-breadcrumbs-content":"","ast-featured-img":"","footer-sml-layout":"","ast-disable-related-posts":"","theme-transparent-header-meta":"default","adv-header-id-meta":"","stick-header-meta":"","header-above-stick-meta":"","header-main-stick-meta":"","header-below-stick-meta":"","astra-migrate-meta-layouts":"set","ast-page-background-enabled":"default","ast-page-background-meta":{"desktop":{"background-color":"var(--ast-global-color-5)","background-image":"","background-repeat":"repeat","background-position":"center center","background-size":"auto","background-attachment":"scroll","background-type":"","background-media":"","overlay-type":"","overlay-color":"","overlay-opacity":"","overlay-gradient":""},"tablet":{"background-color":"","background-image":"","background-repeat":"repeat","background-position":"center center","background-size":"auto","background-attachment":"scroll","background-type":"","background-media":"","overlay-type":"","overlay-color":"","overlay-opacity":"","overlay-gradient":""},"mobile":{"background-color":"","background-image":"","background-repeat":"repeat","background-position":"center center","background-size":"auto","background-attachment":"scroll","background-type":"","background-media":"","overlay-type":"","overlay-color":"","overlay-opacity":"","overlay-gradient":""}},"ast-content-background-meta":{"desktop":{"background-color":"var(--ast-global-color-4)","background-image":"","background-repeat":"repeat","background-position":"center center","background-size":"auto","background-attachment":"scroll","background-type":"","background-media":"","overlay-type":"","overlay-color":"","overlay-opacity":"","overlay-gradient":""},"tablet":{"background-color":"var(--ast-global-color-4)","background-image":"","background-repeat":"repeat","background-position":"center center","background-size":"auto","background-attachment":"scroll","background-type":"","background-media":"","overlay-type":"","overlay-color":"","overlay-opacity":"","overlay-gradient":""},"mobile":{"background-color":"var(--ast-global-color-4)","background-image":"","background-repeat":"repeat","background-position":"center center","background-size":"auto","background-attachment":"scroll","background-type":"","background-media":"","overlay-type":"","overlay-color":"","overlay-opacity":"","overlay-gradient":""}}},"product_brand":[],"product_cat":[72,62,57,60],"product_tag":[219,227],"class_list":{"0":"post-5472","1":"product","2":"type-product","3":"status-publish","4":"has-post-thumbnail","6":"product_cat-cosmetic-packaging","7":"product_cat-cosmetic-containers","8":"product_cat-essential-oil-bottles","9":"product_cat-roller-bottles","10":"product_tag-glass-perfume-roller-bottles","11":"product_tag-roll-on-glass-bottle","12":"desktop-align-left","13":"tablet-align-left","14":"mobile-align-left","16":"first","17":"instock","18":"shipping-taxable","19":"product-type-simple"},"acf":[],"jetpack_sharing_enabled":true,"_links":{"self":[{"href":"https:\/\/theperfumebottles.com\/da\/wp-json\/wp\/v2\/product\/5472","targetHints":{"allow":["GET"]}}],"collection":[{"href":"https:\/\/theperfumebottles.com\/da\/wp-json\/wp\/v2\/product"}],"about":[{"href":"https:\/\/theperfumebottles.com\/da\/wp-json\/wp\/v2\/types\/product"}],"replies":[{"embeddable":true,"href":"https:\/\/theperfumebottles.com\/da\/wp-json\/wp\/v2\/comments?post=5472"}],"wp:featuredmedia":[{"embeddable":true,"href":"https:\/\/theperfumebottles.com\/da\/wp-json\/wp\/v2\/media\/5473"}],"wp:attachment":[{"href":"https:\/\/theperfumebottles.com\/da\/wp-json\/wp\/v2\/media?parent=5472"}],"wp:term":[{"taxonomy":"product_brand","embeddable":true,"href":"https:\/\/theperfumebottles.com\/da\/wp-json\/wp\/v2\/product_brand?post=5472"},{"taxonomy":"product_cat","embeddable":true,"href":"https:\/\/theperfumebottles.com\/da\/wp-json\/wp\/v2\/product_cat?post=5472"},{"taxonomy":"product_tag","embeddable":true,"href":"https:\/\/theperfumebottles.com\/da\/wp-json\/wp\/v2\/product_tag?post=5472"}],"curies":[{"name":"wp","href":"https:\/\/api.w.org\/{rel}","templated":true}]}}