{"id":5483,"date":"2025-08-12T18:19:29","date_gmt":"2025-08-12T10:19:29","guid":{"rendered":"https:\/\/theperfumebottles.com\/?post_type=product&#038;p=5483"},"modified":"2025-08-12T18:19:31","modified_gmt":"2025-08-12T10:19:31","slug":"10ml-glass-roll-on-perfume-bottles-with-caps-wholesale","status":"publish","type":"product","link":"https:\/\/theperfumebottles.com\/da\/vare\/10ml-glass-roll-on-perfume-bottles-with-caps-wholesale\/","title":{"rendered":"10ml glas roll-on parfumeflasker med l\u00e5g engros"},"content":{"rendered":"<p>Har du brug for rullerbottler med duft, der forener funktion og stil? Vores 10ml glas rullerbottler med l\u00e5se er designet til brands, der \u00f8nsker kosmetikbeholdere, der f\u00f8les som en spa-ritual i hver dr\u00e5be.<\/p>\n<h2><strong data-spm-anchor-id=\"5176.28103460.0.i22.29ab1db8wkbRsE\">N\u00f8glespecifikationer<\/strong><\/h2>\n<table style=\"border-collapse: collapse; width: 80%; margin-left: auto; margin-right: auto;\" border=\"0\" width=\"144\" cellspacing=\"0\" cellpadding=\"0\">\n<tbody>\n<tr style=\"height: 13.50pt;\">\n<td style=\"height: 13.50pt; width: 54.00pt;\" width=\"72\" height=\"18\">Funktion<\/td>\n<td style=\"width: 54.00pt;\" width=\"72\">Detaljer<\/td>\n<\/tr>\n<tr style=\"height: 13.50pt;\">\n<td style=\"height: 13.50pt;\" height=\"18\">Kapacitet<\/td>\n<td>10 ml<\/td>\n<\/tr>\n<tr style=\"height: 13.50pt;\">\n<td style=\"height: 13.50pt;\" height=\"18\">Materiale<\/td>\n<td>Tempered Blue Glass + Black Screw Cap<\/td>\n<\/tr>\n<tr style=\"height: 13.50pt;\">\n<td style=\"height: 13.50pt;\" height=\"18\">Form<\/td>\n<td>Rund<\/td>\n<\/tr>\n<tr style=\"height: 13.50pt;\">\n<td style=\"height: 13.50pt;\" height=\"18\">Kasket<\/td>\n<td>St\u00e5lball med l\u00e5s<\/td>\n<\/tr>\n<tr style=\"height: 13.50pt;\">\n<td style=\"height: 13.50pt;\" height=\"18\">Brug<\/td>\n<td>Kosmetik<\/td>\n<\/tr>\n<\/tbody>\n<\/table>\n<h2>Succeshistorie: Hvordan en hudplejeproducent \u00f8gede salget af kosmetikemballage under en omstruktureringstid<\/h2>\n<p>En hudplejeproducent, der s\u00f8gte at omdanne sin hudplejelinje, valgte 10ml glas rullerbottler med l\u00e5se. Ved at bestille i varek\u00f8b og tilpasse flaskerne med glatj\u00e6rnede bunde, reducerede de emballagepriserne med 25% og h\u00e6vede engagementet p\u00e5 sociale medier med 120%. \"Den rullerflaske ligner en skattejagt for kunderne,\" udtalte deres marketingdirekt\u00f8r.<\/p>\n<h2>Tips til tilpasning<\/h2>\n<ul>\n<li><strong>Farvepsykologi:<\/strong> Brug bl\u00e5 glass til afslappende sk\u00f8nhedsemballage eller skift til gr\u00f8n for en natur-inspireret sk\u00f8nhedslinie.<\/li>\n<li><strong>Materialeblanding:<\/strong> V\u00e6lg glatte l\u00e5se til minimalistiske brands eller glinsende finish til high-end kosmetikemballage.<\/li>\n<\/ul>\n<p>&nbsp;<\/p>\n<p>&nbsp;<\/p>","protected":false},"excerpt":{"rendered":"<p>Forbedr din sk\u00f8nhedsemballage med 10ml glas rullerbottler med l\u00e5se. Ideelt til hudpleje, findr\u00e5bende duft og kosmetikemballage-leverand\u00f8rer.<\/p>","protected":false},"featured_media":5491,"comment_status":"open","ping_status":"closed","template":"","meta":{"_acf_changed":false,"site-sidebar-layout":"default","site-content-layout":"","ast-site-content-layout":"default","site-content-style":"default","site-sidebar-style":"default","ast-global-header-display":"","ast-banner-title-visibility":"","ast-main-header-display":"","ast-hfb-above-header-display":"","ast-hfb-below-header-display":"","ast-hfb-mobile-header-display":"","site-post-title":"","ast-breadcrumbs-content":"","ast-featured-img":"","footer-sml-layout":"","ast-disable-related-posts":"","theme-transparent-header-meta":"default","adv-header-id-meta":"","stick-header-meta":"","header-above-stick-meta":"","header-main-stick-meta":"","header-below-stick-meta":"","astra-migrate-meta-layouts":"set","ast-page-background-enabled":"default","ast-page-background-meta":{"desktop":{"background-color":"var(--ast-global-color-5)","background-image":"","background-repeat":"repeat","background-position":"center center","background-size":"auto","background-attachment":"scroll","background-type":"","background-media":"","overlay-type":"","overlay-color":"","overlay-opacity":"","overlay-gradient":""},"tablet":{"background-color":"","background-image":"","background-repeat":"repeat","background-position":"center center","background-size":"auto","background-attachment":"scroll","background-type":"","background-media":"","overlay-type":"","overlay-color":"","overlay-opacity":"","overlay-gradient":""},"mobile":{"background-color":"","background-image":"","background-repeat":"repeat","background-position":"center center","background-size":"auto","background-attachment":"scroll","background-type":"","background-media":"","overlay-type":"","overlay-color":"","overlay-opacity":"","overlay-gradient":""}},"ast-content-background-meta":{"desktop":{"background-color":"var(--ast-global-color-4)","background-image":"","background-repeat":"repeat","background-position":"center center","background-size":"auto","background-attachment":"scroll","background-type":"","background-media":"","overlay-type":"","overlay-color":"","overlay-opacity":"","overlay-gradient":""},"tablet":{"background-color":"var(--ast-global-color-4)","background-image":"","background-repeat":"repeat","background-position":"center center","background-size":"auto","background-attachment":"scroll","background-type":"","background-media":"","overlay-type":"","overlay-color":"","overlay-opacity":"","overlay-gradient":""},"mobile":{"background-color":"var(--ast-global-color-4)","background-image":"","background-repeat":"repeat","background-position":"center center","background-size":"auto","background-attachment":"scroll","background-type":"","background-media":"","overlay-type":"","overlay-color":"","overlay-opacity":"","overlay-gradient":""}}},"product_brand":[],"product_cat":[72,62,57,60],"product_tag":[229,228],"class_list":{"0":"post-5483","1":"product","2":"type-product","3":"status-publish","4":"has-post-thumbnail","6":"product_cat-cosmetic-packaging","7":"product_cat-cosmetic-containers","8":"product_cat-essential-oil-bottles","9":"product_cat-roller-bottles","10":"product_tag-10ml-glass-roll-on-bottles-with-caps","11":"product_tag-roll-on-perfume-bottles","12":"desktop-align-left","13":"tablet-align-left","14":"mobile-align-left","16":"first","17":"instock","18":"shipping-taxable","19":"product-type-simple"},"acf":[],"jetpack_sharing_enabled":true,"_links":{"self":[{"href":"https:\/\/theperfumebottles.com\/da\/wp-json\/wp\/v2\/product\/5483","targetHints":{"allow":["GET"]}}],"collection":[{"href":"https:\/\/theperfumebottles.com\/da\/wp-json\/wp\/v2\/product"}],"about":[{"href":"https:\/\/theperfumebottles.com\/da\/wp-json\/wp\/v2\/types\/product"}],"replies":[{"embeddable":true,"href":"https:\/\/theperfumebottles.com\/da\/wp-json\/wp\/v2\/comments?post=5483"}],"wp:featuredmedia":[{"embeddable":true,"href":"https:\/\/theperfumebottles.com\/da\/wp-json\/wp\/v2\/media\/5491"}],"wp:attachment":[{"href":"https:\/\/theperfumebottles.com\/da\/wp-json\/wp\/v2\/media?parent=5483"}],"wp:term":[{"taxonomy":"product_brand","embeddable":true,"href":"https:\/\/theperfumebottles.com\/da\/wp-json\/wp\/v2\/product_brand?post=5483"},{"taxonomy":"product_cat","embeddable":true,"href":"https:\/\/theperfumebottles.com\/da\/wp-json\/wp\/v2\/product_cat?post=5483"},{"taxonomy":"product_tag","embeddable":true,"href":"https:\/\/theperfumebottles.com\/da\/wp-json\/wp\/v2\/product_tag?post=5483"}],"curies":[{"name":"wp","href":"https:\/\/api.w.org\/{rel}","templated":true}]}}