{"id":5606,"date":"2025-08-13T18:02:24","date_gmt":"2025-08-13T10:02:24","guid":{"rendered":"https:\/\/theperfumebottles.com\/?post_type=product&#038;p=5606"},"modified":"2026-03-26T17:26:36","modified_gmt":"2026-03-26T09:26:36","slug":"custom-glass-serum-bottles-clear-bottle-with-glass-dropper","status":"publish","type":"product","link":"https:\/\/theperfumebottles.com\/da\/vare\/custom-glass-serum-bottles-clear-bottle-with-glass-dropper\/","title":{"rendered":"Brugerdefinerede glasserumflasker | Klar flaske med glasdr\u00e5ber 15ml 30ml"},"content":{"rendered":"<p>Disse glasflasker med serum i \u00e6terisk olie har en klar glaskrop, der er afrundet i formen, i en kuppelform med en tyk, stabil bund. V\u00e6sken indeni fremh\u00e6ves af den klare, glatte overflade og er derfor velegnet til formuleringer af h\u00f8j kvalitet. Dr\u00e5bet\u00e6lleren p\u00e5 flasken er matchet med en dr\u00e5bet\u00e6ller, der er lavet af en bl\u00f8d, hvid gummiklump og en lige glaspipette, der doserer indholdet pr\u00e6cist. Kraven kan laves i metalliske finish som guld og s\u00f8lv, og den har en tekstureret detaljering, der giver en elegant kontrast i billedet. Den lille st\u00f8rrelse p\u00e5 b\u00e5de 15 ml og 30 ml er designet, s\u00e5 de ser velafbalancerede og elegante ud, samtidig med at de er b\u00e6rbare.<\/p>\n<h2>N\u00f8glespecifikationer<\/h2>\n<table style=\"border-collapse: collapse; margin-left: auto; margin-right: auto; width: 80%;\" border=\"0\" width=\"812\" cellspacing=\"0\" cellpadding=\"0\">\n<tbody>\n<tr style=\"height: 13.50pt;\">\n<td style=\"height: 13.50pt; width: 136.50pt;\" width=\"182\" height=\"18\">Funktion<\/td>\n<td style=\"width: 472.50pt;\" width=\"630\">Detaljer<\/td>\n<\/tr>\n<tr style=\"height: 13.50pt;\">\n<td style=\"height: 13.50pt;\" height=\"18\">Tilg\u00e6ngelige kapaciteter<\/td>\n<td>15 ml, 30 ml<\/td>\n<\/tr>\n<tr style=\"height: 13.50pt;\">\n<td style=\"height: 13.50pt;\" height=\"18\">Materiale<\/td>\n<td>Glas af h\u00f8j kvalitet (klart, f\u00f8rsteklasses gennemsigtighed)<\/td>\n<\/tr>\n<tr style=\"height: 13.50pt;\">\n<td style=\"height: 13.50pt;\" height=\"18\">Farvemuligheder<\/td>\n<td>Standard klar; kan tilpasses (f.eks. matteret, tonet)<\/td>\n<\/tr>\n<tr style=\"height: 13.50pt;\">\n<td style=\"height: 13.50pt;\" height=\"18\">Flaskeform<\/td>\n<td>Bred base, kort hals, afrundet design \u2013 giver stabilitet og elegant profil<\/td>\n<\/tr>\n<tr style=\"height: 13.50pt;\">\n<td style=\"height: 13.50pt;\" height=\"18\">Ideel til<\/td>\n<td>Urtetinktur \u00c6teriske olier, ansigtsserum og hudpleje<\/td>\n<\/tr>\n<\/tbody>\n<\/table>\n<h2>Succeshistorie<\/h2>\n<p>En leverand\u00f8r af urteekstrakter skiftede til denne flaske med glasdr\u00e5ber til deres engrosproduktlinje til det ultimative \u00e5r. De elskede det tydelige design, som ikke kun fremviser produktets urtefarve, men ogs\u00e5 l\u00e6kagesikringsforseglingen, der garanterer, at produktet forbliver intakt. Inden for tre m\u00e5neder oplevede de en stigning p\u00e5 20% i gentagne k\u00f8b, og deres kunder kunne ogs\u00e5 lide den forbedrede kvalitet.<\/p>\n<h2>Tilpasningstips<\/h2>\n<p>Vil du have mest muligt ud af din flaske med glaspipettebestillinger? Pr\u00f8v disse tips:<\/p>\n<ul>\n<li>Brug matte glasflasker til lysf\u00f8lsomme formler. Det giver beskyttelse og skaber et bl\u00f8dt, eksklusivt look.<\/li>\n<li>Udskift din teksturerede metalh\u00e6tte med en mat eller b\u00f8rstet finish for at supplere din luksuri\u00f8se hudplejeserie.<\/li>\n<li>For yderligere overfladebehandlinger tilbyder vi varmpr\u00e6gning, serigrafi, bel\u00e6gning og mere.<\/li>\n<\/ul>\n<p>Klar til at finde p\u00e5lidelige glasflasker med et bredt udvalg af farver og hurtig levering? Kontakt os. Vi hj\u00e6lper B2B-k\u00f8bere med at opbygge st\u00e6rke og ensartede produktlinjer \u2013 hver gang.<\/p>","protected":false},"excerpt":{"rendered":"<p>Klare 15 ml og 30 ml \u00e6teriske oliedr\u00e5beflasker med glaspipette og metallisk krave. Ideelle glasserumflasker til hudpleje- og aromaterapim\u00e6rker.<\/p>","protected":false},"featured_media":5607,"comment_status":"closed","ping_status":"closed","template":"","meta":{"_acf_changed":false,"site-sidebar-layout":"default","site-content-layout":"","ast-site-content-layout":"default","site-content-style":"default","site-sidebar-style":"default","ast-global-header-display":"","ast-banner-title-visibility":"","ast-main-header-display":"","ast-hfb-above-header-display":"","ast-hfb-below-header-display":"","ast-hfb-mobile-header-display":"","site-post-title":"","ast-breadcrumbs-content":"","ast-featured-img":"","footer-sml-layout":"","ast-disable-related-posts":"","theme-transparent-header-meta":"default","adv-header-id-meta":"","stick-header-meta":"","header-above-stick-meta":"","header-main-stick-meta":"","header-below-stick-meta":"","astra-migrate-meta-layouts":"set","ast-page-background-enabled":"default","ast-page-background-meta":{"desktop":{"background-color":"var(--ast-global-color-5)","background-image":"","background-repeat":"repeat","background-position":"center center","background-size":"auto","background-attachment":"scroll","background-type":"","background-media":"","overlay-type":"","overlay-color":"","overlay-opacity":"","overlay-gradient":""},"tablet":{"background-color":"","background-image":"","background-repeat":"repeat","background-position":"center center","background-size":"auto","background-attachment":"scroll","background-type":"","background-media":"","overlay-type":"","overlay-color":"","overlay-opacity":"","overlay-gradient":""},"mobile":{"background-color":"","background-image":"","background-repeat":"repeat","background-position":"center center","background-size":"auto","background-attachment":"scroll","background-type":"","background-media":"","overlay-type":"","overlay-color":"","overlay-opacity":"","overlay-gradient":""}},"ast-content-background-meta":{"desktop":{"background-color":"var(--ast-global-color-4)","background-image":"","background-repeat":"repeat","background-position":"center center","background-size":"auto","background-attachment":"scroll","background-type":"","background-media":"","overlay-type":"","overlay-color":"","overlay-opacity":"","overlay-gradient":""},"tablet":{"background-color":"var(--ast-global-color-4)","background-image":"","background-repeat":"repeat","background-position":"center center","background-size":"auto","background-attachment":"scroll","background-type":"","background-media":"","overlay-type":"","overlay-color":"","overlay-opacity":"","overlay-gradient":""},"mobile":{"background-color":"var(--ast-global-color-4)","background-image":"","background-repeat":"repeat","background-position":"center center","background-size":"auto","background-attachment":"scroll","background-type":"","background-media":"","overlay-type":"","overlay-color":"","overlay-opacity":"","overlay-gradient":""}}},"product_brand":[],"product_cat":[59,62,72,57],"product_tag":[190,204],"class_list":{"0":"post-5606","1":"product","2":"type-product","3":"status-publish","4":"has-post-thumbnail","6":"product_cat-glass-dropper-bottles","7":"product_cat-cosmetic-containers","8":"product_cat-cosmetic-packaging","9":"product_cat-essential-oil-bottles","10":"product_tag-cosmetic-pots-with-lids","11":"product_tag-frosted-cosmetic-jars","12":"desktop-align-left","13":"tablet-align-left","14":"mobile-align-left","16":"first","17":"instock","18":"shipping-taxable","19":"product-type-simple"},"acf":[],"jetpack_sharing_enabled":true,"_links":{"self":[{"href":"https:\/\/theperfumebottles.com\/da\/wp-json\/wp\/v2\/product\/5606","targetHints":{"allow":["GET"]}}],"collection":[{"href":"https:\/\/theperfumebottles.com\/da\/wp-json\/wp\/v2\/product"}],"about":[{"href":"https:\/\/theperfumebottles.com\/da\/wp-json\/wp\/v2\/types\/product"}],"replies":[{"embeddable":true,"href":"https:\/\/theperfumebottles.com\/da\/wp-json\/wp\/v2\/comments?post=5606"}],"wp:featuredmedia":[{"embeddable":true,"href":"https:\/\/theperfumebottles.com\/da\/wp-json\/wp\/v2\/media\/5607"}],"wp:attachment":[{"href":"https:\/\/theperfumebottles.com\/da\/wp-json\/wp\/v2\/media?parent=5606"}],"wp:term":[{"taxonomy":"product_brand","embeddable":true,"href":"https:\/\/theperfumebottles.com\/da\/wp-json\/wp\/v2\/product_brand?post=5606"},{"taxonomy":"product_cat","embeddable":true,"href":"https:\/\/theperfumebottles.com\/da\/wp-json\/wp\/v2\/product_cat?post=5606"},{"taxonomy":"product_tag","embeddable":true,"href":"https:\/\/theperfumebottles.com\/da\/wp-json\/wp\/v2\/product_tag?post=5606"}],"curies":[{"name":"wp","href":"https:\/\/api.w.org\/{rel}","templated":true}]}}