{"id":5625,"date":"2025-08-14T18:00:02","date_gmt":"2025-08-14T10:00:02","guid":{"rendered":"https:\/\/theperfumebottles.com\/?post_type=product&#038;p=5625"},"modified":"2025-08-25T17:58:23","modified_gmt":"2025-08-25T09:58:23","slug":"wholesale-flat-square-amber-bottles-with-dropper","status":"publish","type":"product","link":"https:\/\/theperfumebottles.com\/da\/vare\/wholesale-flat-square-amber-bottles-with-dropper\/","title":{"rendered":"Engros 30 ml flade firkantede ravfarvede flasker med dropper"},"content":{"rendered":"<p><span class=\"diff-highlight\">Er<\/span> <span class=\"diff-highlight\">du<\/span> <span class=\"diff-highlight\">leder<\/span> efter <span class=\"diff-highlight\">en<\/span> stilfuld <span class=\"diff-highlight\">serum<\/span>og <span class=\"diff-highlight\">funktionel<\/span> <span class=\"diff-highlight\">du<\/span><span class=\"diff-highlight\">!<\/span> <span class=\"diff-highlight\">m\u00e5de<\/span> at <span class=\"diff-highlight\">opbevare<\/span> <span class=\"diff-highlight\">dine<\/span> <span class=\"diff-highlight\">flasker<\/span> <span class=\"diff-highlight\">olier<\/span> <span class=\"diff-highlight\">eller<\/span> <span class=\"diff-highlight\">leakage<\/span> <span class=\"diff-highlight\">Vores<\/span> <span class=\"diff-highlight\">amber<\/span> <span class=\"diff-highlight\">flasker<\/span> <span class=\"diff-highlight\">med<\/span><span class=\"diff-highlight\">.<\/span> <span class=\"diff-highlight\">dr\u00e5per<\/span>, <span class=\"diff-highlight\">er<\/span> <span class=\"diff-highlight\">eller<\/span> <span class=\"diff-highlight\">perfekt<\/span><span class=\"diff-highlight\">,<\/span> <span class=\"diff-highlight\">du<\/span> <span class=\"diff-highlight\">til<\/span> <span class=\"diff-highlight\">at<\/span> eller <span class=\"diff-highlight\">dosere<\/span> den<\/p>\n<h2>N\u00f8glespecifikationer<\/h2>\n<table style=\"border-collapse: collapse;margin-left: auto;margin-right: auto;width: 80%\" border=\"0\" width=\"537\" cellspacing=\"0\" cellpadding=\"0\">\n<tbody>\n<tr style=\"height: 13.50pt\">\n<td style=\"height: 13.50pt;width: 111.00pt\" width=\"148\" height=\"18\">Funktion<\/td>\n<td style=\"width: 291.75pt\" width=\"389\">Detaljer<\/td>\n<\/tr>\n<tr style=\"height: 13.50pt\">\n<td style=\"height: 13.50pt\" height=\"18\">Tilg\u00e6ngelige st\u00f8rrelser<\/td>\n<td>30 ml<\/td>\n<\/tr>\n<tr style=\"height: 13.50pt\">\n<td style=\"height: 13.50pt\" height=\"18\">Materiale<\/td>\n<td>Glas af h\u00f8j kvalitet<\/td>\n<\/tr>\n<tr style=\"height: 13.50pt\">\n<td style=\"height: 13.50pt\" height=\"18\">Farve<\/td>\n<td>Standard klar, hvidt, rosa (mulighed for brugerdefinerede farver)<\/td>\n<\/tr>\n<tr style=\"height: 13.50pt\">\n<td style=\"height: 13.50pt\" height=\"18\">Slutte<\/td>\n<td>Klar eller spr\u00f8jtet (p\u00e5 foresp\u00f8rgsel)<\/td>\n<\/tr>\n<tr style=\"height: 13.50pt\">\n<td style=\"height: 13.50pt\" height=\"18\">Brugsscenarie<\/td>\n<td>Tinktur, essentiale olier, serum<\/td>\n<\/tr>\n<\/tbody>\n<\/table>\n<h2>Verdenspraksis Sejr: Fra Forvirret til Ren Branding<\/h2>\n<p>En naturlig brand skiftede fra hvide glasflasker til 30ml hvidt dr\u00e5penskuffe glas til deres urte-tinktur. Hvidt glas l\u00f8ste lysexponeringssp\u00f8rgsm\u00e5lene og beholdt formelen frisk l\u00e6ngere. Desuden fandt kunderne hvidt dr\u00e5penskuffe-flasker mere p\u00e5lidelige, med den guldringe, der tilf\u00f8jede et premium-f\u00f8lelse og flade sider, der forbedrede greb og labeling nemhed.<\/p>\n<h2>Smarte Tilpasningstips til Din Ordre<\/h2>\n<p>\u00d8nsker du at g\u00f8re din brand fremtr\u00e6dende? Pr\u00f8v disse ideer:<\/p>\n<ul>\n<li>Brug spr\u00f8jtet finish p\u00e5 hvidt glas for en bl\u00f8dere, organisk udseende\u2014fantastisk til ren sk\u00f8nhed eller \u00f8kologiske linjer.<\/li>\n<li>Erstat guldringen med mat sort eller poleret s\u00f8lv for at matche din brands stemning.<\/li>\n<li>Saml flere hvide dr\u00e5penskuffe-flasker i en branded kasse. Godt til h\u00f8jsalgshandelsselskaber eller gave s\u00e6t.<\/li>\n<\/ul>\n<p>Fra h\u00f8jsalgsselskaber til store distribut\u00f8rer, skaler disse hvide glasflasker med dig. De tilpasser sm\u00e5 testrunder og massive store ordrer\u2014uden at g\u00e5 p\u00e5 kompromis med h\u00f8j kvalitetsstandarder.<\/p>","protected":false},"excerpt":{"rendered":"<p>H\u00f8jsalgshvidt glasflasker med dr\u00e5penskuffe til essentiale olier, serum og kosmetik. Modstandsdygtigt glas, tilpasningsdygtigt, perfekt til store ordrer.<\/p>","protected":false},"featured_media":5641,"comment_status":"closed","ping_status":"closed","template":"","meta":{"_acf_changed":false,"site-sidebar-layout":"default","site-content-layout":"","ast-site-content-layout":"default","site-content-style":"default","site-sidebar-style":"default","ast-global-header-display":"","ast-banner-title-visibility":"","ast-main-header-display":"","ast-hfb-above-header-display":"","ast-hfb-below-header-display":"","ast-hfb-mobile-header-display":"","site-post-title":"","ast-breadcrumbs-content":"","ast-featured-img":"","footer-sml-layout":"","ast-disable-related-posts":"","theme-transparent-header-meta":"default","adv-header-id-meta":"","stick-header-meta":"","header-above-stick-meta":"","header-main-stick-meta":"","header-below-stick-meta":"","astra-migrate-meta-layouts":"set","ast-page-background-enabled":"default","ast-page-background-meta":{"desktop":{"background-color":"var(--ast-global-color-5)","background-image":"","background-repeat":"repeat","background-position":"center center","background-size":"auto","background-attachment":"scroll","background-type":"","background-media":"","overlay-type":"","overlay-color":"","overlay-opacity":"","overlay-gradient":""},"tablet":{"background-color":"","background-image":"","background-repeat":"repeat","background-position":"center center","background-size":"auto","background-attachment":"scroll","background-type":"","background-media":"","overlay-type":"","overlay-color":"","overlay-opacity":"","overlay-gradient":""},"mobile":{"background-color":"","background-image":"","background-repeat":"repeat","background-position":"center center","background-size":"auto","background-attachment":"scroll","background-type":"","background-media":"","overlay-type":"","overlay-color":"","overlay-opacity":"","overlay-gradient":""}},"ast-content-background-meta":{"desktop":{"background-color":"var(--ast-global-color-4)","background-image":"","background-repeat":"repeat","background-position":"center center","background-size":"auto","background-attachment":"scroll","background-type":"","background-media":"","overlay-type":"","overlay-color":"","overlay-opacity":"","overlay-gradient":""},"tablet":{"background-color":"var(--ast-global-color-4)","background-image":"","background-repeat":"repeat","background-position":"center center","background-size":"auto","background-attachment":"scroll","background-type":"","background-media":"","overlay-type":"","overlay-color":"","overlay-opacity":"","overlay-gradient":""},"mobile":{"background-color":"var(--ast-global-color-4)","background-image":"","background-repeat":"repeat","background-position":"center center","background-size":"auto","background-attachment":"scroll","background-type":"","background-media":"","overlay-type":"","overlay-color":"","overlay-opacity":"","overlay-gradient":""}}},"product_brand":[],"product_cat":[62,72,57,59],"product_tag":[190,204],"class_list":{"0":"post-5625","1":"product","2":"type-product","3":"status-publish","4":"has-post-thumbnail","6":"product_cat-cosmetic-containers","7":"product_cat-cosmetic-packaging","8":"product_cat-essential-oil-bottles","9":"product_cat-glass-dropper-bottles","10":"product_tag-cosmetic-pots-with-lids","11":"product_tag-frosted-cosmetic-jars","12":"desktop-align-left","13":"tablet-align-left","14":"mobile-align-left","16":"first","17":"instock","18":"shipping-taxable","19":"product-type-simple"},"acf":[],"jetpack_sharing_enabled":true,"_links":{"self":[{"href":"https:\/\/theperfumebottles.com\/da\/wp-json\/wp\/v2\/product\/5625","targetHints":{"allow":["GET"]}}],"collection":[{"href":"https:\/\/theperfumebottles.com\/da\/wp-json\/wp\/v2\/product"}],"about":[{"href":"https:\/\/theperfumebottles.com\/da\/wp-json\/wp\/v2\/types\/product"}],"replies":[{"embeddable":true,"href":"https:\/\/theperfumebottles.com\/da\/wp-json\/wp\/v2\/comments?post=5625"}],"wp:featuredmedia":[{"embeddable":true,"href":"https:\/\/theperfumebottles.com\/da\/wp-json\/wp\/v2\/media\/5641"}],"wp:attachment":[{"href":"https:\/\/theperfumebottles.com\/da\/wp-json\/wp\/v2\/media?parent=5625"}],"wp:term":[{"taxonomy":"product_brand","embeddable":true,"href":"https:\/\/theperfumebottles.com\/da\/wp-json\/wp\/v2\/product_brand?post=5625"},{"taxonomy":"product_cat","embeddable":true,"href":"https:\/\/theperfumebottles.com\/da\/wp-json\/wp\/v2\/product_cat?post=5625"},{"taxonomy":"product_tag","embeddable":true,"href":"https:\/\/theperfumebottles.com\/da\/wp-json\/wp\/v2\/product_tag?post=5625"}],"curies":[{"name":"wp","href":"https:\/\/api.w.org\/{rel}","templated":true}]}}