{"id":5698,"date":"2025-08-15T18:00:24","date_gmt":"2025-08-15T10:00:24","guid":{"rendered":"https:\/\/theperfumebottles.com\/?post_type=product&#038;p=5698"},"modified":"2026-04-01T12:44:00","modified_gmt":"2026-04-01T04:44:00","slug":"bulk-dropper-oil-bottle-conical-with-silver-press-dropper","status":"publish","type":"product","link":"https:\/\/theperfumebottles.com\/da\/vare\/bulk-dropper-oil-bottle-conical-with-silver-press-dropper\/","title":{"rendered":"Konisk flaske med s\u00f8lvfarvet trykdr\u00e5ber til bulkolie p\u00e5 15 ml \u2013 100 ml"},"content":{"rendered":"<p>Vores olieflaske med pipette skiller sig ud med en moderigtig, tilspidset silhuet \u2013 med klare linjer og en p\u00e6n finish. Dens tilspidsede design er mere end bare stilfuldt og forbedrer grebet og opbevaringen, samtidig med at den sikrer pr\u00e6cis dosering hver gang. Kombineret med et holdbart s\u00f8lvfarvet pipettel\u00e5g blander denne glasflaske elegance og p\u00e5lidelighed og er ideel til \u00e6teriske olier, tinkturer eller sera.<\/p>\n<h2>N\u00f8glespecifikationer<\/h2>\n<table style=\"border-collapse: collapse; margin-left: auto; margin-right: auto; width: 80%;\" border=\"0\" width=\"486\" cellspacing=\"0\" cellpadding=\"0\">\n<tbody>\n<tr style=\"height: 13.50pt;\">\n<td style=\"height: 13.50pt; width: 108.00pt;\" width=\"144\" height=\"18\">Funktion<\/td>\n<td style=\"width: 256.50pt;\" width=\"342\">Detaljer<\/td>\n<\/tr>\n<tr style=\"height: 13.50pt;\">\n<td style=\"height: 13.50pt;\" height=\"18\">Kapacitet<\/td>\n<td>15 ml, 30 ml, 50 ml, 80 ml, 100 ml<\/td>\n<\/tr>\n<tr style=\"height: 13.50pt;\">\n<td style=\"height: 13.50pt;\" height=\"18\">Materiale<\/td>\n<td>Gennemsigtigt glas af h\u00f8j kvalitet<\/td>\n<\/tr>\n<tr style=\"height: 13.50pt;\">\n<td style=\"height: 13.50pt;\" height=\"18\">Droppertype<\/td>\n<td>Gummipule + glaspipette + l\u00e5g<\/td>\n<\/tr>\n<tr style=\"height: 13.50pt;\">\n<td style=\"height: 13.50pt;\" height=\"18\">Farvemuligheder<\/td>\n<td>Klar (standard), brugerdefinerede farver tilg\u00e6ngelige<\/td>\n<\/tr>\n<tr style=\"height: 13.50pt;\">\n<td style=\"height: 13.50pt;\" height=\"18\">Afslutningsmuligheder<\/td>\n<td>Frostet, belagt, galvaniseret, trykt<\/td>\n<\/tr>\n<tr style=\"height: 13.50pt;\">\n<td style=\"height: 13.50pt;\" height=\"18\">Emballagest\u00f8rrelse<\/td>\n<td>20\u00d720\u00d720 cm pr. \u00e6ske<\/td>\n<\/tr>\n<tr style=\"height: 13.50pt;\">\n<td style=\"height: 13.50pt;\" height=\"18\">Ideel til<\/td>\n<td>\u00c6teriske olier, tinkturer, sera<\/td>\n<\/tr>\n<\/tbody>\n<\/table>\n<h2>Succes i den virkelige verden: Fra opbevaring til hyldep\u00e5virkning<\/h2>\n<p>Et m\u00e6rke k\u00e6mpede med uensartet dosering og kedelig emballage. De skiftede til vores tomme olieflaske med dr\u00e5ber (30 ml) med en matteret finish og silketryk. Resultat? F\u00e6rre kundeklager over l\u00e6kager. Flere komplimenter for hyldepr\u00e6stationen. Deres tinkturlinje oplevede en stigning p\u00e5 40 % i gentagne ordrer inden for tre m\u00e5neder.<\/p>\n<h2>Din tur til at tilpasse:<\/h2>\n<ul>\n<li>\u00d8nsker du et look, der fanger opm\u00e6rksomheden? Pr\u00f8v varmpr\u00e6gning i guld eller rosaguld p\u00e5 en belagt sort glasflaske med pipette. Eller g\u00e5 minimalistisk med en mat hvid etiket p\u00e5 en frostet 15 ml flaske \u2013 perfekt til pr\u00f8ves\u00e6t. Vi hj\u00e6lper dig med at v\u00e6lge den rigtige emballagekombination, der matcher din brandstemning. Ingen id\u00e9 er for dristig.<\/li>\n<li>Disse glasflasker er bygget til engros succes. Uanset om du har brug for 5000 eller 50.000 enheder, har vi det, du leder efter. Hurtig levering, ensartet kvalitet og ingen l\u00e6kager. Din samling fortjener bedre beskyttelse \u2013 du styrer formlen. Vi h\u00e5ndterer beholderen.<\/li>\n<\/ul>","protected":false},"excerpt":{"rendered":"<p>Engros olieflaske med pipette, konisk klart glas med s\u00f8lvfarvet trykpipetter, brugerdefinerbart logo, perfekt til bulk emballage til kosmetik og \u00e6teriske olier.<\/p>","protected":false},"featured_media":5700,"comment_status":"closed","ping_status":"closed","template":"","meta":{"_acf_changed":false,"site-sidebar-layout":"default","site-content-layout":"","ast-site-content-layout":"default","site-content-style":"default","site-sidebar-style":"default","ast-global-header-display":"","ast-banner-title-visibility":"","ast-main-header-display":"","ast-hfb-above-header-display":"","ast-hfb-below-header-display":"","ast-hfb-mobile-header-display":"","site-post-title":"","ast-breadcrumbs-content":"","ast-featured-img":"","footer-sml-layout":"","ast-disable-related-posts":"","theme-transparent-header-meta":"default","adv-header-id-meta":"","stick-header-meta":"","header-above-stick-meta":"","header-main-stick-meta":"","header-below-stick-meta":"","astra-migrate-meta-layouts":"set","ast-page-background-enabled":"default","ast-page-background-meta":{"desktop":{"background-color":"var(--ast-global-color-5)","background-image":"","background-repeat":"repeat","background-position":"center center","background-size":"auto","background-attachment":"scroll","background-type":"","background-media":"","overlay-type":"","overlay-color":"","overlay-opacity":"","overlay-gradient":""},"tablet":{"background-color":"","background-image":"","background-repeat":"repeat","background-position":"center center","background-size":"auto","background-attachment":"scroll","background-type":"","background-media":"","overlay-type":"","overlay-color":"","overlay-opacity":"","overlay-gradient":""},"mobile":{"background-color":"","background-image":"","background-repeat":"repeat","background-position":"center center","background-size":"auto","background-attachment":"scroll","background-type":"","background-media":"","overlay-type":"","overlay-color":"","overlay-opacity":"","overlay-gradient":""}},"ast-content-background-meta":{"desktop":{"background-color":"var(--ast-global-color-4)","background-image":"","background-repeat":"repeat","background-position":"center center","background-size":"auto","background-attachment":"scroll","background-type":"","background-media":"","overlay-type":"","overlay-color":"","overlay-opacity":"","overlay-gradient":""},"tablet":{"background-color":"var(--ast-global-color-4)","background-image":"","background-repeat":"repeat","background-position":"center center","background-size":"auto","background-attachment":"scroll","background-type":"","background-media":"","overlay-type":"","overlay-color":"","overlay-opacity":"","overlay-gradient":""},"mobile":{"background-color":"var(--ast-global-color-4)","background-image":"","background-repeat":"repeat","background-position":"center center","background-size":"auto","background-attachment":"scroll","background-type":"","background-media":"","overlay-type":"","overlay-color":"","overlay-opacity":"","overlay-gradient":""}}},"product_brand":[],"product_cat":[59,72,62,57],"product_tag":[190,204],"class_list":{"0":"post-5698","1":"product","2":"type-product","3":"status-publish","4":"has-post-thumbnail","6":"product_cat-glass-dropper-bottles","7":"product_cat-cosmetic-packaging","8":"product_cat-cosmetic-containers","9":"product_cat-essential-oil-bottles","10":"product_tag-cosmetic-pots-with-lids","11":"product_tag-frosted-cosmetic-jars","12":"desktop-align-left","13":"tablet-align-left","14":"mobile-align-left","16":"first","17":"instock","18":"shipping-taxable","19":"product-type-simple"},"acf":[],"jetpack_sharing_enabled":true,"_links":{"self":[{"href":"https:\/\/theperfumebottles.com\/da\/wp-json\/wp\/v2\/product\/5698","targetHints":{"allow":["GET"]}}],"collection":[{"href":"https:\/\/theperfumebottles.com\/da\/wp-json\/wp\/v2\/product"}],"about":[{"href":"https:\/\/theperfumebottles.com\/da\/wp-json\/wp\/v2\/types\/product"}],"replies":[{"embeddable":true,"href":"https:\/\/theperfumebottles.com\/da\/wp-json\/wp\/v2\/comments?post=5698"}],"wp:featuredmedia":[{"embeddable":true,"href":"https:\/\/theperfumebottles.com\/da\/wp-json\/wp\/v2\/media\/5700"}],"wp:attachment":[{"href":"https:\/\/theperfumebottles.com\/da\/wp-json\/wp\/v2\/media?parent=5698"}],"wp:term":[{"taxonomy":"product_brand","embeddable":true,"href":"https:\/\/theperfumebottles.com\/da\/wp-json\/wp\/v2\/product_brand?post=5698"},{"taxonomy":"product_cat","embeddable":true,"href":"https:\/\/theperfumebottles.com\/da\/wp-json\/wp\/v2\/product_cat?post=5698"},{"taxonomy":"product_tag","embeddable":true,"href":"https:\/\/theperfumebottles.com\/da\/wp-json\/wp\/v2\/product_tag?post=5698"}],"curies":[{"name":"wp","href":"https:\/\/api.w.org\/{rel}","templated":true}]}}