{"id":6177,"date":"2025-09-08T14:09:26","date_gmt":"2025-09-08T06:09:26","guid":{"rendered":"https:\/\/theperfumebottles.com\/?post_type=product&#038;p=6177"},"modified":"2025-09-08T14:09:29","modified_gmt":"2025-09-08T06:09:29","slug":"vintage-scent-bottle-10ml-antique-small-perfume-bottles","status":"publish","type":"product","link":"https:\/\/theperfumebottles.com\/da\/vare\/vintage-scent-bottle-10ml-antique-small-perfume-bottles\/","title":{"rendered":"Vintage duftflaske 10ml \u2013 Antikke sm\u00e5 parfumeflasker"},"content":{"rendered":"<p>Denne vintage duftflaske er mere end blot \u00e9n beholder \u2013 den er et blikfang. Med din \u00e6ble-inspirerede silhuet, gyldne ramme og blomstergravering forener designet den kunstneriske stil fra den gamle verden med en moderne parfumeflaske. Parfumeflasken i glas indeholder en gylden klemp\u00e6reatmosf\u00e6re, der er pakket ind i en flimrende fletning og en klar h\u00e6tte, der fuldender looket. Med sine 10 ml passer den perfekt som en del af en kollektion, en luksuri\u00f8s parfumedekorat\u00f8r eller en del af den rejseformede duftlinje.<\/p>\n<figure id=\"attachment_6178\" aria-describedby=\"caption-attachment-6178\" style=\"width: 500px\" class=\"wp-caption aligncenter\"><img fetchpriority=\"high\" decoding=\"async\" class=\"wp-image-6178\" src=\"https:\/\/theperfumebottles.com\/wp-content\/uploads\/2025\/09\/antique-small-perfume-bottles-1.webp\" alt=\"antikke sm\u00e5 parfumeflasker\" width=\"500\" height=\"500\" srcset=\"https:\/\/theperfumebottles.com\/wp-content\/uploads\/2025\/09\/antique-small-perfume-bottles-1.webp 1000w, https:\/\/theperfumebottles.com\/wp-content\/uploads\/2025\/09\/antique-small-perfume-bottles-1-300x300.webp 300w, https:\/\/theperfumebottles.com\/wp-content\/uploads\/2025\/09\/antique-small-perfume-bottles-1-150x150.webp 150w, https:\/\/theperfumebottles.com\/wp-content\/uploads\/2025\/09\/antique-small-perfume-bottles-1-768x768.webp 768w, https:\/\/theperfumebottles.com\/wp-content\/uploads\/2025\/09\/antique-small-perfume-bottles-1-12x12.webp 12w, https:\/\/theperfumebottles.com\/wp-content\/uploads\/2025\/09\/antique-small-perfume-bottles-1-600x600.webp 600w, https:\/\/theperfumebottles.com\/wp-content\/uploads\/2025\/09\/antique-small-perfume-bottles-1-100x100.webp 100w\" sizes=\"(max-width: 500px) 100vw, 500px\" \/><figcaption id=\"caption-attachment-6178\" class=\"wp-caption-text\">antikke sm\u00e5 parfumeflasker<\/figcaption><\/figure>\n<p>Hvis du er ejer af et brand eller erhvervskunde, har du ikke kun brug for glasflasker \u2013 du har brug for en historiefort\u00e6llende emballage. Som professionel producent hj\u00e6lper vi dig med at lave brugerdefinerede flasker, v\u00e6lge unikke farver og designe en kapsel eller forst\u00f8ver, der passer til dit duftkoncept. Uanset om du \u00f8nsker en enkelt pr\u00f8ve til test eller en engrosordre, er der fleksible muligheder med p\u00e5lidelig forsendelse over hele verden.<\/p>\n<h2>Specifikationer<\/h2>\n<table style=\"border-collapse: collapse; width: 361.52pt;\" border=\"0\" width=\"482\" cellspacing=\"0\" cellpadding=\"0\">\n<tbody>\n<tr style=\"height: 13.50pt;\">\n<td style=\"height: 13.50pt; width: 89.25pt;\" width=\"119\" height=\"18\">Kapacitet<\/td>\n<td style=\"width: 272.25pt;\" width=\"363\">10 ml<\/td>\n<\/tr>\n<tr style=\"height: 13.50pt;\">\n<td style=\"height: 13.50pt;\" height=\"18\">Form<\/td>\n<td>\u00c6ble-inspireret uregelm\u00e6ssig<\/td>\n<\/tr>\n<tr style=\"height: 13.50pt;\">\n<td style=\"height: 13.50pt;\" height=\"18\">Stil<\/td>\n<td>Vintage \/ Antik<\/td>\n<\/tr>\n<tr style=\"height: 13.50pt;\">\n<td style=\"height: 13.50pt;\" height=\"18\">Materiale<\/td>\n<td>Krystalglas + galvaniseret aluminium<\/td>\n<\/tr>\n<tr style=\"height: 13.50pt;\">\n<td style=\"height: 13.50pt;\" height=\"18\">Slutte<\/td>\n<td>Tilpasset overfladebehandling<\/td>\n<\/tr>\n<tr style=\"height: 13.50pt;\">\n<td style=\"height: 13.50pt;\" height=\"18\">Flaskehals<\/td>\n<td>Skrue<\/td>\n<\/tr>\n<tr style=\"height: 13.50pt;\">\n<td style=\"height: 13.50pt;\" height=\"18\">Kasket<\/td>\n<td>Golden squeeze p\u00e6re forst\u00f8ver + pumpe<\/td>\n<\/tr>\n<tr style=\"height: 13.50pt;\">\n<td style=\"height: 13.50pt;\" height=\"18\">St\u00f8rrelse<\/td>\n<td>40 mm \u00d7 71 mm \/ 40 mm \u00d7 83 mm<\/td>\n<\/tr>\n<tr style=\"height: 13.50pt;\">\n<td style=\"height: 13.50pt;\" height=\"18\">Farve<\/td>\n<td>Guld (tilpassede muligheder tilg\u00e6ngelige)<\/td>\n<\/tr>\n<tr style=\"height: 13.50pt;\">\n<td style=\"height: 13.50pt;\" height=\"18\">Emballage<\/td>\n<td>Tilpasset parfumeflaskeemballage tilg\u00e6ngelig<\/td>\n<\/tr>\n<\/tbody>\n<\/table>\n<h2>Tilf\u00e6lde af succes<\/h2>\n<p>En europ\u00e6isk duft \u00f8nskede startup-flasker, der s\u00e5 unikke ud, ligesom deres h\u00e5ndv\u00e6rker. De valgte vores antikke sm\u00e5 parfumeflasker med m\u00f8rker\u00f8de, pressede p\u00e6rer og en mat guldh\u00e6tte. Det elegante design forvandlede deres lanceringskollektion til et samtaleemne blandt boutique-forhandlere. I l\u00f8bet af f\u00f8rste kvartal sikrede de sig kunder hos adskillige luksusbutikker i ind- og udland, og deres engrosordrer blev hurtigt fordoblet.<\/p>\n<h2>Tilpasningstips<\/h2>\n<p>N\u00e5r du skaber en duft, b\u00f8r parfumeflaskens emballage afspejle dens personlighed. Hvis din duft er let og blomstret, s\u00e5 v\u00e6lg en pastelfarve med en gennemsigtig l\u00e5g. For dristige, tr\u00e6agtige noter, v\u00e6lg dybe p\u00e6rer og en metalfinish. T\u00f8v ikke med at bestille en pr\u00f8ve f\u00f8rst \u2013 testen hj\u00e6lper dig med at finde den rigtige match, f\u00f8r du forpligter dig til bulkproduktion. Med fleksible brugerdefinerede muligheder har du alt, hvad du beh\u00f8ver for at designe emballage, der f\u00f8les b\u00e5de luksuri\u00f8s og personlig.<\/p>","protected":false},"excerpt":{"rendered":"<p>Udforsk antikke sm\u00e5 parfumeflasker p\u00e5 10 ml. Elegante vintage duftflasker med forst\u00f8ver, specialemballage, engros- og bulkbestillinger tilg\u00e6ngelige.<\/p>","protected":false},"featured_media":6182,"comment_status":"closed","ping_status":"closed","template":"","meta":{"_acf_changed":false,"site-sidebar-layout":"default","site-content-layout":"","ast-site-content-layout":"default","site-content-style":"default","site-sidebar-style":"default","ast-global-header-display":"","ast-banner-title-visibility":"","ast-main-header-display":"","ast-hfb-above-header-display":"","ast-hfb-below-header-display":"","ast-hfb-mobile-header-display":"","site-post-title":"","ast-breadcrumbs-content":"","ast-featured-img":"","footer-sml-layout":"","ast-disable-related-posts":"","theme-transparent-header-meta":"default","adv-header-id-meta":"","stick-header-meta":"","header-above-stick-meta":"","header-main-stick-meta":"","header-below-stick-meta":"","astra-migrate-meta-layouts":"set","ast-page-background-enabled":"default","ast-page-background-meta":{"desktop":{"background-color":"var(--ast-global-color-5)","background-image":"","background-repeat":"repeat","background-position":"center center","background-size":"auto","background-attachment":"scroll","background-type":"","background-media":"","overlay-type":"","overlay-color":"","overlay-opacity":"","overlay-gradient":""},"tablet":{"background-color":"","background-image":"","background-repeat":"repeat","background-position":"center center","background-size":"auto","background-attachment":"scroll","background-type":"","background-media":"","overlay-type":"","overlay-color":"","overlay-opacity":"","overlay-gradient":""},"mobile":{"background-color":"","background-image":"","background-repeat":"repeat","background-position":"center center","background-size":"auto","background-attachment":"scroll","background-type":"","background-media":"","overlay-type":"","overlay-color":"","overlay-opacity":"","overlay-gradient":""}},"ast-content-background-meta":{"desktop":{"background-color":"var(--ast-global-color-4)","background-image":"","background-repeat":"repeat","background-position":"center center","background-size":"auto","background-attachment":"scroll","background-type":"","background-media":"","overlay-type":"","overlay-color":"","overlay-opacity":"","overlay-gradient":""},"tablet":{"background-color":"var(--ast-global-color-4)","background-image":"","background-repeat":"repeat","background-position":"center center","background-size":"auto","background-attachment":"scroll","background-type":"","background-media":"","overlay-type":"","overlay-color":"","overlay-opacity":"","overlay-gradient":""},"mobile":{"background-color":"var(--ast-global-color-4)","background-image":"","background-repeat":"repeat","background-position":"center center","background-size":"auto","background-attachment":"scroll","background-type":"","background-media":"","overlay-type":"","overlay-color":"","overlay-opacity":"","overlay-gradient":""}}},"product_brand":[],"product_cat":[72,41,73],"product_tag":[],"class_list":{"0":"post-6177","1":"product","2":"type-product","3":"status-publish","4":"has-post-thumbnail","6":"product_cat-cosmetic-packaging","7":"product_cat-perfume-bottles","8":"product_cat-vintage-perfume-bottles","9":"desktop-align-left","10":"tablet-align-left","11":"mobile-align-left","13":"first","14":"instock","15":"shipping-taxable","16":"product-type-simple"},"acf":[],"jetpack_sharing_enabled":true,"_links":{"self":[{"href":"https:\/\/theperfumebottles.com\/da\/wp-json\/wp\/v2\/product\/6177","targetHints":{"allow":["GET"]}}],"collection":[{"href":"https:\/\/theperfumebottles.com\/da\/wp-json\/wp\/v2\/product"}],"about":[{"href":"https:\/\/theperfumebottles.com\/da\/wp-json\/wp\/v2\/types\/product"}],"replies":[{"embeddable":true,"href":"https:\/\/theperfumebottles.com\/da\/wp-json\/wp\/v2\/comments?post=6177"}],"wp:featuredmedia":[{"embeddable":true,"href":"https:\/\/theperfumebottles.com\/da\/wp-json\/wp\/v2\/media\/6182"}],"wp:attachment":[{"href":"https:\/\/theperfumebottles.com\/da\/wp-json\/wp\/v2\/media?parent=6177"}],"wp:term":[{"taxonomy":"product_brand","embeddable":true,"href":"https:\/\/theperfumebottles.com\/da\/wp-json\/wp\/v2\/product_brand?post=6177"},{"taxonomy":"product_cat","embeddable":true,"href":"https:\/\/theperfumebottles.com\/da\/wp-json\/wp\/v2\/product_cat?post=6177"},{"taxonomy":"product_tag","embeddable":true,"href":"https:\/\/theperfumebottles.com\/da\/wp-json\/wp\/v2\/product_tag?post=6177"}],"curies":[{"name":"wp","href":"https:\/\/api.w.org\/{rel}","templated":true}]}}