{"id":6224,"date":"2025-09-09T15:18:04","date_gmt":"2025-09-09T07:18:04","guid":{"rendered":"https:\/\/theperfumebottles.com\/?post_type=product&#038;p=6224"},"modified":"2025-09-12T18:31:49","modified_gmt":"2025-09-12T10:31:49","slug":"bulk-white-pink-gradient-cosmetic-container-set-with-gold-trim","status":"publish","type":"product","link":"https:\/\/theperfumebottles.com\/da\/vare\/bulk-white-pink-gradient-cosmetic-container-set-with-gold-trim\/","title":{"rendered":"Hvid-lyser\u00f8d gradueret kosmetikbeholders\u00e6t med guldkant i bulk"},"content":{"rendered":"<p>Vores tomme kosmetikemballages\u00e6t er designet med fokus p\u00e5 b\u00e5de elegance og funktionalitet. Dette uds\u00f8gte kosmetikbeholders\u00e6t har en elegant hvid-til-lyser\u00f8d ombr\u00e9-effekt p\u00e5 hver flaske, fremh\u00e6vet af fine gyldne linjer, der fremkalder en f\u00f8lelse af luksus. Dette glasemballages\u00e6t indeholder cremeglas og pumpeflasker i forskellige st\u00f8rrelser.<\/p>\n<h2>N\u00f8glespecifikationer<\/h2>\n<table style=\"border-collapse: collapse;margin-left: auto;margin-right: auto;width: 504.02pt\" border=\"0\" width=\"672\" cellspacing=\"0\" cellpadding=\"0\">\n<tbody>\n<tr style=\"height: 13.50pt\">\n<td class=\"et3\" style=\"height: 13.50pt;width: 121.50pt\" width=\"162\" height=\"18\"><strong>Kapacitet (ml)<\/strong><\/td>\n<td class=\"et3\" style=\"width: 76.50pt\" width=\"102\"><strong>30<\/strong><\/td>\n<td class=\"et3\" style=\"width: 76.50pt\" width=\"102\"><strong>50<\/strong><\/td>\n<td class=\"et3\" style=\"width: 76.50pt\" width=\"102\"><strong>45<\/strong><\/td>\n<td class=\"et3\" style=\"width: 76.50pt\" width=\"102\"><strong>105<\/strong><\/td>\n<td class=\"et3\" style=\"width: 76.50pt\" width=\"102\"><strong>125<\/strong><\/td>\n<\/tr>\n<tr style=\"height: 13.50pt\">\n<td class=\"et2\" style=\"height: 13.50pt\" height=\"18\">Halsdiameter (mm)<\/td>\n<td class=\"et2\">51<\/td>\n<td class=\"et2\">51<\/td>\n<td class=\"et2\">20<\/td>\n<td class=\"et2\">20<\/td>\n<td class=\"et2\">20<\/td>\n<\/tr>\n<tr style=\"height: 13.50pt\">\n<td class=\"et2\" style=\"height: 13.50pt\" height=\"18\">Diameter (mm)<\/td>\n<td class=\"et2\">63<\/td>\n<td class=\"et2\">63<\/td>\n<td class=\"et2\">45\u00d735<\/td>\n<td class=\"et2\">55\u00d742<\/td>\n<td class=\"et2\">57\u00d742<\/td>\n<\/tr>\n<tr style=\"height: 13.50pt\">\n<td class=\"et2\" style=\"height: 13.50pt\" height=\"18\">Flaskeh\u00f8jde (mm)<\/td>\n<td class=\"et2\">34<\/td>\n<td class=\"et2\">44<\/td>\n<td class=\"et2\">92<\/td>\n<td class=\"et2\">131<\/td>\n<td class=\"et2\">142<\/td>\n<\/tr>\n<tr style=\"height: 13.50pt\">\n<td class=\"et2\" style=\"height: 13.50pt\" height=\"18\">Totalh\u00f8jde (mm)<\/td>\n<td class=\"et2\">50<\/td>\n<td class=\"et2\">60<\/td>\n<td class=\"et2\">127<\/td>\n<td class=\"et2\">167<\/td>\n<td class=\"et2\">177<\/td>\n<\/tr>\n<tr style=\"height: 13.50pt\">\n<td class=\"et2\" style=\"height: 13.50pt\" height=\"18\">Materiale<\/td>\n<td class=\"et2\" colspan=\"5\">krystal<\/td>\n<\/tr>\n<tr style=\"height: 13.50pt\">\n<td class=\"et2\" style=\"height: 13.50pt\" height=\"18\">brugerdefinerede indstillinger<\/td>\n<td class=\"et2\" colspan=\"5\">Overfladebehandling, farve, st\u00f8rrelse, form, betr\u00e6k, tilbeh\u00f8r<\/td>\n<\/tr>\n<tr style=\"height: 13.50pt\">\n<td class=\"et2\" style=\"height: 13.50pt\" height=\"18\">Ideel til<\/td>\n<td class=\"et2\" colspan=\"5\">Hudplejes\u00e6t, serummer, fugtighedscremer, renseprodukter<\/td>\n<\/tr>\n<\/tbody>\n<\/table>\n<h2>Hvordan \u00e9t brand fordoblede deres detailplacering<\/h2>\n<p>En sk\u00f8nhedsstartup lancerede en 3-delt rutine - renseserum og fugtighedscreme. De havde brug for et kosmetiks\u00e6t, der s\u00e5 eksklusivt ud, men som kunne skaleres til en overkommelig pris. De valgte dette kosmetiks\u00e6t i glas p\u00e5 grund af dets rene form og tilpasningsmuligheder. I stedet for at bruge forskellige flasker beholdt de det samme 125 ml design p\u00e5 tv\u00e6rs af alle tre produkter. De \u00e6ndrede kun l\u00e5gets farve og etiketten. Resultat? Et samlet look, der skreg af luksus. K\u00f8bere hos en regional sk\u00f8nhedsforhandler bem\u00e6rkede det med det samme. &#034;Det ligner noget, man ville se i en eksklusiv spa,&#034; sagde en af \u200b\u200bdem. De landede et pilotprojekt med 12 butikker. Seks m\u00e5neder senere udvidede de til 48 butikker.<\/p>\n<h2>Tilpas kosmetikbeholders\u00e6ttet (ikke etiketten)<\/h2>\n<ul>\n<li>Tilf\u00f8j en bl\u00f8d bel\u00e6gning \u2013 giver en fl\u00f8jlsbl\u00f8d fornemmelse, der siger &#034;premium&#034; i det \u00f8jeblik, nogen samler den op.<\/li>\n<li>Brug UV-beskyttende farve \u2013 ravfarvet eller bl\u00e5t glas holder lysf\u00f8lsomme serummer holdbare l\u00e6ngere.<\/li>\n<li>Pr\u00f8v en buet skulder \u2013 bl\u00f8dg\u00f8r udseendet og forbedrer v\u00e6skeflowet, n\u00e5r den inds\u00e6ttes.<\/li>\n<li>G\u00e5 efter en mat finish \u2013 skjul fingeraftrykket og giv et moderne, minimalistisk look.<\/li>\n<li>Laser - Komplet logo - skaber et diskret permanent m\u00e6rke, der f\u00f8les eksklusivt.<\/li>\n<\/ul>\n<p>Det er ikke bare sm\u00e5 justeringer. De forvandler et standard kosmetiks\u00e6t i glas til et signaturstykke for dit brand.<\/p>","protected":false},"excerpt":{"rendered":"<p>Smukke kosmetikemballages\u00e6t med graduerede glas- og gulddetaljer. Engros kosmetikbeholders\u00e6t, der kombinerer funktionalitet, luksus og stil.<\/p>","protected":false},"featured_media":6226,"comment_status":"closed","ping_status":"closed","template":"","meta":{"_acf_changed":false,"site-sidebar-layout":"default","site-content-layout":"","ast-site-content-layout":"default","site-content-style":"default","site-sidebar-style":"default","ast-global-header-display":"","ast-banner-title-visibility":"","ast-main-header-display":"","ast-hfb-above-header-display":"","ast-hfb-below-header-display":"","ast-hfb-mobile-header-display":"","site-post-title":"","ast-breadcrumbs-content":"","ast-featured-img":"","footer-sml-layout":"","ast-disable-related-posts":"","theme-transparent-header-meta":"default","adv-header-id-meta":"","stick-header-meta":"","header-above-stick-meta":"","header-main-stick-meta":"","header-below-stick-meta":"","astra-migrate-meta-layouts":"set","ast-page-background-enabled":"default","ast-page-background-meta":{"desktop":{"background-color":"var(--ast-global-color-5)","background-image":"","background-repeat":"repeat","background-position":"center center","background-size":"auto","background-attachment":"scroll","background-type":"","background-media":"","overlay-type":"","overlay-color":"","overlay-opacity":"","overlay-gradient":""},"tablet":{"background-color":"","background-image":"","background-repeat":"repeat","background-position":"center center","background-size":"auto","background-attachment":"scroll","background-type":"","background-media":"","overlay-type":"","overlay-color":"","overlay-opacity":"","overlay-gradient":""},"mobile":{"background-color":"","background-image":"","background-repeat":"repeat","background-position":"center center","background-size":"auto","background-attachment":"scroll","background-type":"","background-media":"","overlay-type":"","overlay-color":"","overlay-opacity":"","overlay-gradient":""}},"ast-content-background-meta":{"desktop":{"background-color":"var(--ast-global-color-4)","background-image":"","background-repeat":"repeat","background-position":"center center","background-size":"auto","background-attachment":"scroll","background-type":"","background-media":"","overlay-type":"","overlay-color":"","overlay-opacity":"","overlay-gradient":""},"tablet":{"background-color":"var(--ast-global-color-4)","background-image":"","background-repeat":"repeat","background-position":"center center","background-size":"auto","background-attachment":"scroll","background-type":"","background-media":"","overlay-type":"","overlay-color":"","overlay-opacity":"","overlay-gradient":""},"mobile":{"background-color":"var(--ast-global-color-4)","background-image":"","background-repeat":"repeat","background-position":"center center","background-size":"auto","background-attachment":"scroll","background-type":"","background-media":"","overlay-type":"","overlay-color":"","overlay-opacity":"","overlay-gradient":""}}},"product_brand":[],"product_cat":[72,236,62],"product_tag":[226,220],"class_list":{"0":"post-6224","1":"product","2":"type-product","3":"status-publish","4":"has-post-thumbnail","6":"product_cat-cosmetic-packaging","7":"product_cat-cosmetic-container-set","8":"product_cat-cosmetic-containers","9":"product_tag-clear-glass-roller-bottles","10":"product_tag-glass-roll-on-bottles","11":"desktop-align-left","12":"tablet-align-left","13":"mobile-align-left","15":"first","16":"instock","17":"shipping-taxable","18":"product-type-simple"},"acf":[],"jetpack_sharing_enabled":true,"_links":{"self":[{"href":"https:\/\/theperfumebottles.com\/da\/wp-json\/wp\/v2\/product\/6224","targetHints":{"allow":["GET"]}}],"collection":[{"href":"https:\/\/theperfumebottles.com\/da\/wp-json\/wp\/v2\/product"}],"about":[{"href":"https:\/\/theperfumebottles.com\/da\/wp-json\/wp\/v2\/types\/product"}],"replies":[{"embeddable":true,"href":"https:\/\/theperfumebottles.com\/da\/wp-json\/wp\/v2\/comments?post=6224"}],"wp:featuredmedia":[{"embeddable":true,"href":"https:\/\/theperfumebottles.com\/da\/wp-json\/wp\/v2\/media\/6226"}],"wp:attachment":[{"href":"https:\/\/theperfumebottles.com\/da\/wp-json\/wp\/v2\/media?parent=6224"}],"wp:term":[{"taxonomy":"product_brand","embeddable":true,"href":"https:\/\/theperfumebottles.com\/da\/wp-json\/wp\/v2\/product_brand?post=6224"},{"taxonomy":"product_cat","embeddable":true,"href":"https:\/\/theperfumebottles.com\/da\/wp-json\/wp\/v2\/product_cat?post=6224"},{"taxonomy":"product_tag","embeddable":true,"href":"https:\/\/theperfumebottles.com\/da\/wp-json\/wp\/v2\/product_tag?post=6224"}],"curies":[{"name":"wp","href":"https:\/\/api.w.org\/{rel}","templated":true}]}}